{"id":1873,"date":"2019-03-25T20:29:25","date_gmt":"2019-03-25T19:29:25","guid":{"rendered":"https:\/\/www.oaxaca.gob.mx\/coplade\/?page_id=1873"},"modified":"2019-03-25T20:29:25","modified_gmt":"2019-03-25T19:29:25","slug":"direccion-de-planeacion-para-el-desarrollo","status":"publish","type":"page","link":"https:\/\/www.oaxaca.gob.mx\/planeacion\/direccion-de-planeacion-para-el-desarrollo\/","title":{"rendered":"Direcci\u00f3n de Planeaci\u00f3n para el Desarrollo"},"content":{"rendered":"<h1>FUNCIONES<\/h1>\n<p>&nbsp;<\/p>\n<ul>\n<li>Instruir los trabajos relativos a la planeaci\u00f3n para la elaboraci\u00f3n, formulaci\u00f3n y validaci\u00f3n del Plan Estatal de Desarrollo;<\/li>\n<li>Evaluar y proponer los par\u00e1metros para la focalizaci\u00f3n de acciones para los programas sectoriales, especiales e institucionales;<\/li>\n<li>Proponer e implementar las prioridades de pol\u00edtica p\u00fablica para el Desarrollo del Estado, con el objeto de apoyar en la orientaci\u00f3n de recursos, las alternativas para su logro y la definici\u00f3n de metas del desempe\u00f1o correspondiente;<\/li>\n<li>Proponer para su aprobaci\u00f3n las regiones, microrregiones, municipios y localidades que requieran atenci\u00f3n prioritaria, con el objeto de focalizar esfuerzos en la Administraci\u00f3n P\u00fablica Estatal para atender los rezagos en la entidad;<\/li>\n<li>Definir las prioridades y estrategias que se alineen al Plan Estatal de Desarrollo, en congruencia con los planes, programas, proyectos , obras y acciones de las Dependencias y Entidades de los tres \u00f3rdenes de gobierno, incluyendo la participaci\u00f3n ciudadana, tendientes a satisfacer el bienestar social;<\/li>\n<li>Instruir la formulaci\u00f3n de propuestas sobre planeaci\u00f3n, aplicaci\u00f3n y orientaci\u00f3n de las pol\u00edticas p\u00fablicas, programas, proyectos, obras y acciones en el \u00e1mbito estatal, mediante la coordinaci\u00f3n de los esfuerzos institucionales, particularmente de las Comisiones Intersectoriales, Subcomit\u00e9s Regionales, los Consejos de Desarrollo Microrregional y Municipal, y aquellas instancias de planeaci\u00f3n que contribuyan a estas tareas, propiciando la colaboraci\u00f3n con los sectores social y privado, de las instituciones de educaci\u00f3n y centros de investigaci\u00f3n;<\/li>\n<li>Dise\u00f1ar mecanismos, y criterios de orientaci\u00f3n y distribuci\u00f3n de recursos de los diversos fondos de inversi\u00f3n al financiamiento de obras y acciones;<\/li>\n<\/ul>\n<ul>\n<li>Colaborar en el seguimiento de los acuerdos, convenios y dem\u00e1s instrumentos suscritos en el seno del COPLADE;<\/li>\n<li>Coordinar los trabajos necesarios para dise\u00f1ar los lineamientos para la elaboraci\u00f3n del Plan Municipal de Desarrollo de los Municipios del Estado de Oaxaca;<\/li>\n<li>Coordinar las actividades de revisi\u00f3n y evaluaci\u00f3n de los Planes Municipales de Desarrollo, con el fin de que cumplan con lo establecido en los lineamientos para la elaboraci\u00f3n del Plan Municipal de Desarrollo de los Municipios del Estado de Oaxaca;<\/li>\n<li>Supervisar la entrega de las claves de registro del Plan Municipal de Desarrollo informando al o a la Coordinador(a) de Planeaci\u00f3n del Desarrollo sobre el control y seguimiento de \u00e9sta actividad;<\/li>\n<li>Dirigir en coordinaci\u00f3n con la Secretar\u00eda de Finanzas la elaboraci\u00f3n de los lineamientos y normas para la estrategia de mezcla de recursos con los municipios;<\/li>\n<\/ul>\n<ul>\n<li>Opinar y apoyar en la definici\u00f3n del Programa Anual de Inversi\u00f3n P\u00fablica del Estado, tomando en cuenta los acuerdos y prioridades suscritos por el COPLADE;<\/li>\n<li>Dirigir las estrategias y mecanismos que apoyen la capacitaci\u00f3n para el fomento y fortalecimiento del conocimiento en materia de planeaci\u00f3n para el Desarrollo del Estado;<\/li>\n<li>Dirigir las estrategias y mecanismos que fomenten y fortalezcan el conocimiento en materia de planeaci\u00f3n para el Desarrollo del Estado;<\/li>\n<\/ul>\n<ul>\n<li>Instruir la realizaci\u00f3n de estudios socioecon\u00f3micos de alcance regional, microrregional, municipal y localidades, as\u00ed como dem\u00e1s estudios que resulten necesarios para orientar la pol\u00edtica de Desarrollo del Estado;<\/li>\n<li>Supervisar los trabajos necesarios para apoyar en el seguimiento del Banco de Proyectos sectoriales y regionales de inversi\u00f3n p\u00fablica del Estado, para fortalecer la planeaci\u00f3n de los mismos;<\/li>\n<li>Proponer la implementaci\u00f3n de las acciones prioritarias en el seguimiento de la situaci\u00f3n f\u00edsica y financiera de la inversi\u00f3n en la Administraci\u00f3n P\u00fablica Estatal;<\/li>\n<li>Plantear las modificaciones necesarias sobre las pol\u00edticas, programas y acciones de desarrollo y, en su caso, revisar que las Reglas de Operaci\u00f3n atiendan al marco de la planeaci\u00f3n del Estado;<\/li>\n<li>Determinar los requerimientos que deber\u00e1n producir el SISPLADE a cargo de la Coordinaci\u00f3n General;<\/li>\n<\/ul>\n<ul>\n<li>Coordinar los trabajos de las \u00e1reas administrativas para la definici\u00f3n de los lineamientos generales e integraci\u00f3n del Informe Anual sobre la situaci\u00f3n que guarda la Administraci\u00f3n P\u00fablica Estatal;<\/li>\n<li>Asistir como representante de la Coordinaci\u00f3n General, por instrucciones del o la Coordinador(a) General ante instancias estatales, federales y municipales cuando as\u00ed se requiera;<\/li>\n<li>Proporcionar la informaci\u00f3n relativa a su \u00e1mbito de competencia, y que solicite la Unidad de Enlace, para la aplicaci\u00f3n conforme al R\u00e9gimen de Transparencia;<\/li>\n<li>Proponer a consideraci\u00f3n del o de la Coordinador(a) de Planeaci\u00f3n del Desarrollo, para su autorizaci\u00f3n, el Programa Anual de Trabajo del \u00e1rea administrativa a su cargo;<\/li>\n<li>Informar peri\u00f3dicamente al o la Coordinador(a) de Planeaci\u00f3n del Desarrollo de las actividades m\u00e1s relevantes de la Direcci\u00f3n, y<\/li>\n<li>Las que le se\u00f1alen las dem\u00e1s disposiciones normativas aplicables y las que le confiera su superior jer\u00e1rquico, en el \u00e1mbito de su competencia.<\/li>\n<\/ul>\n","protected":false},"excerpt":{"rendered":"<p>FUNCIONES &nbsp; Instruir los trabajos relativos a la planeaci\u00f3n para la elaboraci\u00f3n, formulaci\u00f3n y validaci\u00f3n del Plan Estatal de Desarrollo; Evaluar y proponer los par\u00e1metros para la focalizaci\u00f3n de acciones para los programas sectoriales, especiales e institucionales; Proponer e implementar las prioridades de pol\u00edtica p\u00fablica para el Desarrollo del Estado, con el objeto de apoyar [&hellip;]<\/p>\n","protected":false},"author":1,"featured_media":0,"parent":0,"menu_order":0,"comment_status":"closed","ping_status":"closed","template":"","meta":{"episode_type":"","audio_file":"","podmotor_file_id":"","podmotor_episode_id":"","cover_image":"","cover_image_id":"","duration":"","filesize":"","filesize_raw":"","date_recorded":"","explicit":"","block":"","itunes_episode_number":"","itunes_title":"","itunes_season_number":"","itunes_episode_type":"","footnotes":""},"categories":[],"tags":[],"class_list":["post-1873","page","type-page","status-publish","hentry"],"acf":[],"publishpress_future_action":{"enabled":false,"date":"2026-04-10 18:58:19","action":"change-status","newStatus":"draft","terms":[],"taxonomy":"category","extraData":[]},"publishpress_future_workflow_manual_trigger":{"enabledWorkflows":[]},"_links":{"self":[{"href":"https:\/\/www.oaxaca.gob.mx\/planeacion\/wp-json\/wp\/v2\/pages\/1873","targetHints":{"allow":["GET"]}}],"collection":[{"href":"https:\/\/www.oaxaca.gob.mx\/planeacion\/wp-json\/wp\/v2\/pages"}],"about":[{"href":"https:\/\/www.oaxaca.gob.mx\/planeacion\/wp-json\/wp\/v2\/types\/page"}],"author":[{"embeddable":true,"href":"https:\/\/www.oaxaca.gob.mx\/planeacion\/wp-json\/wp\/v2\/users\/1"}],"replies":[{"embeddable":true,"href":"https:\/\/www.oaxaca.gob.mx\/planeacion\/wp-json\/wp\/v2\/comments?post=1873"}],"version-history":[{"count":0,"href":"https:\/\/www.oaxaca.gob.mx\/planeacion\/wp-json\/wp\/v2\/pages\/1873\/revisions"}],"wp:attachment":[{"href":"https:\/\/www.oaxaca.gob.mx\/planeacion\/wp-json\/wp\/v2\/media?parent=1873"}],"wp:term":[{"taxonomy":"category","embeddable":true,"href":"https:\/\/www.oaxaca.gob.mx\/planeacion\/wp-json\/wp\/v2\/categories?post=1873"},{"taxonomy":"post_tag","embeddable":true,"href":"https:\/\/www.oaxaca.gob.mx\/planeacion\/wp-json\/wp\/v2\/tags?post=1873"}],"curies":[{"name":"wp","href":"https:\/\/api.w.org\/{rel}","templated":true}]}}