{"id":12818,"date":"2025-08-27T12:41:17","date_gmt":"2025-08-27T18:41:17","guid":{"rendered":"https:\/\/www.oaxaca.gob.mx\/planeacion\/?page_id=12818"},"modified":"2025-08-27T12:53:19","modified_gmt":"2025-08-27T18:53:19","slug":"actas-de-etica","status":"publish","type":"page","link":"https:\/\/www.oaxaca.gob.mx\/planeacion\/actas-de-etica\/","title":{"rendered":"Actas de \u00e9tica"},"content":{"rendered":"\n<table id=\"tablepress-122\" class=\"tablepress tablepress-id-122\">\n<thead>\n<tr class=\"row-1\">\n\t<th class=\"column-1\">Primera Sesi\u00f3n Ordinaria del Comit\u00e9 de \u00e9tica 2023<\/th><th class=\"column-2\"><a href=\"https:\/\/www.oaxaca.gob.mx\/planeacion\/wp-content\/uploads\/sites\/29\/2025\/08\/Primera-Sesion-Ordinaria-del-Comite-de-Etica2023.pdf\" target=\"_blank\" rel=\"noopener noreferrer\"><i class=\"far fa-file-pdf fa-2x\">\u00a0<\/i><\/a><\/th>\n<\/tr>\n<\/thead>\n<tbody class=\"row-striping row-hover\">\n<tr class=\"row-2\">\n\t<td class=\"column-1\">Segunda Sesi\u00f3n Ordinaria del Comit\u00e9 de \u00e9tica 2023<\/td><td class=\"column-2\"><a href=\"https:\/\/www.oaxaca.gob.mx\/planeacion\/wp-content\/uploads\/sites\/29\/2025\/08\/segunda-Sesion-Ordinaria-del-Comite-de-Etica2023.pdf\" target=\"_blank\" rel=\"noopener noreferrer\"><i class=\"far fa-file-pdf fa-2x\">\u00a0<\/i><\/a><\/td>\n<\/tr>\n<tr class=\"row-3\">\n\t<td class=\"column-1\">Sesi\u00f3n de instalaci\u00f3n del Comit\u00e9 de \u00e9tica 2023<\/td><td class=\"column-2\"><a href=\"https:\/\/www.oaxaca.gob.mx\/planeacion\/wp-content\/uploads\/sites\/29\/2025\/08\/sesion-de-instalacion-del-Comite-de-Etica2023.pdf\" target=\"_blank\" rel=\"noopener noreferrer\"><i class=\"far fa-file-pdf fa-2x\">\u00a0<\/i><\/a><\/td>\n<\/tr>\n<tr class=\"row-4\">\n\t<td class=\"column-1\">Tercera Sesi\u00f3n Ordinaria del Comit\u00e9 de \u00e9tica 2023<\/td><td class=\"column-2\"><a href=\"https:\/\/www.oaxaca.gob.mx\/planeacion\/wp-content\/uploads\/sites\/29\/2025\/08\/tercera-Sesion-Ordinaria-del-Comite-de-Etica2023.pdf\" target=\"_blank\" rel=\"noopener noreferrer\"><i class=\"far fa-file-pdf fa-2x\">\u00a0<\/i><\/a><\/td>\n<\/tr>\n<tr class=\"row-5\">\n\t<td class=\"column-1\">Primera Sesi\u00f3n Ordinaria del Comit\u00e9 de \u00e9tica 2024<\/td><td class=\"column-2\"><a href=\"https:\/\/www.oaxaca.gob.mx\/planeacion\/wp-content\/uploads\/sites\/29\/2025\/08\/Primera-Sesion-Ordinaria-del-Comite-de-Etica-2024_250825_131645.pdf\" target=\"_blank\" rel=\"noopener noreferrer\"><i class=\"far fa-file-pdf fa-2x\">\u00a0<\/i><\/a><\/td>\n<\/tr>\n<tr class=\"row-6\">\n\t<td class=\"column-1\">Segunda Sesi\u00f3n Ordinaria del Comit\u00e9 de \u00e9tica 2024<\/td><td class=\"column-2\"><a href=\"https:\/\/www.oaxaca.gob.mx\/planeacion\/wp-content\/uploads\/sites\/29\/2025\/08\/Segunda-Sesion-Ordinaria-del-Comite-de-Etica-2024_250825_131731.pdf\" target=\"_blank\" rel=\"noopener noreferrer\"><i class=\"far fa-file-pdf fa-2x\">\u00a0<\/i><\/a><\/td>\n<\/tr>\n<tr class=\"row-7\">\n\t<td class=\"column-1\">Tercera Sesi\u00f3n Ordinaria del Comit\u00e9 de \u00e9tica 2024<\/td><td class=\"column-2\"><a href=\"https:\/\/www.oaxaca.gob.mx\/planeacion\/wp-content\/uploads\/sites\/29\/2025\/08\/Tercera-Sesion-Ordinaria-del-Comite-de-Etica-2024_250825_131818.pdf\" target=\"_blank\" rel=\"noopener noreferrer\"><i class=\"far fa-file-pdf fa-2x\">\u00a0<\/i><\/a><\/td>\n<\/tr>\n<tr class=\"row-8\">\n\t<td class=\"column-1\">Cuarta Sesi\u00f3n Ordinaria del Comit\u00e9 de \u00e9tica 2024<\/td><td class=\"column-2\"><a href=\"https:\/\/www.oaxaca.gob.mx\/planeacion\/wp-content\/uploads\/sites\/29\/2025\/08\/Cuarta-Sesion-Ordinaria-del-Comite-de-Etica-2024_250825_131859.pdf\" target=\"_blank\" rel=\"noopener noreferrer\"><i class=\"far fa-file-pdf fa-2x\">\u00a0<\/i><\/a><\/td>\n<\/tr>\n<tr class=\"row-9\">\n\t<td class=\"column-1\">Primera Sesi\u00f3n Ordinaria del Comit\u00e9 de \u00e9tica 2025<\/td><td class=\"column-2\"><a href=\"https:\/\/www.oaxaca.gob.mx\/planeacion\/wp-content\/uploads\/sites\/29\/2025\/09\/acta-de-la-Primera-Sesion-Ordinaria-del-Comite-de-Etica-y-Prevencion-de-Conflicto.pdf\" target=\"_blank\" rel=\"noopener noreferrer\"><i class=\"far fa-file-pdf fa-2x\">\u00a0<\/i><\/a><\/td>\n<\/tr>\n<tr class=\"row-10\">\n\t<td class=\"column-1\">Segunda Sesi\u00f3n Ordinaria del Comit\u00e9 de \u00e9tica 2025<\/td><td class=\"column-2\"><a href=\"https:\/\/www.oaxaca.gob.mx\/planeacion\/wp-content\/uploads\/sites\/29\/2025\/08\/Segunda-Sesion-Ordinaria-del-Comite-de-Etica-2025_250825_132103.pdf\" target=\"_blank\" rel=\"noopener noreferrer\"><i class=\"far fa-file-pdf fa-2x\">\u00a0<\/i><\/a><\/td>\n<\/tr>\n<\/tbody>\n<\/table>\n<!-- #tablepress-122 from cache -->\n","protected":false},"excerpt":{"rendered":"","protected":false},"author":30,"featured_media":0,"parent":0,"menu_order":0,"comment_status":"closed","ping_status":"closed","template":"","meta":{"episode_type":"","audio_file":"","podmotor_file_id":"","podmotor_episode_id":"","cover_image":"","cover_image_id":"","duration":"","filesize":"","filesize_raw":"","date_recorded":"","explicit":"","block":"","itunes_episode_number":"","itunes_title":"","itunes_season_number":"","itunes_episode_type":"","footnotes":""},"categories":[],"tags":[],"class_list":["post-12818","page","type-page","status-publish","hentry"],"acf":[],"publishpress_future_action":{"enabled":false,"date":"2026-05-10 13:20:00","action":"change-status","newStatus":"draft","terms":[],"taxonomy":"category","extraData":[]},"publishpress_future_workflow_manual_trigger":{"enabledWorkflows":[]},"_links":{"self":[{"href":"https:\/\/www.oaxaca.gob.mx\/planeacion\/wp-json\/wp\/v2\/pages\/12818","targetHints":{"allow":["GET"]}}],"collection":[{"href":"https:\/\/www.oaxaca.gob.mx\/planeacion\/wp-json\/wp\/v2\/pages"}],"about":[{"href":"https:\/\/www.oaxaca.gob.mx\/planeacion\/wp-json\/wp\/v2\/types\/page"}],"author":[{"embeddable":true,"href":"https:\/\/www.oaxaca.gob.mx\/planeacion\/wp-json\/wp\/v2\/users\/30"}],"replies":[{"embeddable":true,"href":"https:\/\/www.oaxaca.gob.mx\/planeacion\/wp-json\/wp\/v2\/comments?post=12818"}],"version-history":[{"count":2,"href":"https:\/\/www.oaxaca.gob.mx\/planeacion\/wp-json\/wp\/v2\/pages\/12818\/revisions"}],"predecessor-version":[{"id":12834,"href":"https:\/\/www.oaxaca.gob.mx\/planeacion\/wp-json\/wp\/v2\/pages\/12818\/revisions\/12834"}],"wp:attachment":[{"href":"https:\/\/www.oaxaca.gob.mx\/planeacion\/wp-json\/wp\/v2\/media?parent=12818"}],"wp:term":[{"taxonomy":"category","embeddable":true,"href":"https:\/\/www.oaxaca.gob.mx\/planeacion\/wp-json\/wp\/v2\/categories?post=12818"},{"taxonomy":"post_tag","embeddable":true,"href":"https:\/\/www.oaxaca.gob.mx\/planeacion\/wp-json\/wp\/v2\/tags?post=12818"}],"curies":[{"name":"wp","href":"https:\/\/api.w.org\/{rel}","templated":true}]}}