{"id":10945,"date":"2024-11-14T09:50:06","date_gmt":"2024-11-14T15:50:06","guid":{"rendered":"https:\/\/www.oaxaca.gob.mx\/planeacion\/?page_id=10945"},"modified":"2026-02-27T10:56:48","modified_gmt":"2026-02-27T16:56:48","slug":"planes-municipales-de-desarrollo","status":"publish","type":"page","link":"https:\/\/www.oaxaca.gob.mx\/planeacion\/planes-municipales-de-desarrollo\/","title":{"rendered":"PLANES MUNICIPALES DE DESARROLLO"},"content":{"rendered":"<div class=\"row\">\n<div class=\"col-md-12 text-center\"><strong>Consulta el estatus de validaci\u00f3n t\u00e9cnica que otorga el Instituto de Planeaci\u00f3n para<br \/>\nel Bienestar a los Planes Municipales de Desarrollo con enfoque participativo.<br \/>\n<\/strong><\/div>\n<p><\/strong><\/div>\n<p>&nbsp;<\/p>\n<\/div>\n<div class=\"row\">\n<div class=\"col-md-12 text-center\"><a href=\"https:\/\/sisplade.oaxaca.gob.mx\/sisplade\/smPlaneacionMision.aspx?idMunicipio=1\" target=\"_blank\" rel=\"noopener\"><img decoding=\"async\" class=\"size-full wp-image-9120 alignnone\" src=\"https:\/\/www.oaxaca.gob.mx\/planeacion\/wp-content\/uploads\/sites\/29\/2023\/11\/Portada-PMD-2.png\" alt=\"\" \/><\/a><\/div>\n<p>&nbsp;<\/p>\n<\/div>\n","protected":false},"excerpt":{"rendered":"<p>Consulta el estatus de validaci\u00f3n t\u00e9cnica que otorga el Instituto de Planeaci\u00f3n para el Bienestar a los Planes Municipales de Desarrollo con enfoque participativo. &nbsp; &nbsp;<\/p>\n","protected":false},"author":30,"featured_media":0,"parent":0,"menu_order":0,"comment_status":"closed","ping_status":"closed","template":"","meta":{"episode_type":"","audio_file":"","podmotor_file_id":"","podmotor_episode_id":"","cover_image":"","cover_image_id":"","duration":"","filesize":"","filesize_raw":"","date_recorded":"","explicit":"","block":"","itunes_episode_number":"","itunes_title":"","itunes_season_number":"","itunes_episode_type":"","footnotes":""},"categories":[32],"tags":[],"class_list":["post-10945","page","type-page","status-publish","hentry","category-convocatorias"],"acf":[],"publishpress_future_action":{"enabled":false,"date":"2026-05-10 10:56:56","action":"change-status","newStatus":"draft","terms":[],"taxonomy":"category","extraData":[]},"publishpress_future_workflow_manual_trigger":{"enabledWorkflows":[]},"_links":{"self":[{"href":"https:\/\/www.oaxaca.gob.mx\/planeacion\/wp-json\/wp\/v2\/pages\/10945","targetHints":{"allow":["GET"]}}],"collection":[{"href":"https:\/\/www.oaxaca.gob.mx\/planeacion\/wp-json\/wp\/v2\/pages"}],"about":[{"href":"https:\/\/www.oaxaca.gob.mx\/planeacion\/wp-json\/wp\/v2\/types\/page"}],"author":[{"embeddable":true,"href":"https:\/\/www.oaxaca.gob.mx\/planeacion\/wp-json\/wp\/v2\/users\/30"}],"replies":[{"embeddable":true,"href":"https:\/\/www.oaxaca.gob.mx\/planeacion\/wp-json\/wp\/v2\/comments?post=10945"}],"version-history":[{"count":3,"href":"https:\/\/www.oaxaca.gob.mx\/planeacion\/wp-json\/wp\/v2\/pages\/10945\/revisions"}],"predecessor-version":[{"id":13645,"href":"https:\/\/www.oaxaca.gob.mx\/planeacion\/wp-json\/wp\/v2\/pages\/10945\/revisions\/13645"}],"wp:attachment":[{"href":"https:\/\/www.oaxaca.gob.mx\/planeacion\/wp-json\/wp\/v2\/media?parent=10945"}],"wp:term":[{"taxonomy":"category","embeddable":true,"href":"https:\/\/www.oaxaca.gob.mx\/planeacion\/wp-json\/wp\/v2\/categories?post=10945"},{"taxonomy":"post_tag","embeddable":true,"href":"https:\/\/www.oaxaca.gob.mx\/planeacion\/wp-json\/wp\/v2\/tags?post=10945"}],"curies":[{"name":"wp","href":"https:\/\/api.w.org\/{rel}","templated":true}]}}