{"id":919,"date":"2016-09-09T09:38:11","date_gmt":"2016-09-09T15:38:11","guid":{"rendered":"https:\/\/www.oaxaca.gob.mx\/pensiones\/?page_id=919"},"modified":"2026-01-27T14:43:40","modified_gmt":"2026-01-27T20:43:40","slug":"prestamo-quirografario","status":"publish","type":"page","link":"https:\/\/www.oaxaca.gob.mx\/pensiones\/prestamo-quirografario\/","title":{"rendered":"Pr\u00e9stamo quirografario"},"content":{"rendered":"<p>Otorgar a los trabajadores con nombramiento legal, a los jubilados y pensionados del Gobierno del Estado un pr\u00e9stamo quirografario. El monto del pr\u00e9stamo que se autorice al trabajador, jubilado y\/o pensionado ser\u00e1 de acuerdo a sus percepciones y a su aportaci\u00f3n al Fondo de Pensiones.<\/p>\n<p>&nbsp;<\/p>\n<p>REQUISITOS<br \/>\nEl trabajador con nombramiento legal, jubilado o pensionado, deber\u00e1 presentarse personalmente en el Departamento de Prestaciones Econ\u00f3micas para la elaboraci\u00f3n de la Solicitud de Pr\u00e9stamo.<\/p>\n<div class=\"card\">\n<div class=\"card-header\">DOCUMENTACI\u00d3N REQUERIDA<\/div>\n<div class=\"card-body\">\n<ul class=\"listas-geo\">\n<li>Original del recibo de pago m\u00e1s reciente, en donde conste que no tiene adeudo por pr\u00e9stamo quirografario.<\/li>\n<li>Fotocopia del recibo de pago m\u00e1s reciente de cada uno de los avales que requiera.<\/li>\n<li>Fotocopia del comprobante de domicilio reciente del solicitante y de los avales en su caso para cotejo.<\/li>\n<li>Fotocopia de identificaci\u00f3n oficial vigente del solicitante y de los avales en su caso.<\/li>\n<\/ul>\n<p>Nota: En caso de trabajadores con menos de 5 a\u00f1os de contribuir al Fondo de Pensiones, deber\u00e1n presentar copia de su primer nombramiento.<br \/>\nSi el trabajador tiene menos de 5 a\u00f1os de contribuir al Fondo de Pensiones deber\u00e1 contar con dos avales, si tiene 5 a\u00f1os o m\u00e1s y menos de 10 a\u00f1os de contribuir al Fondo de Pensiones deber\u00e1 contar con un aval, si el trabajador tiene 10 a\u00f1os o m\u00e1s de contribuir al Fondo de Pensiones, o el solicitante es jubilado o pensionado, no ser\u00e1 necesario aval alguno.<\/p>\n<\/div>\n<\/div>\n<p>HORARIO DE ATENCI\u00d3N<br \/>\nDe Lunes a Mi\u00e9rcoles de 12:00 \u2013 14:00 hrs.<\/p>\n<p><strong>FUNDAMENTO JUR\u00cdDICO<\/strong><br \/>\n<strong>Art\u00edculo 73.-<\/strong> Podr\u00e1 ser beneficiario de un pr\u00e9stamo quirografario el trabajador jubilado o pensionado que re\u00fana los requisitos se\u00f1alados en los art\u00edculos 68, 69, 70 Y 71 de la Ley.<\/p>\n<p><strong>SERVIDOR P\u00daBLICO RESPONSABLE<\/strong><br \/>\nLIC. EDUARDO REYES MERL\u00cdN<\/p>\n<p><strong>\u00c1REA RESPONSABLE<\/strong><br \/>\nDepartamento de Prestaciones Econ\u00f3micas<\/p>\n<p><strong>\u00c1REA DE ADSCRIPCI\u00d3N<\/strong><br \/>\nDirecci\u00f3n de Prestaciones.<\/p>\n","protected":false},"excerpt":{"rendered":"<p>Otorgar a los trabajadores con nombramiento legal, a los jubilados y pensionados del Gobierno del Estado un pr\u00e9stamo quirografario. El monto del pr\u00e9stamo que se autorice al trabajador, jubilado y\/o pensionado ser\u00e1 de acuerdo a sus percepciones y a su aportaci\u00f3n al Fondo de Pensiones. &nbsp; REQUISITOS El trabajador con nombramiento legal, jubilado o pensionado, [&hellip;]<\/p>\n","protected":false},"author":1,"featured_media":0,"parent":0,"menu_order":0,"comment_status":"closed","ping_status":"closed","template":"","meta":{"episode_type":"","audio_file":"","podmotor_file_id":"","podmotor_episode_id":"","cover_image":"","cover_image_id":"","duration":"","filesize":"","filesize_raw":"","date_recorded":"","explicit":"","block":"","itunes_episode_number":"","itunes_title":"","itunes_season_number":"","itunes_episode_type":"","footnotes":""},"categories":[],"tags":[],"class_list":["post-919","page","type-page","status-publish","hentry"],"acf":[],"publishpress_future_action":{"enabled":false,"date":"2026-04-23 15:54:36","action":"change-status","newStatus":"draft","terms":[],"taxonomy":"category","extraData":[]},"publishpress_future_workflow_manual_trigger":{"enabledWorkflows":[]},"_links":{"self":[{"href":"https:\/\/www.oaxaca.gob.mx\/pensiones\/wp-json\/wp\/v2\/pages\/919","targetHints":{"allow":["GET"]}}],"collection":[{"href":"https:\/\/www.oaxaca.gob.mx\/pensiones\/wp-json\/wp\/v2\/pages"}],"about":[{"href":"https:\/\/www.oaxaca.gob.mx\/pensiones\/wp-json\/wp\/v2\/types\/page"}],"author":[{"embeddable":true,"href":"https:\/\/www.oaxaca.gob.mx\/pensiones\/wp-json\/wp\/v2\/users\/1"}],"replies":[{"embeddable":true,"href":"https:\/\/www.oaxaca.gob.mx\/pensiones\/wp-json\/wp\/v2\/comments?post=919"}],"version-history":[{"count":3,"href":"https:\/\/www.oaxaca.gob.mx\/pensiones\/wp-json\/wp\/v2\/pages\/919\/revisions"}],"predecessor-version":[{"id":10287,"href":"https:\/\/www.oaxaca.gob.mx\/pensiones\/wp-json\/wp\/v2\/pages\/919\/revisions\/10287"}],"wp:attachment":[{"href":"https:\/\/www.oaxaca.gob.mx\/pensiones\/wp-json\/wp\/v2\/media?parent=919"}],"wp:term":[{"taxonomy":"category","embeddable":true,"href":"https:\/\/www.oaxaca.gob.mx\/pensiones\/wp-json\/wp\/v2\/categories?post=919"},{"taxonomy":"post_tag","embeddable":true,"href":"https:\/\/www.oaxaca.gob.mx\/pensiones\/wp-json\/wp\/v2\/tags?post=919"}],"curies":[{"name":"wp","href":"https:\/\/api.w.org\/{rel}","templated":true}]}}