{"id":905,"date":"2016-09-07T14:42:07","date_gmt":"2016-09-07T20:42:07","guid":{"rendered":"https:\/\/www.oaxaca.gob.mx\/pensiones\/?page_id=905"},"modified":"2023-05-12T14:13:24","modified_gmt":"2023-05-12T20:13:24","slug":"servicio-medico","status":"publish","type":"page","link":"https:\/\/www.oaxaca.gob.mx\/pensiones\/servicio-medico\/","title":{"rendered":"Servicio M\u00e9dico"},"content":{"rendered":"<p class=\"text-center\"><strong> Medicina General<\/strong><\/p>\n<p><strong>Descripci\u00f3n<\/strong><\/p>\n<p>Se brindar\u00e1n consultas de medicina general, a los trabajadores, jubilados, pensionados, as\u00ed como a sus beneficiarios. En el caso de los jubilados, pensionados y pensionistas se brinda una atenci\u00f3n especial para un control adecuado de las enfermedades cr\u00f3nicas y degenerativas por las que cursa el adulto mayor.<\/p>\n<p class=\"text-center\"><strong>Psicolog\u00eda<\/strong><\/p>\n<p><strong>Descripci\u00f3n<\/strong><\/p>\n<p>Se brindar\u00e1n consultas y terapia psicol\u00f3gica a los trabajadores, jubilados, pensionados y pensionistas, as\u00ed como a sus beneficiarios.<\/p>\n<p class=\"text-center\"><strong> Odontolog\u00eda<\/strong><\/p>\n<p><strong>Descripci\u00f3n<\/strong><\/p>\n<p>Se brindar\u00e1n consultas odontol\u00f3gicas a los trabajadores, jubilados, pensionados y pensionistas, as\u00ed como a sus beneficiarios. Entre otros servicios que se brindan son curaciones, profilaxis, extracciones, amalgamas, resinas, impresiones, aplicaci\u00f3n de fl\u00faor, sellador de fisuras, pruebas en cera y\/o final de prostodoncia, reparaci\u00f3n de prostodoncia, etc.<br \/>\nCosto<\/p>\n<div class=\"card\">\n<div class=\"card-header\"><\/div>\n<div class=\"card-body\">\n<table id=\"tablepress-costos\" class=\"tablepress tablepress-id-costos\">\n<thead>\n<tr class=\"row-1\">\n\t<th colspan=\"2\" class=\"column-1\"> <h4 class=\"text-center\">COSTOS<\/h4><\/th>\n<\/tr>\n<\/thead>\n<tbody class=\"row-striping row-hover\">\n<tr class=\"row-2\">\n\t<td class=\"column-1\">Consultas de Medicina General , Odontolog\u00eda y Psicolog\u00eda:<\/td><td class=\"column-2\"><\/td>\n<\/tr>\n<tr class=\"row-3\">\n\t<td class=\"column-1\">A Jubilados, Pensionados y Pensionistas:<\/td><td class=\"column-2\">GRATUITO<\/td>\n<\/tr>\n<tr class=\"row-4\">\n\t<td class=\"column-1\">A beneficiarios del Servicio M\u00e9dico:<br \/>\n(C\u00f3nyuge o concubina, al c\u00f3nyuge o concubinario siempre y cuando sea mayor de 60 a\u00f1os, o sea dependiente econ\u00f3mico, a los hijos menores de 18 a\u00f1os, y los padres que sean dependientes econ\u00f3micos del jubilado, pensionado o pensionista, as\u00ed como a los hijos menores de 18 a\u00f1os y\/o incapacitados.<\/td><td class=\"column-2\">$ 30.00<\/td>\n<\/tr>\n<tr class=\"row-5\">\n\t<td class=\"column-1\">A trabajadores en activo al Fondo de Pensiones<\/td><td class=\"column-2\">\t<br \/>\n$30.00<\/td>\n<\/tr>\n<\/tbody>\n<\/table>\n<!-- #tablepress-costos from cache --><\/div>\n<\/div>\n<div class=\"card-header\"><\/div>\n<div class=\"card\">\n<div class=\"card-body\">\n<table id=\"tablepress-cuotas\" class=\"tablepress tablepress-id-cuotas\">\n<thead>\n<tr class=\"row-1\">\n\t<th colspan=\"2\" class=\"column-1\"><h4 class=\"text-center\"><strong>TABULADO DE CUOTAS M\u00c9DICAS<\/strong><\/h4><\/th>\n<\/tr>\n<\/thead>\n<tbody class=\"row-striping row-hover\">\n<tr class=\"row-2\">\n\t<td class=\"column-1\">\t\tCuraci\u00f3n<br \/>\n\t    <\/td><td class=\"column-2\">\t\t$30.00<br \/>\n\t\t<br \/>\n\t    <\/td>\n<\/tr>\n<tr class=\"row-3\">\n\t<td class=\"column-1\">\t\tAmalgama<br \/>\n\t    <\/td><td class=\"column-2\">\t\t$85.00<br \/>\n\t    <\/td>\n<\/tr>\n<tr class=\"row-4\">\n\t<td class=\"column-1\">\t\tResina Fotocurable<br \/>\n\t    <\/td><td class=\"column-2\">\t\t$90.00<br \/>\n\t    <\/td>\n<\/tr>\n<tr class=\"row-5\">\n\t<td class=\"column-1\">\t\tProfil\u00e1xis con estuche<br \/>\n\t    <\/td><td class=\"column-2\">\t\t$100.00<br \/>\n\t    <\/td>\n<\/tr>\n<tr class=\"row-6\">\n\t<td class=\"column-1\">\t\tExtracci\u00f3n<br \/>\n\t    <\/td><td class=\"column-2\">\t\t$ $70.00<br \/>\n\t    <\/td>\n<\/tr>\n<tr class=\"row-7\">\n\t<td class=\"column-1\">\t\tSellador de fisuras por diente<br \/>\n\t    <\/td><td class=\"column-2\">\t\t$35.00.00<br \/>\n\t    <\/td>\n<\/tr>\n<tr class=\"row-8\">\n\t<td class=\"column-1\">\t\tAplicaci\u00f3n de fl\u00faor<br \/>\n\t    <\/td><td class=\"column-2\">\t\t$30.00<br \/>\n\t    <\/td>\n<\/tr>\n<tr class=\"row-9\">\n\t<td class=\"column-1\">\t\tCementado con ion\u00f3mero<br \/>\n\t    <\/td><td class=\"column-2\">\t\t$60.00<br \/>\n\t    <\/td>\n<\/tr>\n<tr class=\"row-10\">\n\t<td class=\"column-1\">\t\tTallado<br \/>\n\t    <\/td><td class=\"column-2\">\t\t$50.00<br \/>\n\t    <\/td>\n<\/tr>\n<tr class=\"row-11\">\n\t<td class=\"column-1\">Impresiones<br \/>\n\t    <\/td><td class=\"column-2\">\t\t$40.00<br \/>\n\t    <\/td>\n<\/tr>\n<tr class=\"row-12\">\n\t<td class=\"column-1\">Altura de rodillos<br \/>\n\t    <\/td><td class=\"column-2\">\t\t$40.00<br \/>\n\t    <\/td>\n<\/tr>\n<tr class=\"row-13\">\n\t<td class=\"column-1\">\t\tPrueba en cera<br \/>\n\t    <\/td><td class=\"column-2\">\t\t$40.00<br \/>\n\t    <\/td>\n<\/tr>\n<tr class=\"row-14\">\n\t<td class=\"column-1\">\t\tPrueba final de laq prostodoncia<br \/>\n\t    <\/td><td class=\"column-2\">\t\t$40.00<br \/>\n\t    <\/td>\n<\/tr>\n<tr class=\"row-15\">\n\t<td class=\"column-1\">\t\tImpresiones con hules <br \/>\n\t    <\/td><td class=\"column-2\">\t\t$60.00<br \/>\n\t    <\/td>\n<\/tr>\n<tr class=\"row-16\">\n\t<td class=\"column-1\">\t\tExtracci\u00f3n del 3er. molar<br \/>\n\t    <\/td><td class=\"column-2\">\t\t$60.00<br \/>\n\t    <\/td>\n<\/tr>\n<tr class=\"row-17\">\n\t<td class=\"column-1\">\t\tProvisionales<br \/>\n\t    <\/td><td class=\"column-2\">\t\t$50.00<br \/>\n\t    <\/td>\n<\/tr>\n<tr class=\"row-18\">\n\t<td class=\"column-1\">\t\tReparaci\u00f3n de Prostodoncia<br \/>\n\t    <\/td><td class=\"column-2\">\t\t$50.00<br \/>\n\t    <\/td>\n<\/tr>\n<tr class=\"row-19\">\n\t<td class=\"column-1\">\t\tConsulta beneficiarios de Jub. Pdos. Y Ptas.<br \/>\n\t    <\/td><td class=\"column-2\">\t\t$30.00<br \/>\n\t    <\/td>\n<\/tr>\n<tr class=\"row-20\">\n\t<td class=\"column-1\">\t\tAltura de rodillos<br \/>\n\t    <\/td><td class=\"column-2\">\t\t$40.00<br \/>\n\t    <\/td>\n<\/tr>\n<tr class=\"row-21\">\n\t<td class=\"column-1\">\t\tConsulta Activos<br \/>\n\t    <\/td><td class=\"column-2\">\t\t$30.00<br \/>\n\t    <\/td>\n<\/tr>\n<tr class=\"row-22\">\n\t<td class=\"column-1\">\t\tExtracci\u00f3n de dientes temporales<br \/>\n\t    <\/td><td class=\"column-2\">\t\t$35.00<br \/>\n\t    <\/td>\n<\/tr>\n<tr class=\"row-23\">\n\t<td class=\"column-1\">\t\tExpedici\u00f3n de Constancia M\u00e9dica y Odontol\u00f3gica<br \/>\n\t    <\/td><td class=\"column-2\">\t\t$30.00<br \/>\n\t    <\/td>\n<\/tr>\n<tr class=\"row-24\">\n\t<td class=\"column-1\">\t\tToma de Glucosa<br \/>\n\t    <\/td><td class=\"column-2\">\t\t$30.00<br \/>\n\t    <\/td>\n<\/tr>\n<\/tbody>\n<\/table>\n<!-- #tablepress-cuotas from cache --><\/div>\n<div><\/div>\n<\/div>\n<p><strong>CONSULTAS DE LUNES A VIERNES EN D\u00cdAS H\u00c1BILES.<\/strong><\/p>\n<p><strong>Requisitos<\/strong><br \/>\nSer jubilado, pensionado y pensionista, o trabajador con nombramiento legal del Gobierno del Estado.<\/p>\n<p><strong>Documentos<\/strong><br \/>\nJubilados, pensionados y pensionistas: Credencial expedida por la Oficina de Pensiones.<br \/>\nTrabajadores activos: Gafete que lo acredite como trabajador del Gobierno del Estado y \u00faltimo sobre de pago.<\/p>\n<p><strong>Sustento Legal<\/strong><br \/>\nCon fundamento en los art\u00edculos 2,79,82 y 88 fracc. II de la Ley de Pensiones para los Trabajadores del Gobierno del Estado; 4 y 17 segundo p\u00e1rrafo de las Reglas de Seguro de vida y Servicios M\u00e9dicos de la Oficina de Pensiones, publicado el 25 de marzo de 2017.<\/p>\n<p><strong>Fundamento Legal<\/strong><br \/>\nLey de Pensiones para los Trabajadores del Gobierno del Estado de Oaxaca, Art\u00edculo 1. Publicada en el Peri\u00f3dico Oficial No. 4 de fecha 28 de enero de 2012; y Reglamento Interno de la Oficina de Pensiones del Estado de Oaxaca, Art\u00edculo 14 fracciones IV, V, VII y X publicado en el Peri\u00f3dico Oficial el 22 de noviembre de 2014.<\/p>\n<p><strong>Servidor P\u00fablico Responsable<\/strong><br \/>\nDr. Alberto \u00c1ngel Mayoral V\u00e1squez<\/p>\n<p><strong>\u00c1rea Responsable<\/strong><br \/>\nDepartamento de Prestaciones Sociales<\/p>\n<p><strong>\u00c1rea de Adscripci\u00f3n<\/strong><br \/>\nDirecci\u00f3n de Prestaciones<\/p>\n<p><strong>HORARIOS<\/strong><br \/>\nMedicina General 10:00 a 14:00 Hrs.<br \/>\nOdontolog\u00eda 10:00 a 14:00 Hrs.<br \/>\nPsicolog\u00eda 10:00 a 14:00 Hrs.<\/p>\n","protected":false},"excerpt":{"rendered":"<p>Medicina General Descripci\u00f3n Se brindar\u00e1n consultas de medicina general, a los trabajadores, jubilados, pensionados, as\u00ed como a sus beneficiarios. En el caso de los jubilados, pensionados y pensionistas se brinda una atenci\u00f3n especial para un control adecuado de las enfermedades cr\u00f3nicas y degenerativas por las que cursa el adulto mayor. Psicolog\u00eda Descripci\u00f3n Se brindar\u00e1n consultas [&hellip;]<\/p>\n","protected":false},"author":1,"featured_media":0,"parent":0,"menu_order":0,"comment_status":"closed","ping_status":"closed","template":"","meta":{"episode_type":"","audio_file":"","podmotor_file_id":"","podmotor_episode_id":"","cover_image":"","cover_image_id":"","duration":"","filesize":"","filesize_raw":"","date_recorded":"","explicit":"","block":"","itunes_episode_number":"","itunes_title":"","itunes_season_number":"","itunes_episode_type":"","footnotes":""},"categories":[],"tags":[],"class_list":["post-905","page","type-page","status-publish","hentry"],"acf":[],"publishpress_future_action":{"enabled":false,"date":"2026-04-23 19:37:11","action":"change-status","newStatus":"draft","terms":[],"taxonomy":"category","extraData":[]},"publishpress_future_workflow_manual_trigger":{"enabledWorkflows":[]},"_links":{"self":[{"href":"https:\/\/www.oaxaca.gob.mx\/pensiones\/wp-json\/wp\/v2\/pages\/905","targetHints":{"allow":["GET"]}}],"collection":[{"href":"https:\/\/www.oaxaca.gob.mx\/pensiones\/wp-json\/wp\/v2\/pages"}],"about":[{"href":"https:\/\/www.oaxaca.gob.mx\/pensiones\/wp-json\/wp\/v2\/types\/page"}],"author":[{"embeddable":true,"href":"https:\/\/www.oaxaca.gob.mx\/pensiones\/wp-json\/wp\/v2\/users\/1"}],"replies":[{"embeddable":true,"href":"https:\/\/www.oaxaca.gob.mx\/pensiones\/wp-json\/wp\/v2\/comments?post=905"}],"version-history":[{"count":1,"href":"https:\/\/www.oaxaca.gob.mx\/pensiones\/wp-json\/wp\/v2\/pages\/905\/revisions"}],"predecessor-version":[{"id":7299,"href":"https:\/\/www.oaxaca.gob.mx\/pensiones\/wp-json\/wp\/v2\/pages\/905\/revisions\/7299"}],"wp:attachment":[{"href":"https:\/\/www.oaxaca.gob.mx\/pensiones\/wp-json\/wp\/v2\/media?parent=905"}],"wp:term":[{"taxonomy":"category","embeddable":true,"href":"https:\/\/www.oaxaca.gob.mx\/pensiones\/wp-json\/wp\/v2\/categories?post=905"},{"taxonomy":"post_tag","embeddable":true,"href":"https:\/\/www.oaxaca.gob.mx\/pensiones\/wp-json\/wp\/v2\/tags?post=905"}],"curies":[{"name":"wp","href":"https:\/\/api.w.org\/{rel}","templated":true}]}}