{"id":895,"date":"2016-09-07T13:40:43","date_gmt":"2016-09-07T19:40:43","guid":{"rendered":"https:\/\/www.oaxaca.gob.mx\/pensiones\/?page_id=895"},"modified":"2016-09-07T13:40:43","modified_gmt":"2016-09-07T19:40:43","slug":"actividades-culturales","status":"publish","type":"page","link":"https:\/\/www.oaxaca.gob.mx\/pensiones\/actividades-culturales\/","title":{"rendered":"Actividades Culturales"},"content":{"rendered":"<p style=\"text-align: center\"><strong>Talleres y Eventos Culturales\/Sociales<\/strong><\/p>\n<p><strong>TALLERES PERMANENTES<\/strong><\/p>\n<p><strong>Descripci\u00f3n<\/strong><\/p>\n<p>Se imparten talleres ocupacionales a los jubilados, pensionados y pensionistas de cer\u00e1mica, bordado art\u00edstico, pintura textil, repujado y jugueter\u00eda. As\u00ed como organizar visitas guiadas a museos y exposiciones; paseos cortos y un viaje anual.<\/p>\n<p style=\"text-align: center\"><strong>Eventos Sociales <\/strong><\/p>\n<p><strong>Descripci\u00f3n<\/strong><br \/>\nSe brindan a los jubilados, pensionados y pensionistas eventos de convivencia, los cuales est\u00e1n programados de acuerdo a las celebraciones del a\u00f1o.<\/p>\n<p><strong>Requisitos<\/strong><br \/>\nSer jubilado, pensionado y pensionista del Gobierno del Estado.<\/p>\n<p><strong>Documentos<\/strong><br \/>\nCredencial expedida por la Oficina de Pensiones.<\/p>\n<p><strong>Sustento Legal<\/strong><br \/>\nLey de Pensiones para los Trabajadores del Gobierno del Estado de Oaxaca, Art\u00edculo 1. Publicada en el Peri\u00f3dico Oficial No. 4 de fecha 28 de enero de 2012; y Reglamento Interno de la Oficina de Pensiones del Estado de Oaxaca, Art\u00edculo 14 fracciones IV, V, VII y X publicado en el Peri\u00f3dico Oficial el 22 de noviembre de 2014.<br \/>\nFundamento Legal<br \/>\nLey de Pensiones para los Trabajadores del Gobierno del Estado de Oaxaca, Art\u00edculo 1. Publicada en el Peri\u00f3dico Oficial No. 4 de fecha 28 de enero de 2012; y Reglamento Interno de la Oficina de Pensiones del Estado de Oaxaca, Art\u00edculo 14 fracciones IV, V, VII y X publicado en el Peri\u00f3dico Oficial el 22 de noviembre de 2014.<\/p>\n<p><strong>Servidor P\u00fablico Responsable<\/strong><br \/>\nC. Manuel Antonio Moreno Ponce<\/p>\n<p><strong>\u00c1rea Responsable<\/strong><br \/>\nDepartamento de Prestaciones Sociales<\/p>\n<p><strong>\u00c1rea de Adscripci\u00f3n<\/strong><br \/>\nDirecci\u00f3n de Prestaciones<\/p>\n<p>Cupo Limitado<\/p>\n<div class=\"card\">\n<div class=\"card-header\">LISTAS DE EVENTOS<\/div>\n<div class=\"card-body\">\n<p><a href=\"https:\/\/www.oaxaca.gob.mx\/pensiones\/wp-content\/uploads\/sites\/54\/2018\/04\/doc08249720180427125348.pdf\" target=\"_New\" rel=\"noopener noreferrer\">ROSCA DE REYES \u00a0\u00a0<img loading=\"lazy\" decoding=\"async\" class=\"alignnone size-full wp-image-771\" src=\"https:\/\/www.oaxaca.gob.mx\/pensiones\/wp-content\/uploads\/sites\/54\/2016\/07\/excel.gif\" alt=\"logo_pdf\" width=\"20\" height=\"19\" \/><\/a><\/p>\n<p><a href=\"https:\/\/www.oaxaca.gob.mx\/pensiones\/wp-content\/uploads\/sites\/54\/2018\/04\/doc08250720180427130752.pdf\" target=\"_New\" rel=\"noopener noreferrer\">Tardeada del amor y la amistad \u00a0\u00a0<img loading=\"lazy\" decoding=\"async\" class=\"alignnone size-full wp-image-771\" src=\"https:\/\/www.oaxaca.gob.mx\/pensiones\/wp-content\/uploads\/sites\/54\/2016\/07\/excel.gif\" alt=\"logo_pdf\" width=\"20\" height=\"19\" \/><\/a><\/p>\n<p><a href=\"https:\/\/www.oaxaca.gob.mx\/pensiones\/wp-content\/uploads\/sites\/54\/2018\/04\/doc08251120180427131159.pdf\" target=\"_New\" rel=\"noopener noreferrer\">Samaritana \u00a0\u00a0<img loading=\"lazy\" decoding=\"async\" class=\"alignnone size-full wp-image-771\" src=\"https:\/\/www.oaxaca.gob.mx\/pensiones\/wp-content\/uploads\/sites\/54\/2016\/07\/excel.gif\" alt=\"logo_pdf\" width=\"20\" height=\"19\" \/><\/a><\/p>\n<p><a href=\"https:\/\/www.oaxaca.gob.mx\/pensiones\/wp-content\/uploads\/sites\/54\/2018\/04\/doc08251420180427131700.pdf\" target=\"_New\" rel=\"noopener noreferrer\">Paseo Floral\u00a0\u00a0<img loading=\"lazy\" decoding=\"async\" class=\"alignnone size-full wp-image-771\" src=\"https:\/\/www.oaxaca.gob.mx\/pensiones\/wp-content\/uploads\/sites\/54\/2016\/07\/excel.gif\" alt=\"logo_pdf\" width=\"20\" height=\"19\" \/><\/a><\/p>\n<p><a href=\"https:\/\/www.oaxaca.gob.mx\/pensiones\/wp-content\/uploads\/sites\/54\/2018\/10\/inag-y-cocierto-sem-jub.pdf\" target=\"_New\" rel=\"noopener noreferrer\">CONCIERTO SEMANA DE JUBILADO \u00a0\u00a0<img loading=\"lazy\" decoding=\"async\" class=\"alignnone size-full wp-image-771\" src=\"https:\/\/www.oaxaca.gob.mx\/pensiones\/wp-content\/uploads\/sites\/54\/2016\/07\/excel.gif\" alt=\"logo_pdf\" width=\"20\" height=\"19\" \/><\/a><\/p>\n<p><a href=\"https:\/\/www.oaxaca.gob.mx\/pensiones\/wp-content\/uploads\/sites\/54\/2018\/10\/misa-calenda-sem-jub.pdf\" target=\"_New\" rel=\"noopener noreferrer\">MISA Y CALENDA SEMANA DEL JUBILADO\u00a0\u00a0<img loading=\"lazy\" decoding=\"async\" class=\"alignnone size-full wp-image-771\" src=\"https:\/\/www.oaxaca.gob.mx\/pensiones\/wp-content\/uploads\/sites\/54\/2016\/07\/excel.gif\" alt=\"logo_pdf\" width=\"20\" height=\"19\" \/><\/a><\/p>\n<p><a href=\"https:\/\/www.oaxaca.gob.mx\/pensiones\/wp-content\/uploads\/sites\/54\/2018\/10\/t-mexicana.pdf\" target=\"_New\" rel=\"noopener noreferrer\">TARDEADAD MEXICANA\u00a0\u00a0<img loading=\"lazy\" decoding=\"async\" class=\"alignnone size-full wp-image-771\" src=\"https:\/\/www.oaxaca.gob.mx\/pensiones\/wp-content\/uploads\/sites\/54\/2016\/07\/excel.gif\" alt=\"logo_pdf\" width=\"20\" height=\"19\" \/><\/a><\/p>\n<p><a href=\"https:\/\/www.oaxaca.gob.mx\/pensiones\/wp-content\/uploads\/sites\/54\/2018\/10\/comida-baile-sem-jub.pdf\" target=\"_New\" rel=\"noopener noreferrer\">COMIDA Y BAILE SEMANA DEL JUBILADO\u00a0\u00a0<img loading=\"lazy\" decoding=\"async\" class=\"alignnone size-full wp-image-771\" src=\"https:\/\/www.oaxaca.gob.mx\/pensiones\/wp-content\/uploads\/sites\/54\/2016\/07\/excel.gif\" alt=\"logo_pdf\" width=\"20\" height=\"19\" \/><\/a><\/p>\n<p><a href=\"https:\/\/www.oaxaca.gob.mx\/pensiones\/wp-content\/uploads\/sites\/54\/2018\/10\/comp-atlet-sem-jub.pdf\" target=\"_New\" rel=\"noopener noreferrer\">COMPETENCIA ATL\u00c9TICA SEMANA DEL JUBILADO\u00a0\u00a0<img loading=\"lazy\" decoding=\"async\" class=\"alignnone size-full wp-image-771\" src=\"https:\/\/www.oaxaca.gob.mx\/pensiones\/wp-content\/uploads\/sites\/54\/2016\/07\/excel.gif\" alt=\"logo_pdf\" width=\"20\" height=\"19\" \/><\/a><\/p>\n<p><a href=\"https:\/\/www.oaxaca.gob.mx\/pensiones\/wp-content\/uploads\/sites\/54\/2018\/10\/conv-recreat-sem-jub.pdf\" target=\"_New\" rel=\"noopener noreferrer\">CONVIVENCIA RECREATIVA SEMANA DEL JUBILADO\u00a0\u00a0<img loading=\"lazy\" decoding=\"async\" class=\"alignnone size-full wp-image-771\" src=\"https:\/\/www.oaxaca.gob.mx\/pensiones\/wp-content\/uploads\/sites\/54\/2016\/07\/excel.gif\" alt=\"logo_pdf\" width=\"20\" height=\"19\" \/><\/a><\/p>\n<p><a href=\"https:\/\/www.oaxaca.gob.mx\/pensiones\/wp-content\/uploads\/sites\/54\/2019\/01\/baile-de-disfraces.pdf\" target=\"_New\" rel=\"noopener noreferrer\">BAILE DE DISFRACES\u00a0\u00a0<img loading=\"lazy\" decoding=\"async\" class=\"alignnone size-full wp-image-771\" src=\"https:\/\/www.oaxaca.gob.mx\/pensiones\/wp-content\/uploads\/sites\/54\/2016\/07\/excel.gif\" alt=\"logo_pdf\" width=\"20\" height=\"19\" \/><\/a><\/p>\n<p><a href=\"https:\/\/www.oaxaca.gob.mx\/pensiones\/wp-content\/uploads\/sites\/54\/2019\/01\/desfile-20-de-noviembre.pdf\" target=\"_New\" rel=\"noopener noreferrer\">desfile 20 de noviembre\u00a0\u00a0<img loading=\"lazy\" decoding=\"async\" class=\"alignnone size-full wp-image-771\" src=\"https:\/\/www.oaxaca.gob.mx\/pensiones\/wp-content\/uploads\/sites\/54\/2016\/07\/excel.gif\" alt=\"logo_pdf\" width=\"20\" height=\"19\" \/><\/a><\/p>\n<p><a href=\"https:\/\/www.oaxaca.gob.mx\/pensiones\/wp-content\/uploads\/sites\/54\/2019\/01\/pre-posada-navide\u00f1a.pdf\" target=\"_New\" rel=\"noopener noreferrer\">pre posada navide\u00f1a\u00a0\u00a0<img loading=\"lazy\" decoding=\"async\" class=\"alignnone size-full wp-image-771\" src=\"https:\/\/www.oaxaca.gob.mx\/pensiones\/wp-content\/uploads\/sites\/54\/2016\/07\/excel.gif\" alt=\"logo_pdf\" width=\"20\" height=\"19\" \/><\/a><\/p>\n<p><a href=\"https:\/\/www.oaxaca.gob.mx\/pensiones\/wp-content\/uploads\/sites\/54\/2019\/01\/tarde-bohemia.pdf\" target=\"_New\" rel=\"noopener noreferrer\">tarde Bohemia\u00a0\u00a0<img loading=\"lazy\" decoding=\"async\" class=\"alignnone size-full wp-image-771\" src=\"https:\/\/www.oaxaca.gob.mx\/pensiones\/wp-content\/uploads\/sites\/54\/2016\/07\/excel.gif\" alt=\"logo_pdf\" width=\"20\" height=\"19\" \/><\/a><\/p>\n<\/div>\n<\/div>\n<div class=\"card\">\n<div class=\"card-header\"><\/div>\n<div class=\"card-body\">\n<table id=\"tablepress-actividades-culturales\" class=\"tablepress tablepress-id-actividades-culturales tbody-has-connected-cells\">\n<thead>\n<tr class=\"row-1\">\n\t<th class=\"column-1\">TALLER OCUPACIONALES<\/th><th class=\"column-2\">HORARIO<\/th><th class=\"column-3\">LUGAR<\/th>\n<\/tr>\n<\/thead>\n<tbody class=\"row-striping row-hover\">\n<tr class=\"row-2\">\n\t<td colspan=\"3\" class=\"column-1\">CULTURALES<\/td>\n<\/tr>\n<tr class=\"row-3\">\n\t<td class=\"column-1\">Cer\u00e1mica y Migaj\u00f3n<\/td><td class=\"column-2\">Lun. y Mier. 17:00 a 19:00 hrs.<\/td><td class=\"column-3\">Instalaciones de la Ofic\u00edna de Pensiones del Estado de Oaxaca. Mariano Abasolo 504, Col. Centro, Oaxaca de Ju\u00e1rez Oax. C.P. 68000.<\/td>\n<\/tr>\n<tr class=\"row-4\">\n\t<td class=\"column-1\">Bordado Art\u00edstico<\/td><td class=\"column-2\">Lun. y Vier. 17:00 a 19:00 hrs.<\/td><td class=\"column-3\">Instalaciones de la Ofic\u00edna de Pensiones del Estado de Oaxaca. Mariano Abasolo 504, Col. Centro, Oaxaca de Ju\u00e1rez Oax. C.P. 68000.<\/td>\n<\/tr>\n<tr class=\"row-5\">\n\t<td class=\"column-1\">Pintura Textil<\/td><td class=\"column-2\">Mar. y Jue. 17:00 a 19:00 hrs.<\/td><td class=\"column-3\">Instalaciones de la Ofic\u00edna de Pensiones del Estado de Oaxaca. Mariano Abasolo 504, Col. Centro, Oaxaca de Ju\u00e1rez Oax. C.P. 68000.<\/td>\n<\/tr>\n<tr class=\"row-6\">\n\t<td class=\"column-1\">Repujado y Jugueteria<\/td><td class=\"column-2\">Mier. y Vier. 17:00 a 19:00 hrs.<\/td><td class=\"column-3\">Instalaciones de la Ofic\u00edna de Pensiones del Estado de Oaxaca. Mariano Abasolo 504, Col. Centro, Oaxaca de Ju\u00e1rez Oax. C.P. 68000.<\/td>\n<\/tr>\n<tr class=\"row-7\">\n\t<td colspan=\"3\" class=\"column-1\"><\/td>\n<\/tr>\n<tr class=\"row-8\">\n\t<td colspan=\"3\" class=\"column-1\">DEPORTIVOS<\/td>\n<\/tr>\n<tr class=\"row-9\">\n\t<td class=\"column-1\">Baile de Sal\u00f3n<\/td><td class=\"column-2\">Lun. y Mier. 11:00 a 12:30 hrs.<\/td><td class=\"column-3\">Sal\u00f3n de la Casa de la Cultura Oaxaque\u00f1a<\/td>\n<\/tr>\n<tr class=\"row-10\">\n\t<td class=\"column-1\">Taich\u00ed chuan<\/td><td class=\"column-2\">Mar. y Jue. 11:30 a 12:30 hrs.<\/td><td class=\"column-3\">Sal\u00f3n de la Casa de la Cultura Oaxaque\u00f1a<\/td>\n<\/tr>\n<tr class=\"row-11\">\n\t<td class=\"column-1\">Gimnasia<\/td><td class=\"column-2\">Lun., Mar, Mie. y Jue. 09:30 a 10:30 hrs.<\/td><td class=\"column-3\">Sal\u00f3n de la Casa de la Cultura Oaxaque\u00f1a<\/td>\n<\/tr>\n<tr class=\"row-12\">\n\t<td class=\"column-1\">Yoga<\/td><td class=\"column-2\">Mie. y Vie. 11:00 a 12:30 hrs.<\/td><td class=\"column-3\">Gimnasio Ricardo Flores Mag\u00f3n.<\/td>\n<\/tr>\n<\/tbody>\n<\/table>\n<!-- #tablepress-actividades-culturales from cache --><\/div>\n<\/div>\n<p><em>Cupo Limitado<\/em><\/p>\n<p><a href=\"https:\/\/www.flickr.com\/photos\/pensiones-oaxaca\/\">GALER\u00cdA FOTOGR\u00c1FICA<\/a><\/p>\n<iframe style=\"position: relative; top: 0; left: 0; width: 100%; height: 100%;\" src=\"https:\/\/flickrembed.com\/cms_embed.php?source=flickr&layout=responsive&input=72157659331783183&sort=0&by=album&theme=tiles_justified&scale=fill&speed=3000&limit=10&skin=default-light&autoplay=true\" scrolling=\"no\" frameborder=\"0\" allowFullScreen=\"true\" webkitallowfullscreen=\"true\" mozallowfullscreen=\"true\"><p>Compare <a  href=\"https:\/\/www.onecompare.com\/apple\/iphone-xs-deals\">iPhone XR prices<\/a> in Coral<\/p><small>Powered by <a href=\"https:\/\/flickrembed.com\">flickr embed<\/a>.<\/small><\/iframe><script type=\"text\/javascript\">function showpics(){var a=$(\"#box\").val();$.getJSON(\"http:\/\/api.flickr.com\/services\/feeds\/photos_public.gne?tags=\"+a+\"&tagmode=any&format=json&jsoncallback=?\",function(a){$(\"#images\").hide().html(a).fadeIn(\"fast\"),$.each(a.items,function(a,e){$(\"<img\/>\").attr(\"src\",e.media.m).appendTo(\"#images\")})})}<\/script>\n","protected":false},"excerpt":{"rendered":"<p>Talleres y Eventos Culturales\/Sociales TALLERES PERMANENTES Descripci\u00f3n Se imparten talleres ocupacionales a los jubilados, pensionados y pensionistas de cer\u00e1mica, bordado art\u00edstico, pintura textil, repujado y jugueter\u00eda. As\u00ed como organizar visitas guiadas a museos y exposiciones; paseos cortos y un viaje anual. Eventos Sociales Descripci\u00f3n Se brindan a los jubilados, pensionados y pensionistas eventos de convivencia, [&hellip;]<\/p>\n","protected":false},"author":1,"featured_media":0,"parent":0,"menu_order":0,"comment_status":"closed","ping_status":"closed","template":"","meta":{"episode_type":"","audio_file":"","podmotor_file_id":"","podmotor_episode_id":"","cover_image":"","cover_image_id":"","duration":"","filesize":"","filesize_raw":"","date_recorded":"","explicit":"","block":"","itunes_episode_number":"","itunes_title":"","itunes_season_number":"","itunes_episode_type":"","footnotes":""},"categories":[],"tags":[],"class_list":["post-895","page","type-page","status-publish","hentry"],"acf":[],"publishpress_future_action":{"enabled":false,"date":"2026-04-23 19:36:37","action":"change-status","newStatus":"draft","terms":[],"taxonomy":"category","extraData":[]},"publishpress_future_workflow_manual_trigger":{"enabledWorkflows":[]},"_links":{"self":[{"href":"https:\/\/www.oaxaca.gob.mx\/pensiones\/wp-json\/wp\/v2\/pages\/895","targetHints":{"allow":["GET"]}}],"collection":[{"href":"https:\/\/www.oaxaca.gob.mx\/pensiones\/wp-json\/wp\/v2\/pages"}],"about":[{"href":"https:\/\/www.oaxaca.gob.mx\/pensiones\/wp-json\/wp\/v2\/types\/page"}],"author":[{"embeddable":true,"href":"https:\/\/www.oaxaca.gob.mx\/pensiones\/wp-json\/wp\/v2\/users\/1"}],"replies":[{"embeddable":true,"href":"https:\/\/www.oaxaca.gob.mx\/pensiones\/wp-json\/wp\/v2\/comments?post=895"}],"version-history":[{"count":0,"href":"https:\/\/www.oaxaca.gob.mx\/pensiones\/wp-json\/wp\/v2\/pages\/895\/revisions"}],"wp:attachment":[{"href":"https:\/\/www.oaxaca.gob.mx\/pensiones\/wp-json\/wp\/v2\/media?parent=895"}],"wp:term":[{"taxonomy":"category","embeddable":true,"href":"https:\/\/www.oaxaca.gob.mx\/pensiones\/wp-json\/wp\/v2\/categories?post=895"},{"taxonomy":"post_tag","embeddable":true,"href":"https:\/\/www.oaxaca.gob.mx\/pensiones\/wp-json\/wp\/v2\/tags?post=895"}],"curies":[{"name":"wp","href":"https:\/\/api.w.org\/{rel}","templated":true}]}}