{"id":570,"date":"2016-07-06T11:58:10","date_gmt":"2016-07-06T17:58:10","guid":{"rendered":"https:\/\/www.oaxaca.gob.mx\/pensiones\/?page_id=570"},"modified":"2016-07-06T11:58:10","modified_gmt":"2016-07-06T17:58:10","slug":"fraccion-xxxviii","status":"publish","type":"page","link":"https:\/\/www.oaxaca.gob.mx\/pensiones\/fraccion-xxxviii\/","title":{"rendered":"Fracci\u00f3n XXXVIII"},"content":{"rendered":"<p><strong><b>Fracci\u00f3n XXXVIII<\/b><\/strong><\/p>\n<p style=\"text-align: justify\">Los programas que ofrecen, incluyendo informaci\u00f3n sobre la participaci\u00f3n, objetivo y destino, as\u00ed como los tramites, tiempos de respuesta, requisitos y formatos para acceder a los mismos.<\/p>\n<p style=\"text-align: justify\"><strong>NO APLICA<\/strong><\/p>\n<p style=\"text-align: justify\"><strong>FUNDAMENTO Y MOTIVACI\u00d3N<\/strong><\/p>\n<p style=\"text-align: justify\">Art\u00edculo 1\u00b0 y 2\u00b0 de la Ley de Pensiones para los Trabajadores del Gobierno del Estado de Oaxaca, Lineamientos t\u00e9cnicos generales para la publicaci\u00f3n, homologaci\u00f3n y estandarizaci\u00f3n de la informaci\u00f3n de las obligaciones establecidas en el t\u00edtulo quinto y en la fracci\u00f3n IV del art\u00edculo 31 de la Ley General de Transparencia y Acceso a la Informaci\u00f3n P\u00fablica; Ley de Pensiones para los Trabajadores del Gobierno del Estado de Oaxaca.<\/p>\n<p style=\"text-align: justify\">Tomando en consideraci\u00f3n que la\u00a0 Oficina de Pensiones fue creada para garantizar la seguridad social y calidad de vida de los Jubilados, Pensionados y Pensionistas a trav\u00e9s del pago de pensi\u00f3n al retirarse de la vida laboral mediante un fondo de pensiones que se crea con aportaciones bipartitas (trabajador-patr\u00f3n); la Oficina de Pensiones no \u00a0lleva a cabo, ni ejecuta programas distintos a los establecido en la Ley de Pensiones; as\u00ed como tampoco los programas establecidos en el art\u00edculo 70 fracci\u00f3n XV de la Ley General de Transparencia y Acceso a la Informaci\u00f3n.<\/p>\n<div class=\"su-box su-box-style-default\" id=\"\" style=\"border-color:#000000;border-radius:3px;max-width:none\"><div class=\"su-box-title\" style=\"background-color:#333333;color:#FFFFFF;border-top-left-radius:1px;border-top-right-radius:1px\">Descargar Archivos<\/div><div class=\"su-box-content su-u-clearfix su-u-trim\" style=\"border-bottom-left-radius:1px;border-bottom-right-radius:1px\">\n<a href=\"https:\/\/www.oaxaca.gob.mx\/pensiones\/wp-content\/uploads\/sites\/54\/2018\/08\/LGTA70FXXXVIIIA2.xlsx\" target=\"_New\" rel=\"noopener noreferrer\"> LGTA70FXXXVIIIA FORMATO A 2018&nbsp;&nbsp;<img loading=\"lazy\" decoding=\"async\" class=\"alignnone size-full wp-image-771\" src=\"https:\/\/www.oaxaca.gob.mx\/pensiones\/wp-content\/uploads\/sites\/54\/2016\/07\/excel.gif\" alt=\"logo_pdf\" width=\"20\" height=\"19\" \/><\/a><\/p>\n<p><a href=\"https:\/\/www.oaxaca.gob.mx\/pensiones\/wp-content\/uploads\/sites\/54\/2018\/08\/LGTA70FXXXVIIIB-2.xlsx\" target=\"_New\" rel=\"noopener noreferrer\">Formato B 2018&nbsp;&nbsp;<img loading=\"lazy\" decoding=\"async\" class=\"alignnone size-full wp-image-771\" src=\"https:\/\/www.oaxaca.gob.mx\/pensiones\/wp-content\/uploads\/sites\/54\/2016\/07\/excel.gif\" alt=\"logo_pdf\" width=\"20\" height=\"19\" \/><\/a><\/p>\n<\/div><\/div> [\/su_animate]\n[\/su_column]\n[\/su_row]\n","protected":false},"excerpt":{"rendered":"<p>Fracci\u00f3n XXXVIII Los programas que ofrecen, incluyendo informaci\u00f3n sobre la participaci\u00f3n, objetivo y destino, as\u00ed como los tramites, tiempos de respuesta, requisitos y formatos para acceder a los mismos. NO APLICA FUNDAMENTO Y MOTIVACI\u00d3N Art\u00edculo 1\u00b0 y 2\u00b0 de la Ley de Pensiones para los Trabajadores del Gobierno del Estado de Oaxaca, Lineamientos t\u00e9cnicos generales [&hellip;]<\/p>\n","protected":false},"author":1,"featured_media":0,"parent":0,"menu_order":0,"comment_status":"closed","ping_status":"closed","template":"","meta":{"episode_type":"","audio_file":"","podmotor_file_id":"","podmotor_episode_id":"","cover_image":"","cover_image_id":"","duration":"","filesize":"","filesize_raw":"","date_recorded":"","explicit":"","block":"","itunes_episode_number":"","itunes_title":"","itunes_season_number":"","itunes_episode_type":"","footnotes":""},"categories":[],"tags":[],"class_list":["post-570","page","type-page","status-publish","hentry"],"acf":[],"publishpress_future_action":{"enabled":false,"date":"2026-04-23 19:37:43","action":"change-status","newStatus":"draft","terms":[],"taxonomy":"category","extraData":[]},"publishpress_future_workflow_manual_trigger":{"enabledWorkflows":[]},"_links":{"self":[{"href":"https:\/\/www.oaxaca.gob.mx\/pensiones\/wp-json\/wp\/v2\/pages\/570","targetHints":{"allow":["GET"]}}],"collection":[{"href":"https:\/\/www.oaxaca.gob.mx\/pensiones\/wp-json\/wp\/v2\/pages"}],"about":[{"href":"https:\/\/www.oaxaca.gob.mx\/pensiones\/wp-json\/wp\/v2\/types\/page"}],"author":[{"embeddable":true,"href":"https:\/\/www.oaxaca.gob.mx\/pensiones\/wp-json\/wp\/v2\/users\/1"}],"replies":[{"embeddable":true,"href":"https:\/\/www.oaxaca.gob.mx\/pensiones\/wp-json\/wp\/v2\/comments?post=570"}],"version-history":[{"count":0,"href":"https:\/\/www.oaxaca.gob.mx\/pensiones\/wp-json\/wp\/v2\/pages\/570\/revisions"}],"wp:attachment":[{"href":"https:\/\/www.oaxaca.gob.mx\/pensiones\/wp-json\/wp\/v2\/media?parent=570"}],"wp:term":[{"taxonomy":"category","embeddable":true,"href":"https:\/\/www.oaxaca.gob.mx\/pensiones\/wp-json\/wp\/v2\/categories?post=570"},{"taxonomy":"post_tag","embeddable":true,"href":"https:\/\/www.oaxaca.gob.mx\/pensiones\/wp-json\/wp\/v2\/tags?post=570"}],"curies":[{"name":"wp","href":"https:\/\/api.w.org\/{rel}","templated":true}]}}