{"id":568,"date":"2016-07-06T11:55:57","date_gmt":"2016-07-06T17:55:57","guid":{"rendered":"https:\/\/www.oaxaca.gob.mx\/pensiones\/?page_id=568"},"modified":"2016-07-06T11:55:57","modified_gmt":"2016-07-06T17:55:57","slug":"fraccion-xxxvii","status":"publish","type":"page","link":"https:\/\/www.oaxaca.gob.mx\/pensiones\/fraccion-xxxvii\/","title":{"rendered":"Fracci\u00f3n XXXVII"},"content":{"rendered":"<p><strong><b>Fracci\u00f3n XXXVII<\/b><\/strong><\/p>\n<p style=\"text-align: justify\">Los mecanismos de participaci\u00f3n ciudadana;<\/p>\n<p style=\"text-align: justify\"><strong>NO APLICA<\/strong><\/p>\n<p style=\"text-align: justify\"><strong>FUNDAMENTO Y MOTIVACI\u00d3N<\/strong><\/p>\n<p style=\"text-align: justify\">Art\u00edculos 1\u00b0 y 2\u00b0 de la Ley de Pensiones para los Trabajadores del Gobierno del Estado de Oaxaca, Lineamientos t\u00e9cnicos generales para la publicaci\u00f3n, homologaci\u00f3n y estandarizaci\u00f3n de la informaci\u00f3n de las obligaciones establecidas en el t\u00edtulo quinto y en la fracci\u00f3n IV del art\u00edculo 31 de la Ley General de Transparencia y Acceso a la Informaci\u00f3n P\u00fablica; Ley de Pensiones para los Trabajadores del Gobierno del Estado de Oaxaca.<\/p>\n<p style=\"text-align: justify\">Derivado de la naturaleza de las atribuciones y facultades de la Oficina de Pensiones, no se llevan a cabo mecanismos que permitan, convoquen o fomenten la participaci\u00f3n de las personas a trav\u00e9s de opiniones, propuestas, manifestaciones, an\u00e1lisis, colaboraciones, entre otras; que sean individuales o como parte de consejos o comit\u00e9s, y que est\u00e9n relacionadas con la toma de decisiones de inter\u00e9s p\u00fablico y el quehacer de institucional.<\/p>\n<div class=\"su-row\">\n<div class=\"su-column su-column-size-1-2\"><div class=\"su-column-inner su-u-clearfix su-u-trim\">\n<div class=\"su-animate\" style=\"opacity:0;-webkit-animation-duration:1.5s;-webkit-animation-delay:1s;animation-duration:1.5s;animation-delay:1s;\" data-animation=\"fadeInLeft\" data-duration=\"1.5\" data-delay=\"1\"> <div class=\"su-box su-box-style-default\" id=\"\" style=\"border-color:#000000;border-radius:3px;max-width:none\"><div class=\"su-box-title\" style=\"background-color:#333333;color:#FFFFFF;border-top-left-radius:1px;border-top-right-radius:1px\">Descargar Archivos<\/div><div class=\"su-box-content su-u-clearfix su-u-trim\" style=\"border-bottom-left-radius:1px;border-bottom-right-radius:1px\"> <a href=\"https:\/\/www.oaxaca.gob.mx\/pensiones\/wp-content\/uploads\/sites\/54\/2017\/04\/XXXVII.xls\" target=\"_New\" rel=\"noopener noreferrer\">Formato&nbsp;&nbsp;<img loading=\"lazy\" decoding=\"async\" class=\"alignnone siz\ne-full wp-image-771\" src=\"https:\/\/www.oaxaca.gob.mx\/pensiones\/wp-content\/uploads\/sites\/54\/2016\/07\/excel.gif\" alt=\"logo_pdf\" width=\"20\" height=\"19\" \/><\/a><br \/>\n<\/div><\/div> <\/div>\n<\/div><\/div>\n<\/div>\n<div class=\"su-animate\" style=\"opacity:0;-webkit-animation-duration:1.5s;-webkit-animation-delay:1s;animation-duration:1.5s;animation-delay:1s;\" data-animation=\"fadeInLeft\" data-duration=\"1.5\" data-delay=\"1\"> <div class=\"su-box su-box-style-default\" id=\"\" style=\"border-color:#000000;border-radius:3px;max-width:none\"><div class=\"su-box-title\" style=\"background-color:#333333;color:#FFFFFF;border-top-left-radius:1px;border-top-right-radius:1px\">Descargar Archivos<\/div><div class=\"su-box-content su-u-clearfix su-u-trim\" style=\"border-bottom-left-radius:1px;border-bottom-right-radius:1px\"> <\/p>\n<p><a href=\"https:\/\/www.oaxaca.gob.mx\/pensiones\/wp-content\/uploads\/sites\/54\/2018\/04\/LGTA70FXXXVIIA1.xlsx\" target=\"_New\" rel=\"noopener noreferrer\">LGTA70FXXXVIIA&nbsp;&nbsp;<img loading=\"lazy\" decoding=\"async\" class=\"alignnone siz\ne-full wp-image-771\" src=\"https:\/\/www.oaxaca.gob.mx\/pensiones\/wp-content\/uploads\/sites\/54\/2016\/07\/excel.gif\" alt=\"logo_pdf\" width=\"20\" height=\"19\" \/><\/a><\/p>\n<p><a href=\"https:\/\/www.oaxaca.gob.mx\/pensiones\/wp-content\/uploads\/sites\/54\/2018\/04\/LGTA70FXXXVIIB1.xlsx\" target=\"_New\" rel=\"noopener noreferrer\">LGTA70FXXXVIIB&nbsp;&nbsp;<img loading=\"lazy\" decoding=\"async\" class=\"alignnone siz\ne-full wp-image-771\" src=\"https:\/\/www.oaxaca.gob.mx\/pensiones\/wp-content\/uploads\/sites\/54\/2016\/07\/excel.gif\" alt=\"logo_pdf\" width=\"20\" height=\"19\" \/><\/a><\/p>\n<p><a href=\"https:\/\/www.oaxaca.gob.mx\/pensiones\/wp-content\/uploads\/sites\/54\/2018\/08\/LGTA70FXXXVIIA-1.xlsx\" target=\"_New\" rel=\"noopener noreferrer\">LGTA70FXXXVIIA SEGUNDO TRIMESTRE 2018&nbsp;&nbsp;<img loading=\"lazy\" decoding=\"async\" class=\"alignnone siz\ne-full wp-image-771\" src=\"https:\/\/www.oaxaca.gob.mx\/pensiones\/wp-content\/uploads\/sites\/54\/2016\/07\/excel.gif\" alt=\"logo_pdf\" width=\"20\" height=\"19\" \/><\/a><\/p>\n<p><a href=\"https:\/\/www.oaxaca.gob.mx\/pensiones\/wp-content\/uploads\/sites\/54\/2018\/08\/LGTA70FXXXVIIB-1.xlsx\" target=\"_New\" rel=\"noopener noreferrer\">LGTA70FXXXVIIB SEGUNDO TRIMESTRE 2018&nbsp;&nbsp;<img loading=\"lazy\" decoding=\"async\" class=\"alignnone siz\ne-full wp-image-771\" src=\"https:\/\/www.oaxaca.gob.mx\/pensiones\/wp-content\/uploads\/sites\/54\/2016\/07\/excel.gif\" alt=\"logo_pdf\" width=\"20\" height=\"19\" \/><\/a><\/p>\n<\/div><\/div> <\/div>\n","protected":false},"excerpt":{"rendered":"<p>Fracci\u00f3n XXXVII Los mecanismos de participaci\u00f3n ciudadana; NO APLICA FUNDAMENTO Y MOTIVACI\u00d3N Art\u00edculos 1\u00b0 y 2\u00b0 de la Ley de Pensiones para los Trabajadores del Gobierno del Estado de Oaxaca, Lineamientos t\u00e9cnicos generales para la publicaci\u00f3n, homologaci\u00f3n y estandarizaci\u00f3n de la informaci\u00f3n de las obligaciones establecidas en el t\u00edtulo quinto y en la fracci\u00f3n IV [&hellip;]<\/p>\n","protected":false},"author":1,"featured_media":0,"parent":0,"menu_order":0,"comment_status":"closed","ping_status":"closed","template":"","meta":{"episode_type":"","audio_file":"","podmotor_file_id":"","podmotor_episode_id":"","cover_image":"","cover_image_id":"","duration":"","filesize":"","filesize_raw":"","date_recorded":"","explicit":"","block":"","itunes_episode_number":"","itunes_title":"","itunes_season_number":"","itunes_episode_type":"","footnotes":""},"categories":[],"tags":[],"class_list":["post-568","page","type-page","status-publish","hentry"],"acf":[],"publishpress_future_action":{"enabled":false,"date":"2026-04-23 19:37:19","action":"change-status","newStatus":"draft","terms":[],"taxonomy":"category","extraData":[]},"publishpress_future_workflow_manual_trigger":{"enabledWorkflows":[]},"_links":{"self":[{"href":"https:\/\/www.oaxaca.gob.mx\/pensiones\/wp-json\/wp\/v2\/pages\/568","targetHints":{"allow":["GET"]}}],"collection":[{"href":"https:\/\/www.oaxaca.gob.mx\/pensiones\/wp-json\/wp\/v2\/pages"}],"about":[{"href":"https:\/\/www.oaxaca.gob.mx\/pensiones\/wp-json\/wp\/v2\/types\/page"}],"author":[{"embeddable":true,"href":"https:\/\/www.oaxaca.gob.mx\/pensiones\/wp-json\/wp\/v2\/users\/1"}],"replies":[{"embeddable":true,"href":"https:\/\/www.oaxaca.gob.mx\/pensiones\/wp-json\/wp\/v2\/comments?post=568"}],"version-history":[{"count":0,"href":"https:\/\/www.oaxaca.gob.mx\/pensiones\/wp-json\/wp\/v2\/pages\/568\/revisions"}],"wp:attachment":[{"href":"https:\/\/www.oaxaca.gob.mx\/pensiones\/wp-json\/wp\/v2\/media?parent=568"}],"wp:term":[{"taxonomy":"category","embeddable":true,"href":"https:\/\/www.oaxaca.gob.mx\/pensiones\/wp-json\/wp\/v2\/categories?post=568"},{"taxonomy":"post_tag","embeddable":true,"href":"https:\/\/www.oaxaca.gob.mx\/pensiones\/wp-json\/wp\/v2\/tags?post=568"}],"curies":[{"name":"wp","href":"https:\/\/api.w.org\/{rel}","templated":true}]}}