{"id":566,"date":"2016-07-06T11:53:40","date_gmt":"2016-07-06T17:53:40","guid":{"rendered":"https:\/\/www.oaxaca.gob.mx\/pensiones\/?page_id=566"},"modified":"2016-07-06T11:53:40","modified_gmt":"2016-07-06T17:53:40","slug":"fraccion-xxxvi","status":"publish","type":"page","link":"https:\/\/www.oaxaca.gob.mx\/pensiones\/fraccion-xxxvi\/","title":{"rendered":"Fracci\u00f3n XXXVI"},"content":{"rendered":"<p><strong><b>Fracci\u00f3n XXXVI<\/b><\/strong><\/p>\n<p style=\"text-align: justify\">Las resoluciones y laudos que se emitan en procesos o procedimientos seguidos en forma de juicio.<\/p>\n<p style=\"text-align: justify\"><strong>FUNDAMENTO Y MOTIVACI\u00d3N<\/strong><\/p>\n<p style=\"text-align: justify\">Normatividad en Materia de Recursos Humanos para las Dependencias y Entidades de la Administraci\u00f3n P\u00fablica de Oaxaca, 14 Y 14 bis de la Ley de Entidades Paraestales, 79 de la Ley de Pensiones para los Trabajadores del Gobierno del Estado de Oaxaca.<\/p>\n<p style=\"text-align: justify\">Como entidad paraestatal y sujeta a la Normatividad en Materia de Recursos Humanos para las Dependencias y Entidades de la Administraci\u00f3n P\u00fablica de Oaxaca, es susceptible de ser demandada ante los Tribunales jurisdiccionales o del trabajo, por lo que las resoluciones o laudos aunque no sean emitidos por la Oficina de Pensiones, se dar\u00e1 a conocer dicha informaci\u00f3n cumpliendo \u00a0en todo caso si se encuentra clasificada como reservada de conformidad con lo dispuesto por el art\u00edculo 49 fracci\u00f3n XI de la Ley de Transparencia y acceso a la informaci\u00f3n de Oaxaca.<\/p>\n<div class=\"su-row\">\n<div class=\"su-column su-column-size-1-2\"><div class=\"su-column-inner su-u-clearfix su-u-trim\">\n<div class=\"su-animate\" style=\"opacity:0;-webkit-animation-duration:1.5s;-webkit-animation-delay:1s;animation-duration:1.5s;animation-delay:1s;\" data-animation=\"fadeInLeft\" data-duration=\"1.5\" data-delay=\"1\"> <div class=\"su-box su-box-style-default\" id=\"\" style=\"border-color:#000000;border-radius:3px;max-width:none\"><div class=\"su-box-title\" style=\"background-color:#333333;color:#FFFFFF;border-top-left-radius:1px;border-top-right-radius:1px\">Descargar Archivos<\/div><div class=\"su-box-content su-u-clearfix su-u-trim\" style=\"border-bottom-left-radius:1px;border-bottom-right-radius:1px\">\n<a href=\"https:\/\/www.oaxaca.gob.mx\/pensiones\/wp-content\/uploads\/sites\/54\/2017\/04\/XXXVI.xls\" target=\"_New\" rel=\"noopener noreferrer\">Formato&nbsp;&nbsp;<img loading=\"lazy\" decoding=\"async\" class=\"alignnone size-full wp-image-771\" src=\"https:\/\/www.oaxaca.gob.mx\/pensiones\/wp-content\/uploads\/sites\/54\/2016\/07\/excel.gif\" alt=\"logo_pdf\" width=\"20\" height=\"19\" \/><\/a><br \/>\n<\/div><\/div> <\/div>\n<\/div><\/div>\n<\/div>\n<div class=\"su-animate\" style=\"opacity:0;-webkit-animation-duration:1.5s;-webkit-animation-delay:1s;animation-duration:1.5s;animation-delay:1s;\" data-animation=\"fadeInLeft\" data-duration=\"1.5\" data-delay=\"1\"> <div class=\"su-box su-box-style-default\" id=\"\" style=\"border-color:#000000;border-radius:3px;max-width:none\"><div class=\"su-box-title\" style=\"background-color:#333333;color:#FFFFFF;border-top-left-radius:1px;border-top-right-radius:1px\">Descargar Archivos<\/div><div class=\"su-box-content su-u-clearfix su-u-trim\" style=\"border-bottom-left-radius:1px;border-bottom-right-radius:1px\">\n<a href=\"https:\/\/www.oaxaca.gob.mx\/pensiones\/wp-content\/uploads\/sites\/54\/2018\/04\/LGTA70FXXXVI.xlsx\" target=\"_New\" rel=\"noopener noreferrer\">LGTA70FXXXVI&nbsp;&nbsp;<img loading=\"lazy\" decoding=\"async\" class=\"alignnone size-full wp-image-771\" src=\"https:\/\/www.oaxaca.gob.mx\/pensiones\/wp-content\/uploads\/sites\/54\/2016\/07\/excel.gif\" alt=\"logo_pdf\" width=\"20\" height=\"19\" \/><\/a><\/p>\n<p><a href=\"https:\/\/www.oaxaca.gob.mx\/pensiones\/wp-content\/uploads\/sites\/54\/2018\/07\/LGTA70FXXXVI.xlsx\" target=\"_New\" rel=\"noopener noreferrer\">LGTA70FXXXVI SEGUNDO TRIM 2018&nbsp;&nbsp;<img loading=\"lazy\" decoding=\"async\" class=\"alignnone size-full wp-image-771\" src=\"https:\/\/www.oaxaca.gob.mx\/pensiones\/wp-content\/uploads\/sites\/54\/2016\/07\/excel.gif\" alt=\"logo_pdf\" width=\"20\" height=\"19\" \/><\/a><br \/>\n<\/div><\/div> <\/div>\n","protected":false},"excerpt":{"rendered":"<p>Fracci\u00f3n XXXVI Las resoluciones y laudos que se emitan en procesos o procedimientos seguidos en forma de juicio. FUNDAMENTO Y MOTIVACI\u00d3N Normatividad en Materia de Recursos Humanos para las Dependencias y Entidades de la Administraci\u00f3n P\u00fablica de Oaxaca, 14 Y 14 bis de la Ley de Entidades Paraestales, 79 de la Ley de Pensiones para [&hellip;]<\/p>\n","protected":false},"author":1,"featured_media":0,"parent":0,"menu_order":0,"comment_status":"closed","ping_status":"closed","template":"","meta":{"episode_type":"","audio_file":"","podmotor_file_id":"","podmotor_episode_id":"","cover_image":"","cover_image_id":"","duration":"","filesize":"","filesize_raw":"","date_recorded":"","explicit":"","block":"","itunes_episode_number":"","itunes_title":"","itunes_season_number":"","itunes_episode_type":"","footnotes":""},"categories":[],"tags":[],"class_list":["post-566","page","type-page","status-publish","hentry"],"acf":[],"publishpress_future_action":{"enabled":false,"date":"2026-04-23 19:37:19","action":"change-status","newStatus":"draft","terms":[],"taxonomy":"category","extraData":[]},"publishpress_future_workflow_manual_trigger":{"enabledWorkflows":[]},"_links":{"self":[{"href":"https:\/\/www.oaxaca.gob.mx\/pensiones\/wp-json\/wp\/v2\/pages\/566","targetHints":{"allow":["GET"]}}],"collection":[{"href":"https:\/\/www.oaxaca.gob.mx\/pensiones\/wp-json\/wp\/v2\/pages"}],"about":[{"href":"https:\/\/www.oaxaca.gob.mx\/pensiones\/wp-json\/wp\/v2\/types\/page"}],"author":[{"embeddable":true,"href":"https:\/\/www.oaxaca.gob.mx\/pensiones\/wp-json\/wp\/v2\/users\/1"}],"replies":[{"embeddable":true,"href":"https:\/\/www.oaxaca.gob.mx\/pensiones\/wp-json\/wp\/v2\/comments?post=566"}],"version-history":[{"count":0,"href":"https:\/\/www.oaxaca.gob.mx\/pensiones\/wp-json\/wp\/v2\/pages\/566\/revisions"}],"wp:attachment":[{"href":"https:\/\/www.oaxaca.gob.mx\/pensiones\/wp-json\/wp\/v2\/media?parent=566"}],"wp:term":[{"taxonomy":"category","embeddable":true,"href":"https:\/\/www.oaxaca.gob.mx\/pensiones\/wp-json\/wp\/v2\/categories?post=566"},{"taxonomy":"post_tag","embeddable":true,"href":"https:\/\/www.oaxaca.gob.mx\/pensiones\/wp-json\/wp\/v2\/tags?post=566"}],"curies":[{"name":"wp","href":"https:\/\/api.w.org\/{rel}","templated":true}]}}