{"id":556,"date":"2016-07-06T11:49:15","date_gmt":"2016-07-06T17:49:15","guid":{"rendered":"https:\/\/www.oaxaca.gob.mx\/pensiones\/?page_id=556"},"modified":"2016-07-06T11:49:15","modified_gmt":"2016-07-06T17:49:15","slug":"fraccion-xxxi","status":"publish","type":"page","link":"https:\/\/www.oaxaca.gob.mx\/pensiones\/fraccion-xxxi\/","title":{"rendered":"Fracci\u00f3n XXXI"},"content":{"rendered":"<p><strong><b>Fracci\u00f3n XXXI<\/b><\/strong><\/p>\n<p style=\"text-align: justify\">Informe de avances program\u00e1ticos o presupuestales, balances generales y su estado financiero.<\/p>\n<p style=\"text-align: justify\"><strong>FUNDAMENTO Y MOTIVACI\u00d3N<\/strong><\/p>\n<p style=\"text-align: justify\">Ley de Contabilidad Gubernamental, Ley Estatal de Presupuesto y Responsabilidad Hacendaria.<\/p>\n<p style=\"text-align: justify\">Obligaci\u00f3n derivada del ejercicio del presupuesto autorizado por el ejecutivo.<\/p>\n<div class=\"su-row\"><\/div>\n<div class=\"su-column su-column-size-1-2\"><div class=\"su-column-inner su-u-clearfix su-u-trim\">\n<div class=\"su-animate\" style=\"opacity:0;-webkit-animation-duration:1.5s;-webkit-animation-delay:1s;animation-duration:1.5s;animation-delay:1s;\" data-animation=\"fadeInLeft\" data-duration=\"1.5\" data-delay=\"1\"> <div class=\"su-box su-box-style-default\" id=\"\" style=\"border-color:#000000;border-radius:3px;max-width:none\"><div class=\"su-box-title\" style=\"background-color:#333333;color:#FFFFFF;border-top-left-radius:1px;border-top-right-radius:1px\">Descargar Archivos<\/div><div class=\"su-box-content su-u-clearfix su-u-trim\" style=\"border-bottom-left-radius:1px;border-bottom-right-radius:1px\">\n<a href=\"https:\/\/www.oaxaca.gob.mx\/pensiones\/wp-content\/uploads\/sites\/54\/2018\/01\/LGTA70FXXXI.xlsx\" target=\"_New\" rel=\"noopener noreferrer\">Informes program\u00e1ticos presupuestales, balances generales y estados financieros&nbsp;&nbsp;<img loading=\"lazy\" decoding=\"async\" class=\"alignnone size-full wp-image-771\" src=\"https:\/\/www.oaxaca.gob.mx\/pensiones\/wp-content\/uploads\/sites\/54\/2016\/07\/excel.gif\" alt=\"logo_pdf\" width=\"20\" height=\"19\" \/><\/a><\/p>\n<p><a href=\"\/pensiones\/wp-content\/uploads\/sites\/54\/2017\/10\/Formato-2017-Informes-program\u00e1ticos-presupuestales%2c-balances-generales-y-estados-financieros.xls\" target=\"_New\" rel=\"noopener noreferrer\">Informes program\u00e1ticos presupuestales, balances generales y estados financieros 2017&nbsp;&nbsp;<img loading=\"lazy\" decoding=\"async\" class=\"alignnone size-full wp-image-771\" src=\"https:\/\/www.oaxaca.gob.mx\/pensiones\/wp-content\/uploads\/sites\/54\/2016\/07\/excel.gif\" alt=\"logo_pdf\" width=\"20\" height=\"19\" \/><\/a><\/p>\n<p><a href=\"https:\/\/www.oaxaca.gob.mx\/pensiones\/wp-content\/uploads\/sites\/54\/2018\/04\/LGTA70FXXXIA.xlsx\" target=\"_New\" rel=\"noopener noreferrer\">Informe de avances program\u00e1ticos o presupuestales, balances generales y su estado financiero&nbsp;&nbsp;<img loading=\"lazy\" decoding=\"async\" class=\"alignnone size-full wp-image-771\" src=\"https:\/\/www.oaxaca.gob.mx\/pensiones\/wp-content\/uploads\/sites\/54\/2016\/07\/excel.gif\" alt=\"logo_pdf\" width=\"20\" height=\"19\" \/><\/a><\/p>\n<p><a href=\"https:\/\/www.oaxaca.gob.mx\/pensiones\/wp-content\/uploads\/sites\/54\/2018\/04\/Copia-de-LGTA70FXXXIB.xlsx\" target=\"_New\" rel=\"noopener noreferrer\">Informes program\u00e1ticos presupuestales Primer trim2018&nbsp;&nbsp;<img loading=\"lazy\" decoding=\"async\" class=\"alignnone size-full wp-image-771\" src=\"https:\/\/www.oaxaca.gob.mx\/pensiones\/wp-content\/uploads\/sites\/54\/2016\/07\/excel.gif\" alt=\"logo_pdf\" width=\"20\" height=\"19\" \/><\/a><\/p>\n<p><a href=\"https:\/\/www.oaxaca.gob.mx\/pensiones\/wp-content\/uploads\/sites\/54\/2018\/08\/LGTA70FXXXIA.xlsx\" target=\"_New\" rel=\"noopener noreferrer\">Informes program\u00e1ticos presupuestales Segundo trim 2018 (A)&nbsp;&nbsp;<img loading=\"lazy\" decoding=\"async\" class=\"alignnone size-full wp-image-771\" src=\"https:\/\/www.oaxaca.gob.mx\/pensiones\/wp-content\/uploads\/sites\/54\/2016\/07\/excel.gif\" alt=\"logo_pdf\" width=\"20\" height=\"19\" \/><\/a><\/p>\n<p><a href=\"https:\/\/www.oaxaca.gob.mx\/pensiones\/wp-content\/uploads\/sites\/54\/2018\/08\/LGTA70FXXXIB.xlsx\" target=\"_New\" rel=\"noopener noreferrer\">Informes program\u00e1ticos presupuestales Segundo trim 2018 (B)&nbsp;&nbsp;<img loading=\"lazy\" decoding=\"async\" class=\"alignnone size-full wp-image-771\" src=\"https:\/\/www.oaxaca.gob.mx\/pensiones\/wp-content\/uploads\/sites\/54\/2016\/07\/excel.gif\" alt=\"logo_pdf\" width=\"20\" height=\"19\" \/><\/a><\/p>\n<\/div><\/div> <\/div>\n<\/div><\/div>\n","protected":false},"excerpt":{"rendered":"<p>Fracci\u00f3n XXXI Informe de avances program\u00e1ticos o presupuestales, balances generales y su estado financiero. FUNDAMENTO Y MOTIVACI\u00d3N Ley de Contabilidad Gubernamental, Ley Estatal de Presupuesto y Responsabilidad Hacendaria. Obligaci\u00f3n derivada del ejercicio del presupuesto autorizado por el ejecutivo.<\/p>\n","protected":false},"author":1,"featured_media":0,"parent":0,"menu_order":0,"comment_status":"closed","ping_status":"closed","template":"","meta":{"episode_type":"","audio_file":"","podmotor_file_id":"","podmotor_episode_id":"","cover_image":"","cover_image_id":"","duration":"","filesize":"","filesize_raw":"","date_recorded":"","explicit":"","block":"","itunes_episode_number":"","itunes_title":"","itunes_season_number":"","itunes_episode_type":"","footnotes":""},"categories":[],"tags":[],"class_list":["post-556","page","type-page","status-publish","hentry"],"acf":[],"publishpress_future_action":{"enabled":false,"date":"2026-04-23 19:37:19","action":"change-status","newStatus":"draft","terms":[],"taxonomy":"category","extraData":[]},"publishpress_future_workflow_manual_trigger":{"enabledWorkflows":[]},"_links":{"self":[{"href":"https:\/\/www.oaxaca.gob.mx\/pensiones\/wp-json\/wp\/v2\/pages\/556","targetHints":{"allow":["GET"]}}],"collection":[{"href":"https:\/\/www.oaxaca.gob.mx\/pensiones\/wp-json\/wp\/v2\/pages"}],"about":[{"href":"https:\/\/www.oaxaca.gob.mx\/pensiones\/wp-json\/wp\/v2\/types\/page"}],"author":[{"embeddable":true,"href":"https:\/\/www.oaxaca.gob.mx\/pensiones\/wp-json\/wp\/v2\/users\/1"}],"replies":[{"embeddable":true,"href":"https:\/\/www.oaxaca.gob.mx\/pensiones\/wp-json\/wp\/v2\/comments?post=556"}],"version-history":[{"count":0,"href":"https:\/\/www.oaxaca.gob.mx\/pensiones\/wp-json\/wp\/v2\/pages\/556\/revisions"}],"wp:attachment":[{"href":"https:\/\/www.oaxaca.gob.mx\/pensiones\/wp-json\/wp\/v2\/media?parent=556"}],"wp:term":[{"taxonomy":"category","embeddable":true,"href":"https:\/\/www.oaxaca.gob.mx\/pensiones\/wp-json\/wp\/v2\/categories?post=556"},{"taxonomy":"post_tag","embeddable":true,"href":"https:\/\/www.oaxaca.gob.mx\/pensiones\/wp-json\/wp\/v2\/tags?post=556"}],"curies":[{"name":"wp","href":"https:\/\/api.w.org\/{rel}","templated":true}]}}