{"id":51,"date":"2016-02-04T09:30:41","date_gmt":"2016-02-04T15:30:41","guid":{"rendered":"https:\/\/www.oaxaca.gob.mx\/pensiones\/?page_id=51"},"modified":"2016-02-04T09:30:41","modified_gmt":"2016-02-04T15:30:41","slug":"funciones","status":"publish","type":"page","link":"https:\/\/www.oaxaca.gob.mx\/pensiones\/funciones\/","title":{"rendered":"Facultades y Atribuciones"},"content":{"rendered":"<p style=\"text-align: justify\">Otorgar los beneficios conferidos en la Ley de Pensiones para los Trabajadores del Gobierno del Estado de Oaxaca, a los servidores p\u00fablicos a portantes, Jubilados Pensionados y Pensionistas del Gobierno del Estado, a trav\u00e9s del correcto financiero de los recursos; as\u00ed mismo proporcionar los servicios culturales, sociales, deportivos y aquellos convenidos con los grupos independientes, que procuren mejorar su calidad de vida.<\/p>\n","protected":false},"excerpt":{"rendered":"<p>Otorgar los beneficios conferidos en la Ley de Pensiones para los Trabajadores del Gobierno del Estado de Oaxaca, a los servidores p\u00fablicos a portantes, Jubilados Pensionados y Pensionistas del Gobierno del Estado, a trav\u00e9s del correcto financiero de los recursos; as\u00ed mismo proporcionar los servicios culturales, sociales, deportivos y aquellos convenidos con los grupos independientes, [&hellip;]<\/p>\n","protected":false},"author":1,"featured_media":0,"parent":0,"menu_order":0,"comment_status":"closed","ping_status":"closed","template":"","meta":{"episode_type":"","audio_file":"","podmotor_file_id":"","podmotor_episode_id":"","cover_image":"","cover_image_id":"","duration":"","filesize":"","filesize_raw":"","date_recorded":"","explicit":"","block":"","itunes_episode_number":"","itunes_title":"","itunes_season_number":"","itunes_episode_type":"","footnotes":""},"categories":[],"tags":[],"class_list":["post-51","page","type-page","status-publish","hentry"],"acf":[],"publishpress_future_action":{"enabled":false,"date":"2026-04-23 19:25:57","action":"change-status","newStatus":"draft","terms":[],"taxonomy":"category","extraData":[]},"publishpress_future_workflow_manual_trigger":{"enabledWorkflows":[]},"_links":{"self":[{"href":"https:\/\/www.oaxaca.gob.mx\/pensiones\/wp-json\/wp\/v2\/pages\/51","targetHints":{"allow":["GET"]}}],"collection":[{"href":"https:\/\/www.oaxaca.gob.mx\/pensiones\/wp-json\/wp\/v2\/pages"}],"about":[{"href":"https:\/\/www.oaxaca.gob.mx\/pensiones\/wp-json\/wp\/v2\/types\/page"}],"author":[{"embeddable":true,"href":"https:\/\/www.oaxaca.gob.mx\/pensiones\/wp-json\/wp\/v2\/users\/1"}],"replies":[{"embeddable":true,"href":"https:\/\/www.oaxaca.gob.mx\/pensiones\/wp-json\/wp\/v2\/comments?post=51"}],"version-history":[{"count":0,"href":"https:\/\/www.oaxaca.gob.mx\/pensiones\/wp-json\/wp\/v2\/pages\/51\/revisions"}],"wp:attachment":[{"href":"https:\/\/www.oaxaca.gob.mx\/pensiones\/wp-json\/wp\/v2\/media?parent=51"}],"wp:term":[{"taxonomy":"category","embeddable":true,"href":"https:\/\/www.oaxaca.gob.mx\/pensiones\/wp-json\/wp\/v2\/categories?post=51"},{"taxonomy":"post_tag","embeddable":true,"href":"https:\/\/www.oaxaca.gob.mx\/pensiones\/wp-json\/wp\/v2\/tags?post=51"}],"curies":[{"name":"wp","href":"https:\/\/api.w.org\/{rel}","templated":true}]}}