{"id":496,"date":"2016-07-05T10:09:47","date_gmt":"2016-07-05T16:09:47","guid":{"rendered":"https:\/\/www.oaxaca.gob.mx\/pensiones\/?page_id=496"},"modified":"2016-07-05T10:09:47","modified_gmt":"2016-07-05T16:09:47","slug":"fraccion-xxiii","status":"publish","type":"page","link":"https:\/\/www.oaxaca.gob.mx\/pensiones\/fraccion-xxiii\/","title":{"rendered":"Fraccion XXIII"},"content":{"rendered":"<p><strong><b>Fracci\u00f3n XXIII<\/b><\/strong><\/p>\n<p style=\"text-align: justify\">Los montos destinados a gastos relativos a comunicaci\u00f3n social y publicidad oficial desglosada por tipo de medio, proveedores, n\u00famero de contrato y concepto o campa\u00f1a;<\/p>\n<p style=\"text-align: justify\"><strong>NO APLICA<\/strong><\/p>\n<p style=\"text-align: justify\"><strong>FUNDAMENTO Y MOTIVACI\u00d3N<\/strong><\/p>\n<p style=\"text-align: justify\">Art\u00edculo 3\u00b0 fracci\u00f3n II, 33 fracci\u00f3n II y 51 fracciones VII y VIII de la Ley Org\u00e1nica del Poder Ejecutivo del Estado de Oaxaca; 1\u00b0, 2\u00b0 fracci\u00f3n VII, 4\u00b0, 13, 14 de la Ley de Entidades Paraestatales del Estado de Oaxaca y 89 de la Ley de Pensiones para los Trabajadores del Gobierno del Estado de Oaxaca.<\/p>\n<p style=\"text-align: justify\">La Oficina de Pensiones no lleva a cabo gastos de comunicaci\u00f3n social en virtud de que corresponde a\u00a0 la Coordinaci\u00f3n General de Comunicaci\u00f3n Social del Estado de Oaxaca coordinar, compilar y difundir la informaci\u00f3n y campa\u00f1as la generales o espec\u00edficas de comunicaci\u00f3n sobre las actividades que en ejercicio de sus atribuciones, lleven a cabo las distintas Dependencias, Entidades Paraestatales, \u00d3rganos Desconcentrados, \u00d3rganos Auxiliares y Fideicomisos P\u00fablicos del Poder Ejecutivo del Estado.<\/p>\n<div class=\"su-row\">\n<div class=\"su-column su-column-size-1-2\"><div class=\"su-column-inner su-u-clearfix su-u-trim\">\n<div class=\"su-animate\" style=\"opacity:0;-webkit-animation-duration:1.5s;-webkit-animation-delay:1s;animation-duration:1.5s;animation-delay:1s;\" data-animation=\"fadeInLeft\" data-duration=\"1.5\" data-delay=\"1\"> <div class=\"su-box su-box-style-default\" id=\"\" style=\"border-color:#000000;border-radius:3px;max-width:none\"><div class=\"su-box-title\" style=\"background-color:#333333;color:#FFFFFF;border-top-left-radius:1px;border-top-right-radius:1px\">Descargar Archivos<\/div><div class=\"su-box-content su-u-clearfix su-u-trim\" style=\"border-bottom-left-radius:1px;border-bottom-right-radius:1px\"> <\/p>\n<p><a href=\"https:\/\/www.oaxaca.gob.mx\/pensiones\/wp-content\/uploads\/sites\/54\/2017\/10\/XXIIIA_2017.xls\" target=\"_New\" rel=\"noopener noreferrer\">Formato A&nbsp;&nbsp;<img loading=\"lazy\" decoding=\"async\" class=\"alignnone size-full wp-image-771\" src=\"https:\/\/www.oaxaca.gob.mx\/pensiones\/wp-content\/uploads\/sites\/54\/2016\/07\/excel.gif\" alt=\"logo_pdf\" width=\"20\" height=\"19\" \/><\/a><\/p>\n<p><a href=\"https:\/\/www.oaxaca.gob.mx\/pensiones\/wp-content\/uploads\/sites\/54\/2017\/04\/XXIIIB.xls\" target=\"_New\" rel=\"noopener noreferrer\">Formato B&nbsp;&nbsp;<img loading=\"lazy\" decoding=\"async\" class=\"alignnone size-full wp-image-771\" src=\"https:\/\/www.oaxaca.gob.mx\/pensiones\/wp-content\/uploads\/sites\/54\/2016\/07\/excel.gif\" alt=\"logo_pdf\" width=\"20\" height=\"19\" \/><\/a><\/p>\n<p><a href=\"https:\/\/www.oaxaca.gob.mx\/pensiones\/wp-content\/uploads\/sites\/54\/2017\/04\/XXIIIC.xls\" target=\"_New\" rel=\"noopener noreferrer\">Formato C&nbsp;&nbsp;<img loading=\"lazy\" decoding=\"async\" class=\"alignnone size-full wp-image-771\" src=\"https:\/\/www.oaxaca.gob.mx\/pensiones\/wp-content\/uploads\/sites\/54\/2016\/07\/excel.gif\" alt=\"logo_pdf\" width=\"20\" height=\"19\" \/><\/a><\/p>\n<p><a href=\"https:\/\/www.oaxaca.gob.mx\/pensiones\/wp-content\/uploads\/sites\/54\/2017\/10\/Formato-Erogaci\u00f3n-de-recursos-por-contrataci\u00f3n-de-servicios_2017.xls\" target=\"_New\" rel=\"noopener noreferrer\">Formato EROGACI\u00d3N DE RECURSOS POR CONTRATACI\u00d3N &nbsp;&nbsp;<img loading=\"lazy\" decoding=\"async\" class=\"alignnone size-full wp-image-771\" src=\"https:\/\/www.oaxaca.gob.mx\/pensiones\/wp-content\/uploads\/sites\/54\/2016\/07\/excel.gif\" alt=\"logo_pdf\" width=\"20\" height=\"19\" \/><\/a><\/p>\n<p><a href=\"https:\/\/www.oaxaca.gob.mx\/pensiones\/wp-content\/uploads\/sites\/54\/2017\/10\/Formato-Utilizaci\u00f3n-de-los-Tiempos-Oficiales_2017.xls\" target=\"_New\" rel=\"noopener noreferrer\">Formato UTILIZACI\u00d3N DE LOS TIEMPOS OFICIALES &nbsp;&nbsp;<img loading=\"lazy\" decoding=\"async\" class=\"alignnone size-full wp-image-771\" src=\"https:\/\/www.oaxaca.gob.mx\/pensiones\/wp-content\/uploads\/sites\/54\/2016\/07\/excel.gif\" alt=\"logo_pdf\" width=\"20\" height=\"19\" \/><\/a><\/p>\n<p><a href=\"https:\/\/www.oaxaca.gob.mx\/pensiones\/wp-content\/uploads\/sites\/54\/2018\/03\/LGTA70FXXIIIA-1.xlsx\" target=\"_New\" rel=\"noopener noreferrer\">Formato A 4\u00b0TRIMESTRE 2017 &nbsp;&nbsp;<img loading=\"lazy\" decoding=\"async\" class=\"alignnone size-full wp-image-771\" src=\"https:\/\/www.oaxaca.gob.mx\/pensiones\/wp-content\/uploads\/sites\/54\/2016\/07\/excel.gif\" alt=\"logo_pdf\" width=\"20\" height=\"19\" \/><\/a><\/p>\n<\/div><\/div> <\/div>\n<\/div><\/div>\n<\/div>\n<div class=\"su-column su-column-size-1-2\"><div class=\"su-column-inner su-u-clearfix su-u-trim\"><\/div><\/div>\n<div class=\"su-animate\" style=\"opacity:0;-webkit-animation-duration:1.5s;-webkit-animation-delay:1s;animation-duration:1.5s;animation-delay:1s;\" data-animation=\"fadeInLeft\" data-duration=\"1.5\" data-delay=\"1\"> <div class=\"su-box su-box-style-default\" id=\"\" style=\"border-color:#000000;border-radius:3px;max-width:none\"><div class=\"su-box-title\" style=\"background-color:#333333;color:#FFFFFF;border-top-left-radius:1px;border-top-right-radius:1px\">Descargar Archivos<\/div><div class=\"su-box-content su-u-clearfix su-u-trim\" style=\"border-bottom-left-radius:1px;border-bottom-right-radius:1px\"> <\/p>\n<p><a href=\"https:\/\/www.oaxaca.gob.mx\/pensiones\/wp-content\/uploads\/sites\/54\/2018\/04\/LGTA70FXXIIIA.xlsx\" target=\"_New\" rel=\"noopener noreferrer\">LGTA70FXXIIIA&nbsp;&nbsp;<img loading=\"lazy\" decoding=\"async\" class=\"alignnone size-full wp-image-771\" src=\"https:\/\/www.oaxaca.gob.mx\/pensiones\/wp-content\/uploads\/sites\/54\/2016\/07\/excel.gif\" alt=\"logo_pdf\" width=\"20\" height=\"19\" \/><\/a><\/p>\n<p><a href=\"https:\/\/www.oaxaca.gob.mx\/pensiones\/wp-content\/uploads\/sites\/54\/2018\/04\/LGTA70FXXIIIB.xlsx\" target=\"_New\" rel=\"noopener noreferrer\">LGTA70FXXIIIB&nbsp;&nbsp;<img loading=\"lazy\" decoding=\"async\" class=\"alignnone size-full wp-image-771\" src=\"https:\/\/www.oaxaca.gob.mx\/pensiones\/wp-content\/uploads\/sites\/54\/2016\/07\/excel.gif\" alt=\"logo_pdf\" width=\"20\" height=\"19\" \/><\/a><\/p>\n<p><a href=\"https:\/\/www.oaxaca.gob.mx\/pensiones\/wp-content\/uploads\/sites\/54\/2018\/04\/LGTA70FXXIIID.xlsx\" target=\"_New\" rel=\"noopener noreferrer\">LGTA70FXXIIIC&nbsp;&nbsp;<img loading=\"lazy\" decoding=\"async\" class=\"alignnone size-full wp-image-771\" src=\"https:\/\/www.oaxaca.gob.mx\/pensiones\/wp-content\/uploads\/sites\/54\/2016\/07\/excel.gif\" alt=\"logo_pdf\" width=\"20\" height=\"19\" \/><\/a><\/p>\n<p><a href=\"https:\/\/www.oaxaca.gob.mx\/pensiones\/wp-content\/uploads\/sites\/54\/2018\/07\/LGTA70FXXIIIA.xlsx\" target=\"_New\" rel=\"noopener noreferrer\">LGTA70FXXIIIA SEGUNDO TRIMESTRE 2018&nbsp;&nbsp;<img loading=\"lazy\" decoding=\"async\" class=\"alignnone size-full wp-image-771\" src=\"https:\/\/www.oaxaca.gob.mx\/pensiones\/wp-content\/uploads\/sites\/54\/2016\/07\/excel.gif\" alt=\"logo_pdf\" width=\"20\" height=\"19\" \/><\/a><\/p>\n<p><a href=\"https:\/\/www.oaxaca.gob.mx\/pensiones\/wp-content\/uploads\/sites\/54\/2018\/07\/LGTA70FXXIIIB.xlsx\" target=\"_New\" rel=\"noopener noreferrer\">LGTA70FXXIIIB SEGUNDO TRIMESTRE 2018&nbsp;&nbsp;<img loading=\"lazy\" decoding=\"async\" class=\"alignnone size-full wp-image-771\" src=\"https:\/\/www.oaxaca.gob.mx\/pensiones\/wp-content\/uploads\/sites\/54\/2016\/07\/excel.gif\" alt=\"logo_pdf\" width=\"20\" height=\"19\" \/><\/a><\/p>\n<p><a href=\"https:\/\/www.oaxaca.gob.mx\/pensiones\/wp-content\/uploads\/sites\/54\/2018\/07\/LGTA70FXXIIID.xlsx\" target=\"_New\" rel=\"noopener noreferrer\">LGTA70FXXIIID SEGUNDO TRIMESTRE 2018&nbsp;&nbsp;<img loading=\"lazy\" decoding=\"async\" class=\"alignnone size-full wp-image-771\" src=\"https:\/\/www.oaxaca.gob.mx\/pensiones\/wp-content\/uploads\/sites\/54\/2016\/07\/excel.gif\" alt=\"logo_pdf\" width=\"20\" height=\"19\" \/><\/a><\/p>\n<\/div><\/div> <\/div>\n","protected":false},"excerpt":{"rendered":"<p>Fracci\u00f3n XXIII Los montos destinados a gastos relativos a comunicaci\u00f3n social y publicidad oficial desglosada por tipo de medio, proveedores, n\u00famero de contrato y concepto o campa\u00f1a; NO APLICA FUNDAMENTO Y MOTIVACI\u00d3N Art\u00edculo 3\u00b0 fracci\u00f3n II, 33 fracci\u00f3n II y 51 fracciones VII y VIII de la Ley Org\u00e1nica del Poder Ejecutivo del Estado de [&hellip;]<\/p>\n","protected":false},"author":1,"featured_media":0,"parent":0,"menu_order":0,"comment_status":"closed","ping_status":"closed","template":"","meta":{"episode_type":"","audio_file":"","podmotor_file_id":"","podmotor_episode_id":"","cover_image":"","cover_image_id":"","duration":"","filesize":"","filesize_raw":"","date_recorded":"","explicit":"","block":"","itunes_episode_number":"","itunes_title":"","itunes_season_number":"","itunes_episode_type":"","footnotes":""},"categories":[],"tags":[],"class_list":["post-496","page","type-page","status-publish","hentry"],"acf":[],"publishpress_future_action":{"enabled":false,"date":"2026-04-23 19:37:08","action":"change-status","newStatus":"draft","terms":[],"taxonomy":"category","extraData":[]},"publishpress_future_workflow_manual_trigger":{"enabledWorkflows":[]},"_links":{"self":[{"href":"https:\/\/www.oaxaca.gob.mx\/pensiones\/wp-json\/wp\/v2\/pages\/496","targetHints":{"allow":["GET"]}}],"collection":[{"href":"https:\/\/www.oaxaca.gob.mx\/pensiones\/wp-json\/wp\/v2\/pages"}],"about":[{"href":"https:\/\/www.oaxaca.gob.mx\/pensiones\/wp-json\/wp\/v2\/types\/page"}],"author":[{"embeddable":true,"href":"https:\/\/www.oaxaca.gob.mx\/pensiones\/wp-json\/wp\/v2\/users\/1"}],"replies":[{"embeddable":true,"href":"https:\/\/www.oaxaca.gob.mx\/pensiones\/wp-json\/wp\/v2\/comments?post=496"}],"version-history":[{"count":0,"href":"https:\/\/www.oaxaca.gob.mx\/pensiones\/wp-json\/wp\/v2\/pages\/496\/revisions"}],"wp:attachment":[{"href":"https:\/\/www.oaxaca.gob.mx\/pensiones\/wp-json\/wp\/v2\/media?parent=496"}],"wp:term":[{"taxonomy":"category","embeddable":true,"href":"https:\/\/www.oaxaca.gob.mx\/pensiones\/wp-json\/wp\/v2\/categories?post=496"},{"taxonomy":"post_tag","embeddable":true,"href":"https:\/\/www.oaxaca.gob.mx\/pensiones\/wp-json\/wp\/v2\/tags?post=496"}],"curies":[{"name":"wp","href":"https:\/\/api.w.org\/{rel}","templated":true}]}}