{"id":4728,"date":"2016-02-04T09:29:28","date_gmt":"2016-02-04T15:29:28","guid":{"rendered":"https:\/\/www.oaxaca.gob.mx\/pensiones\/?page_id=46"},"modified":"2016-02-04T09:29:28","modified_gmt":"2016-02-04T15:29:28","slug":"mision-2","status":"publish","type":"page","link":"https:\/\/www.oaxaca.gob.mx\/pensiones\/mision-2\/","title":{"rendered":"Misi\u00f3n y Visi\u00f3n"},"content":{"rendered":"<p><strong><b>MISI\u00d3N<\/b><\/strong><\/p>\n<p>&nbsp;<\/p>\n<p style=\"text-align: justify\">Administrar eficaz y eficientemente el Fondo de Pensiones para brindar oportunamente a los trabajadores y trabajadoras del Gobierno del Estado, las prestaciones de seguridad social estipuladas en la Ley de Pensiones para los Trabajadores del Gobierno del Estado de Oaxaca con el objeto de coadyuvar en el fortalecimiento de la calidad de vida de los jubilados, pensionados y pensionistas.<\/p>\n<p>&nbsp;<\/p>\n<p><strong><b>VISI\u00d3N<\/b><\/strong><\/p>\n<p style=\"text-align: justify\">\n<p style=\"text-align: justify\">Ser un organismo econ\u00f3micamente sano capaz de responder oportunamente a los derechos de trabajadores del Gobierno del Estado aportantes del Fondo de Pensiones, garantizando eficiencia y transparencia en la administraci\u00f3n de los recursos.<\/p>\n<p style=\"text-align: justify\">\n<div class=\"su-box su-box-style-default\" id=\"\" style=\"border-color:#000000;border-radius:3px;max-width:none\"><div class=\"su-box-title\" style=\"background-color:#333333;color:#FFFFFF;border-top-left-radius:1px;border-top-right-radius:1px\">Descargar Archivos<\/div><div class=\"su-box-content su-u-clearfix su-u-trim\" style=\"border-bottom-left-radius:1px;border-bottom-right-radius:1px\">\n<a href=\"\/pensiones\/wp-content\/uploads\/sites\/54\/2018\/03\/AVISO-DE-PRIVACIDAD-final.docx\" target=\"_New\" rel=\"noopener noreferrer\">AVISO DE PRIVACIDAD &nbsp;&nbsp;&nbsp;<img loading=\"lazy\" decoding=\"async\" class=\"alignnone size-full wp-image-771\" src=\"\/pensiones\/wp-content\/uploads\/sites\/54\/2016\/07\/excel.gif\" alt=\"logo_pdf\" width=\"20\" height=\"19\" \/><\/a><br \/>\n<\/div><\/div>\n","protected":false},"excerpt":{"rendered":"<p>MISI\u00d3N &nbsp; Administrar eficaz y eficientemente el Fondo de Pensiones para brindar oportunamente a los trabajadores y trabajadoras del Gobierno del Estado, las prestaciones de seguridad social estipuladas en la Ley de Pensiones para los Trabajadores del Gobierno del Estado de Oaxaca con el objeto de coadyuvar en el fortalecimiento de la calidad de vida [&hellip;]<\/p>\n","protected":false},"author":1,"featured_media":0,"parent":0,"menu_order":0,"comment_status":"closed","ping_status":"closed","template":"","meta":{"episode_type":"","audio_file":"","podmotor_file_id":"","podmotor_episode_id":"","cover_image":"","cover_image_id":"","duration":"","filesize":"","filesize_raw":"","date_recorded":"","explicit":"","block":"","itunes_episode_number":"","itunes_title":"","itunes_season_number":"","itunes_episode_type":"","footnotes":""},"categories":[],"tags":[],"class_list":["post-4728","page","type-page","status-publish","hentry"],"acf":[],"publishpress_future_action":{"enabled":false,"date":"2026-04-23 19:26:13","action":"change-status","newStatus":"draft","terms":[],"taxonomy":"category","extraData":[]},"publishpress_future_workflow_manual_trigger":{"enabledWorkflows":[]},"_links":{"self":[{"href":"https:\/\/www.oaxaca.gob.mx\/pensiones\/wp-json\/wp\/v2\/pages\/4728","targetHints":{"allow":["GET"]}}],"collection":[{"href":"https:\/\/www.oaxaca.gob.mx\/pensiones\/wp-json\/wp\/v2\/pages"}],"about":[{"href":"https:\/\/www.oaxaca.gob.mx\/pensiones\/wp-json\/wp\/v2\/types\/page"}],"author":[{"embeddable":true,"href":"https:\/\/www.oaxaca.gob.mx\/pensiones\/wp-json\/wp\/v2\/users\/1"}],"replies":[{"embeddable":true,"href":"https:\/\/www.oaxaca.gob.mx\/pensiones\/wp-json\/wp\/v2\/comments?post=4728"}],"version-history":[{"count":0,"href":"https:\/\/www.oaxaca.gob.mx\/pensiones\/wp-json\/wp\/v2\/pages\/4728\/revisions"}],"wp:attachment":[{"href":"https:\/\/www.oaxaca.gob.mx\/pensiones\/wp-json\/wp\/v2\/media?parent=4728"}],"wp:term":[{"taxonomy":"category","embeddable":true,"href":"https:\/\/www.oaxaca.gob.mx\/pensiones\/wp-json\/wp\/v2\/categories?post=4728"},{"taxonomy":"post_tag","embeddable":true,"href":"https:\/\/www.oaxaca.gob.mx\/pensiones\/wp-json\/wp\/v2\/tags?post=4728"}],"curies":[{"name":"wp","href":"https:\/\/api.w.org\/{rel}","templated":true}]}}