{"id":4658,"date":"2017-04-20T10:49:35","date_gmt":"2017-04-20T16:49:35","guid":{"rendered":"https:\/\/www.oaxaca.gob.mx\/pensiones\/?page_id=1333"},"modified":"2025-08-26T14:23:46","modified_gmt":"2025-08-26T20:23:46","slug":"constancia-ph-jubilacion-2","status":"publish","type":"page","link":"https:\/\/www.oaxaca.gob.mx\/pensiones\/constancia-ph-jubilacion-2\/","title":{"rendered":"Constancia PH Jubilacion"},"content":{"rendered":"<div class=\"row\" style=\"margin-bottom: 5%\">\n<div class=\"col-xs-3 col-sm-2 col-md-2\"><img \/><\/div>\n<div class=\"col-xs-9 col-sm-10 col-md-10\" style=\"text-transform: uppercase\"><strong>CONSTANCIA DE NO ADEUDO DE PRESTAMOS EN GENERAL<\/strong><\/div>\n<\/div>\n<div class=\"row\" style=\"margin-bottom: 5%\">\n<div class=\"col-xs-0 col-sm-0 col-md-1\"><\/div>\n<div class=\"col-xs-3 col-sm-2 col-md-2\"><img decoding=\"async\" src=\"\/wp-content\/plugins\/catalogo_tramitesyservicios\/img\/descripcion.png\" alt=\"\" \/><\/div>\n<div class=\"col-xs-9 col-sm-10 col-md-8\">\n<p><strong>DESCRIPCI\u00d3N<\/strong><\/p>\n<p>Documento con el cual el trabajador, jubilado o pensionado pueda acreditar no contar con adeudos ante la Oficina de Pensiones. Para el caso de trabajadores activos la constancia le ser\u00e1 de utilidad en caso de tramitar una pensi\u00f3n, licencia sin goce de sueldo o renuncia definitiva.<\/p>\n<div class=\"col-xs-0 col-sm-0 col-md-1\"><\/div>\n<\/div>\n<div class=\"row\" style=\"margin-bottom: 5%\">\n<div class=\"col-xs-0 col-sm-0 col-md-1\"><\/div>\n<div class=\"col-xs-3 col-sm-2 col-md-2\"><img decoding=\"async\" src=\"\/wp-content\/plugins\/catalogo_tramitesyservicios\/img\/descripcion.png\" alt=\"\" \/><\/div>\n<div class=\"col-xs-9 col-sm-10 col-md-8\">\n<p><strong>REQUISITOS<\/strong><\/p>\n<p>El trabajador, jubilado o pensionado, deber\u00e1 presentar en el Departamento de Prestaciones Econ\u00f3micas, escrito dirigido al Director General de la Oficina de Pensiones, mismo que deber\u00e1 contener nombre completo del solicitante, RFC, n\u00famero telef\u00f3nico particular, en caso de que el solicitante sea un trabajador, mencionar la dependencia en la que labora, el \u00e1rea de adscripci\u00f3n, categor\u00eda, el nivel y tipo de nombramiento; en caso de ser un jubilado, pensionado o pensionista mencionar tipo de pensi\u00f3n en la que disfruta y el n\u00famero de n\u00f3mina asignado, domicilio y n\u00famero de tel\u00e9fono del solicitante, tipo de tr\u00e1mite que solicita, lugar, fecha y firma. Indicando para que tipo de tr\u00e1mite requiere la Constancia (Jubilaci\u00f3n, Licencia Sin Goce de Sueldo, Pensi\u00f3n por Vejez, Pensi\u00f3n por fallecimiento, Pago de Seguro de Vida o Pago de Prima de Antig\u00fcedad).DOCUMENTACI\u00d3N REQUERIDA<strong>\u2022 Para el caso de tr\u00e1mite de Jubilaci\u00f3n, Licencia sin Goce de Sueldo o Pensi\u00f3n por Vejez: <\/strong><br \/>\n1. Escrito dirigido al Director General de la Oficina de Pensiones.<br \/>\n2. Fotocopia del \u00faltimo sobre de pago.<br \/>\n3. Fotocopia de la credencial de elector.<br \/>\n<strong>\u2022 Para el caso de tr\u00e1mite de Pensi\u00f3n por fallecimiento, Pago de Seguro de Vida o Pago de Prima de Antig\u00fcedad: <\/strong><br \/>\n1. Fotocopia de la credencial de elector del finado.<br \/>\n2. Fotocopia del \u00faltimo recibo de n\u00f3mina del finado.<br \/>\n3. Fotocopia del acta de defunci\u00f3n.<br \/>\n4. Fotocopia de la credencial de elector de la esposa.<br \/>\n5. Fotocopia del acta de matrimonio.HORARIO DE ATENCI\u00d3N<br \/>\nDe Lunes a Viernes de 9:00 \u2013 15:00 hrs.<\/div>\n<\/div>\n<div class=\"row\" style=\"margin-bottom: 5%\">\n<div class=\"col-xs-3 col-sm-2 col-md-2\">\u00a0 \u00a0 \u00a0<img decoding=\"async\" src=\"\/wp-content\/plugins\/catalogo_tramitesyservicios\/img\/fundamentojuridico.png\" alt=\"\" \/><\/div>\n<div class=\"col-xs-9 col-sm-10 col-md-8\">\n<p><strong>\u00a0 FUNDAMENTO JUR\u00cdDICO<\/strong><\/p>\n<p style=\"text-align: justify\">Reglamento de Operaci\u00f3n de la Oficina de Pensiones art\u00edculos 47, 48, 63, 64, 108 y 109. Publicado en el Peri\u00f3dico Oficial Extra de fecha 14 de junio del a\u00f1o 2012.<\/p>\n<\/div>\n<\/div>\n<div class=\"row\" style=\"margin-bottom: 5%\">\n<div class=\"col-xs-0 col-sm-0 col-md-1\"><\/div>\n<div class=\"col-xs-3 col-sm-2 col-md-2\"><img decoding=\"async\" src=\"\/wp-content\/plugins\/catalogo_tramitesyservicios\/img\/servidorpublico.png\" alt=\"\" \/><\/div>\n<div class=\"col-xs-9 col-sm-10 col-md-8\">\n<p><strong>SERVIDOR P\u00daBLICO RESPONSABLE<\/strong><\/p>\n<p>L.A.T. LUCERO V\u00c1SQUEZ RAM\u00cdREZ.<\/p>\n<\/div>\n<\/div>\n<div class=\"row\" style=\"margin-bottom: 5%\">\n<div class=\"col-xs-0 col-sm-0 col-md-1\"><\/div>\n<div class=\"col-xs-3 col-sm-2 col-md-2\"><img decoding=\"async\" src=\"\/wp-content\/plugins\/catalogo_tramitesyservicios\/img\/arearesponsable.png\" alt=\"\" \/><\/div>\n<div class=\"col-xs-9 col-sm-10 col-md-8\">\n<p><strong>\u00c1REA RESPONSABLE<\/strong><\/p>\n<p>Departamento de Prestaciones Econ\u00f3micas<\/p>\n<\/div>\n<\/div>\n<div class=\"row\" style=\"margin-bottom: 5%\">\n<div class=\"col-xs-0 col-sm-0 col-md-1\"><\/div>\n<div class=\"col-xs-3 col-sm-2 col-md-2\"><img decoding=\"async\" src=\"\/wp-content\/plugins\/catalogo_tramitesyservicios\/img\/areadeadscripcion.png\" alt=\"\" \/><\/div>\n<p><strong>\u00c1REA DE ADSCRIPCI\u00d3N<\/strong><\/p>\n<p>Direcci\u00f3n de Prestaciones.<\/p>\n<\/div>\n<div class=\"row\" style=\"margin-bottom: 5%\">\n<div class=\"col-xs-12 col-sm-12 col-md-12\"><a id=\"volver\" href=\"\/pensiones\">Volver<\/a><\/div>\n<\/div>\n<\/div>\n","protected":false},"excerpt":{"rendered":"<p>CONSTANCIA DE NO ADEUDO DE PRESTAMOS EN GENERAL DESCRIPCI\u00d3N Documento con el cual el trabajador, jubilado o pensionado pueda acreditar no contar con adeudos ante la Oficina de Pensiones. Para el caso de trabajadores activos la constancia le ser\u00e1 de utilidad en caso de tramitar una pensi\u00f3n, licencia sin goce de sueldo o renuncia definitiva. [&hellip;]<\/p>\n","protected":false},"author":1,"featured_media":0,"parent":0,"menu_order":0,"comment_status":"closed","ping_status":"closed","template":"","meta":{"episode_type":"","audio_file":"","podmotor_file_id":"","podmotor_episode_id":"","cover_image":"","cover_image_id":"","duration":"","filesize":"","filesize_raw":"","date_recorded":"","explicit":"","block":"","itunes_episode_number":"","itunes_title":"","itunes_season_number":"","itunes_episode_type":"","footnotes":""},"categories":[],"tags":[],"class_list":["post-4658","page","type-page","status-publish","hentry"],"acf":[],"publishpress_future_action":{"enabled":false,"date":"2026-04-23 19:36:36","action":"change-status","newStatus":"draft","terms":[],"taxonomy":"category","extraData":[]},"publishpress_future_workflow_manual_trigger":{"enabledWorkflows":[]},"_links":{"self":[{"href":"https:\/\/www.oaxaca.gob.mx\/pensiones\/wp-json\/wp\/v2\/pages\/4658","targetHints":{"allow":["GET"]}}],"collection":[{"href":"https:\/\/www.oaxaca.gob.mx\/pensiones\/wp-json\/wp\/v2\/pages"}],"about":[{"href":"https:\/\/www.oaxaca.gob.mx\/pensiones\/wp-json\/wp\/v2\/types\/page"}],"author":[{"embeddable":true,"href":"https:\/\/www.oaxaca.gob.mx\/pensiones\/wp-json\/wp\/v2\/users\/1"}],"replies":[{"embeddable":true,"href":"https:\/\/www.oaxaca.gob.mx\/pensiones\/wp-json\/wp\/v2\/comments?post=4658"}],"version-history":[{"count":2,"href":"https:\/\/www.oaxaca.gob.mx\/pensiones\/wp-json\/wp\/v2\/pages\/4658\/revisions"}],"predecessor-version":[{"id":9844,"href":"https:\/\/www.oaxaca.gob.mx\/pensiones\/wp-json\/wp\/v2\/pages\/4658\/revisions\/9844"}],"wp:attachment":[{"href":"https:\/\/www.oaxaca.gob.mx\/pensiones\/wp-json\/wp\/v2\/media?parent=4658"}],"wp:term":[{"taxonomy":"category","embeddable":true,"href":"https:\/\/www.oaxaca.gob.mx\/pensiones\/wp-json\/wp\/v2\/categories?post=4658"},{"taxonomy":"post_tag","embeddable":true,"href":"https:\/\/www.oaxaca.gob.mx\/pensiones\/wp-json\/wp\/v2\/tags?post=4658"}],"curies":[{"name":"wp","href":"https:\/\/api.w.org\/{rel}","templated":true}]}}