{"id":4657,"date":"2017-03-29T14:02:08","date_gmt":"2017-03-29T20:02:08","guid":{"rendered":"https:\/\/www.oaxaca.gob.mx\/pensiones\/?page_id=1209"},"modified":"2017-03-29T14:02:08","modified_gmt":"2017-03-29T20:02:08","slug":"pago_prest_aseg-2","status":"publish","type":"page","link":"https:\/\/www.oaxaca.gob.mx\/pensiones\/pago_prest_aseg-2\/","title":{"rendered":"pago_prest_aseg"},"content":{"rendered":"<div class=\"row\" style=\"margin-bottom: 5%\">\n<div class=\"col-xs-3 col-sm-2 col-md-2\"><img decoding=\"async\" src=\"\/wp-content\/plugins\/catalogo_tramitesyservicios\/img\/tramite.png\"><\/div>\n<div class=\"col-xs-9 col-sm-10 col-md-10\" style=\"text-transform: uppercase\"><strong>PAGO DE PR\u00c9STAMO V\u00cdA  ASEGURADORA<\/strong><\/div>\n<\/div>\n<div class=\"row\" style=\"margin-bottom: 5%\">\n<div class=\"col-xs-0 col-sm-0 col-md-1\"><\/div>\n<div class=\"col-xs-3 col-sm-2 col-md-2\"><img decoding=\"async\" src=\"\/wp-content\/plugins\/catalogo_tramitesyservicios\/img\/descripcion.png\"><\/div>\n<div class=\"col-xs-9 col-sm-10 col-md-8\">\n<p><strong>DESCRIPCI\u00d3N<\/strong><\/p>\n<p>En el caso de que un trabajador, jubilado o pensionado fallecer\u00eda y contara con adeudos por  pr\u00e9stamo quirografario y\/o hipotecario ante la Oficina de Pensiones, ser\u00e1 responsabilidad de los beneficiarios y en su caso de los avales, presentar  la documentaci\u00f3n requerida por la compa\u00f1\u00eda de seguros, para la liquidaci\u00f3n del saldo pendiente del (los) pr\u00e9stamo(s).<\/p>\n<\/div>\n<div class=\"col-xs-0 col-sm-0 col-md-1\"><\/div>\n<\/div>\n<div class=\"row\" style=\"margin-bottom: 5%\">\n<div class=\"col-xs-0 col-sm-0 col-md-1\"><\/div>\n<div class=\"col-xs-3 col-sm-2 col-md-2\"><img decoding=\"async\" src=\"\/wp-content\/plugins\/catalogo_tramitesyservicios\/img\/descripcion.png\"><\/div>\n<div class=\"col-xs-9 col-sm-10 col-md-8\">\n<p><strong>REQUISITOS<\/strong><\/p>\n<table cellspacing=\"0\" cellpadding=\"0\" align=\"left\">\n<tr>\n<td valign=\"top\" align=\"left\">\n<p>Los beneficiarios o avales del trabajador, jubilado o pensionado fallecido deber\u00e1n presentar en el Departamento de Prestaciones Econ\u00f3micas, en un t\u00e9rmino de treinta  d\u00edas  h\u00e1biles  contados  a partir  de  la fecha  de  fallecimiento,  la documentaci\u00f3n requerida por la compa\u00f1\u00eda de seguros.<\/p>\n<p>DOCUMENTACI\u00d3N REQUERIDA<br \/>\n1. Copia certificada del acta de defunci\u00f3n.<br \/>\n2. Acta de nacimiento.<br \/>\n3. \u00daltimo sobre de pago.<br \/>\n4. Estado de cuenta.<br \/>\n5. Aviso de baja (en caso de los trabajadores activos).<\/p>\n<p>HORARIO DE ATENCI\u00d3N<br \/>\nDe Lunes a Viernes de 9:00 \u2013 15:00 hrs.<\/p>\n<p>.<\/li>\n<\/ol>\n<\/td>\n<\/tr>\n<\/table>\n<p>&nbsp;<\/p>\n<p>&nbsp;<\/p>\n<\/div>\n<div class=\"col-xs-0 col-sm-0 col-md-1\"><\/div>\n<\/div>\n<div class=\"row\" style=\"margin-bottom: 5%\">\n<div class=\"col-xs-0 col-sm-0 col-md-1\"><\/div>\n<div class=\"col-xs-3 col-sm-2 col-md-2\"><img decoding=\"async\" src=\"\/wp-content\/plugins\/catalogo_tramitesyservicios\/img\/fundamentojuridico.png\"><\/div>\n<div class=\"col-xs-9 col-sm-10 col-md-8\">\n<p><strong>FUNDAMENTO JUR\u00cdDICO<\/strong><\/p>\n<table cellspacing=\"0\" cellpadding=\"0\" align=\"left\">\n<tr>\n<td valign=\"top\" align=\"left\">\n<p>Art\u00edculo    97,98 y 99 del Reglamento de Operaci\u00f3n de la Oficina de Pensiones del Estado    de Oaxaca.<\/p>\n<\/td>\n<\/tr>\n<\/table>\n<p>&nbsp;<\/p>\n<p>&nbsp;<\/p>\n<\/div>\n<\/div>\n<div class=\"row\" style=\"margin-bottom: 5%\">\n<div class=\"col-xs-0 col-sm-0 col-md-1\"><\/div>\n<div class=\"col-xs-3 col-sm-2 col-md-2\"><img decoding=\"async\" src=\"\/wp-content\/plugins\/catalogo_tramitesyservicios\/img\/servidorpublico.png\"><\/div>\n<div class=\"col-xs-9 col-sm-10 col-md-8\">\n<p><strong>SERVIDOR P\u00daBLICO RESPONSABLE<\/strong><\/p>\n<p>L.A.E.  PATRCIA CRUZ GOMEZ..<\/p>\n<\/div>\n<\/div>\n<div class=\"row\" style=\"margin-bottom: 5%\">\n<div class=\"col-xs-0 col-sm-0 col-md-1\"><span class=\"col-xs-3 col-sm-2 col-md-2\"><img decoding=\"async\" src=\"\/wp-content\/plugins\/catalogo_tramitesyservicios\/img\/arearesponsable.png\" alt=\"\" \/><\/span><\/div>\n<div class=\"col-xs-3 col-sm-2 col-md-2\"><\/div>\n<div class=\"col-xs-9 col-sm-10 col-md-8\">\n<p><strong>\u00c1REA RESPONSABLE<\/strong><\/p>\n<p>Departamento de Prestaciones Econ\u00f3micas<\/p>\n<\/div>\n<\/div>\n<div class=\"row\" style=\"margin-bottom: 5%\">\n<div class=\"col-xs-0 col-sm-0 col-md-1\"><\/div>\n<div class=\"col-xs-3 col-sm-2 col-md-2\"><img decoding=\"async\" src=\"\/wp-content\/plugins\/catalogo_tramitesyservicios\/img\/areadeadscripcion.png\"><\/div>\n<div class=\"col-xs-9 col-sm-10 col-md-8\">\n<p><strong>\u00c1REA DE ADSCRIPCI\u00d3N<\/strong><\/p>\n<p>Direcci\u00f3n de Prestaciones<\/p>\n<\/div>\n<\/div>\n<div class=\"row\" style=\"margin-bottom: 5%\">\n<div class=\"col-xs-12 col-sm-12 col-md-12\"><a id=\"volver\" href=\"\/pensiones\">Volver<\/a><\/div>\n<\/div>\n","protected":false},"excerpt":{"rendered":"<p>PAGO DE PR\u00c9STAMO V\u00cdA ASEGURADORA DESCRIPCI\u00d3N En el caso de que un trabajador, jubilado o pensionado fallecer\u00eda y contara con adeudos por pr\u00e9stamo quirografario y\/o hipotecario ante la Oficina de Pensiones, ser\u00e1 responsabilidad de los beneficiarios y en su caso de los avales, presentar la documentaci\u00f3n requerida por la compa\u00f1\u00eda de seguros, para la liquidaci\u00f3n [&hellip;]<\/p>\n","protected":false},"author":1,"featured_media":0,"parent":0,"menu_order":0,"comment_status":"closed","ping_status":"closed","template":"","meta":{"episode_type":"","audio_file":"","podmotor_file_id":"","podmotor_episode_id":"","cover_image":"","cover_image_id":"","duration":"","filesize":"","filesize_raw":"","date_recorded":"","explicit":"","block":"","itunes_episode_number":"","itunes_title":"","itunes_season_number":"","itunes_episode_type":"","footnotes":""},"categories":[],"tags":[],"class_list":["post-4657","page","type-page","status-publish","hentry"],"acf":[],"publishpress_future_action":{"enabled":false,"date":"2026-04-23 19:36:08","action":"change-status","newStatus":"draft","terms":[],"taxonomy":"category","extraData":[]},"publishpress_future_workflow_manual_trigger":{"enabledWorkflows":[]},"_links":{"self":[{"href":"https:\/\/www.oaxaca.gob.mx\/pensiones\/wp-json\/wp\/v2\/pages\/4657","targetHints":{"allow":["GET"]}}],"collection":[{"href":"https:\/\/www.oaxaca.gob.mx\/pensiones\/wp-json\/wp\/v2\/pages"}],"about":[{"href":"https:\/\/www.oaxaca.gob.mx\/pensiones\/wp-json\/wp\/v2\/types\/page"}],"author":[{"embeddable":true,"href":"https:\/\/www.oaxaca.gob.mx\/pensiones\/wp-json\/wp\/v2\/users\/1"}],"replies":[{"embeddable":true,"href":"https:\/\/www.oaxaca.gob.mx\/pensiones\/wp-json\/wp\/v2\/comments?post=4657"}],"version-history":[{"count":0,"href":"https:\/\/www.oaxaca.gob.mx\/pensiones\/wp-json\/wp\/v2\/pages\/4657\/revisions"}],"wp:attachment":[{"href":"https:\/\/www.oaxaca.gob.mx\/pensiones\/wp-json\/wp\/v2\/media?parent=4657"}],"wp:term":[{"taxonomy":"category","embeddable":true,"href":"https:\/\/www.oaxaca.gob.mx\/pensiones\/wp-json\/wp\/v2\/categories?post=4657"},{"taxonomy":"post_tag","embeddable":true,"href":"https:\/\/www.oaxaca.gob.mx\/pensiones\/wp-json\/wp\/v2\/tags?post=4657"}],"curies":[{"name":"wp","href":"https:\/\/api.w.org\/{rel}","templated":true}]}}