{"id":4656,"date":"2017-03-29T14:00:03","date_gmt":"2017-03-29T20:00:03","guid":{"rendered":"https:\/\/www.oaxaca.gob.mx\/pensiones\/?page_id=1207"},"modified":"2017-03-29T14:00:03","modified_gmt":"2017-03-29T20:00:03","slug":"cons_contrib_fp-2","status":"publish","type":"page","link":"https:\/\/www.oaxaca.gob.mx\/pensiones\/cons_contrib_fp-2\/","title":{"rendered":"cons_contrib_fp"},"content":{"rendered":"<div class=\"row\" style=\"margin-bottom: 5%\">\n<div class=\"col-xs-3 col-sm-2 col-md-2\"><img decoding=\"async\" src=\"\/wp-content\/plugins\/catalogo_tramitesyservicios\/img\/tramite.png\"><\/div>\n<div class=\"col-xs-9 col-sm-10 col-md-10\" style=\"text-transform: uppercase\"><strong>CONSTANCIA DE  CONTRIBUCI\u00d3N AL FONDO DE PENSIONES<\/strong><\/div>\n<\/div>\n<div class=\"row\" style=\"margin-bottom: 5%\">\n<div class=\"col-xs-0 col-sm-0 col-md-1\"><\/div>\n<div class=\"col-xs-3 col-sm-2 col-md-2\"><img decoding=\"async\" src=\"\/wp-content\/plugins\/catalogo_tramitesyservicios\/img\/descripcion.png\"><\/div>\n<div class=\"col-xs-9 col-sm-10 col-md-8\">\n<p><strong>DESCRIPCI\u00d3N<\/strong><\/p>\n<p>Documento que el trabajador puede solicitar para conocer su antig\u00fcedad y monto de sus contribuciones al fondo de pensiones. La constancia le servir\u00e1 en caso de tramitar una pensi\u00f3n o para gestionar un incentivo a la permanencia en el servicio.<\/p>\n<\/div>\n<div class=\"col-xs-0 col-sm-0 col-md-1\"><\/div>\n<\/div>\n<div class=\"row\" style=\"margin-bottom: 5%\">\n<div class=\"col-xs-0 col-sm-0 col-md-1\"><\/div>\n<div class=\"col-xs-3 col-sm-2 col-md-2\"><img decoding=\"async\" src=\"\/wp-content\/plugins\/catalogo_tramitesyservicios\/img\/descripcion.png\"><\/div>\n<div class=\"col-xs-9 col-sm-10 col-md-8\">\n<p><strong>REQUISITOS<\/strong><\/p>\n<p>El trabajador deber\u00e1 presentar en el Departamento de Prestaciones Econ\u00f3micas, escrito dirigido al Director General de la Oficina de Pensiones, mismo que deber\u00e1 contener nombre completo del solicitante, RFC, domicilio, n\u00famero telef\u00f3nico particular, mencionar la dependencia en la que labora, el \u00e1rea de adscripci\u00f3n, categor\u00eda, el nivel y tipo de nombramiento; y el motivo por el cual solicita la Constancia (Jubilaci\u00f3n, Pensi\u00f3n por vejez o para conocer Antig\u00fcedad), lugar, fecha y firma. <\/p>\n<p>DOCUMENTACI\u00d3N REQUERIDA<br \/>\n1. Escrito dirigido al Director General de la Oficina de Pensiones.<br \/>\n2. Fotocopia del primer nombramiento u oficio de asignaci\u00f3n al puesto.<br \/>\n3. Fotocopia del \u00faltimo sobre del pago de percepciones.<br \/>\n4. Fotocopia de la constancia de Continuidad de Servicios reciente, expedida por la Direcci\u00f3n de Recursos Humanos de la Secretar\u00eda de Administraci\u00f3n o el \u00e1rea Administrativa de la Dependencia en la que labora adem\u00e1s de la original para cotejo.<\/p>\n<p>HORARIO DE ATENCI\u00d3N<br \/>\nDe Lunes a Viernes de 9:00 \u2013 15:00 hrs.<\/p>\n<\/div>\n<div class=\"col-xs-0 col-sm-0 col-md-1\"><\/div>\n<\/div>\n<div class=\"row\" style=\"margin-bottom: 5%\">\n<div class=\"col-xs-0 col-sm-0 col-md-1\"><\/div>\n<div class=\"col-xs-3 col-sm-2 col-md-2\"><img decoding=\"async\" src=\"\/wp-content\/plugins\/catalogo_tramitesyservicios\/img\/fundamentojuridico.png\"><\/div>\n<div class=\"col-xs-9 col-sm-10 col-md-8\">\n<p><strong>FUNDAMENTO JUR\u00cdDICO<\/strong><\/p>\n<p>Reglamento de Operaci\u00f3n de  la Oficina de Pensiones art\u00edculo 25, 26 y 27. Publicado en el Peri\u00f3dico Oficial Extra de  fecha 14 de junio del a\u00f1o 2012.<\/p>\n<\/div>\n<\/div>\n<div class=\"row\" style=\"margin-bottom: 5%\">\n<div class=\"col-xs-0 col-sm-0 col-md-1\"><\/div>\n<div class=\"col-xs-3 col-sm-2 col-md-2\"><img decoding=\"async\" src=\"\/wp-content\/plugins\/catalogo_tramitesyservicios\/img\/servidorpublico.png\"><\/div>\n<div class=\"col-xs-9 col-sm-10 col-md-8\">\n<p><strong>SERVIDOR P\u00daBLICO RESPONSABLE<\/strong><\/p>\n<p>L.A.  PATRCIA CRUZ GOMEZ.<\/p>\n<\/div>\n<\/div>\n<div class=\"row\" style=\"margin-bottom: 5%\">\n<div class=\"col-xs-0 col-sm-0 col-md-1\"><\/div>\n<div class=\"col-xs-3 col-sm-2 col-md-2\"><img decoding=\"async\" src=\"\/wp-content\/plugins\/catalogo_tramitesyservicios\/img\/arearesponsable.png\" alt=\"\" \/><\/div>\n<div class=\"col-xs-9 col-sm-10 col-md-8\">\n<p><strong>\u00c1REA RESPONSABLE<\/strong><\/p>\n<p>Departamento de Prestaciones Econ\u00f3micas<\/p>\n<\/div>\n<\/div>\n<div class=\"row\" style=\"margin-bottom: 5%\">\n<div class=\"col-xs-0 col-sm-0 col-md-1\"><\/div>\n<div class=\"col-xs-3 col-sm-2 col-md-2\"><img decoding=\"async\" src=\"\/wp-content\/plugins\/catalogo_tramitesyservicios\/img\/areadeadscripcion.png\"><\/div>\n<div class=\"col-xs-9 col-sm-10 col-md-8\">\n<p><strong>\u00c1REA DE ADSCRIPCN<\/strong><\/p>\n<p>Direcci\u00f3n de Prestaciones<\/p>\n<\/div>\n<\/div>\n<div class=\"row\" style=\"margin-bottom: 5%\">\n<div class=\"col-xs-12 col-sm-12 col-md-12\"><a id=\"volver\" href=\"\/pensiones\">Volver<\/a><\/div>\n<\/div>\n","protected":false},"excerpt":{"rendered":"<p>CONSTANCIA DE CONTRIBUCI\u00d3N AL FONDO DE PENSIONES DESCRIPCI\u00d3N Documento que el trabajador puede solicitar para conocer su antig\u00fcedad y monto de sus contribuciones al fondo de pensiones. La constancia le servir\u00e1 en caso de tramitar una pensi\u00f3n o para gestionar un incentivo a la permanencia en el servicio. REQUISITOS El trabajador deber\u00e1 presentar en el [&hellip;]<\/p>\n","protected":false},"author":1,"featured_media":0,"parent":0,"menu_order":0,"comment_status":"closed","ping_status":"closed","template":"","meta":{"episode_type":"","audio_file":"","podmotor_file_id":"","podmotor_episode_id":"","cover_image":"","cover_image_id":"","duration":"","filesize":"","filesize_raw":"","date_recorded":"","explicit":"","block":"","itunes_episode_number":"","itunes_title":"","itunes_season_number":"","itunes_episode_type":"","footnotes":""},"categories":[],"tags":[],"class_list":["post-4656","page","type-page","status-publish","hentry"],"acf":[],"publishpress_future_action":{"enabled":false,"date":"2026-04-23 19:35:35","action":"change-status","newStatus":"draft","terms":[],"taxonomy":"category","extraData":[]},"publishpress_future_workflow_manual_trigger":{"enabledWorkflows":[]},"_links":{"self":[{"href":"https:\/\/www.oaxaca.gob.mx\/pensiones\/wp-json\/wp\/v2\/pages\/4656","targetHints":{"allow":["GET"]}}],"collection":[{"href":"https:\/\/www.oaxaca.gob.mx\/pensiones\/wp-json\/wp\/v2\/pages"}],"about":[{"href":"https:\/\/www.oaxaca.gob.mx\/pensiones\/wp-json\/wp\/v2\/types\/page"}],"author":[{"embeddable":true,"href":"https:\/\/www.oaxaca.gob.mx\/pensiones\/wp-json\/wp\/v2\/users\/1"}],"replies":[{"embeddable":true,"href":"https:\/\/www.oaxaca.gob.mx\/pensiones\/wp-json\/wp\/v2\/comments?post=4656"}],"version-history":[{"count":0,"href":"https:\/\/www.oaxaca.gob.mx\/pensiones\/wp-json\/wp\/v2\/pages\/4656\/revisions"}],"wp:attachment":[{"href":"https:\/\/www.oaxaca.gob.mx\/pensiones\/wp-json\/wp\/v2\/media?parent=4656"}],"wp:term":[{"taxonomy":"category","embeddable":true,"href":"https:\/\/www.oaxaca.gob.mx\/pensiones\/wp-json\/wp\/v2\/categories?post=4656"},{"taxonomy":"post_tag","embeddable":true,"href":"https:\/\/www.oaxaca.gob.mx\/pensiones\/wp-json\/wp\/v2\/tags?post=4656"}],"curies":[{"name":"wp","href":"https:\/\/api.w.org\/{rel}","templated":true}]}}