{"id":4654,"date":"2017-03-29T13:44:12","date_gmt":"2017-03-29T19:44:12","guid":{"rendered":"https:\/\/www.oaxaca.gob.mx\/pensiones\/?page_id=1193"},"modified":"2017-03-29T13:44:12","modified_gmt":"2017-03-29T19:44:12","slug":"dev_fondo-2","status":"publish","type":"page","link":"https:\/\/www.oaxaca.gob.mx\/pensiones\/dev_fondo-2\/","title":{"rendered":"dev_fondo"},"content":{"rendered":"<div class=\"row\" style=\"margin-bottom: 5%\">\n<div class=\"col-xs-3 col-sm-2 col-md-2\"><img decoding=\"async\" src=\"\/wp-content\/plugins\/catalogo_tramitesyservicios\/img\/tramite.png\"><\/div>\n<div class=\"col-xs-9 col-sm-10 col-md-10\" style=\"text-transform: uppercase\"><strong> DEVOLUCI\u00d3N DEL FONDO  DE PENSIONES <\/strong><\/div>\n<\/div>\n<div class=\"row\" style=\"margin-bottom: 5%\">\n<div class=\"col-xs-0 col-sm-0 col-md-1\"><\/div>\n<div class=\"col-xs-3 col-sm-2 col-md-2\"><img decoding=\"async\" src=\"\/wp-content\/plugins\/catalogo_tramitesyservicios\/img\/descripcion.png\"><\/div>\n<div class=\"col-xs-9 col-sm-10 col-md-8\">\n<p><strong>DESCRIPCI\u00d3N<\/strong><\/p>\n<p>Tr\u00e1mite por medio del cual el ex trabajador con nombramiento base pueda  disponer de sus cuotas contribuidas al Fondo de Pensiones cuando se haya  separado definitivamente del servicio sin derecho a pensi\u00f3n o al deudo de \u00e9ste  si no existe quien tenga derecho a pensi\u00f3n<\/p>\n<\/div>\n<div class=\"col-xs-0 col-sm-0 col-md-1\"><\/div>\n<\/div>\n<div class=\"row\" style=\"margin-bottom: 5%\">\n<div class=\"col-xs-0 col-sm-0 col-md-1\"><\/div>\n<div class=\"col-xs-3 col-sm-2 col-md-2\"><img decoding=\"async\" src=\"\/wp-content\/plugins\/catalogo_tramitesyservicios\/img\/descripcion.png\"><\/div>\n<div class=\"col-xs-9 col-sm-10 col-md-8\">\n<p><strong>REQUISITOS<\/strong>    <\/p>\n<table cellspacing=\"0\" cellpadding=\"0\" align=\"left\">\n<tr>\n<td valign=\"top\" align=\"left\">\n<p>Escrito dirigido al Director General de la Oficina de Pensiones del Estado de Oaxaca, solicitando la Devoluci\u00f3n de Fondo de Pensiones, debe mencionar los siguientes datos:  Nombre completo, domicilio, tel\u00e9fono del solicitante, anexar y mencionar en el escrito los documentos  que se  solicitan a continuaci\u00f3n:<\/p>\n<ol>\n<li>Copia  fotost\u00e1tica de  Constancia de no haberse reincorporado a laborar en el Gobierno del Estado expedida por la Direcci\u00f3n de Recursos Humanos, solicitarla en la Unidad de Servicios al Personal (Cd. Administrativa).<\/li>\n<li>Copia  fotost\u00e1tica de Constancia no adeudo expedida por el Departamento de Pr\u00e9stamos de la Direcci\u00f3n de Recursos Humanos (Cd. Administrativa).<\/li>\n<li>Copia  fotost\u00e1tica de  Aceptaci\u00f3n de renuncia o aviso de Baja expedido por la Direcci\u00f3n de Recursos Humanos.<\/li>\n<li>Copia  fotost\u00e1tica del \u00faltimo sobre de Pago.<\/li>\n<\/ol>\n<\/td>\n<\/tr>\n<\/table>\n<p>El tr\u00e1mite  es  personal y se realiza de lunes a viernes de 9:00 a 15:00 hrs.<\/p>\n<p>&nbsp;<\/p>\n<\/div>\n<div class=\"col-xs-0 col-sm-0 col-md-1\"><\/div>\n<\/div>\n<div class=\"row\" style=\"margin-bottom: 5%\">\n<div class=\"col-xs-0 col-sm-0 col-md-1\"><\/div>\n<div class=\"col-xs-3 col-sm-2 col-md-2\"><img decoding=\"async\" src=\"\/wp-content\/plugins\/catalogo_tramitesyservicios\/img\/fundamentojuridico.png\"><\/div>\n<div class=\"col-xs-9 col-sm-10 col-md-8\">\n<p><strong>FUNDAMENTO JUR\u00cdDICO<\/strong><\/p>\n<p>Ley de Pensiones para los  Trabajadores del Gobierno del Estado de Oaxaca, Art\u00edculo 64 y 6. Publicada en  el Peri\u00f3dico Oficial No. 4 de de fecha 28 de enero de 2012. Reglamento de  Operaci\u00f3n de la Oficina de Pensiones del Estado de Oaxaca, art\u00edculos 31,32, 33,  34 y 35. Publicado en el Peri\u00f3dico Oficial Extra de fecha 14 de junio del a\u00f1o  2012.<\/p>\n<\/div>\n<\/div>\n<div class=\"row\" style=\"margin-bottom: 5%\">\n<div class=\"col-xs-0 col-sm-0 col-md-1\"><\/div>\n<div class=\"col-s-3 col-sm-2 col-md-2\"><img decoding=\"async\" src=\"\/wp-content\/plugins\/catalogo_tramitesyservicios\/img\/servidorpublico.png\"><\/div>\n<div class=\"col-xs-9 col-sm-10 col-md-8\">\n<p><strong>SERVIDOR P\u00daBLICO RESPONSABLE<\/strong><\/p>\n<p>L.A.  PATRCIA CRUZ GOMEZ.<\/p>\n<\/div>\n<\/div>\n<div class=\"row\" style=\"margin-bottom: 5%\">\n<div class=\"col-xs-0 col-sm-0 col-md-1\"><\/div>\n<div class=\"col-xs-3 col-sm-2 col-md-2\"><img decoding=\"async\" src=\"\/wp-content\/plugins\/catalogo_tramitesyservicios\/img\/arearesponsable.png\"><\/div>\n<div class=\"col-xs-9 col-sm-10 col-md-8\">\n<p><strong>\u00c1REA RESPONSABLE<\/strong><\/p>\n<p>Departamento de Prestaciones Econ\u00f3micas.<\/p>\n<\/div>\n<\/div>\n<div class=\"row\" style=\"margin-bottom: 5%\">\n<div class=\"col-xs-0 col-sm-0 col-md-1\"><\/div>\n<div class=\"col-xs-3 col-sm-2 col-md-2\"><img decoding=\"async\" src=\"\/wp-content\/plugins\/catalogo_tramitesyservicios\/img\/areadeadscripcion.png\"><\/div>\n<div class=\"col-xs-9 col-sm-10 col-md-8\">\n<p><strong>\u00c1REA DE ADSCRIPCI\u00d3N<\/strong><\/p>\n<p>Direcci\u00f3n de Prestaciones.<\/p>\n<\/div>\n<\/div>\n<div class=\"row\" style=\"margin-bottom: 5%\">\n<div class=\"col-xs-12 cl-sm-12 col-md-12\"><a id=\"volver\" href=\"\/pensiones\">Volver<\/a><\/div>\n<\/div>\n","protected":false},"excerpt":{"rendered":"<p>DEVOLUCI\u00d3N DEL FONDO DE PENSIONES DESCRIPCI\u00d3N Tr\u00e1mite por medio del cual el ex trabajador con nombramiento base pueda disponer de sus cuotas contribuidas al Fondo de Pensiones cuando se haya separado definitivamente del servicio sin derecho a pensi\u00f3n o al deudo de \u00e9ste si no existe quien tenga derecho a pensi\u00f3n REQUISITOS Escrito dirigido al [&hellip;]<\/p>\n","protected":false},"author":1,"featured_media":0,"parent":0,"menu_order":0,"comment_status":"closed","ping_status":"closed","template":"","meta":{"episode_type":"","audio_file":"","podmotor_file_id":"","podmotor_episode_id":"","cover_image":"","cover_image_id":"","duration":"","filesize":"","filesize_raw":"","date_recorded":"","explicit":"","block":"","itunes_episode_number":"","itunes_title":"","itunes_season_number":"","itunes_episode_type":"","footnotes":""},"categories":[],"tags":[],"class_list":["post-4654","page","type-page","status-publish","hentry"],"acf":[],"publishpress_future_action":{"enabled":false,"date":"2026-04-23 19:27:11","action":"change-status","newStatus":"draft","terms":[],"taxonomy":"category","extraData":[]},"publishpress_future_workflow_manual_trigger":{"enabledWorkflows":[]},"_links":{"self":[{"href":"https:\/\/www.oaxaca.gob.mx\/pensiones\/wp-json\/wp\/v2\/pages\/4654","targetHints":{"allow":["GET"]}}],"collection":[{"href":"https:\/\/www.oaxaca.gob.mx\/pensiones\/wp-json\/wp\/v2\/pages"}],"about":[{"href":"https:\/\/www.oaxaca.gob.mx\/pensiones\/wp-json\/wp\/v2\/types\/page"}],"author":[{"embeddable":true,"href":"https:\/\/www.oaxaca.gob.mx\/pensiones\/wp-json\/wp\/v2\/users\/1"}],"replies":[{"embeddable":true,"href":"https:\/\/www.oaxaca.gob.mx\/pensiones\/wp-json\/wp\/v2\/comments?post=4654"}],"version-history":[{"count":0,"href":"https:\/\/www.oaxaca.gob.mx\/pensiones\/wp-json\/wp\/v2\/pages\/4654\/revisions"}],"wp:attachment":[{"href":"https:\/\/www.oaxaca.gob.mx\/pensiones\/wp-json\/wp\/v2\/media?parent=4654"}],"wp:term":[{"taxonomy":"category","embeddable":true,"href":"https:\/\/www.oaxaca.gob.mx\/pensiones\/wp-json\/wp\/v2\/categories?post=4654"},{"taxonomy":"post_tag","embeddable":true,"href":"https:\/\/www.oaxaca.gob.mx\/pensiones\/wp-json\/wp\/v2\/tags?post=4654"}],"curies":[{"name":"wp","href":"https:\/\/api.w.org\/{rel}","templated":true}]}}