{"id":4652,"date":"2017-03-29T13:27:29","date_gmt":"2017-03-29T19:27:29","guid":{"rendered":"https:\/\/www.oaxaca.gob.mx\/pensiones\/?page_id=1186"},"modified":"2017-03-29T13:27:29","modified_gmt":"2017-03-29T19:27:29","slug":"pago_gastos_funeral-2","status":"publish","type":"page","link":"https:\/\/www.oaxaca.gob.mx\/pensiones\/pago_gastos_funeral-2\/","title":{"rendered":"pago_gastos_funeral"},"content":{"rendered":"<div class=\"row\" style=\"margin-bottom: 5%\">\n<div class=\"col-xs-3 col-sm-2 col-md-2\"><img decoding=\"async\" src=\"\/wp-content\/plugins\/catalogo_tramitesyservicios\/img\/tramite.png\"><\/div>\n<div class=\"col-xs-9 col-sm-10 col-md-10\" style=\"text-transform: uppercase\"><strong>PAGO DE GASTOS DE  FUNERAL<\/strong><\/div>\n<\/div>\n<div class=\"row\" style=\"margin-bottom: 5%\">\n<div class=\"col-xs-0 col-sm-0 col-md-1\"><\/div>\n<div class=\"col-xs-3 col-sm-2 col-md-2\"><img decoding=\"async\" src=\"\/wp-content\/plugins\/catalogo_tramitesyservicios\/img\/descripcion.png\"><\/div>\n<div class=\"col-xs-9 col-sm-10 col-md-8\">\n<p><strong>DESCRIPCI\u00d3N<\/strong><\/p>\n<p>Se entregar\u00e1 a los deudos o persona encargada de los tr\u00e1mites del funeral del jubilado o pensionado fallecido, el importe que corresponde a cuatro meses del sueldo base que ten\u00eda el extinto para Gastos de Funeral.<\/p>\n<\/div>\n<div class=\"col-xs-0 col-sm-0 col-md-1\"><\/div>\n<\/div>\n<div class=\"row\" style=\"margin-bottom: 5%\">\n<div class=\"col-xs-0 col-sm-0 col-md-1\"><\/div>\n<div class=\"col-xs-3 col-sm-2 col-md-2\"><img decoding=\"async\" src=\"\/wp-content\/plugins\/catalogo_tramitesyservicios\/img\/descripcion.png\"><\/div>\n<div class=\"col-xs-9 col-sm-10 col-md-8\">\n<p><strong>REQUISITOS<\/strong><\/p>\n<table cellspacing=\"0\" cellpadding=\"0\" align=\"left\">\n<tr>\n<td valign=\"top\" align=\"left\">\n<p>En el Departamento de Prestaciones Econ\u00f3micas deber\u00e1 presentar escrito dirigido al Director General,  en el que especifique: nombre completo del solicitante, domicilio, registro federal de contribuyentes y n\u00famero telef\u00f3nico particular y celular, indicando que SOLICITA EL PAGO DE GASTOS DE FUNERAL, los hechos y razones que dan motivo a la petici\u00f3n; nombre del extinto, fecha de fallecimiento, monto de su pensi\u00f3n mensual, enlistar los documentos que se presenten, estar firmada por la parte interesada, en el caso que \u00e9ste no pueda firmar estampar\u00e1 su huella digital formando con \u00e9l un testigo que autentifique la huella y; en caso de tratarse de inhabilitado o menor de edad la deber\u00e1 tramitar su representante legal o quien por ley tenga la tutor\u00eda. En caso de ser concubina(o) deber\u00e1 acreditar ese hecho mediante constancia judicial.<\/p>\n<p>DOCUMENTACI\u00d3N REQUERIDA<br \/>\n1. Copia certificada del Acta de Defunci\u00f3n del jubilado o pensionado.<br \/>\n2. Original de la Factura de Gastos de Funeral, en la cual se especifique quien los efect\u00fao y el nombre del finado, o en su defecto el comprobante del gasto.<br \/>\n3. Original para cotejo y dos fotocopias del \u00faltimo recibo de pago o en su defecto constancia de sueldo emitida por la autoridad competente.<br \/>\n4. Fotocopia de la identificaci\u00f3n oficial de la persona que cobrar\u00e1 los gastos de funeral.<br \/>\n5. Documento original que permita determinar el parentesco de la persona que cobrar\u00e1 el importe de los gastos de funeral con el extinto. En caso de ser concubina(o) deber\u00e1 acreditar ese hecho mediante constancia judicial.<\/p>\n<p>HORARIO DE ATENCI\u00d3N<br \/>\nDe Lunes a Viernes de 9:00 \u2013 12:00 hrs.<\/p>\n<\/td>\n<\/tr>\n<\/table>\n<p>&nbsp;<\/p>\n<\/div>\n<div class=\"col-xs-0 col-sm-0 col-md-1\"><\/div>\n<\/div>\n<div class=\"row\" style=\"margin-bottom: 5%\">\n<div class=\"col-xs-0 col-sm-0col-md-1\"><\/div>\n<div class=\"col-xs-3 col-sm-2 col-md-2\"><img decoding=\"async\" src=\"\/wp-content\/plugins\/catalogo_tramitesyservicios\/img\/fundamentojuridico.png\"><\/div>\n<div class=\"col-xs-9 col-sm-10 col-md-8\">\n<p><strong>FUNDAMENTO JUR\u00cdDICO<\/strong><\/p>\n<p>Art\u00edculos 66 y 67 de la Ley de Pensiones para los Trabajadores del  Gobierno del Estado de Oaxaca, art\u00edculos 65, 66, 67,68, 69, 70, 71 y 72 del  Reglamento de Operaci\u00f3n de la Oficina de Pensiones del Estado de Oaxaca.<\/p>\n<\/div>\n<\/div>\n<div class=\"row\" style=\"margin-bottom: 5%\">\n<div class=\"col-xs-0 col-sm-0 col-md-1\"><\/div>\n<div class=\"col-xs-3 col-sm-2 col-md-2\"><img decoding=\"async\" src=\"\/wp-content\/plugins\/catalogo_tramitesyservicios\/img\/servidorpublico.png\"><\/div>\n<div class=\"col-xs-9 col-sm-10 col-md-8\">\n<p><strong>SERVIDOR P\u00daBLICO RESPONSABLE<\/strong><\/p>\n<p>L.A.E. Patricia Cruz G\u00f3mez.<\/p>\n<\/div>\n<\/div>\n<div class=\"row\" style=\"margin-bottom: 5%\">\n<div class=\"col-xs-0 col-sm-0 col-md-1\"><\/div>\n<div class=\"col-xs-3 col-sm-2 col-md-2\"><img decoding=\"async\" src=\"\/wp-content\/plugins\/catalogo_tramitesyservicios\/img\/arearesponsable.png\"><\/div>\n<div class=\"col-xs-9 col-sm-10 col-md-8\">\n<p><strong>\u00c1REA RESPONSABLE<\/strong><\/p>\n<p>Departamento de Prestaciones Econ\u00f3micas<\/p>\n<\/div>\n<\/div>\n<div class=\"row\" style=\"margin-bottom: 5%\">\n<div class=\"col-xs-0 col-sm-0 col-md-1\"><\/div>\n<div class=\"col-xs-3 col-sm-2 col-md-2\"><img decoding=\"async\" src=\"\/wp-content\/plugins\/catalogo_tramitesyservicios\/img\/areadeadscripcion.png\"><\/div>\n<div class=\"col-xs-9 col-sm-10 col-md-8\">\n<p><strong>\u00c1REA DE ADSCRIPCI\u00d3N<\/strong><\/p>\n<p>Direcci\u00f3n de Prestaciones.<\/p>\n<\/div>\n<\/div>\n<div class=\"row\" style=\"margin-bottom: 5%\">\n<div class=\"col-xs-12 col-sm-12 col-md-12\"><a id=\"volver\" href=\"\/pensiones\">Volver<\/a><\/div>\n<\/div>\n<p>&#8216;<\/p>\n","protected":false},"excerpt":{"rendered":"<p>PAGO DE GASTOS DE FUNERAL DESCRIPCI\u00d3N Se entregar\u00e1 a los deudos o persona encargada de los tr\u00e1mites del funeral del jubilado o pensionado fallecido, el importe que corresponde a cuatro meses del sueldo base que ten\u00eda el extinto para Gastos de Funeral. REQUISITOS En el Departamento de Prestaciones Econ\u00f3micas deber\u00e1 presentar escrito dirigido al Director [&hellip;]<\/p>\n","protected":false},"author":1,"featured_media":0,"parent":0,"menu_order":0,"comment_status":"closed","ping_status":"closed","template":"","meta":{"episode_type":"","audio_file":"","podmotor_file_id":"","podmotor_episode_id":"","cover_image":"","cover_image_id":"","duration":"","filesize":"","filesize_raw":"","date_recorded":"","explicit":"","block":"","itunes_episode_number":"","itunes_title":"","itunes_season_number":"","itunes_episode_type":"","footnotes":""},"categories":[],"tags":[],"class_list":["post-4652","page","type-page","status-publish","hentry"],"acf":[],"publishpress_future_action":{"enabled":false,"date":"2026-04-23 19:37:11","action":"change-status","newStatus":"draft","terms":[],"taxonomy":"category","extraData":[]},"publishpress_future_workflow_manual_trigger":{"enabledWorkflows":[]},"_links":{"self":[{"href":"https:\/\/www.oaxaca.gob.mx\/pensiones\/wp-json\/wp\/v2\/pages\/4652","targetHints":{"allow":["GET"]}}],"collection":[{"href":"https:\/\/www.oaxaca.gob.mx\/pensiones\/wp-json\/wp\/v2\/pages"}],"about":[{"href":"https:\/\/www.oaxaca.gob.mx\/pensiones\/wp-json\/wp\/v2\/types\/page"}],"author":[{"embeddable":true,"href":"https:\/\/www.oaxaca.gob.mx\/pensiones\/wp-json\/wp\/v2\/users\/1"}],"replies":[{"embeddable":true,"href":"https:\/\/www.oaxaca.gob.mx\/pensiones\/wp-json\/wp\/v2\/comments?post=4652"}],"version-history":[{"count":0,"href":"https:\/\/www.oaxaca.gob.mx\/pensiones\/wp-json\/wp\/v2\/pages\/4652\/revisions"}],"wp:attachment":[{"href":"https:\/\/www.oaxaca.gob.mx\/pensiones\/wp-json\/wp\/v2\/media?parent=4652"}],"wp:term":[{"taxonomy":"category","embeddable":true,"href":"https:\/\/www.oaxaca.gob.mx\/pensiones\/wp-json\/wp\/v2\/categories?post=4652"},{"taxonomy":"post_tag","embeddable":true,"href":"https:\/\/www.oaxaca.gob.mx\/pensiones\/wp-json\/wp\/v2\/tags?post=4652"}],"curies":[{"name":"wp","href":"https:\/\/api.w.org\/{rel}","templated":true}]}}