{"id":4650,"date":"2016-09-09T09:38:11","date_gmt":"2016-09-09T15:38:11","guid":{"rendered":"https:\/\/www.oaxaca.gob.mx\/pensiones\/?page_id=919"},"modified":"2025-08-26T14:28:59","modified_gmt":"2025-08-26T20:28:59","slug":"prestamo-quirografario-2","status":"publish","type":"page","link":"https:\/\/www.oaxaca.gob.mx\/pensiones\/prestamo-quirografario-2\/","title":{"rendered":"prestamo-quirografario"},"content":{"rendered":"<div class=\"row\" style=\"margin-bottom: 5%\">\n<div class=\"col-xs-3 col-sm-2 col-md-2\"><img decoding=\"async\" src=\"\/wp-content\/plugins\/catalogo_tramitesyservicios\/img\/tramite.png\" alt=\"\" \/><\/div>\n<div class=\"col-xs-9 col-sm-10 col-md-10\" style=\"text-transform: uppercase\"><strong>PR\u00c9STAMO QUIROGRAFARIO<\/strong><\/div>\n<\/div>\n<div class=\"row\" style=\"margin-bottom: 5%\">\n<div class=\"col-xs-0 col-sm-0 col-md-1\"><\/div>\n<div class=\"col-xs-3 col-sm-2 col-md-2\"><img decoding=\"async\" src=\"\/wp-content\/plugins\/catalogo_tramitesyservicios\/img\/descripcion.png\" alt=\"\" \/><\/div>\n<div class=\"col-xs-9 col-sm-10 col-md-8\">\n<p><strong><\/strong><br \/>\nOtorgar a los trabajadores con nombramiento legal, a los jubilados y pensionados del Gobierno del Estado un pr\u00e9stamo quirografario. El monto del pr\u00e9stamo que se autorice al trabajador, jubilado y\/o pensionado ser\u00e1 de acuerdo a sus percepciones y a su aportaci\u00f3n al Fondo de Pensiones.<\/p>\n<\/div>\n<div class=\"col-xs-0 col-sm-0 col-md-1\"><\/div>\n<\/div>\n<div class=\"row\" style=\"margin-bottom: 5%\">\n<div class=\"col-xs-0 col-sm-0 col-md-1\"><\/div>\n<div class=\"col-xs-3 col-sm-2 col-md-2\"><img decoding=\"async\" src=\"\/wp-content\/plugins\/catalogo_tramitesyservicios\/img\/descripcion.png\" alt=\"\" \/><\/div>\n<div class=\"col-xs-9 col-sm-10 col-md-8\">\n<p><strong>REQUISITOS<\/strong><\/p>\n<table cellspacing=\"0\" cellpadding=\"0\" align=\"left\">\n<tbody>\n<tr>\n<td align=\"left\" valign=\"top\">\n<p style=\"text-align: justify\">\n<p>REQUISITOS<br \/>\nEl trabajador con nombramiento legal, jubilado o pensionado, deber\u00e1 presentarse personalmente en el Departamento de Prestaciones Econ\u00f3micas  para la elaboraci\u00f3n de la Solicitud de Pr\u00e9stamo.<\/p>\n<p>DOCUMENTACI\u00d3N REQUERIDA<br \/>\n1. Original del recibo de pago m\u00e1s reciente, en donde conste que no tiene adeudo por pr\u00e9stamo quirografario.<br \/>\n2. Fotocopia del recibo de pago m\u00e1s reciente de cada uno de los avales, en caso de que su importe de contribuci\u00f3n al Fondo de Pensiones no alcance a cubrir la cantidad solicitada.<br \/>\n3. Original del comprobante de domicilio reciente del solicitante y de los avales en su caso para cotejo.<br \/>\n4. Identificaci\u00f3n vigente con fotograf\u00eda (INE, pasaporte, c\u00e9dula profesional, etc.)<br \/>\nNota: En caso de trabajadores con menos de 5 a\u00f1os de antig\u00fcedad deber\u00e1n presentar copia de su primer nombramiento.<br \/>\nSi el trabajador tiene menos de 5 a\u00f1os, deber\u00e1 presentar dos avales; si tiene m\u00e1s de 5 a\u00f1os pero menos de 10 a\u00f1os, deber\u00e1 presentar un aval.<\/p>\n<p>HORARIO DE ATENCI\u00d3N<br \/>\nDe Lunes a Mi\u00e9rcoles de 12:00 \u2013 14:00 hrs.<\/p>\n<\/div>\n<\/div>\n<\/div>\n<\/div>\n<div class=\"row\" style=\"margin-bottom: 5%\">\n<div class=\"col-xs-3 col-sm-2 col-md-2\">\u00a0 \u00a0 \u00a0<img decoding=\"async\" src=\"\/wp-content\/plugins\/catalogo_tramitesyservicios\/img\/fundamentojuridico.png\" alt=\"\" \/><\/div>\n<div class=\"col-xs-9 col-sm-10 col-md-8\">\n<strong>\u00a0 FUNDAMENTO JUR\u00cdDICO<\/strong><\/p>\n<p style=\"text-align: justify\"><strong>Art\u00edculo 73.-<\/strong> Podr\u00e1 ser beneficiario de un pr\u00e9stamo quirografario el trabajador jubilado o pensionado que re\u00fana los requisitos se\u00f1alados en los art\u00edculos 68, 69, 70 Y 71 de la Ley.<\/p>\n<\/div>\n<\/div>\n<div class=\"row\" style=\"margin-bottom: 5%\">\n<div class=\"col-xs-0 col-sm-0 col-md-1\"><\/div>\n<div class=\"col-xs-3 col-sm-2 col-md-2\"><img decoding=\"async\" src=\"\/wp-content\/plugins\/catalogo_tramitesyservicios\/img\/servidorpublico.png\" alt=\"\" \/><\/div>\n<div class=\"col-xs-9 col-sm-10 col-md-8\">\n<p><strong>SERVIDOR P\u00daBLICO RESPONSABLE<\/strong><\/p>\n<p>L.A.T. LUCERO V\u00c1SQUEZ RAM\u00cdREZ<\/p>\n<\/div>\n<\/div>\n<div class=\"row\" style=\"margin-bottom: 5%\">\n<div class=\"col-xs-0 col-sm-0 col-md-1\"><\/div>\n<div class=\"col-xs-3 col-sm-2 col-md-2\"><img decoding=\"async\" src=\"\/wp-content\/plugins\/catalogo_tramitesyservicios\/img\/arearesponsable.png\" alt=\"\" \/><\/div>\n<div class=\"col-xs-9 col-sm-10 col-md-8\">\n<p><strong>\u00c1REA RESPONSABLE<\/strong><\/p>\n<p>Departamento de Prestaciones Econ\u00f3micas<\/p>\n<\/div>\n<\/div>\n<div class=\"row\" style=\"margin-bottom: 5%\">\n<div class=\"col-xs-0 col-sm-0 col-md-1\"><\/div>\n<div class=\"col-xs-3 col-sm-2 col-md-2\"><img decoding=\"async\" src=\"\/wp-content\/plugins\/catalogo_tramitesyservicios\/img\/areadeadscripcion.png\" alt=\"\" \/><\/div>\n<p><strong>\u00c1REA DE ADSCRIPCI\u00d3N<\/strong><\/p>\n<p>Direcci\u00f3n de Prestaciones.<\/p>\n<\/div>\n<div class=\"row\" style=\"margin-bottom: 5%\">\n<div class=\"col-xs-12 col-sm-12 col-md-12\"><a id=\"volver\" href=\"\/pensiones\">Volver<\/a><\/div>\n<\/div>\n<p>&nbsp;<\/p>\n","protected":false},"excerpt":{"rendered":"<p>PR\u00c9STAMO QUIROGRAFARIO Otorgar a los trabajadores con nombramiento legal, a los jubilados y pensionados del Gobierno del Estado un pr\u00e9stamo quirografario. El monto del pr\u00e9stamo que se autorice al trabajador, jubilado y\/o pensionado ser\u00e1 de acuerdo a sus percepciones y a su aportaci\u00f3n al Fondo de Pensiones. REQUISITOS REQUISITOS El trabajador con nombramiento legal, jubilado [&hellip;]<\/p>\n","protected":false},"author":1,"featured_media":0,"parent":0,"menu_order":0,"comment_status":"closed","ping_status":"closed","template":"","meta":{"episode_type":"","audio_file":"","podmotor_file_id":"","podmotor_episode_id":"","cover_image":"","cover_image_id":"","duration":"","filesize":"","filesize_raw":"","date_recorded":"","explicit":"","block":"","itunes_episode_number":"","itunes_title":"","itunes_season_number":"","itunes_episode_type":"","footnotes":""},"categories":[],"tags":[],"class_list":["post-4650","page","type-page","status-publish","hentry"],"acf":[],"publishpress_future_action":{"enabled":false,"date":"2026-04-23 19:37:09","action":"change-status","newStatus":"draft","terms":[],"taxonomy":"category","extraData":[]},"publishpress_future_workflow_manual_trigger":{"enabledWorkflows":[]},"_links":{"self":[{"href":"https:\/\/www.oaxaca.gob.mx\/pensiones\/wp-json\/wp\/v2\/pages\/4650","targetHints":{"allow":["GET"]}}],"collection":[{"href":"https:\/\/www.oaxaca.gob.mx\/pensiones\/wp-json\/wp\/v2\/pages"}],"about":[{"href":"https:\/\/www.oaxaca.gob.mx\/pensiones\/wp-json\/wp\/v2\/types\/page"}],"author":[{"embeddable":true,"href":"https:\/\/www.oaxaca.gob.mx\/pensiones\/wp-json\/wp\/v2\/users\/1"}],"replies":[{"embeddable":true,"href":"https:\/\/www.oaxaca.gob.mx\/pensiones\/wp-json\/wp\/v2\/comments?post=4650"}],"version-history":[{"count":1,"href":"https:\/\/www.oaxaca.gob.mx\/pensiones\/wp-json\/wp\/v2\/pages\/4650\/revisions"}],"predecessor-version":[{"id":9852,"href":"https:\/\/www.oaxaca.gob.mx\/pensiones\/wp-json\/wp\/v2\/pages\/4650\/revisions\/9852"}],"wp:attachment":[{"href":"https:\/\/www.oaxaca.gob.mx\/pensiones\/wp-json\/wp\/v2\/media?parent=4650"}],"wp:term":[{"taxonomy":"category","embeddable":true,"href":"https:\/\/www.oaxaca.gob.mx\/pensiones\/wp-json\/wp\/v2\/categories?post=4650"},{"taxonomy":"post_tag","embeddable":true,"href":"https:\/\/www.oaxaca.gob.mx\/pensiones\/wp-json\/wp\/v2\/tags?post=4650"}],"curies":[{"name":"wp","href":"https:\/\/api.w.org\/{rel}","templated":true}]}}