{"id":4649,"date":"2016-09-09T09:34:36","date_gmt":"2016-09-09T15:34:36","guid":{"rendered":"https:\/\/www.oaxaca.gob.mx\/pensiones\/?page_id=915"},"modified":"2025-08-26T14:28:51","modified_gmt":"2025-08-26T20:28:51","slug":"prestamo-hipotecario-2","status":"publish","type":"page","link":"https:\/\/www.oaxaca.gob.mx\/pensiones\/prestamo-hipotecario-2\/","title":{"rendered":"prestamo-hipotecario"},"content":{"rendered":"<div class=\"row\" style=\"margin-bottom: 5%\">\n<div class=\"col-xs-3 col-sm-2 col-md-2\"><img decoding=\"async\" src=\"\/wp-content\/plugins\/catalogo_tramitesyservicios\/img\/tramite.png\" alt=\"\" \/><\/div>\n<div class=\"col-xs-9 col-sm-10 col-md-10\" style=\"text-transform: uppercase\"><strong>PR\u00c9STAMO HIPOTECARIO<\/strong><\/div>\n<\/div>\n<div class=\"row\" style=\"margin-bottom: 5%\">\n<div class=\"col-xs-0 col-sm-0 col-md-1\"><\/div>\n<div class=\"col-xs-3 col-sm-2 col-md-2\"><img decoding=\"async\" src=\"\/wp-content\/plugins\/catalogo_tramitesyservicios\/img\/descripcion.png\" alt=\"\" \/><\/div>\n<div class=\"col-xs-9 col-sm-10 col-md-8\">\n<p><strong><br \/>\n\u2022\tPara compra de terreno o casa habitaci\u00f3n<br \/>\n\u2022\tPara construcci\u00f3n, ampliaci\u00f3n o reparaci\u00f3n de casa habitaci\u00f3n<br \/>\n\u2022\tPara redimir grav\u00e1menes de bienes inmuebles<br \/>\n<\/strong><\/p>\n<p><strong>DESCRIPCI\u00d3N<\/strong><br \/>\nOtorgar a los trabajadores con nombramiento legal, a los jubilados y pensionados del Gobierno del Estado un pr\u00e9stamo hipotecario. El monto del pr\u00e9stamo ser\u00e1 hasta por 125 meses de salario m\u00ednimo sin que el monto pueda ser mayor del 100% del valor comercial del inmueble materia de la operaci\u00f3n.<\/p>\n<\/div>\n<div class=\"col-xs-0 col-sm-0 col-md-1\"><\/div>\n<\/div>\n<div class=\"row\" style=\"margin-bottom: 5%\">\n<div class=\"col-xs-0 col-sm-0 col-md-1\"><\/div>\n<div class=\"col-xs-3 col-sm-2 col-md-2\"><img decoding=\"async\" src=\"\/wp-content\/plugins\/catalogo_tramitesyservicios\/img\/descripcion.png\" alt=\"\" \/><\/div>\n<div class=\"col-xs-9 col-sm-10 col-md-8\">\n<p><strong>REQUISITOS<\/strong><\/p>\n<table cellspacing=\"0\" cellpadding=\"0\" align=\"left\">\n<tbody>\n<tr>\n<td align=\"left\" valign=\"top\">El trabajador con nombramiento legal, jubilado o pensionado, deber\u00e1 presentar en el Departamento de Prestaciones Econ\u00f3micas Solicitud de Pr\u00e9stamo, que deber\u00e1 contener  nombre completo del solicitante, RFC, tipo de nombramiento, nivel y categor\u00eda actual que ostenta, adscripci\u00f3n, dependencia, domicilio y n\u00famero de tel\u00e9fono del solicitante, tipo de tr\u00e1mite que solicita, y debidamente firmada la solicitud; manifestando  su conformidad    para  que  se le efect\u00faen  los descuentos  pactados, anexando la documentaci\u00f3n requerida.<\/p>\n<p>DOCUMENTACI\u00d3N REQUERIDA<br \/>\n\u2022\tPara compra de terreno o casa habitaci\u00f3n<br \/>\na. Contrato de promesa de compra-venta notarial.<br \/>\nb. Fotocopia  de  la  escritura  que  ampare  la  propiedad  del  vendedor  y que tenga inscripci\u00f3n definitiva ante el Registro P\u00fablico de la Propiedad.<br \/>\nc. Original y fotocopia de aval\u00fao comercial.<br \/>\nd. Original y fotocopia de Certificado de Libertad de Gravamen del terreno o casa habitaci\u00f3n, expedido por el Registro P\u00fablico de la Propiedad y que comprender\u00e1 un per\u00edodo de 10 a\u00f1os anteriores a la fecha de solicitud.<br \/>\ne. Copia   certificada   del  acta   de   matrimonio,   en   caso   de   ser  soltero(a)<br \/>\nmanifestarlo por escrito<br \/>\nf. Fotocopia del pago predial al corriente.<br \/>\ng. Fotocopia  del  primer  nombramiento   como  trabajador  del  Gobierno  del<br \/>\nEstado.<br \/>\nh. Copia certificada por el registro civil del acta de nacimiento del interesado.<br \/>\ni. Fotocopia del recibo de pago de sus percepciones.<br \/>\nj. Croquis de localizaci\u00f3n del predio y del domicilio particular.<\/p>\n<p>\u2022\tPara construcci\u00f3n, ampliaci\u00f3n o reparaci\u00f3n de casa habitaci\u00f3n<br \/>\nAdem\u00e1s de los requisitos se\u00f1alados en el pr\u00e9stamo para compra de casa o terreno, excepto los requisitos a) y b) deber\u00e1n presentar:<br \/>\na. Escritura original de propiedad inscrita con car\u00e1cter definitivo en el Registro<br \/>\nP\u00fablico de la Propiedad.<br \/>\nb. Planos o croquis de construcci\u00f3n autorizados por la autoridad competente<br \/>\nc. Fotocopia del alineamiento oficial, expedido por la autoridad competente.<br \/>\nd. Fotocopia   de  la  licencia   de  construcci\u00f3n,   expedida   por  la  autoridad competente.<br \/>\nEn el caso de que en el municipio al que corresponda el predio no se requieran los requisitos contemplados en los incisos b, c y d,  bastar\u00e1 con presentar la manifestaci\u00f3n de esto por escrito de la autoridad municipal.<\/p>\n<p>\u2022\tPara redimir grav\u00e1menes de bienes inmuebles<br \/>\nAdem\u00e1s de los requisitos se\u00f1alados en el pr\u00e9stamo para compra de casa o terreno, excepto los requisitos a) y b) deber\u00e1n presentar:<br \/>\na. Copia certificada de la escritura.<br \/>\nb. Constancia de saldo actual del adeudo por redimir.<br \/>\nc. Copia certificada del contrato de hipoteca por redimir.<\/p>\n<p>HORARIO DE ATENCI\u00d3N<br \/>\nDe Lunes a Viernes de 9:00 \u2013 15:00 hrs.<br \/>\n.<\/td>\n<\/tr>\n<\/tbody>\n<\/table>\n<p>&nbsp;<\/p>\n<p>.<\/p>\n<p>&nbsp;<\/p>\n<\/div>\n<div class=\"col-xs-0 col-sm-0 col-md-1\"><\/div>\n<\/div>\n<div class=\"row\" style=\"margin-bottom: 5%\">\n<div class=\"col-xs-0 col-sm-0 col-md-1\"><\/div>\n<div class=\"col-xs-3 col-sm-2 col-md-2\"><img decoding=\"async\" src=\"\/wp-content\/plugins\/catalogo_tramitesyservicios\/img\/fundamentojuridico.png\" alt=\"\" \/><\/div>\n<div class=\"col-xs-9 col-sm-10 col-md-8\">\n<p><strong>FUNDAMENTO JUR\u00cdDICO<\/strong><\/p>\n<p>Ley de Pensiones para los Trabajadores del Gobierno del Estado de Oaxaca, art\u00edculo 68, 69, 72, 73, 74, 75,76 y 77. Publicada en el Peri\u00f3dico Oficial No. 4 de fecha 28 de enero de 2012. Reglamento de Operaci\u00f3n de la Oficina de Pensiones del Estado de Oaxaca, art\u00edculos 72, 73, 74, 75, 76, 77 y sexto transitorio. Publicado en el Peri\u00f3dico Oficial Extra de fecha 14 de junio del a\u00f1o 2012.<\/p>\n<\/div>\n<\/div>\n<div class=\"row\" style=\"margin-bottom: 5%\">\n<div class=\"col-xs-0 col-sm-0 col-md-1\"><\/div>\n<div class=\"col-xs-3 col-sm-2 col-md-2\"><img decoding=\"async\" src=\"\/wp-content\/plugins\/catalogo_tramitesyservicios\/img\/servidorpublico.png\" alt=\"\" \/><\/div>\n<div class=\"col-xs-9 col-sm-10 col-md-8\">\n<p><strong>SERVIDOR P\u00daBLICO RESPONSABLE<\/strong><\/p>\n<p>L.A.T. LUCERO V\u00c1SQUEZ RAM\u00cdREZ<\/p>\n<\/div>\n<\/div>\n<div class=\"row\" style=\"margin-bottom: 5%\">\n<div class=\"col-xs-0 col-sm-0 col-md-1\"><\/div>\n<div class=\"col-xs-3 col-sm-2 col-md-2\"><img decoding=\"async\" src=\"\/wp-content\/plugins\/catalogo_tramitesyservicios\/img\/arearesponsable.png\" alt=\"\" \/><\/div>\n<div class=\"col-xs-9 col-sm-10 col-md-8\">\n<p><strong>\u00c1REA RESPONSABLE<\/strong><\/p>\n<p>Departamento de Prestaciones Econ\u00f3micas<\/p>\n<\/div>\n<\/div>\n<div class=\"row\" style=\"margin-bottom: 5%\">\n<div class=\"col-xs-0 col-sm-0 col-md-1\"><\/div>\n<div class=\"col-xs-3 col-sm-2 col-md-2\"><img decoding=\"async\" src=\"\/wp-content\/plugins\/catalogo_tramitesyservicios\/img\/areadeadscripcion.png\" alt=\"\" \/><\/div>\n<div class=\"col-xs-9 col-sm-10 col-md-8\">\n<p><strong>\u00c1REA DE ADSCRIPCI\u00d3N<\/strong><\/p>\n<p>Direcci\u00f3n de Prestaciones<\/p>\n<\/div>\n<\/div>\n<div class=\"row\" style=\"margin-bottom: 5%\">\n<div class=\"col-xs-12 col-sm-12 col-md-12\"><a id=\"volver\" href=\"\/pensiones\">Volver<\/a><\/div>\n<\/div>\n<p>&nbsp;<\/p>\n","protected":false},"excerpt":{"rendered":"<p>PR\u00c9STAMO HIPOTECARIO \u2022 Para compra de terreno o casa habitaci\u00f3n \u2022 Para construcci\u00f3n, ampliaci\u00f3n o reparaci\u00f3n de casa habitaci\u00f3n \u2022 Para redimir grav\u00e1menes de bienes inmuebles DESCRIPCI\u00d3N Otorgar a los trabajadores con nombramiento legal, a los jubilados y pensionados del Gobierno del Estado un pr\u00e9stamo hipotecario. El monto del pr\u00e9stamo ser\u00e1 hasta por 125 meses [&hellip;]<\/p>\n","protected":false},"author":1,"featured_media":0,"parent":0,"menu_order":0,"comment_status":"closed","ping_status":"closed","template":"","meta":{"episode_type":"","audio_file":"","podmotor_file_id":"","podmotor_episode_id":"","cover_image":"","cover_image_id":"","duration":"","filesize":"","filesize_raw":"","date_recorded":"","explicit":"","block":"","itunes_episode_number":"","itunes_title":"","itunes_season_number":"","itunes_episode_type":"","footnotes":""},"categories":[],"tags":[],"class_list":["post-4649","page","type-page","status-publish","hentry"],"acf":[],"publishpress_future_action":{"enabled":false,"date":"2026-04-23 19:37:19","action":"change-status","newStatus":"draft","terms":[],"taxonomy":"category","extraData":[]},"publishpress_future_workflow_manual_trigger":{"enabledWorkflows":[]},"_links":{"self":[{"href":"https:\/\/www.oaxaca.gob.mx\/pensiones\/wp-json\/wp\/v2\/pages\/4649","targetHints":{"allow":["GET"]}}],"collection":[{"href":"https:\/\/www.oaxaca.gob.mx\/pensiones\/wp-json\/wp\/v2\/pages"}],"about":[{"href":"https:\/\/www.oaxaca.gob.mx\/pensiones\/wp-json\/wp\/v2\/types\/page"}],"author":[{"embeddable":true,"href":"https:\/\/www.oaxaca.gob.mx\/pensiones\/wp-json\/wp\/v2\/users\/1"}],"replies":[{"embeddable":true,"href":"https:\/\/www.oaxaca.gob.mx\/pensiones\/wp-json\/wp\/v2\/comments?post=4649"}],"version-history":[{"count":1,"href":"https:\/\/www.oaxaca.gob.mx\/pensiones\/wp-json\/wp\/v2\/pages\/4649\/revisions"}],"predecessor-version":[{"id":9851,"href":"https:\/\/www.oaxaca.gob.mx\/pensiones\/wp-json\/wp\/v2\/pages\/4649\/revisions\/9851"}],"wp:attachment":[{"href":"https:\/\/www.oaxaca.gob.mx\/pensiones\/wp-json\/wp\/v2\/media?parent=4649"}],"wp:term":[{"taxonomy":"category","embeddable":true,"href":"https:\/\/www.oaxaca.gob.mx\/pensiones\/wp-json\/wp\/v2\/categories?post=4649"},{"taxonomy":"post_tag","embeddable":true,"href":"https:\/\/www.oaxaca.gob.mx\/pensiones\/wp-json\/wp\/v2\/tags?post=4649"}],"curies":[{"name":"wp","href":"https:\/\/api.w.org\/{rel}","templated":true}]}}