{"id":420,"date":"2016-04-14T10:00:10","date_gmt":"2016-04-14T16:00:10","guid":{"rendered":"https:\/\/www.oaxaca.gob.mx\/pensiones\/?page_id=420"},"modified":"2016-04-14T10:00:10","modified_gmt":"2016-04-14T16:00:10","slug":"direccion-de-prestaciones-economicas","status":"publish","type":"page","link":"https:\/\/www.oaxaca.gob.mx\/pensiones\/direccion-de-prestaciones-economicas\/","title":{"rendered":"Direcci\u00f3n de Prestaciones"},"content":{"rendered":"<p style=\"text-align: justify\">1.- OBJETIVO GENERAL<\/p>\n<p style=\"text-align: justify\">Planear, coordinar y supervisar el otorgamiento de las prestaciones  previstas en la Ley de Pensiones para los Trabajadores del Gobierno del Estado de Oaxaca,  as\u00ed como a Jubilados, Pensionados y Pensionistas, garantizando una atenci\u00f3n eficiente y eficaz.<\/p>\n<p style=\"text-align: justify\">2.- FUNCIONES ESPEC\u00cdFICAS<\/p>\n<ul style=\"text-align: justify\">\nPlanear y operar oportunamente de acuerdo al techo financiero previamente aprobado por el Consejo Directivo, los programas de prestaciones econ\u00f3micas  correspondientes  a cr\u00e9ditos.<br \/>\nSupervisar la administraci\u00f3n de los recursos financieros para el otorgamiento de prestaciones econ\u00f3micas vigilando que \u00e9sta se lleve a cabo  con estricto apego a la normatividad.<br \/>\nSupervisar la atenci\u00f3n que se brinda a los aportantes del Fondo de Pensiones, jubilados, pensionados y pensionistas del Gobierno del Estado para asegurar la eficaz y eficiente atenci\u00f3n sobre las diferentes prestaciones econ\u00f3micas, sociales y culturales, de acuerdo a las disposiciones legales, convenios, acuerdos y a la normatividad vigente.<br \/>\nSupervisar el otorgamiento justo y oportuno de las prestaciones sociales y culturales que se brindan a los trabajadores, jubilados, pensionados y pensionistas.<br \/>\nSupervisar que los expedientes para el otorgamiento de pr\u00e9stamos hipotecarios que habr\u00e1 de presentar el Director General al Consejo Directivo se integren debidamente<br \/>\nSupervisar que los descuentos para la recuperaci\u00f3n de los pr\u00e9stamos hayan sido efectuados y enterados a la oficina de Pensiones oportunamente.<br \/>\nSupervisar que las aportaciones y cuotas al Fondo de PA.<br \/>\nExpedir constancias de no adeudo de pr\u00e9stamos  as\u00ed como constancias de aportaci\u00f3n al Fondo de Pensiones.<br \/>\nProporcionar la informaci\u00f3n que le requiera la Unidad de Enlace, en cumplimiento a la Ley de Transparencia y Acceso a la Informaci\u00f3n P\u00fablica para el Estado de Oaxaca.<br \/>\nCoordinar y supervisar las funciones del personal bajo su mando.<br \/>\nLas dem\u00e1s que le se\u00f1ale la superioridad y los ordenamientos legales afines y vigentes.<\/li>\n<\/ul>\n<p style=\"text-align: justify\">\n<p style=\"text-align: justify\">\u00a03.- CAMPO DECISIONAL<\/p>\n<p style=\"text-align: justify\">Determinaci\u00f3n de actividades sociales, culturales y deportivas para Jubilados, Pensionados y Pensionistas.<br \/>\nExpedici\u00f3n de constancias de no adeudo de pr\u00e9stamos y de aportaci\u00f3n  al Fondo de Pensiones.<\/p>\n","protected":false},"excerpt":{"rendered":"<p>1.- OBJETIVO GENERAL Planear, coordinar y supervisar el otorgamiento de las prestaciones previstas en la Ley de Pensiones para los Trabajadores del Gobierno del Estado de Oaxaca, as\u00ed como a Jubilados, Pensionados y Pensionistas, garantizando una atenci\u00f3n eficiente y eficaz. 2.- FUNCIONES ESPEC\u00cdFICAS Planear y operar oportunamente de acuerdo al techo financiero previamente aprobado por [&hellip;]<\/p>\n","protected":false},"author":1,"featured_media":0,"parent":0,"menu_order":0,"comment_status":"closed","ping_status":"closed","template":"","meta":{"episode_type":"","audio_file":"","podmotor_file_id":"","podmotor_episode_id":"","cover_image":"","cover_image_id":"","duration":"","filesize":"","filesize_raw":"","date_recorded":"","explicit":"","block":"","itunes_episode_number":"","itunes_title":"","itunes_season_number":"","itunes_episode_type":"","footnotes":""},"categories":[],"tags":[],"class_list":["post-420","page","type-page","status-publish","hentry"],"acf":[],"publishpress_future_action":{"enabled":false,"date":"2026-04-23 19:37:42","action":"change-status","newStatus":"draft","terms":[],"taxonomy":"category","extraData":[]},"publishpress_future_workflow_manual_trigger":{"enabledWorkflows":[]},"_links":{"self":[{"href":"https:\/\/www.oaxaca.gob.mx\/pensiones\/wp-json\/wp\/v2\/pages\/420","targetHints":{"allow":["GET"]}}],"collection":[{"href":"https:\/\/www.oaxaca.gob.mx\/pensiones\/wp-json\/wp\/v2\/pages"}],"about":[{"href":"https:\/\/www.oaxaca.gob.mx\/pensiones\/wp-json\/wp\/v2\/types\/page"}],"author":[{"embeddable":true,"href":"https:\/\/www.oaxaca.gob.mx\/pensiones\/wp-json\/wp\/v2\/users\/1"}],"replies":[{"embeddable":true,"href":"https:\/\/www.oaxaca.gob.mx\/pensiones\/wp-json\/wp\/v2\/comments?post=420"}],"version-history":[{"count":0,"href":"https:\/\/www.oaxaca.gob.mx\/pensiones\/wp-json\/wp\/v2\/pages\/420\/revisions"}],"wp:attachment":[{"href":"https:\/\/www.oaxaca.gob.mx\/pensiones\/wp-json\/wp\/v2\/media?parent=420"}],"wp:term":[{"taxonomy":"category","embeddable":true,"href":"https:\/\/www.oaxaca.gob.mx\/pensiones\/wp-json\/wp\/v2\/categories?post=420"},{"taxonomy":"post_tag","embeddable":true,"href":"https:\/\/www.oaxaca.gob.mx\/pensiones\/wp-json\/wp\/v2\/tags?post=420"}],"curies":[{"name":"wp","href":"https:\/\/api.w.org\/{rel}","templated":true}]}}