{"id":418,"date":"2016-04-14T09:48:10","date_gmt":"2016-04-14T15:48:10","guid":{"rendered":"https:\/\/www.oaxaca.gob.mx\/pensiones\/?page_id=418"},"modified":"2016-04-14T09:48:10","modified_gmt":"2016-04-14T15:48:10","slug":"direccion-general","status":"publish","type":"page","link":"https:\/\/www.oaxaca.gob.mx\/pensiones\/direccion-general\/","title":{"rendered":"Direcci\u00f3n General"},"content":{"rendered":"<p>1.- OBJETIVO GENERAL<\/p>\n<p>Organizar, dirigir y controlar la Oficina de Pensiones del Estado de Oaxaca, administrando el Fondo de Pensiones y promoviendo las prestaciones previstas en la Ley de Pensiones para los Trabajadores del Gobierno del Estado de Oaxaca.<\/p>\n<p style=\"text-align: justify\">2.- FUNCIONES ESPEC\u00cdFICAS<\/p>\n<p style=\"text-align: justify\">Representar a la Oficina de Pensiones y ser el ejecutor de los acuerdos del Consejo Directivo con las facultades y obligaciones que le confiere la Ley de Pensiones para los Trabajadores del Gobierno del Estado de Oaxaca.<br \/>\nPresentar  al Consejo Directivo el  Proyecto del Presupuesto Anual de Egresos de la Oficina de Pensiones y los Estados Financieros trimestrales y anuales para su autorizaci\u00f3n.<br \/>\nEvaluar permanentemente la situaci\u00f3n financiera del Fondo de Pensiones para informar al Consejo Directivo la situaci\u00f3n que guarda.<br \/>\nPresentar anualmente al Consejo Directivo las propuestas correspondientes al techo financiero a ejercer en los programas, para su aprobaci\u00f3n y acuerdo correspondiente.<br \/>\nDeterminar conforme a sus facultades aquellos asuntos que deber\u00e1n someterse al Consejo Directivo, para el acuerdo correspondiente.<br \/>\nDefinir y establecer con las \u00e1reas administrativas que integran la Oficina de Pensiones, los mecanismos necesarios que permitan la eficiencia en el cumplimiento de las disposiciones normativas y reglamentarias que regulan a la Oficina de Pensiones.<br \/>\nValidar el Programa Operativo Anual a ejercer en el ejercicio correspondiente el cual ser\u00e1 presentado ante la instancia competente para su autorizaci\u00f3n.<br \/>\nVigilar que las \u00e1reas administrativas den cumplimiento a lo establecido dentro del programa Operativo Anual de la Oficina de Pensiones.<br \/>\nCoordinar con el Departamento Administrativo el aprovechamiento de los  recursos humanos, financieros y materiales en beneficio de la Oficina de Pensiones.<br \/>\nCoordinar con el Director de Prestaciones que la entrega de los cr\u00e9ditos hipotecarios  y de corto plazo se efect\u00faen de manera oportuna.<br \/>\nCoordinar  y evaluar con la Direcci\u00f3n de Prestaciones, que los descuentos por concepto de cr\u00e9ditos se efect\u00faen a los acreditados  de manera oportuna.<br \/>\nSupervisar con   el Director de Prestaciones que los pagos de gastos de funeral y devoluciones del Fondo de Pensiones se realicen de acuerdo con lo establecido.<br \/>\nSupervisar que los pagos de pensiones a los jubilados, pensionados y pensionistas del Gobierno del Estado, as\u00ed como a los trabajadores federalizados al servicio de la educaci\u00f3n se realicen de manera oportuna, solicitando del mismo modo los recursos correspondientes.<br \/>\nRatificar que los servicios sociales y programas que presta la Oficina de Pensiones a los jubilados, pensionados y pensionistas del Gobierno del Estado se otorguen en las mejores condiciones posibles.<br \/>\nDar cumplimiento a los acuerdos contra\u00eddos con personas f\u00edsicas o morales en beneficio de la Oficina de Pensiones.<br \/>\nSupervisar el desempe\u00f1o de la Unidad de Enlace para el cumplimiento eficaz de las disposiciones de transparencia y acceso a la informaci\u00f3n p\u00fablica de la Oficina de Pensiones.<br \/>\nDirigir, supervisar y evaluar las funciones del personal bajo su mando.<br \/>\nLas dem\u00e1s que le fijen las Leyes, los reglamentos y aquellas que expresamente le asigne el Consejo Directivo.<\/p>\n<p style=\"text-align: justify\">3.- CAMPO DECISIONAL<\/p>\n<p style=\"text-align: justify\">Planear, dirigir y controlar las funciones y actividades que habr\u00e1n de desarrollar las \u00e1reas administrativas de la Oficina de Pensiones.<\/p>\n","protected":false},"excerpt":{"rendered":"<p>1.- OBJETIVO GENERAL Organizar, dirigir y controlar la Oficina de Pensiones del Estado de Oaxaca, administrando el Fondo de Pensiones y promoviendo las prestaciones previstas en la Ley de Pensiones para los Trabajadores del Gobierno del Estado de Oaxaca. 2.- FUNCIONES ESPEC\u00cdFICAS Representar a la Oficina de Pensiones y ser el ejecutor de los acuerdos [&hellip;]<\/p>\n","protected":false},"author":1,"featured_media":0,"parent":0,"menu_order":0,"comment_status":"closed","ping_status":"closed","template":"","meta":{"episode_type":"","audio_file":"","podmotor_file_id":"","podmotor_episode_id":"","cover_image":"","cover_image_id":"","duration":"","filesize":"","filesize_raw":"","date_recorded":"","explicit":"","block":"","itunes_episode_number":"","itunes_title":"","itunes_season_number":"","itunes_episode_type":"","footnotes":""},"categories":[],"tags":[],"class_list":["post-418","page","type-page","status-publish","hentry"],"acf":[],"publishpress_future_action":{"enabled":false,"date":"2026-04-23 19:36:09","action":"change-status","newStatus":"draft","terms":[],"taxonomy":"category","extraData":[]},"publishpress_future_workflow_manual_trigger":{"enabledWorkflows":[]},"_links":{"self":[{"href":"https:\/\/www.oaxaca.gob.mx\/pensiones\/wp-json\/wp\/v2\/pages\/418","targetHints":{"allow":["GET"]}}],"collection":[{"href":"https:\/\/www.oaxaca.gob.mx\/pensiones\/wp-json\/wp\/v2\/pages"}],"about":[{"href":"https:\/\/www.oaxaca.gob.mx\/pensiones\/wp-json\/wp\/v2\/types\/page"}],"author":[{"embeddable":true,"href":"https:\/\/www.oaxaca.gob.mx\/pensiones\/wp-json\/wp\/v2\/users\/1"}],"replies":[{"embeddable":true,"href":"https:\/\/www.oaxaca.gob.mx\/pensiones\/wp-json\/wp\/v2\/comments?post=418"}],"version-history":[{"count":0,"href":"https:\/\/www.oaxaca.gob.mx\/pensiones\/wp-json\/wp\/v2\/pages\/418\/revisions"}],"wp:attachment":[{"href":"https:\/\/www.oaxaca.gob.mx\/pensiones\/wp-json\/wp\/v2\/media?parent=418"}],"wp:term":[{"taxonomy":"category","embeddable":true,"href":"https:\/\/www.oaxaca.gob.mx\/pensiones\/wp-json\/wp\/v2\/categories?post=418"},{"taxonomy":"post_tag","embeddable":true,"href":"https:\/\/www.oaxaca.gob.mx\/pensiones\/wp-json\/wp\/v2\/tags?post=418"}],"curies":[{"name":"wp","href":"https:\/\/api.w.org\/{rel}","templated":true}]}}