{"id":404,"date":"2016-04-14T08:56:10","date_gmt":"2016-04-14T14:56:10","guid":{"rendered":"https:\/\/www.oaxaca.gob.mx\/pensiones\/?page_id=404"},"modified":"2016-04-14T08:56:10","modified_gmt":"2016-04-14T14:56:10","slug":"depto-normatividad-seguimiento-y-control","status":"publish","type":"page","link":"https:\/\/www.oaxaca.gob.mx\/pensiones\/depto-normatividad-seguimiento-y-control\/","title":{"rendered":"Depto. Normatividad Seguimiento y Control"},"content":{"rendered":"<p style=\"text-align: justify\">1.- OBJETIVO GENERAL<\/p>\n<p style=\"text-align: justify\">Impulsar el desarrollo normativo y administrativo de la Oficina de Pensiones, estableciendo herramientas y mecanismos encaminados a propiciar el \u00f3ptimo funcionamiento de las diferentes \u00e1reas que la conforman, acordes a los criterios establecidos por el Consejo Directivo y el Director General.<\/p>\n<p style=\"text-align: justify\">2.- FUNCIONES ESPEC\u00cdFICAS<\/p>\n<ul style=\"text-align: justify\">\n\tMantener actualizado el marco normativo de la Oficina de Pensiones.<br \/>\nDise\u00f1ar, desarrollar y difundir disposiciones normativas y herramientas administrativas aplicables en las diferentes \u00e1reas de la Oficina de Pensiones.<br \/>\nAsistir al Director General en la planeaci\u00f3n, organizaci\u00f3n y desarrollo de las asambleas del Consejo Directivo de la Oficina de Pensiones.<br \/>\nDar seguimiento a la ejecuci\u00f3n de los acuerdos autorizados por el Consejo Directivo y el Director General para el cumplimiento de las metas y objetivos de la Oficina de Pensiones.<br \/>\nCoadyuvar con las \u00e1reas de la Oficina de Pensiones en la aplicaci\u00f3n de los criterios  t\u00e9cnicos  para la planeaci\u00f3n, control y evaluaci\u00f3n  de sus acciones.<br \/>\nEfectuar estudios para desarrollar propuestas de programas para el mejoramiento de los servicios que presta la Oficina de Pensiones, justificando la aplicaci\u00f3n o modificaci\u00f3n.<br \/>\nRecabar informaci\u00f3n y preparar estad\u00edsticas de las prestaciones y servicios otorgados por la Oficina de Pensiones.<br \/>\nRecabar y coordinar el dise\u00f1o de informaci\u00f3n para complementar los informes de gobierno, de acuerdo a la informaci\u00f3n que corresponda a la Oficina de Pensiones.<br \/>\nEjecutar  las actividades de difusi\u00f3n y emisi\u00f3n de ediciones sobre las actividades y servicios que presta de la Oficina de Pensiones, de conformidad con las instrucciones del Director de Prestaciones y  al presupuesto autorizado.<br \/>\nAcordar con el Director de Prestaciones los programas y proyectos que le sean encomendados.<br \/>\nCoordinar con las diferentes \u00e1reas de la Direcci\u00f3n de Prestaciones el seguimiento y evaluaci\u00f3n de los objetivos y metas institucionales, en raz\u00f3n de los programas establecidos encaminados a mejorar la calidad de las prestaciones y los servicios de la oficina.<br \/>\nProporcionar la informaci\u00f3n que le requiera la Unidad de Enlace, en cumplimiento a la Ley de Transparencia y Acceso a la Informaci\u00f3n P\u00fablica para el Estado de Oaxaca.<br \/>\nCoordinar y supervisar las funciones del personal bajo su mando.<br \/>\nLas dem\u00e1s que le se\u00f1ale el Director de Prestaciones y los ordenamientos legales afines y vigentes.<\/li>\n<\/ul>\n<p style=\"text-align: justify\">3.- CAMPO DECISIONAL<\/p>\n<p style=\"text-align: justify\">Dise\u00f1o, desarrollo y difusi\u00f3n de disposiciones normativas aplicables en las diferentes \u00e1reas.<br \/>\nEmisi\u00f3n de ediciones sobre las actividades y servicios que presta de la Oficina de Pensiones.<\/p>\n","protected":false},"excerpt":{"rendered":"<p>1.- OBJETIVO GENERAL Impulsar el desarrollo normativo y administrativo de la Oficina de Pensiones, estableciendo herramientas y mecanismos encaminados a propiciar el \u00f3ptimo funcionamiento de las diferentes \u00e1reas que la conforman, acordes a los criterios establecidos por el Consejo Directivo y el Director General. 2.- FUNCIONES ESPEC\u00cdFICAS Mantener actualizado el marco normativo de la Oficina [&hellip;]<\/p>\n","protected":false},"author":1,"featured_media":0,"parent":0,"menu_order":0,"comment_status":"closed","ping_status":"closed","template":"","meta":{"episode_type":"","audio_file":"","podmotor_file_id":"","podmotor_episode_id":"","cover_image":"","cover_image_id":"","duration":"","filesize":"","filesize_raw":"","date_recorded":"","explicit":"","block":"","itunes_episode_number":"","itunes_title":"","itunes_season_number":"","itunes_episode_type":"","footnotes":""},"categories":[],"tags":[],"class_list":["post-404","page","type-page","status-publish","hentry"],"acf":[],"publishpress_future_action":{"enabled":false,"date":"2026-04-23 19:36:11","action":"change-status","newStatus":"draft","terms":[],"taxonomy":"category","extraData":[]},"publishpress_future_workflow_manual_trigger":{"enabledWorkflows":[]},"_links":{"self":[{"href":"https:\/\/www.oaxaca.gob.mx\/pensiones\/wp-json\/wp\/v2\/pages\/404","targetHints":{"allow":["GET"]}}],"collection":[{"href":"https:\/\/www.oaxaca.gob.mx\/pensiones\/wp-json\/wp\/v2\/pages"}],"about":[{"href":"https:\/\/www.oaxaca.gob.mx\/pensiones\/wp-json\/wp\/v2\/types\/page"}],"author":[{"embeddable":true,"href":"https:\/\/www.oaxaca.gob.mx\/pensiones\/wp-json\/wp\/v2\/users\/1"}],"replies":[{"embeddable":true,"href":"https:\/\/www.oaxaca.gob.mx\/pensiones\/wp-json\/wp\/v2\/comments?post=404"}],"version-history":[{"count":0,"href":"https:\/\/www.oaxaca.gob.mx\/pensiones\/wp-json\/wp\/v2\/pages\/404\/revisions"}],"wp:attachment":[{"href":"https:\/\/www.oaxaca.gob.mx\/pensiones\/wp-json\/wp\/v2\/media?parent=404"}],"wp:term":[{"taxonomy":"category","embeddable":true,"href":"https:\/\/www.oaxaca.gob.mx\/pensiones\/wp-json\/wp\/v2\/categories?post=404"},{"taxonomy":"post_tag","embeddable":true,"href":"https:\/\/www.oaxaca.gob.mx\/pensiones\/wp-json\/wp\/v2\/tags?post=404"}],"curies":[{"name":"wp","href":"https:\/\/api.w.org\/{rel}","templated":true}]}}