{"id":402,"date":"2016-04-14T08:53:20","date_gmt":"2016-04-14T14:53:20","guid":{"rendered":"https:\/\/www.oaxaca.gob.mx\/pensiones\/?page_id=402"},"modified":"2016-04-14T08:53:20","modified_gmt":"2016-04-14T14:53:20","slug":"depto-financieros","status":"publish","type":"page","link":"https:\/\/www.oaxaca.gob.mx\/pensiones\/depto-financieros\/","title":{"rendered":"Depto.Financieros"},"content":{"rendered":"<p style=\"text-align: justify\">1.-OBJETIVO GENERAL<\/p>\n<p style=\"text-align: justify\">Administrar los recursos financieros de la Oficina de Pensiones,  mediante el registro  y control de operaciones, que  contribuyan a la toma de decisiones mediante la definici\u00f3n y ejecuci\u00f3n de estrategias eficaces que garanticen condiciones de seguridad, liquidez y rendimiento de los recursos financieros en congruencia con la normatividad y ordenamientos legales vigentes.<\/p>\n<p style=\"text-align: justify\">2.-FUNCIONES ESPEC\u00cdFICAS<\/p>\n<ul style=\"text-align: justify\">\n\tColaborar con el Departamento Administrativo en la elaboraci\u00f3n del Programa Operativo Anual de la Oficina de Pensiones.<br \/>\nTramitar la apertura de las cuentas bancarias para la recepci\u00f3n de los recursos del presupuesto de egresos para cada ejercicio fiscal.<br \/>\nFormular informes financieros que el Consejo Directivo y las instancias normativas requieran para medir la eficiencia de la administraci\u00f3n de los recursos.<br \/>\nEjercer el presupuesto de egresos, a trav\u00e9s de \u00f3rdenes de pago originadas a trav\u00e9s el Departamento Administrativo, vigilando el cumplimiento de las disposiciones normativas aplicables para tal fin.<br \/>\nValidar la documentaci\u00f3n por los productos retenidos que v\u00eda nomina efect\u00faan la Direcci\u00f3n de Recursos Humanos de la Secretaria de Administraci\u00f3n y las Unidades Administrativas de las Entidades por los conceptos de cuotas, recuperaci\u00f3n de pr\u00e9stamos y aportaci\u00f3n del Gobierno del Estado, de Trabajadores Activos, Jubilados y Pensionados; as\u00ed como tambi\u00e9n los productos retenidos que v\u00eda nomina efect\u00faan los poderes Legislativo y Judicial, Defensor\u00eda de los Derechos Humanos del pueblo de Oaxaca y Monte de Piedad.<br \/>\nGestionar y dar seguimiento a la liberaci\u00f3n  de recursos ante la Secretar\u00eda de Finanzas por los conceptos de cuotas, recuperaci\u00f3n de pr\u00e9stamos; as\u00ed como la aportaci\u00f3n del Gobierno del Estado.<br \/>\nColaborar en la definici\u00f3n de estrategias financieras para invertir las reservas financieras de la Oficina de Pensiones en las mejores condiciones posibles de seguridad, rendimiento y liquidez que garanticen mayor utilidad  de conformidad con lo previsto en la Ley de Pensiones para los Trabajadores del Gobierno del Estado.<br \/>\nOperar las estrategias financieras definidas por el Director General y aprobadas por el Consejo Directivo para fortalecer el Fondo de Pensiones.<br \/>\nEmitir para su autorizaci\u00f3n y entrega oportuna  los  cheques relacionados al otorgamiento de pr\u00e9stamos, devoluci\u00f3n del Fondo de Pensiones, devoluci\u00f3n del fondo de garant\u00eda, gastos de funeral, seguros de vida y otros que se generen, verificando que se cuente con la documentaci\u00f3n soporte que los valide.<br \/>\nRealizar los registros contables de los ingresos y egresos que se generen de las cuentas bancarias aperturadas, as\u00ed como el cierre mensual de las operaciones realizadas por la oficina de pensiones, mismas que se remiten mediante el sistema electr\u00f3nico de cheques de la Oficina de Contabilidad  dependiente del Departamento Administrativo,  para la emisi\u00f3n de Estados Financieros.<br \/>\nOperar la banca electr\u00f3nica de la Oficina de Pensiones para el pago de n\u00f3mina mensual de Jubilados, Pensionados y Pensionistas del Gobierno del Estado, mediante transferencias bancarias a las cuentas de los beneficiarios y las dem\u00e1s que se requieran por instrucciones del Director General.<br \/>\nEmitir los comprobantes fiscales por concepto de arrendamiento de inmuebles que forman parte del Patrimonio de la Oficina de Pensiones, as\u00ed como supervisar su cobro  y dep\u00f3sito bancario correspondiente para enviar al Departamento Administrativo para su registro contable.<br \/>\nVerificar la realizaci\u00f3n de movimientos bancarios necesarios para la optimizaci\u00f3n de los recursos a trav\u00e9s de  reportes diarios de saldos bancarios,  mismos que ser\u00e1n informados al Director General y al Departamento Administrativo  para la toma de decisiones correspondientes.<br \/>\nRecibir documentaci\u00f3n de compromisos y\/u obligaciones de pagos contra\u00eddos; previamente acordados con el Director General, misma que deber\u00e1 contener todos los requisitos normativos aplicables vigentes, atendiendo a la disponibilidad presupuestal controlada por el Departamento Administrativo.<br \/>\nRecaudar los recursos por concepto de cuotas de recuperaci\u00f3n que por  servicios m\u00e9dicos se generen a favor de la Oficina de Pensiones, llevando a cabo los dep\u00f3sitos bancarios a la cuenta correspondiente.<br \/>\nProporcionar la informaci\u00f3n que le requiera la Unidad de Enlace, en cumplimiento a la Ley de Transparencia y Acceso a la Informaci\u00f3n P\u00fablica para el Estado de Oaxaca.<br \/>\nCoordinar y supervisar las funciones del personal bajo su mando.<br \/>\nLas dem\u00e1s que le se\u00f1ale el Director de Prestaciones y los ordenamientos legales afines y vigentes.<\/li>\n<\/ul>\n<p style=\"text-align: justify\">3.-CAMPO DECISIONAL<\/p>\n<p style=\"text-align: justify\">Coordinar la operaci\u00f3n de la caja de la Oficina de Pensiones para la eficiente atenci\u00f3n al p\u00fablico.<\/p>\n","protected":false},"excerpt":{"rendered":"<p>1.-OBJETIVO GENERAL Administrar los recursos financieros de la Oficina de Pensiones, mediante el registro y control de operaciones, que contribuyan a la toma de decisiones mediante la definici\u00f3n y ejecuci\u00f3n de estrategias eficaces que garanticen condiciones de seguridad, liquidez y rendimiento de los recursos financieros en congruencia con la normatividad y ordenamientos legales vigentes. 2.-FUNCIONES [&hellip;]<\/p>\n","protected":false},"author":1,"featured_media":0,"parent":0,"menu_order":0,"comment_status":"closed","ping_status":"closed","template":"","meta":{"episode_type":"","audio_file":"","podmotor_file_id":"","podmotor_episode_id":"","cover_image":"","cover_image_id":"","duration":"","filesize":"","filesize_raw":"","date_recorded":"","explicit":"","block":"","itunes_episode_number":"","itunes_title":"","itunes_season_number":"","itunes_episode_type":"","footnotes":""},"categories":[],"tags":[],"class_list":["post-402","page","type-page","status-publish","hentry"],"acf":[],"publishpress_future_action":{"enabled":false,"date":"2026-04-23 19:36:40","action":"change-status","newStatus":"draft","terms":[],"taxonomy":"category","extraData":[]},"publishpress_future_workflow_manual_trigger":{"enabledWorkflows":[]},"_links":{"self":[{"href":"https:\/\/www.oaxaca.gob.mx\/pensiones\/wp-json\/wp\/v2\/pages\/402","targetHints":{"allow":["GET"]}}],"collection":[{"href":"https:\/\/www.oaxaca.gob.mx\/pensiones\/wp-json\/wp\/v2\/pages"}],"about":[{"href":"https:\/\/www.oaxaca.gob.mx\/pensiones\/wp-json\/wp\/v2\/types\/page"}],"author":[{"embeddable":true,"href":"https:\/\/www.oaxaca.gob.mx\/pensiones\/wp-json\/wp\/v2\/users\/1"}],"replies":[{"embeddable":true,"href":"https:\/\/www.oaxaca.gob.mx\/pensiones\/wp-json\/wp\/v2\/comments?post=402"}],"version-history":[{"count":0,"href":"https:\/\/www.oaxaca.gob.mx\/pensiones\/wp-json\/wp\/v2\/pages\/402\/revisions"}],"wp:attachment":[{"href":"https:\/\/www.oaxaca.gob.mx\/pensiones\/wp-json\/wp\/v2\/media?parent=402"}],"wp:term":[{"taxonomy":"category","embeddable":true,"href":"https:\/\/www.oaxaca.gob.mx\/pensiones\/wp-json\/wp\/v2\/categories?post=402"},{"taxonomy":"post_tag","embeddable":true,"href":"https:\/\/www.oaxaca.gob.mx\/pensiones\/wp-json\/wp\/v2\/tags?post=402"}],"curies":[{"name":"wp","href":"https:\/\/api.w.org\/{rel}","templated":true}]}}