{"id":396,"date":"2016-04-14T08:48:21","date_gmt":"2016-04-14T14:48:21","guid":{"rendered":"https:\/\/www.oaxaca.gob.mx\/pensiones\/?page_id=396"},"modified":"2016-04-14T08:48:21","modified_gmt":"2016-04-14T14:48:21","slug":"depto-prestaciones-sociales-y-culturales","status":"publish","type":"page","link":"https:\/\/www.oaxaca.gob.mx\/pensiones\/depto-prestaciones-sociales-y-culturales\/","title":{"rendered":"Depto. Prestaciones Sociales y Culturales"},"content":{"rendered":"<p style=\"text-align: justify\"> 1.- OBJETIVO GENERAL<\/p>\n<p>Organizar y coordinar las actividades de atenci\u00f3n directa a Jubilados, Pensionados y Pensionistas del Gobierno del Estado mediante la oportuna atenci\u00f3n de los tr\u00e1mites y uso de los servicios de salud, as\u00ed como las actividades sociales y culturales que permitan brindar servicios de calidad.<\/p>\n<p style=\"text-align: justify\"> 2.- FUNCIONES ESPEC\u00cdFICAS<\/p>\n<p>Contribuir en la elaboraci\u00f3n del programa operativo anual  de la Direcci\u00f3n de Prestaciones en lo que respecta a Prestaciones Sociales, Culturales y Servicios M\u00e9dicos.<br \/>\nFomentar en la sociedad, a trav\u00e9s de los trabajos que se realizan con Instituciones encargadas del trato a los adultos mayores, (Reuniones, programas de radio, culturales, sociales, etc.) el cuidado y respeto hacia este grupo de la sociedad.<br \/>\nPlanear, organizar y controlar la prestaci\u00f3n  de los servicios m\u00e9dicos que proporciona la Oficina de Pensiones.<br \/>\nProponer al Director de Prestaciones la concertaci\u00f3n con autoridades Federales, Estatales, Municipales y con empresarios, convenios de colaboraci\u00f3n que permitan mejoras en el nivel y calidad de vida de los jubilados.<br \/>\nSupervisar el buen funcionamiento de los talleres ocupacionales que se imparten en el \u00e1rea.<br \/>\nPlanear, organizar y difundir las actividades sociales, culturales y deportivas  para los jubilados, pensionados y pensionistas que se llevan a cabo por la Oficina de Pensiones para contribuir a su salud mental, f\u00edsica y terap\u00e9utica.<br \/>\nMantener permanente coordinaci\u00f3n con los Jubilados, Pensionados y Pensionistas, para considerar los planteamientos de sus necesidades a fin de retroalimentar los programas de trabajo de la Direcci\u00f3n de Prestaciones.<br \/>\nCoordinar reuniones de trabajo con las \u00e1reas del departamento para realizar aquellas actividades en cumplimiento de las tareas encomendadas.<br \/>\nAsegurar  la eficaz y eficiente atenci\u00f3n a jubilados, pensionados y pensionistas del Gobierno del Estado  con relaci\u00f3n  a las prestaciones sociales y culturales que brinda la Oficina de Pensiones.<br \/>\nRealizar las gestiones correspondientes, a fin de proporcionar los apoyos log\u00edsticos para la realizaci\u00f3n de eventos oficiales de la Oficina de Pensiones.<br \/>\nProporcionar la informaci\u00f3n que le requiera la Unidad de Enlace, en cumplimiento a la Ley de Transparencia y Acceso a la Informaci\u00f3n P\u00fablica para el Estado de Oaxaca.<br \/>\nToma de firmas de supervivencia (3 veces al a\u00f1o).<br \/>\nCoordinar y supervisar las funciones del personal bajo su mando.<br \/>\nLas dem\u00e1s que le se\u00f1ale el Director de Prestaciones y los ordenamientos legales afines y vigentes.<\/p>\n<p style=\"text-align: justify\"> 3.- CAMPO DECISIONAL<br \/>\nSecuencia de eventos programados y asignaci\u00f3n de funciones del personal del \u00e1rea.<\/p>\n","protected":false},"excerpt":{"rendered":"<p>1.- OBJETIVO GENERAL Organizar y coordinar las actividades de atenci\u00f3n directa a Jubilados, Pensionados y Pensionistas del Gobierno del Estado mediante la oportuna atenci\u00f3n de los tr\u00e1mites y uso de los servicios de salud, as\u00ed como las actividades sociales y culturales que permitan brindar servicios de calidad. 2.- FUNCIONES ESPEC\u00cdFICAS Contribuir en la elaboraci\u00f3n del [&hellip;]<\/p>\n","protected":false},"author":1,"featured_media":0,"parent":0,"menu_order":0,"comment_status":"closed","ping_status":"closed","template":"","meta":{"episode_type":"","audio_file":"","podmotor_file_id":"","podmotor_episode_id":"","cover_image":"","cover_image_id":"","duration":"","filesize":"","filesize_raw":"","date_recorded":"","explicit":"","block":"","itunes_episode_number":"","itunes_title":"","itunes_season_number":"","itunes_episode_type":"","footnotes":""},"categories":[],"tags":[],"class_list":["post-396","page","type-page","status-publish","hentry"],"acf":[],"publishpress_future_action":{"enabled":false,"date":"2026-04-23 19:35:35","action":"change-status","newStatus":"draft","terms":[],"taxonomy":"category","extraData":[]},"publishpress_future_workflow_manual_trigger":{"enabledWorkflows":[]},"_links":{"self":[{"href":"https:\/\/www.oaxaca.gob.mx\/pensiones\/wp-json\/wp\/v2\/pages\/396","targetHints":{"allow":["GET"]}}],"collection":[{"href":"https:\/\/www.oaxaca.gob.mx\/pensiones\/wp-json\/wp\/v2\/pages"}],"about":[{"href":"https:\/\/www.oaxaca.gob.mx\/pensiones\/wp-json\/wp\/v2\/types\/page"}],"author":[{"embeddable":true,"href":"https:\/\/www.oaxaca.gob.mx\/pensiones\/wp-json\/wp\/v2\/users\/1"}],"replies":[{"embeddable":true,"href":"https:\/\/www.oaxaca.gob.mx\/pensiones\/wp-json\/wp\/v2\/comments?post=396"}],"version-history":[{"count":0,"href":"https:\/\/www.oaxaca.gob.mx\/pensiones\/wp-json\/wp\/v2\/pages\/396\/revisions"}],"wp:attachment":[{"href":"https:\/\/www.oaxaca.gob.mx\/pensiones\/wp-json\/wp\/v2\/media?parent=396"}],"wp:term":[{"taxonomy":"category","embeddable":true,"href":"https:\/\/www.oaxaca.gob.mx\/pensiones\/wp-json\/wp\/v2\/categories?post=396"},{"taxonomy":"post_tag","embeddable":true,"href":"https:\/\/www.oaxaca.gob.mx\/pensiones\/wp-json\/wp\/v2\/tags?post=396"}],"curies":[{"name":"wp","href":"https:\/\/api.w.org\/{rel}","templated":true}]}}