{"id":392,"date":"2016-04-14T08:45:11","date_gmt":"2016-04-14T14:45:11","guid":{"rendered":"https:\/\/www.oaxaca.gob.mx\/pensiones\/?page_id=392"},"modified":"2016-04-14T08:45:11","modified_gmt":"2016-04-14T14:45:11","slug":"departamento-de-prestaciones-economicas","status":"publish","type":"page","link":"https:\/\/www.oaxaca.gob.mx\/pensiones\/departamento-de-prestaciones-economicas\/","title":{"rendered":"Depto. de Prestaciones Econ\u00f3micas"},"content":{"rendered":"<p>1.- OBJETIVO GENERAL<\/p>\n<p style=\"text-align: justify\">Controlar el otorgamiento de cr\u00e9ditos as\u00ed como su recuperaci\u00f3n, pagos de ayuda para gastos de funeral, registro y control de las aportaciones y antig\u00fcedades al Fondo de Pensiones.<\/p>\n<p>&nbsp;<\/p>\n<p>2.- FUNCIONES ESPEC\u00cdFICAS<\/p>\n<ul>\nIntegrar para su an\u00e1lisis y acuerdo procedente los expedientes para el otorgamiento de pr\u00e9stamos hipotecarios que habr\u00e1 de presentar al Director General para acuerdo en las sesiones del Consejo Directivo.<br \/>\nEstablecer coordinaci\u00f3n con las \u00e1reas administrativas de las dependencias y entidades aportantes al Fondo de Pensiones para la recuperaci\u00f3n  de las prestaciones econ\u00f3micas otorgadas a los trabajadores y trabajadoras del Gobierno del Estado.<br \/>\nControlar los estados de cuenta de cr\u00e9ditos a corto y largo plazo.<br \/>\nConciliar mensualmente  los saldos de pr\u00e9stamos a corto y largo plazo con el Departamento Administrativo de la Contabilidad de la Oficina de Pensiones.<br \/>\nCalcular y aplicar mensualmente intereses moratorios  de cr\u00e9ditos a largo plazo  que han dejado de cubrirse.<br \/>\nComunicar al Departamento Jur\u00eddico y proporcionar la informaci\u00f3n necesaria sobre los cr\u00e9ditos a corto y largo plazo que han dejado de cubrirse por los interesados para proceder al cobro correspondiente.<br \/>\nRegistrar y controlar las aportaciones y antig\u00fcedades de aportaci\u00f3n al Fondo de Pensiones de los trabajadores y trabajadoras as\u00ed como la elaboraci\u00f3n de informes y conciliaciones mensuales de aportaciones.<br \/>\nIntegrar los expedientes individuales de aportantes al Fondo de Pensiones y mantenerlos actualizados.<br \/>\nAsegurar la eficaz y eficiente atenci\u00f3n a los solicitantes de cr\u00e9ditos a corto y largo plazo, gastos de funeral, devoluciones de aportaciones al Fondo de Pensiones y devoluci\u00f3n del Fondo de Garant\u00eda.<br \/>\nDar seguimiento a los tr\u00e1mites de pr\u00e9stamos a corto y largo plazo, y gastos de funeral, a las solicitudes y los recibos de devoluci\u00f3n del Fondo de Pensiones firmando de visto bueno para ser entregados para su elaboraci\u00f3n de cheque.<br \/>\nAutorizar los recibos de pagos por caja de pr\u00e9stamos.<br \/>\nAtender y aclarar con la documentaci\u00f3n soporte correspondiente, a los aportadores al Fondo de Pensiones las  dudas o inconformidades  relativas a su aportaci\u00f3n o antig\u00fcedad de aportaci\u00f3n acumulada en el Fondo de Pensiones.<br \/>\nAutorizar quincenalmente las relaciones de altas, bajas y cambios, de pr\u00e9stamos que otorga la Oficina de Pensiones.<br \/>\nPreparar los expedientes, asuntos e informaci\u00f3n necesaria de la competencia de este departamento,  para ser presentados por el Director General al Consejo Directivo para su acuerdo.<br \/>\nProporcionar la informaci\u00f3n que le requiera la Unidad de Enlace, en cumplimiento a la Ley de Transparencia y Acceso a la Informaci\u00f3n P\u00fablica para el Estado de Oaxaca.<br \/>\nRealizar c\u00e1lculos de reintegro de Fondo de Pensiones.<br \/>\nRevisar y firmar de conformidad las constancias de contribuci\u00f3n al Fondo de Pensiones.<br \/>\nRevisar y autorizar semestralmente la informaci\u00f3n del porcentaje (%) a pagar a los trabajadores que decidieron permanecer como activos para que se les pague el incentivo a la permanencia.<br \/>\nCoordinar y supervisar las funciones del personal bajo su mando.<br \/>\nLas dem\u00e1s que le se\u00f1ale el Director de Prestaciones y los ordenamientos legales afines y vigentes.<\/li>\n<\/ul>\n<p>&nbsp;<\/p>\n<p>3.- CAMPO DECISIONAL<br \/>\n&nbsp;<\/p>\n<p style=\"text-align: justify\">Coordinar la atenci\u00f3n al p\u00fablico para el otorgamiento de las prestaciones econ\u00f3micas.<br \/>\nAutorizar los recibos de pago en caja.<\/p>\n","protected":false},"excerpt":{"rendered":"<p>1.- OBJETIVO GENERAL Controlar el otorgamiento de cr\u00e9ditos as\u00ed como su recuperaci\u00f3n, pagos de ayuda para gastos de funeral, registro y control de las aportaciones y antig\u00fcedades al Fondo de Pensiones. &nbsp; 2.- FUNCIONES ESPEC\u00cdFICAS Integrar para su an\u00e1lisis y acuerdo procedente los expedientes para el otorgamiento de pr\u00e9stamos hipotecarios que habr\u00e1 de presentar al [&hellip;]<\/p>\n","protected":false},"author":1,"featured_media":0,"parent":0,"menu_order":0,"comment_status":"closed","ping_status":"closed","template":"","meta":{"episode_type":"","audio_file":"","podmotor_file_id":"","podmotor_episode_id":"","cover_image":"","cover_image_id":"","duration":"","filesize":"","filesize_raw":"","date_recorded":"","explicit":"","block":"","itunes_episode_number":"","itunes_title":"","itunes_season_number":"","itunes_episode_type":"","footnotes":""},"categories":[],"tags":[],"class_list":["post-392","page","type-page","status-publish","hentry"],"acf":[],"publishpress_future_action":{"enabled":false,"date":"2026-04-23 19:37:10","action":"change-status","newStatus":"draft","terms":[],"taxonomy":"category","extraData":[]},"publishpress_future_workflow_manual_trigger":{"enabledWorkflows":[]},"_links":{"self":[{"href":"https:\/\/www.oaxaca.gob.mx\/pensiones\/wp-json\/wp\/v2\/pages\/392","targetHints":{"allow":["GET"]}}],"collection":[{"href":"https:\/\/www.oaxaca.gob.mx\/pensiones\/wp-json\/wp\/v2\/pages"}],"about":[{"href":"https:\/\/www.oaxaca.gob.mx\/pensiones\/wp-json\/wp\/v2\/types\/page"}],"author":[{"embeddable":true,"href":"https:\/\/www.oaxaca.gob.mx\/pensiones\/wp-json\/wp\/v2\/users\/1"}],"replies":[{"embeddable":true,"href":"https:\/\/www.oaxaca.gob.mx\/pensiones\/wp-json\/wp\/v2\/comments?post=392"}],"version-history":[{"count":0,"href":"https:\/\/www.oaxaca.gob.mx\/pensiones\/wp-json\/wp\/v2\/pages\/392\/revisions"}],"wp:attachment":[{"href":"https:\/\/www.oaxaca.gob.mx\/pensiones\/wp-json\/wp\/v2\/media?parent=392"}],"wp:term":[{"taxonomy":"category","embeddable":true,"href":"https:\/\/www.oaxaca.gob.mx\/pensiones\/wp-json\/wp\/v2\/categories?post=392"},{"taxonomy":"post_tag","embeddable":true,"href":"https:\/\/www.oaxaca.gob.mx\/pensiones\/wp-json\/wp\/v2\/tags?post=392"}],"curies":[{"name":"wp","href":"https:\/\/api.w.org\/{rel}","templated":true}]}}