{"id":388,"date":"2016-04-14T08:36:32","date_gmt":"2016-04-14T14:36:32","guid":{"rendered":"https:\/\/www.oaxaca.gob.mx\/pensiones\/?page_id=388"},"modified":"2016-04-14T08:36:32","modified_gmt":"2016-04-14T14:36:32","slug":"depto_administrativo","status":"publish","type":"page","link":"https:\/\/www.oaxaca.gob.mx\/pensiones\/depto_administrativo\/","title":{"rendered":"Depto.Administrativo"},"content":{"rendered":"<p>1.- OBJETIVO GENERAL<\/p>\n<p style=\"text-align: justify\">Administrar los\u00a0 recursos humanos y materiales as\u00ed como la prestaci\u00f3n de servicios generales que sean necesarios para obtener la mayor eficiencia, eficacia y productividad mediante la adecuada y puntual observancia de la normatividad para el ejercicio del presupuesto de egresos y dem\u00e1s lineamientos.<\/p>\n<p>2.- FUNCIONES ESPEC\u00cdFICAS<\/p>\n<ul>\n\tIntegrar con las dem\u00e1s \u00e1reas administrativas el Programa Operativo Anual de la Oficina de Pensiones, que ser\u00e1 turnado al Director General para su validaci\u00f3n y presentaci\u00f3n ante las instancias correspondientes.<br \/>\nVerificar el registro diario de las operaciones contables realizadas por la Oficina de Pensiones; controlar el ejercicio de presupuesto de acuerdo a las disposiciones legales y presupuestarias aplicables.<br \/>\nGestionar de acuerdo al Programa Operativo Anual los recursos disponibles y necesarios que permitan satisfacer las demandas de la Oficina de Pensiones.<br \/>\nProporcionar los recursos materiales y servicios requeridos por las diferentes \u00e1reas de la Oficina de Pensiones que optimicen el desarrollo de sus funciones.<br \/>\nSupervisar la elaboraci\u00f3n de las n\u00f3minas del personal adscrito a la Oficina de Pensiones en los diferentes tipos de relaci\u00f3n laboral, aplicando las incidencias correspondientes, para su validaci\u00f3n por la Direcci\u00f3n de Recursos Humanos dependiente de la Secretar\u00eda de Administraci\u00f3n y para el pago oportuno de sueldos, salarios y dem\u00e1s prestaciones del personal.<br \/>\nImplementar mecanismos de control para el resguardo, protecci\u00f3n y conservaci\u00f3n que garanticen el correcto uso y manejo de los bienes muebles e inmuebles de la Oficina de Pensiones.<br \/>\nEfectuar oportunamente y de acuerdo a las disposiciones fiscales y hacendarias vigentes, el pago de impuestos y derechos de los bienes muebles e inmuebles que forman parte del patrimonio de la Oficina de Pensiones.<br \/>\nDise\u00f1ar los mecanismos necesarios que permitan controlar el ejercicio de presupuesto.<br \/>\nEjecutar las medidas necesarias para dar cumplimiento a las disposiciones  normativas y presupuestarias vigentes.<br \/>\nEstablecer, ejecutar y supervisar de manera eficaz los procesos relacionados con la administraci\u00f3n y desarrollo de  recursos humanos  en referencia a reclutamiento, selecci\u00f3n, ingreso, contrataci\u00f3n, bajas, cambios de \u00e1rea de adscripci\u00f3n, asistencia, vacaciones, incapacidades m\u00e9dicas entre otros.<br \/>\nFormular informes que el Consejo Directivo y las instancias normativas requieran para medir la eficiencia de la administraci\u00f3n de los recursos.<br \/>\nPlanear y ejecutar proyectos de capacitaci\u00f3n y evaluaci\u00f3n del desempe\u00f1o del personal de la Oficina de Pensiones.<br \/>\nIntegrar y resguardar los expedientes personales de los trabajadores y trabajadoras  de la Oficina de Pensiones.<br \/>\nMantener actualizada permanentemente la base de datos de los pensionados del Fondo de Pensiones.<br \/>\nElaborar las N\u00f3minas para el pago de las pensiones mensuales a jubilados, pensionados y pensionistas del Gobierno del Estado.<br \/>\nControlar la expedici\u00f3n de credenciales de identificaci\u00f3n para  los jubilados, pensionados  pensionistas del Gobierno del Estado, misma que les permita tener acceso a los tr\u00e1mites y servicios que brinda la Oficina de Pensiones.<br \/>\nAfiliar a los pensionados del Gobierno del Estado que lo requieran al Instituto Mexicano del Seguro Social, mediante el cumplimiento de los tr\u00e1mites necesarios de autorizaci\u00f3n ante la Direcci\u00f3n de Recursos Humanos y de la Secretar\u00eda de Finanzas del Gobierno del Estado.<br \/>\nFirmar mancomunadamente, por indicaci\u00f3n y poder expreso del Director General los cheques de cr\u00e9ditos, devoluciones del Fondo de Pensiones, as\u00ed como la documentaci\u00f3n soporte  de los mismos y los tr\u00e1mites que de ellos se generen  ante la Secretar\u00eda de Finanzas.<br \/>\nFirmar mancomunadamente por indicaci\u00f3n y poder expreso del Director General los cheques de Gastos de Operaci\u00f3n que se generan del presupuesto autorizado por la Secretaria de Finanzas.<br \/>\nProporcionar la informaci\u00f3n que le requiera la Unidad de Enlace, en cumplimiento a la Ley de Transparencia y Acceso a la Informaci\u00f3n P\u00fablica para el Estado de Oaxaca.<br \/>\nCoordinar y supervisar las funciones del personal bajo su mando.<br \/>\nLas dem\u00e1s que le se\u00f1ale el Director General  y los ordenamientos legales afines y vigentes.<\/li>\n<\/ul>\n<p>&nbsp;<\/p>\n<p>3.- CAMPO DECISIONAL<\/p>\n<p style=\"text-align: justify\">Determinar las pol\u00edticas administrativas internas, adquisiciones, control presupuestal para su posterior aprobaci\u00f3n del Director General.<\/p>\n","protected":false},"excerpt":{"rendered":"<p>1.- OBJETIVO GENERAL Administrar los\u00a0 recursos humanos y materiales as\u00ed como la prestaci\u00f3n de servicios generales que sean necesarios para obtener la mayor eficiencia, eficacia y productividad mediante la adecuada y puntual observancia de la normatividad para el ejercicio del presupuesto de egresos y dem\u00e1s lineamientos. 2.- FUNCIONES ESPEC\u00cdFICAS Integrar con las dem\u00e1s \u00e1reas administrativas [&hellip;]<\/p>\n","protected":false},"author":1,"featured_media":0,"parent":0,"menu_order":0,"comment_status":"closed","ping_status":"closed","template":"","meta":{"episode_type":"","audio_file":"","podmotor_file_id":"","podmotor_episode_id":"","cover_image":"","cover_image_id":"","duration":"","filesize":"","filesize_raw":"","date_recorded":"","explicit":"","block":"","itunes_episode_number":"","itunes_title":"","itunes_season_number":"","itunes_episode_type":"","footnotes":""},"categories":[],"tags":[],"class_list":["post-388","page","type-page","status-publish","hentry"],"acf":[],"publishpress_future_action":{"enabled":false,"date":"2026-04-23 19:36:39","action":"change-status","newStatus":"draft","terms":[],"taxonomy":"category","extraData":[]},"publishpress_future_workflow_manual_trigger":{"enabledWorkflows":[]},"_links":{"self":[{"href":"https:\/\/www.oaxaca.gob.mx\/pensiones\/wp-json\/wp\/v2\/pages\/388","targetHints":{"allow":["GET"]}}],"collection":[{"href":"https:\/\/www.oaxaca.gob.mx\/pensiones\/wp-json\/wp\/v2\/pages"}],"about":[{"href":"https:\/\/www.oaxaca.gob.mx\/pensiones\/wp-json\/wp\/v2\/types\/page"}],"author":[{"embeddable":true,"href":"https:\/\/www.oaxaca.gob.mx\/pensiones\/wp-json\/wp\/v2\/users\/1"}],"replies":[{"embeddable":true,"href":"https:\/\/www.oaxaca.gob.mx\/pensiones\/wp-json\/wp\/v2\/comments?post=388"}],"version-history":[{"count":0,"href":"https:\/\/www.oaxaca.gob.mx\/pensiones\/wp-json\/wp\/v2\/pages\/388\/revisions"}],"wp:attachment":[{"href":"https:\/\/www.oaxaca.gob.mx\/pensiones\/wp-json\/wp\/v2\/media?parent=388"}],"wp:term":[{"taxonomy":"category","embeddable":true,"href":"https:\/\/www.oaxaca.gob.mx\/pensiones\/wp-json\/wp\/v2\/categories?post=388"},{"taxonomy":"post_tag","embeddable":true,"href":"https:\/\/www.oaxaca.gob.mx\/pensiones\/wp-json\/wp\/v2\/tags?post=388"}],"curies":[{"name":"wp","href":"https:\/\/api.w.org\/{rel}","templated":true}]}}