{"id":383,"date":"2016-04-14T08:31:52","date_gmt":"2016-04-14T14:31:52","guid":{"rendered":"https:\/\/www.oaxaca.gob.mx\/pensiones\/?page_id=383"},"modified":"2016-04-14T08:31:52","modified_gmt":"2016-04-14T14:31:52","slug":"depto_juridico","status":"publish","type":"page","link":"https:\/\/www.oaxaca.gob.mx\/pensiones\/depto_juridico\/","title":{"rendered":"Depto. Jur\u00eddico"},"content":{"rendered":"<p>1.- OBJETIVO GENERAL<\/p>\n<p style=\"text-align: justify\">Brindar asistencia jur\u00eddica a las diferentes \u00c1reas Administrativas de la Oficina de Pensiones, atender las gestiones y tr\u00e1mites para el cobro inmediato, por la v\u00eda jur\u00eddica de los pr\u00e9stamos vencidos; as\u00ed como lo relacionado con las controversias de car\u00e1cter legal<\/p>\n<p>2.- FUNCIONES ESPEC\u00cdFICAS<\/p>\n<p>Determinar con base en los criterios jur\u00eddicos las respuestas a las consultas que formulen los servidores p\u00fablicos, con motivo de la interpretaci\u00f3n y aplicaci\u00f3n de la Ley de Pensiones para los Trabajadores del Gobierno del Estado.<br \/>\nFungir como representante legal  del Director General de la Oficina de Pensiones, con todas las facultades que corresponda a los mandatos generales para pleitos y cobranzas.<br \/>\nIntegrar los expedientes de solicitudes de pensiones y pago de seguros de vida, solicitando a los servidores p\u00fablicos, deudos beneficiarios o terceros, las pruebas, constancias y documentaci\u00f3n debida.<br \/>\nRevisar los proyectos de dictamen de las solicitudes de pensiones y seguros de vida y turnarlos al Director General para su presentaci\u00f3n y aprobaci\u00f3n por el Consejo Directivo.<br \/>\nDar respuesta a las demandas, quejas o denuncias en que tenga injerencia la Oficina de Pensiones.<br \/>\nAsesorar  jur\u00eddicamente a las \u00c1reas Administrativas y en su caso elaborar contratos, convenios, actas administrativas y  en general todo tipo de asunto de car\u00e1cter jur\u00eddico en que tenga intervenci\u00f3n la Oficina de Pensiones.<br \/>\nRealizar el cobro por la v\u00eda legal de  los pr\u00e9stamos vencidos.<br \/>\nElaborar los proyectos de acuerdos de reserva de informaci\u00f3n con base en los criterios de la Legislaci\u00f3n en la materia.<br \/>\nElaborar informes  en materia de transparencia y acceso a la informaci\u00f3n y presentarlos ante las instancias correspondientes.<br \/>\nRecopilar la informaci\u00f3n p\u00fablica de las diferentes \u00e1reas administrativas de la Oficina de Pensiones para la atenci\u00f3n de solicitudes de informaci\u00f3n de la ciudadan\u00eda.<br \/>\nCoordinar de manera permanente, la publicaci\u00f3n de informaci\u00f3n para el cumplimiento de la Ley de Transparencia y Acceso a la Informaci\u00f3n P\u00fablica para el Estado de Oaxaca.<br \/>\nCoordinar y supervisar las funciones del personal bajo su mando.<br \/>\nLas dem\u00e1s que le se\u00f1ale el Director General  y los ordenamientos legales afines y vigentes.\n<\/ul>\n<p>3.- CAMPO DECISIONAL<\/p>\n<p style=\"text-align: justify\">Determinar los asuntos en que fungir\u00e1 como apoderado legal.<\/p>\n<p style=\"text-align: justify\">Elaborar los instrumentos jur\u00eddicos en que la Oficina de Pensiones forme parte.<\/p>\n<p style=\"text-align: justify\">Proyectar acuerdo de reserva de informaci\u00f3n.<\/p>\n","protected":false},"excerpt":{"rendered":"<p>1.- OBJETIVO GENERAL Brindar asistencia jur\u00eddica a las diferentes \u00c1reas Administrativas de la Oficina de Pensiones, atender las gestiones y tr\u00e1mites para el cobro inmediato, por la v\u00eda jur\u00eddica de los pr\u00e9stamos vencidos; as\u00ed como lo relacionado con las controversias de car\u00e1cter legal 2.- FUNCIONES ESPEC\u00cdFICAS Determinar con base en los criterios jur\u00eddicos las respuestas [&hellip;]<\/p>\n","protected":false},"author":1,"featured_media":0,"parent":0,"menu_order":0,"comment_status":"closed","ping_status":"closed","template":"","meta":{"episode_type":"","audio_file":"","podmotor_file_id":"","podmotor_episode_id":"","cover_image":"","cover_image_id":"","duration":"","filesize":"","filesize_raw":"","date_recorded":"","explicit":"","block":"","itunes_episode_number":"","itunes_title":"","itunes_season_number":"","itunes_episode_type":"","footnotes":""},"categories":[],"tags":[],"class_list":["post-383","page","type-page","status-publish","hentry"],"acf":[],"publishpress_future_action":{"enabled":false,"date":"2026-04-23 19:37:36","action":"change-status","newStatus":"draft","terms":[],"taxonomy":"category","extraData":[]},"publishpress_future_workflow_manual_trigger":{"enabledWorkflows":[]},"_links":{"self":[{"href":"https:\/\/www.oaxaca.gob.mx\/pensiones\/wp-json\/wp\/v2\/pages\/383","targetHints":{"allow":["GET"]}}],"collection":[{"href":"https:\/\/www.oaxaca.gob.mx\/pensiones\/wp-json\/wp\/v2\/pages"}],"about":[{"href":"https:\/\/www.oaxaca.gob.mx\/pensiones\/wp-json\/wp\/v2\/types\/page"}],"author":[{"embeddable":true,"href":"https:\/\/www.oaxaca.gob.mx\/pensiones\/wp-json\/wp\/v2\/users\/1"}],"replies":[{"embeddable":true,"href":"https:\/\/www.oaxaca.gob.mx\/pensiones\/wp-json\/wp\/v2\/comments?post=383"}],"version-history":[{"count":0,"href":"https:\/\/www.oaxaca.gob.mx\/pensiones\/wp-json\/wp\/v2\/pages\/383\/revisions"}],"wp:attachment":[{"href":"https:\/\/www.oaxaca.gob.mx\/pensiones\/wp-json\/wp\/v2\/media?parent=383"}],"wp:term":[{"taxonomy":"category","embeddable":true,"href":"https:\/\/www.oaxaca.gob.mx\/pensiones\/wp-json\/wp\/v2\/categories?post=383"},{"taxonomy":"post_tag","embeddable":true,"href":"https:\/\/www.oaxaca.gob.mx\/pensiones\/wp-json\/wp\/v2\/tags?post=383"}],"curies":[{"name":"wp","href":"https:\/\/api.w.org\/{rel}","templated":true}]}}