{"id":372,"date":"2016-04-11T12:08:58","date_gmt":"2016-04-11T18:08:58","guid":{"rendered":"https:\/\/www.oaxaca.gob.mx\/pensiones\/?page_id=372"},"modified":"2016-04-11T12:08:58","modified_gmt":"2016-04-11T18:08:58","slug":"fraccion-xviii-1","status":"publish","type":"page","link":"https:\/\/www.oaxaca.gob.mx\/pensiones\/fraccion-xviii-1\/","title":{"rendered":"Fracci\u00f3n XVIII"},"content":{"rendered":"<p><strong><b>Fracci\u00f3n XVIII<\/b><\/strong><\/p>\n<p style=\"text-align: justify\">La Oficina de Pensiones \u00a0no cuenta con listados de Servidores \u00a0P\u00fablicos con sanciones administrativas definitivas, toda vez que no existen Servidores P\u00fablicos que se encuentren laborando \u00a0y que hallan sido sancionados en t\u00e9rminos de la Ley de Responsabilidades de los Servidores P\u00fablicos del Estado y Municipio de Oaxaca.<\/p>\n<p style=\"text-align: justify\"><strong>FUNDAMENTO Y MOTIVACI\u00d3N<\/strong><\/p>\n<p style=\"text-align: justify\">Ley de Responsabilidades de los Servidores P\u00fablicos del Estado y Municipios de Oaxaca.<\/p>\n<p style=\"text-align: justify\">Obligaci\u00f3n plasmada en la Ley a las Entidades Paraestatales, sin excepci\u00f3n o exclusi\u00f3n.<\/p>\n<div class=\"su-row\">\n<div class=\"su-column su-column-size-1-2\"><div class=\"su-column-inner su-u-clearfix su-u-trim\">\n<div class=\"su-animate\" style=\"opacity:0;-webkit-animation-duration:1.5s;-webkit-animation-delay:1s;animation-duration:1.5s;animation-delay:1s;\" data-animation=\"fadeInLeft\" data-duration=\"1.5\" data-delay=\"1\"> <div class=\"su-box su-box-style-default\" id=\"\" style=\"border-color:#000000;border-radius:3px;max-width:none\"><div class=\"su-box-title\" style=\"background-color:#333333;color:#FFFFFF;border-top-left-radius:1px;border-top-right-radius:1px\">Descargar Archivos<\/div><div class=\"su-box-content su-u-clearfix su-u-trim\" style=\"border-bottom-left-radius:1px;border-bottom-right-radius:1px\">\n<a href=\"https:\/\/www.oaxaca.gob.mx\/pensiones\/wp-content\/uploads\/sites\/54\/2017\/04\/XVIII.xls\" target=\"_New\" rel=\"noopener noreferrer\">Formato &nbsp;&nbsp;<img loading=\"lazy\" decoding=\"async\" class=\"alignnone size-full wp-image-771\" src=\"https:\/\/www.oaxaca.gob.mx\/pensiones\/wp-content\/uploads\/sites\/54\/2016\/07\/excel.gif\" alt=\"logo_pdf\" width=\"20\" height=\"19\" \/><\/a><\/p>\n<p><a href=\"https:\/\/www.oaxaca.gob.mx\/pensiones\/wp-content\/uploads\/sites\/54\/2018\/03\/LGTA70FXVIII.xlsx\" target=\"_New\" rel=\"noopener noreferrer\">Formato 4 TRIMESTRE 2017 &nbsp;&nbsp;<img loading=\"lazy\" decoding=\"async\" class=\"alignnone size-full wp-image-771\" src=\"https:\/\/www.oaxaca.gob.mx\/pensiones\/wp-content\/uploads\/sites\/54\/2016\/07\/excel.gif\" alt=\"logo_pdf\" width=\"20\" height=\"19\" \/><\/a><\/p>\n<p><a href=\"https:\/\/www.oaxaca.gob.mx\/pensiones\/wp-content\/uploads\/sites\/54\/2018\/05\/LGTA70FXVIII.xlsx\" target=\"_New\" rel=\"noopener noreferrer\">Formato  TRIMESTRE 2018 &nbsp;&nbsp;<img loading=\"lazy\" decoding=\"async\" class=\"alignnone size-full wp-image-771\" src=\"https:\/\/www.oaxaca.gob.mx\/pensiones\/wp-content\/uploads\/sites\/54\/2016\/07\/excel.gif\" alt=\"logo_pdf\" width=\"20\" height=\"19\" \/><\/a><br \/>\n<\/div><\/div> <\/div>\n<\/div><\/div>\n<\/div>\n","protected":false},"excerpt":{"rendered":"<p>Fracci\u00f3n XVIII La Oficina de Pensiones \u00a0no cuenta con listados de Servidores \u00a0P\u00fablicos con sanciones administrativas definitivas, toda vez que no existen Servidores P\u00fablicos que se encuentren laborando \u00a0y que hallan sido sancionados en t\u00e9rminos de la Ley de Responsabilidades de los Servidores P\u00fablicos del Estado y Municipio de Oaxaca. FUNDAMENTO Y MOTIVACI\u00d3N Ley de [&hellip;]<\/p>\n","protected":false},"author":1,"featured_media":0,"parent":0,"menu_order":0,"comment_status":"closed","ping_status":"closed","template":"","meta":{"episode_type":"","audio_file":"","podmotor_file_id":"","podmotor_episode_id":"","cover_image":"","cover_image_id":"","duration":"","filesize":"","filesize_raw":"","date_recorded":"","explicit":"","block":"","itunes_episode_number":"","itunes_title":"","itunes_season_number":"","itunes_episode_type":"","footnotes":""},"categories":[],"tags":[],"class_list":["post-372","page","type-page","status-publish","hentry"],"acf":[],"publishpress_future_action":{"enabled":false,"date":"2026-04-23 19:35:33","action":"change-status","newStatus":"draft","terms":[],"taxonomy":"category","extraData":[]},"publishpress_future_workflow_manual_trigger":{"enabledWorkflows":[]},"_links":{"self":[{"href":"https:\/\/www.oaxaca.gob.mx\/pensiones\/wp-json\/wp\/v2\/pages\/372","targetHints":{"allow":["GET"]}}],"collection":[{"href":"https:\/\/www.oaxaca.gob.mx\/pensiones\/wp-json\/wp\/v2\/pages"}],"about":[{"href":"https:\/\/www.oaxaca.gob.mx\/pensiones\/wp-json\/wp\/v2\/types\/page"}],"author":[{"embeddable":true,"href":"https:\/\/www.oaxaca.gob.mx\/pensiones\/wp-json\/wp\/v2\/users\/1"}],"replies":[{"embeddable":true,"href":"https:\/\/www.oaxaca.gob.mx\/pensiones\/wp-json\/wp\/v2\/comments?post=372"}],"version-history":[{"count":0,"href":"https:\/\/www.oaxaca.gob.mx\/pensiones\/wp-json\/wp\/v2\/pages\/372\/revisions"}],"wp:attachment":[{"href":"https:\/\/www.oaxaca.gob.mx\/pensiones\/wp-json\/wp\/v2\/media?parent=372"}],"wp:term":[{"taxonomy":"category","embeddable":true,"href":"https:\/\/www.oaxaca.gob.mx\/pensiones\/wp-json\/wp\/v2\/categories?post=372"},{"taxonomy":"post_tag","embeddable":true,"href":"https:\/\/www.oaxaca.gob.mx\/pensiones\/wp-json\/wp\/v2\/tags?post=372"}],"curies":[{"name":"wp","href":"https:\/\/api.w.org\/{rel}","templated":true}]}}