{"id":3610,"date":"2018-11-29T15:17:39","date_gmt":"2018-11-29T21:17:39","guid":{"rendered":"https:\/\/www.oaxaca.gob.mx\/pensiones\/?page_id=3610"},"modified":"2018-11-29T15:17:39","modified_gmt":"2018-11-29T21:17:39","slug":"constancia-de-pension","status":"publish","type":"page","link":"https:\/\/www.oaxaca.gob.mx\/pensiones\/constancia-de-pension\/","title":{"rendered":"CONSTANCIA DE PENSI\u00d3N"},"content":{"rendered":"<p><strong>CONSTANCIA DE PENSION<\/strong><\/p>\n<p>&nbsp;<\/p>\n<ul>\n<li>DESCRIPCION<\/li>\n<\/ul>\n<p>Documento con el cual, el jubilado o pensionado puede acreditar su pensi\u00f3n ante la Oficina de Pensiones, as\u00ed tambi\u00e9n para los beneficiarios y le ser\u00e1 de utilidad en tr\u00e1mites como pago de seguro de vida o pensi\u00f3n por fallecimiento.<\/p>\n<p>&nbsp;<\/p>\n<ul>\n<li>REQUISITOS<\/li>\n<\/ul>\n<p>En el caso de ser beneficiarios de jubilado o Pensionado deber\u00e1 presentar en el \u00e1rea de n\u00f3minas, escrito dirigido al Director General de la Oficina de pensiones, mismo que deber\u00e1 contener nombre completo del jubilado o pensionado, mencionar tipo de pensi\u00f3n en la que disfruta o disfrutaba \u00a0y el n\u00famero de n\u00f3mina\u00a0\u00a0tipo de tr\u00e1mite que solicita, lugar, fecha y firma. Indicando para que tipo de tr\u00e1mite requiere la Constancia (Pensi\u00f3n por fallecimiento, Pago de Seguro de Vida).<\/p>\n<p>&nbsp;<\/p>\n<p>HORARIO<br \/>\n<span style=\"color: #ff0000\">De Lunes a Viernes de 9:00 \u2013 15:00 hrs.<\/span><\/p>\n<p><strong>\u00a0<\/strong><\/p>\n<p>&nbsp;<\/p>\n<p><em><strong>SUPERVIVENCIA<\/strong><\/em><\/p>\n<p>&nbsp;<\/p>\n<p><em><b>LOS JUBILADOS, PENSIONADOS Y PENSIONISTAS, TENDR\u00c1N\u00a0LA OBLIGACI\u00d3N\u00a0DE ACUDIR A LAS INSTALACIONES DE LA OFICINA DE PENSIONES, A FIRMAR SUPERVIVENCIA DURANTE LAS FECHAS ESTABLECIDAS POR LA OFICINA DE PENSIONES EN LOS MESES DE ENERO, MAYO Y SEPTIEMBRE DE CADA A\u00d1O, DEBIENDO EL INTERESADO PRESENTAR UNA FOTOGRAF\u00cdA\u00a0TAMA\u00d1O INFANTIL RECIENTE EN EL PRIMER PERIODO ANUAL DE FIRMA.<\/b><\/em><\/p>\n","protected":false},"excerpt":{"rendered":"<p>CONSTANCIA DE PENSION &nbsp; DESCRIPCION Documento con el cual, el jubilado o pensionado puede acreditar su pensi\u00f3n ante la Oficina de Pensiones, as\u00ed tambi\u00e9n para los beneficiarios y le ser\u00e1 de utilidad en tr\u00e1mites como pago de seguro de vida o pensi\u00f3n por fallecimiento. &nbsp; REQUISITOS En el caso de ser beneficiarios de jubilado o [&hellip;]<\/p>\n","protected":false},"author":1,"featured_media":2754,"parent":0,"menu_order":0,"comment_status":"closed","ping_status":"closed","template":"","meta":{"episode_type":"","audio_file":"","podmotor_file_id":"","podmotor_episode_id":"","cover_image":"","cover_image_id":"","duration":"","filesize":"","filesize_raw":"","date_recorded":"","explicit":"","block":"","itunes_episode_number":"","itunes_title":"","itunes_season_number":"","itunes_episode_type":"","footnotes":""},"categories":[],"tags":[],"class_list":["post-3610","page","type-page","status-publish","has-post-thumbnail","hentry"],"acf":[],"publishpress_future_action":{"enabled":false,"date":"2026-04-23 19:37:42","action":"change-status","newStatus":"draft","terms":[],"taxonomy":"category","extraData":[]},"publishpress_future_workflow_manual_trigger":{"enabledWorkflows":[]},"_links":{"self":[{"href":"https:\/\/www.oaxaca.gob.mx\/pensiones\/wp-json\/wp\/v2\/pages\/3610","targetHints":{"allow":["GET"]}}],"collection":[{"href":"https:\/\/www.oaxaca.gob.mx\/pensiones\/wp-json\/wp\/v2\/pages"}],"about":[{"href":"https:\/\/www.oaxaca.gob.mx\/pensiones\/wp-json\/wp\/v2\/types\/page"}],"author":[{"embeddable":true,"href":"https:\/\/www.oaxaca.gob.mx\/pensiones\/wp-json\/wp\/v2\/users\/1"}],"replies":[{"embeddable":true,"href":"https:\/\/www.oaxaca.gob.mx\/pensiones\/wp-json\/wp\/v2\/comments?post=3610"}],"version-history":[{"count":0,"href":"https:\/\/www.oaxaca.gob.mx\/pensiones\/wp-json\/wp\/v2\/pages\/3610\/revisions"}],"wp:featuredmedia":[{"embeddable":true,"href":"https:\/\/www.oaxaca.gob.mx\/pensiones\/wp-json\/wp\/v2\/media\/2754"}],"wp:attachment":[{"href":"https:\/\/www.oaxaca.gob.mx\/pensiones\/wp-json\/wp\/v2\/media?parent=3610"}],"wp:term":[{"taxonomy":"category","embeddable":true,"href":"https:\/\/www.oaxaca.gob.mx\/pensiones\/wp-json\/wp\/v2\/categories?post=3610"},{"taxonomy":"post_tag","embeddable":true,"href":"https:\/\/www.oaxaca.gob.mx\/pensiones\/wp-json\/wp\/v2\/tags?post=3610"}],"curies":[{"name":"wp","href":"https:\/\/api.w.org\/{rel}","templated":true}]}}