{"id":3580,"date":"2018-11-20T12:36:07","date_gmt":"2018-11-20T18:36:07","guid":{"rendered":"https:\/\/www.oaxaca.gob.mx\/pensiones\/?page_id=3580"},"modified":"2018-11-20T12:36:07","modified_gmt":"2018-11-20T18:36:07","slug":"constancia-de-no-tramite-de-pension","status":"publish","type":"page","link":"https:\/\/www.oaxaca.gob.mx\/pensiones\/constancia-de-no-tramite-de-pension\/","title":{"rendered":"CONSTANCIA DE NO TR\u00c1MITE DE PENSI\u00d3N"},"content":{"rendered":"<p style=\"text-align: center\"><strong>REQUISITOS PARA LA CONSTANCIA DE NO TR\u00c1MITE DE PENSI\u00d3N O JUBILACI\u00d3N<\/strong><\/p>\n<ul class=\"listas-geo\">\n<li>Escrito dirigido al CP. Jes\u00fas Parada Parada, Director General de la Oficina de Pensiones del Estado de Oaxaca.<\/li>\n<li>El cual deber\u00e1 contener los siguientes datos: Nombre completo, RFC, categor\u00eda actual, adscripci\u00f3n y dependencia donde labora actualmente.<\/li>\n<li> Deber\u00e1 especificar que solicita constancia de no tr\u00e1mite de pensi\u00f3n o jubilaci\u00f3n, para participar en un movimiento escalafonario o convocatoria n\u00famero tal.<\/li>\n<li> Anexar copia del \u00faltimo sobre de n\u00f3mina.<\/li>\n<\/ul>\n<p>Tel\u00e9fono 13 27002, 13 27022 extensi\u00f3n 25 Departamento Jur\u00eddico.<\/p>\n<p><strong>DETALLE<\/strong><\/p>\n<p><a href=\"https:\/\/www.oaxaca.gob.mx\/pensiones\/wp-content\/uploads\/sites\/54\/2018\/11\/fallecimiento.pdf\" target=\"_New\" rel=\"noopener noreferrer\">Fallecimiento\u00a0\u00a0<img loading=\"lazy\" decoding=\"async\" class=\"alignnone size-full wp-image-771\" src=\"https:\/\/www.oaxaca.gob.mx\/pensiones\/wp-content\/uploads\/sites\/54\/2016\/07\/excel.gif\" alt=\"logo_pdf\" width=\"20\" height=\"19\" \/><\/a><\/p>\n<p><a href=\"https:\/\/www.oaxaca.gob.mx\/pensiones\/wp-content\/uploads\/sites\/54\/2018\/11\/inhabilitaci\u00f3n.pdf\" target=\"_New\" rel=\"noopener noreferrer\">Inhabilitaci\u00f3n\u00a0\u00a0<img loading=\"lazy\" decoding=\"async\" class=\"alignnone size-full wp-image-771\" src=\"https:\/\/www.oaxaca.gob.mx\/pensiones\/wp-content\/uploads\/sites\/54\/2016\/07\/excel.gif\" alt=\"logo_pdf\" width=\"20\" height=\"19\" \/><\/a><\/p>\n<p><a href=\"https:\/\/www.oaxaca.gob.mx\/pensiones\/wp-content\/uploads\/sites\/54\/2018\/11\/jubilacion.pdf\" target=\"_New\" rel=\"noopener noreferrer\">Jubilacion\u00a0\u00a0<img loading=\"lazy\" decoding=\"async\" class=\"alignnone size-full wp-image-771\" src=\"https:\/\/www.oaxaca.gob.mx\/pensiones\/wp-content\/uploads\/sites\/54\/2016\/07\/excel.gif\" alt=\"logo_pdf\" width=\"20\" height=\"19\" \/><\/a><\/p>\n<p><a href=\"https:\/\/www.oaxaca.gob.mx\/pensiones\/wp-content\/uploads\/sites\/54\/2018\/11\/seguro-de-vida.pdf\" target=\"_New\" rel=\"noopener noreferrer\">Seguro de vida\u00a0\u00a0<img loading=\"lazy\" decoding=\"async\" class=\"alignnone size-full wp-image-771\" src=\"https:\/\/www.oaxaca.gob.mx\/pensiones\/wp-content\/uploads\/sites\/54\/2016\/07\/excel.gif\" alt=\"logo_pdf\" width=\"20\" height=\"19\" \/><\/a><\/p>\n","protected":false},"excerpt":{"rendered":"<p>REQUISITOS PARA LA CONSTANCIA DE NO TR\u00c1MITE DE PENSI\u00d3N O JUBILACI\u00d3N Escrito dirigido al CP. Jes\u00fas Parada Parada, Director General de la Oficina de Pensiones del Estado de Oaxaca. El cual deber\u00e1 contener los siguientes datos: Nombre completo, RFC, categor\u00eda actual, adscripci\u00f3n y dependencia donde labora actualmente. Deber\u00e1 especificar que solicita constancia de no tr\u00e1mite [&hellip;]<\/p>\n","protected":false},"author":1,"featured_media":0,"parent":0,"menu_order":0,"comment_status":"closed","ping_status":"closed","template":"","meta":{"episode_type":"","audio_file":"","podmotor_file_id":"","podmotor_episode_id":"","cover_image":"","cover_image_id":"","duration":"","filesize":"","filesize_raw":"","date_recorded":"","explicit":"","block":"","itunes_episode_number":"","itunes_title":"","itunes_season_number":"","itunes_episode_type":"","footnotes":""},"categories":[],"tags":[],"class_list":["post-3580","page","type-page","status-publish","hentry"],"acf":[],"publishpress_future_action":{"enabled":false,"date":"2026-04-23 19:37:10","action":"change-status","newStatus":"draft","terms":[],"taxonomy":"category","extraData":[]},"publishpress_future_workflow_manual_trigger":{"enabledWorkflows":[]},"_links":{"self":[{"href":"https:\/\/www.oaxaca.gob.mx\/pensiones\/wp-json\/wp\/v2\/pages\/3580","targetHints":{"allow":["GET"]}}],"collection":[{"href":"https:\/\/www.oaxaca.gob.mx\/pensiones\/wp-json\/wp\/v2\/pages"}],"about":[{"href":"https:\/\/www.oaxaca.gob.mx\/pensiones\/wp-json\/wp\/v2\/types\/page"}],"author":[{"embeddable":true,"href":"https:\/\/www.oaxaca.gob.mx\/pensiones\/wp-json\/wp\/v2\/users\/1"}],"replies":[{"embeddable":true,"href":"https:\/\/www.oaxaca.gob.mx\/pensiones\/wp-json\/wp\/v2\/comments?post=3580"}],"version-history":[{"count":0,"href":"https:\/\/www.oaxaca.gob.mx\/pensiones\/wp-json\/wp\/v2\/pages\/3580\/revisions"}],"wp:attachment":[{"href":"https:\/\/www.oaxaca.gob.mx\/pensiones\/wp-json\/wp\/v2\/media?parent=3580"}],"wp:term":[{"taxonomy":"category","embeddable":true,"href":"https:\/\/www.oaxaca.gob.mx\/pensiones\/wp-json\/wp\/v2\/categories?post=3580"},{"taxonomy":"post_tag","embeddable":true,"href":"https:\/\/www.oaxaca.gob.mx\/pensiones\/wp-json\/wp\/v2\/tags?post=3580"}],"curies":[{"name":"wp","href":"https:\/\/api.w.org\/{rel}","templated":true}]}}