{"id":350,"date":"2016-04-11T11:48:31","date_gmt":"2016-04-11T17:48:31","guid":{"rendered":"https:\/\/www.oaxaca.gob.mx\/pensiones\/?page_id=350"},"modified":"2016-04-11T11:48:31","modified_gmt":"2016-04-11T17:48:31","slug":"fraccion-xviii","status":"publish","type":"page","link":"https:\/\/www.oaxaca.gob.mx\/pensiones\/fraccion-xviii\/","title":{"rendered":"Fracci\u00f3n XIX"},"content":{"rendered":"<p><strong><b>Fracci\u00f3n XIX<\/b><\/strong><\/p>\n<p style=\"text-align: justify\">Los servicios que ofrecen se\u00f1alando los requisitos para acceder a ellos.<\/p>\n<p style=\"text-align: justify\"><strong>FUNDAMENTO Y MOTIVACI\u00d3N<\/strong><\/p>\n<p style=\"text-align: justify\">Ley de Pensiones para los Trabajadores del Gobierno del Estado de Oaxaca, Reglamento de Operaci\u00f3n de la Oficina de Pensiones y Reglamento Interno de la Oficina de Pensiones.<\/p>\n<p style=\"text-align: justify\">Obligaci\u00f3n impuesta que genera mayor efectividad en la prestaci\u00f3n del servicio p\u00fablico para lo que fue creada la Oficina de Pensiones.<\/p>\n<div class=\"su-row\">\n<div class=\"su-column su-column-size-1-2\"><div class=\"su-column-inner su-u-clearfix su-u-trim\">\n<div class=\"su-animate\" style=\"opacity:0;-webkit-animation-duration:1.5s;-webkit-animation-delay:1s;animation-duration:1.5s;animation-delay:1s;\" data-animation=\"fadeInLeft\" data-duration=\"1.5\" data-delay=\"1\"> <div class=\"su-box su-box-style-default\" id=\"\" style=\"border-color:#000000;border-radius:3px;max-width:none\"><div class=\"su-box-title\" style=\"background-color:#333333;color:#FFFFFF;border-top-left-radius:1px;border-top-right-radius:1px\">Descargar Archivos<\/div><div class=\"su-box-content su-u-clearfix su-u-trim\" style=\"border-bottom-left-radius:1px;border-bottom-right-radius:1px\">\n&lt;!&#8211;a href=&quot;https:\/\/www.oaxaca.gob.mx\/pensiones\/wp-content\/uploads\/sites\/54\/2017\/04\/XIX.xls&quot; target=&quot;new&quot;&gt;Formato&nbsp;&nbsp;<img loading=\"lazy\" decoding=\"async\" class=\"alignnone size-full wp-image-772\" src=\"https:\/\/www.oaxaca.gob.mx\/pensiones\/wp-content\/uploads\/sites\/54\/2016\/07\/excel.gif\" alt=\"excel\" width=\"20\" height=\"19\" \/>&lt;\/a&#8211;&gt;<br \/>\n<a href=\"https:\/\/www.oaxaca.gob.mx\/pensiones\/wp-content\/uploads\/sites\/54\/2017\/10\/XIX_2017.xls\" target=\"new\" rel=\"noopener noreferrer\">Formato&nbsp;&nbsp;<img loading=\"lazy\" decoding=\"async\" class=\"alignnone size-full wp-image-772\" src=\"https:\/\/www.oaxaca.gob.mx\/pensiones\/wp-content\/uploads\/sites\/54\/2016\/07\/excel.gif\" alt=\"excel\" width=\"20\" height=\"19\" \/><\/a><br \/>\n<\/div><\/div> <\/div>\n<\/div><\/div>\n<\/div>\n","protected":false},"excerpt":{"rendered":"<p>Fracci\u00f3n XIX Los servicios que ofrecen se\u00f1alando los requisitos para acceder a ellos. FUNDAMENTO Y MOTIVACI\u00d3N Ley de Pensiones para los Trabajadores del Gobierno del Estado de Oaxaca, Reglamento de Operaci\u00f3n de la Oficina de Pensiones y Reglamento Interno de la Oficina de Pensiones. Obligaci\u00f3n impuesta que genera mayor efectividad en la prestaci\u00f3n del servicio [&hellip;]<\/p>\n","protected":false},"author":1,"featured_media":0,"parent":0,"menu_order":0,"comment_status":"closed","ping_status":"closed","template":"","meta":{"episode_type":"","audio_file":"","podmotor_file_id":"","podmotor_episode_id":"","cover_image":"","cover_image_id":"","duration":"","filesize":"","filesize_raw":"","date_recorded":"","explicit":"","block":"","itunes_episode_number":"","itunes_title":"","itunes_season_number":"","itunes_episode_type":"","footnotes":""},"categories":[],"tags":[],"class_list":["post-350","page","type-page","status-publish","hentry"],"acf":[],"publishpress_future_action":{"enabled":false,"date":"2026-04-23 19:37:42","action":"change-status","newStatus":"draft","terms":[],"taxonomy":"category","extraData":[]},"publishpress_future_workflow_manual_trigger":{"enabledWorkflows":[]},"_links":{"self":[{"href":"https:\/\/www.oaxaca.gob.mx\/pensiones\/wp-json\/wp\/v2\/pages\/350","targetHints":{"allow":["GET"]}}],"collection":[{"href":"https:\/\/www.oaxaca.gob.mx\/pensiones\/wp-json\/wp\/v2\/pages"}],"about":[{"href":"https:\/\/www.oaxaca.gob.mx\/pensiones\/wp-json\/wp\/v2\/types\/page"}],"author":[{"embeddable":true,"href":"https:\/\/www.oaxaca.gob.mx\/pensiones\/wp-json\/wp\/v2\/users\/1"}],"replies":[{"embeddable":true,"href":"https:\/\/www.oaxaca.gob.mx\/pensiones\/wp-json\/wp\/v2\/comments?post=350"}],"version-history":[{"count":0,"href":"https:\/\/www.oaxaca.gob.mx\/pensiones\/wp-json\/wp\/v2\/pages\/350\/revisions"}],"wp:attachment":[{"href":"https:\/\/www.oaxaca.gob.mx\/pensiones\/wp-json\/wp\/v2\/media?parent=350"}],"wp:term":[{"taxonomy":"category","embeddable":true,"href":"https:\/\/www.oaxaca.gob.mx\/pensiones\/wp-json\/wp\/v2\/categories?post=350"},{"taxonomy":"post_tag","embeddable":true,"href":"https:\/\/www.oaxaca.gob.mx\/pensiones\/wp-json\/wp\/v2\/tags?post=350"}],"curies":[{"name":"wp","href":"https:\/\/api.w.org\/{rel}","templated":true}]}}