{"id":342,"date":"2016-04-11T11:47:13","date_gmt":"2016-04-11T17:47:13","guid":{"rendered":"https:\/\/www.oaxaca.gob.mx\/pensiones\/?page_id=342"},"modified":"2016-04-11T11:47:13","modified_gmt":"2016-04-11T17:47:13","slug":"fraccion-xiv","status":"publish","type":"page","link":"https:\/\/www.oaxaca.gob.mx\/pensiones\/fraccion-xiv\/","title":{"rendered":"Fracci\u00f3n XIV"},"content":{"rendered":"<p><strong><b>Fracci\u00f3n XIV<\/b><\/strong><\/p>\n<p style=\"text-align: justify\">Las convocatorias a concursos para ocupar cargos p\u00fablicos y los resultados de los mismos;<\/p>\n<p style=\"text-align: justify\">NO APLICA<\/p>\n<p style=\"text-align: justify\">FUNDAMENTO Y MOTIVACI\u00d3N<\/p>\n<p style=\"text-align: justify\">Art\u00edculo 79 de la Ley de Pensiones para los Trabajadores del Gobierno del Estado de Oaxaca; 47 fracci\u00f3n III y IV de la Ley de Entidades Paraestatales del Estado de Oaxaca.<\/p>\n<p style=\"text-align: justify\">Corresponde a la\u00a0 Secretar\u00eda de Administraci\u00f3n dictar las disposiciones que normen la contrataci\u00f3n, remuneraci\u00f3n y prestaciones, que deban efectuarse a los servidores p\u00fablicos de las Entidades Paraestatales.<\/p>\n<div class=\"su-animate\" style=\"opacity:0;-webkit-animation-duration:1.5s;-webkit-animation-delay:1s;animation-duration:1.5s;animation-delay:1s;\" data-animation=\"fadeInLeft\" data-duration=\"1.5\" data-delay=\"1\"> <div class=\"su-box su-box-style-default\" id=\"\" style=\"border-color:#000000;border-radius:3px;max-width:none\"><div class=\"su-box-title\" style=\"background-color:#333333;color:#FFFFFF;border-top-left-radius:1px;border-top-right-radius:1px\">Descargar Archivos<\/div><div class=\"su-box-content su-u-clearfix su-u-trim\" style=\"border-bottom-left-radius:1px;border-bottom-right-radius:1px\">\n<p><a href=\"https:\/\/www.oaxaca.gob.mx\/pensiones\/wp-content\/uploads\/sites\/54\/2017\/04\/XIV.xls\" target=\"new\" rel=\"noopener noreferrer\">Formato A&nbsp;&nbsp;<img decoding=\"async\" src=\"https:\/\/www.oaxaca.gob.mx\/pensiones\/wp-content\/uploads\/sites\/54\/2016\/07\/excel.gif\"><\/a><\/td>\n<p><a href=\"https:\/\/www.oaxaca.gob.mx\/pensiones\/wp-content\/uploads\/sites\/54\/2018\/05\/LGTA70FXIV.xlsx\" target=\"new\" rel=\"noopener noreferrer\">Formato B&nbsp;&nbsp;<img decoding=\"async\" src=\"https:\/\/www.oaxaca.gob.mx\/pensiones\/wp-content\/uploads\/sites\/54\/2016\/07\/excel.gif\"><\/a><\/td>\n<p><a href=\"https:\/\/www.oaxaca.gob.mx\/pensiones\/wp-content\/uploads\/sites\/54\/2018\/08\/XIV.xls\" target=\"new\" rel=\"noopener noreferrer\">XIV 2018&nbsp;&nbsp;<img decoding=\"async\" src=\"https:\/\/www.oaxaca.gob.mx\/pensiones\/wp-content\/uploads\/sites\/54\/2016\/07\/excel.gif\"><\/a><\/td>\n<\/div><\/div> <\/div>\n<\/tr>\n<tr>\n<td>&nbsp;<\/td>\n<\/tr>\n<\/table>\n","protected":false},"excerpt":{"rendered":"<p>Fracci\u00f3n XIV Las convocatorias a concursos para ocupar cargos p\u00fablicos y los resultados de los mismos; NO APLICA FUNDAMENTO Y MOTIVACI\u00d3N Art\u00edculo 79 de la Ley de Pensiones para los Trabajadores del Gobierno del Estado de Oaxaca; 47 fracci\u00f3n III y IV de la Ley de Entidades Paraestatales del Estado de Oaxaca. Corresponde a la\u00a0 [&hellip;]<\/p>\n","protected":false},"author":1,"featured_media":0,"parent":0,"menu_order":0,"comment_status":"closed","ping_status":"closed","template":"","meta":{"episode_type":"","audio_file":"","podmotor_file_id":"","podmotor_episode_id":"","cover_image":"","cover_image_id":"","duration":"","filesize":"","filesize_raw":"","date_recorded":"","explicit":"","block":"","itunes_episode_number":"","itunes_title":"","itunes_season_number":"","itunes_episode_type":"","footnotes":""},"categories":[],"tags":[],"class_list":["post-342","page","type-page","status-publish","hentry"],"acf":[],"publishpress_future_action":{"enabled":false,"date":"2026-04-23 19:35:36","action":"change-status","newStatus":"draft","terms":[],"taxonomy":"category","extraData":[]},"publishpress_future_workflow_manual_trigger":{"enabledWorkflows":[]},"_links":{"self":[{"href":"https:\/\/www.oaxaca.gob.mx\/pensiones\/wp-json\/wp\/v2\/pages\/342","targetHints":{"allow":["GET"]}}],"collection":[{"href":"https:\/\/www.oaxaca.gob.mx\/pensiones\/wp-json\/wp\/v2\/pages"}],"about":[{"href":"https:\/\/www.oaxaca.gob.mx\/pensiones\/wp-json\/wp\/v2\/types\/page"}],"author":[{"embeddable":true,"href":"https:\/\/www.oaxaca.gob.mx\/pensiones\/wp-json\/wp\/v2\/users\/1"}],"replies":[{"embeddable":true,"href":"https:\/\/www.oaxaca.gob.mx\/pensiones\/wp-json\/wp\/v2\/comments?post=342"}],"version-history":[{"count":0,"href":"https:\/\/www.oaxaca.gob.mx\/pensiones\/wp-json\/wp\/v2\/pages\/342\/revisions"}],"wp:attachment":[{"href":"https:\/\/www.oaxaca.gob.mx\/pensiones\/wp-json\/wp\/v2\/media?parent=342"}],"wp:term":[{"taxonomy":"category","embeddable":true,"href":"https:\/\/www.oaxaca.gob.mx\/pensiones\/wp-json\/wp\/v2\/categories?post=342"},{"taxonomy":"post_tag","embeddable":true,"href":"https:\/\/www.oaxaca.gob.mx\/pensiones\/wp-json\/wp\/v2\/tags?post=342"}],"curies":[{"name":"wp","href":"https:\/\/api.w.org\/{rel}","templated":true}]}}