{"id":2642,"date":"2018-05-02T13:51:38","date_gmt":"2018-05-02T19:51:38","guid":{"rendered":"https:\/\/www.oaxaca.gob.mx\/pensiones\/?page_id=2642"},"modified":"2018-05-02T13:51:38","modified_gmt":"2018-05-02T19:51:38","slug":"solicitudes-de-informacion","status":"publish","type":"page","link":"https:\/\/www.oaxaca.gob.mx\/pensiones\/solicitudes-de-informacion\/","title":{"rendered":"SOLICITUDES DE INFORMACI\u00d3N."},"content":{"rendered":"<p>Tipo de usuario y\/o poblaci\u00f3n objetivo.<br \/>\nP\u00fablico en general que desee conocer informaci\u00f3n p\u00fablica en t\u00e9rminos de la Ley General de Transparencia y acceso a la Informaci\u00f3n, o bien necesite realizar una solicitud de derechos de Acceso, Rectificaci\u00f3n, cancelaci\u00f3n y Oposici\u00f3n de datos personales.<br \/>\nLa solicitud de informaci\u00f3n podr\u00e1 formularse:<\/p>\n<ul class=\"listas-geo\">\n<li>I. De manera verbal, en la Unidad de Transparencia;<\/li>\n<li>II. Mediante escrito libre o en los formatos que para el efecto se aprueben, presentado en las oficinas del sujeto obligado o por correo electr\u00f3nico oficial de la Unidad de Transparencia, por correo postal o tel\u00e9grafo.\n<\/li>\n<li>III. A trav\u00e9s de la Plataforma Nacional de Transparencia, por medio de su sistema de solicitudes de acceso a la informaci\u00f3n.<\/li>\n<\/ul>\n","protected":false},"excerpt":{"rendered":"<p>Tipo de usuario y\/o poblaci\u00f3n objetivo. P\u00fablico en general que desee conocer informaci\u00f3n p\u00fablica en t\u00e9rminos de la Ley General de Transparencia y acceso a la Informaci\u00f3n, o bien necesite realizar una solicitud de derechos de Acceso, Rectificaci\u00f3n, cancelaci\u00f3n y Oposici\u00f3n de datos personales. La solicitud de informaci\u00f3n podr\u00e1 formularse: I. De manera verbal, en [&hellip;]<\/p>\n","protected":false},"author":1,"featured_media":0,"parent":0,"menu_order":0,"comment_status":"closed","ping_status":"closed","template":"","meta":{"episode_type":"","audio_file":"","podmotor_file_id":"","podmotor_episode_id":"","cover_image":"","cover_image_id":"","duration":"","filesize":"","filesize_raw":"","date_recorded":"","explicit":"","block":"","itunes_episode_number":"","itunes_title":"","itunes_season_number":"","itunes_episode_type":"","footnotes":""},"categories":[],"tags":[],"class_list":["post-2642","page","type-page","status-publish","hentry"],"acf":[],"publishpress_future_action":{"enabled":false,"date":"2026-04-24 16:54:32","action":"change-status","newStatus":"draft","terms":[],"taxonomy":"category","extraData":[]},"publishpress_future_workflow_manual_trigger":{"enabledWorkflows":[]},"_links":{"self":[{"href":"https:\/\/www.oaxaca.gob.mx\/pensiones\/wp-json\/wp\/v2\/pages\/2642","targetHints":{"allow":["GET"]}}],"collection":[{"href":"https:\/\/www.oaxaca.gob.mx\/pensiones\/wp-json\/wp\/v2\/pages"}],"about":[{"href":"https:\/\/www.oaxaca.gob.mx\/pensiones\/wp-json\/wp\/v2\/types\/page"}],"author":[{"embeddable":true,"href":"https:\/\/www.oaxaca.gob.mx\/pensiones\/wp-json\/wp\/v2\/users\/1"}],"replies":[{"embeddable":true,"href":"https:\/\/www.oaxaca.gob.mx\/pensiones\/wp-json\/wp\/v2\/comments?post=2642"}],"version-history":[{"count":0,"href":"https:\/\/www.oaxaca.gob.mx\/pensiones\/wp-json\/wp\/v2\/pages\/2642\/revisions"}],"wp:attachment":[{"href":"https:\/\/www.oaxaca.gob.mx\/pensiones\/wp-json\/wp\/v2\/media?parent=2642"}],"wp:term":[{"taxonomy":"category","embeddable":true,"href":"https:\/\/www.oaxaca.gob.mx\/pensiones\/wp-json\/wp\/v2\/categories?post=2642"},{"taxonomy":"post_tag","embeddable":true,"href":"https:\/\/www.oaxaca.gob.mx\/pensiones\/wp-json\/wp\/v2\/tags?post=2642"}],"curies":[{"name":"wp","href":"https:\/\/api.w.org\/{rel}","templated":true}]}}