{"id":2638,"date":"2018-05-02T13:48:16","date_gmt":"2018-05-02T19:48:16","guid":{"rendered":"https:\/\/www.oaxaca.gob.mx\/pensiones\/?page_id=2638"},"modified":"2018-05-02T13:48:16","modified_gmt":"2018-05-02T19:48:16","slug":"pago_seguro_vida","status":"publish","type":"page","link":"https:\/\/www.oaxaca.gob.mx\/pensiones\/pago_seguro_vida\/","title":{"rendered":"PAGO DE SEGURO DE VIDA."},"content":{"rendered":"<p>Tipo de usuario y\/o poblaci\u00f3n objetivo.<br \/>\nA los beneficiarios designados por el jubilado o pensionado en la C\u00e9dula de Protecci\u00f3n requisitada en t\u00e9rminos de la Ley de Pensiones para los Trabajadores del Gobierno del Estado de Oaxaca.<\/p>\n<div class=\"card\">\n<div class=\"card-header\">REQUISITOS<\/div>\n<div class=\"card-body\">\n<ul class=\"listas-geo\">\n<li>1. Solicitud por escrito dirigida a los miembros del Consejo Directivo de la Oficina de Pensiones.\n\t    <\/li>\n<li>2. Original de la C\u00e9dula de Protecci\u00f3n;\n\t     <\/li>\n<li>3. Copia certificada del acta de defunci\u00f3n y fotocopia certificada del libro de registro en el que obra dicha acta; ambas expedidas por el registro civil;\n\t     <\/li>\n<li>4. Copia certificada del acta de matrimonio y fotocopia certificada del libro de registro si el beneficiario es la o el c\u00f3nyuge, ambas expedidas por el Registro Civil;\n\t     <\/li>\n<li>5. Constancia judicial certificada trat\u00e1ndose de concubinato;\n\t     <\/li>\n<li>6. Copia certificada del acta de nacimiento y fotocopia certificada del libro de registro en el que obra dicha acta si el beneficiario es hijo, ambas expedidas por el registro civil;\n\t     <\/li>\n<li>7. Constancias de no adeudo expedidas por la Oficina; y\n\t     <\/li>\n<li>8. Copia certificada del acta de nacimiento y fotocopia certificada del libro de registro, ambas expedidas por el Registro Civil, si el beneficiario es una persona distinta a la se\u00f1alada en las fracciones IV y VI de este art\u00edculo.\n\t     <\/li>\n<li>9. Fotocopia de la CURP y de la credencial de elector<\/li>\n<\/ul><\/div>\n<\/div>\n","protected":false},"excerpt":{"rendered":"<p>Tipo de usuario y\/o poblaci\u00f3n objetivo. A los beneficiarios designados por el jubilado o pensionado en la C\u00e9dula de Protecci\u00f3n requisitada en t\u00e9rminos de la Ley de Pensiones para los Trabajadores del Gobierno del Estado de Oaxaca. REQUISITOS 1. Solicitud por escrito dirigida a los miembros del Consejo Directivo de la Oficina de Pensiones. 2. [&hellip;]<\/p>\n","protected":false},"author":1,"featured_media":0,"parent":0,"menu_order":0,"comment_status":"closed","ping_status":"closed","template":"","meta":{"episode_type":"","audio_file":"","podmotor_file_id":"","podmotor_episode_id":"","cover_image":"","cover_image_id":"","duration":"","filesize":"","filesize_raw":"","date_recorded":"","explicit":"","block":"","itunes_episode_number":"","itunes_title":"","itunes_season_number":"","itunes_episode_type":"","footnotes":""},"categories":[],"tags":[],"class_list":["post-2638","page","type-page","status-publish","hentry"],"acf":[],"publishpress_future_action":{"enabled":false,"date":"2026-04-23 19:38:58","action":"change-status","newStatus":"draft","terms":[],"taxonomy":"category","extraData":[]},"publishpress_future_workflow_manual_trigger":{"enabledWorkflows":[]},"_links":{"self":[{"href":"https:\/\/www.oaxaca.gob.mx\/pensiones\/wp-json\/wp\/v2\/pages\/2638","targetHints":{"allow":["GET"]}}],"collection":[{"href":"https:\/\/www.oaxaca.gob.mx\/pensiones\/wp-json\/wp\/v2\/pages"}],"about":[{"href":"https:\/\/www.oaxaca.gob.mx\/pensiones\/wp-json\/wp\/v2\/types\/page"}],"author":[{"embeddable":true,"href":"https:\/\/www.oaxaca.gob.mx\/pensiones\/wp-json\/wp\/v2\/users\/1"}],"replies":[{"embeddable":true,"href":"https:\/\/www.oaxaca.gob.mx\/pensiones\/wp-json\/wp\/v2\/comments?post=2638"}],"version-history":[{"count":0,"href":"https:\/\/www.oaxaca.gob.mx\/pensiones\/wp-json\/wp\/v2\/pages\/2638\/revisions"}],"wp:attachment":[{"href":"https:\/\/www.oaxaca.gob.mx\/pensiones\/wp-json\/wp\/v2\/media?parent=2638"}],"wp:term":[{"taxonomy":"category","embeddable":true,"href":"https:\/\/www.oaxaca.gob.mx\/pensiones\/wp-json\/wp\/v2\/categories?post=2638"},{"taxonomy":"post_tag","embeddable":true,"href":"https:\/\/www.oaxaca.gob.mx\/pensiones\/wp-json\/wp\/v2\/tags?post=2638"}],"curies":[{"name":"wp","href":"https:\/\/api.w.org\/{rel}","templated":true}]}}