{"id":2636,"date":"2018-05-02T13:46:12","date_gmt":"2018-05-02T19:46:12","guid":{"rendered":"https:\/\/www.oaxaca.gob.mx\/pensiones\/?page_id=2636"},"modified":"2018-05-02T13:46:12","modified_gmt":"2018-05-02T19:46:12","slug":"pension-por-inhabilitacion-o-invalidez","status":"publish","type":"page","link":"https:\/\/www.oaxaca.gob.mx\/pensiones\/pension-por-inhabilitacion-o-invalidez\/","title":{"rendered":"PENSI\u00d3N POR INHABILITACI\u00d3N O INVALIDEZ."},"content":{"rendered":"<p><strong>Tipo de usuario y\/o poblaci\u00f3n objetivo.<\/strong><br \/>\nTrabajador activo cuando \u00e9ste quede inhabilitado f\u00edsica o intelectualmente, de manera permanente o temporal y por causa o consecuencia del servicio, sea cual fuere el tiempo de \u00e9ste, siempre que quede comprendido dentro de las disposiciones de esta Ley y no haya dejado de cumplir con las obligaciones que la misma le impone o el trabajador activo cuando \u00e9ste quede inhabilitado f\u00edsica o intelectualmente, de manera permanente o temporal, por causas ajenas al servicio, si tiene por lo menos cinco a\u00f1os de contribuir al Fondo de Pensiones.<\/p>\n<div class=\"card\">\n<div class=\"card-header\">REQUISITOS<\/div>\n<div class=\"card-body\">\n<ul class=\"listas-geo\">\n<li> 1. Solicitud por escrita dirigida a los Miembros del Consejo Directivo de la Oficina de Pensiones, misma que deber\u00e1 contener nombre completo del solicitante, RFC, tipo de nombramiento, nivel y categor\u00eda actual que ostenta, adscripci\u00f3n, dependencia, domicilio y n\u00famero telef\u00f3nico, tipo de tr\u00e1mite, firma, anexar:\n\t    <\/li>\n<li>1. Original de la constancia de continuidad de servicio, expedida por la Direcci\u00f3n de Recursos Humanos de la Secretar\u00eda de administraci\u00f3n o por el \u00e1rea administrativa de donde labora en caso de tratarse de los poderes Legislativo o Judicial;\n\t    <\/li>\n<li>2. Original de la constancia de sueldo base expedida por la Direcci\u00f3n de Recursos Humanos de la Secretar\u00eda de Administraci\u00f3n o por el \u00e1rea administrativa de donde labora en caso de tratarse de los poderes Legislativo o Judicial;\n\t    <\/li>\n<li>3. Original de la constancia de aportaci\u00f3n al Fondo de Pensiones, expedida por la Oficina de Pensiones;\n\t    <\/li>\n<li>4. Original de la constancia de no adeudo expedida por la Secretar\u00eda de Finanzas;\n\t    <\/li>\n<li>5. Original de la constancia de no adeudo expedida por la Oficina de Pensiones;6. Original de la constancia de no adeudo expedida por la Direcci\u00f3n de Recursos Humanos de la Secretar\u00eda de Administraci\u00f3n;\n\t    <\/li>\n<li>7. Original del primer y \u00faltimo nombramiento como trabajador del Gobierno del Estado, (u oficio de cambio de categor\u00eda o regularizaci\u00f3n);\n\t    <\/li>\n<li>8. Original del nombramiento para efectos de jubilaci\u00f3n, expedida por la Direcci\u00f3n de Recursos Humanos de la Secretar\u00eda de Administraci\u00f3n o por el \u00e1rea administrativa de donde labora en caso de tratarse de los poderes Legislativo o Judicial;\n\t    <\/li>\n<li>9. Copia certificada del acta de nacimiento y fotocopia certificada del libro del registro civil;\n\t    <\/li>\n<li>10. Copia certificada del acta de matrimonio y fotocopia certificada del libro del registro civil;\n\t    <\/li>\n<li>11. Fotocopia de la CURP y credencial de elector<\/li>\n<\/ul><\/div>\n<\/div>\n","protected":false},"excerpt":{"rendered":"<p>Tipo de usuario y\/o poblaci\u00f3n objetivo. Trabajador activo cuando \u00e9ste quede inhabilitado f\u00edsica o intelectualmente, de manera permanente o temporal y por causa o consecuencia del servicio, sea cual fuere el tiempo de \u00e9ste, siempre que quede comprendido dentro de las disposiciones de esta Ley y no haya dejado de cumplir con las obligaciones que [&hellip;]<\/p>\n","protected":false},"author":1,"featured_media":0,"parent":0,"menu_order":0,"comment_status":"closed","ping_status":"closed","template":"","meta":{"episode_type":"","audio_file":"","podmotor_file_id":"","podmotor_episode_id":"","cover_image":"","cover_image_id":"","duration":"","filesize":"","filesize_raw":"","date_recorded":"","explicit":"","block":"","itunes_episode_number":"","itunes_title":"","itunes_season_number":"","itunes_episode_type":"","footnotes":""},"categories":[],"tags":[],"class_list":["post-2636","page","type-page","status-publish","hentry"],"acf":[],"publishpress_future_action":{"enabled":false,"date":"2026-04-23 19:38:59","action":"change-status","newStatus":"draft","terms":[],"taxonomy":"category","extraData":[]},"publishpress_future_workflow_manual_trigger":{"enabledWorkflows":[]},"_links":{"self":[{"href":"https:\/\/www.oaxaca.gob.mx\/pensiones\/wp-json\/wp\/v2\/pages\/2636","targetHints":{"allow":["GET"]}}],"collection":[{"href":"https:\/\/www.oaxaca.gob.mx\/pensiones\/wp-json\/wp\/v2\/pages"}],"about":[{"href":"https:\/\/www.oaxaca.gob.mx\/pensiones\/wp-json\/wp\/v2\/types\/page"}],"author":[{"embeddable":true,"href":"https:\/\/www.oaxaca.gob.mx\/pensiones\/wp-json\/wp\/v2\/users\/1"}],"replies":[{"embeddable":true,"href":"https:\/\/www.oaxaca.gob.mx\/pensiones\/wp-json\/wp\/v2\/comments?post=2636"}],"version-history":[{"count":0,"href":"https:\/\/www.oaxaca.gob.mx\/pensiones\/wp-json\/wp\/v2\/pages\/2636\/revisions"}],"wp:attachment":[{"href":"https:\/\/www.oaxaca.gob.mx\/pensiones\/wp-json\/wp\/v2\/media?parent=2636"}],"wp:term":[{"taxonomy":"category","embeddable":true,"href":"https:\/\/www.oaxaca.gob.mx\/pensiones\/wp-json\/wp\/v2\/categories?post=2636"},{"taxonomy":"post_tag","embeddable":true,"href":"https:\/\/www.oaxaca.gob.mx\/pensiones\/wp-json\/wp\/v2\/tags?post=2636"}],"curies":[{"name":"wp","href":"https:\/\/api.w.org\/{rel}","templated":true}]}}