{"id":2634,"date":"2018-05-02T13:44:22","date_gmt":"2018-05-02T19:44:22","guid":{"rendered":"https:\/\/www.oaxaca.gob.mx\/pensiones\/?page_id=2634"},"modified":"2021-12-03T17:07:13","modified_gmt":"2021-12-03T23:07:13","slug":"pension-por-vejez","status":"publish","type":"page","link":"https:\/\/www.oaxaca.gob.mx\/pensiones\/pension-por-vejez\/","title":{"rendered":"PENSI\u00d3N POR VEJEZ"},"content":{"rendered":"<p><strong>PENSI\u00d3N POR VEJEZ<\/strong><\/p>\n<p>Tipo de usuario y\/o poblaci\u00f3n objetivo:<br \/>\nTrabajador activo que haya cumplido 60 a\u00f1os de edad y tener 15 a\u00f1os de aportaci\u00f3n al Fondo de Pensiones siempre que haya sido sujeto de derechos de la Ley Pensiones para los Empleados del Gobierno del Estado de Oaxaca; y 65 a\u00f1os de edad m\u00e1s quince a\u00f1os aportados al Fondo de Pensiones para los que sean sujeto de derecho de la Ley de Pensiones para los Trabajadores del Gobierno del Estado.<\/p>\n<div class=\"card\">\n<div class=\"card-header\">REQUISITOS<\/div>\n<div class=\"card-body\">\nSolicitud por escrito dirigida a los Miembros del Consejo Directivo de la Oficina de Pensiones, misma que deber\u00e1 contener nombre completo del solicitante, RFC, tipo de nombramiento, nivel y categor\u00eda actual que ostenta, adscripci\u00f3n, dependencia, domicilio y n\u00famero telef\u00f3nico, tipo de tr\u00e1mite que solicita, enlistar la documentaci\u00f3n que anexa y firmar debidamente la solicitud.<br \/>\nDocumentaci\u00f3n a anexar:<\/p>\n<ul class=\"listas-geo\">\n<li>1. Constancia de continuidad de servicio, expedida por la Direcci\u00f3n de Recursos Humanos o por el \u00e1rea administrativa de donde labora en caso de tratarse de los poderes Legislativo o Judicial;<\/li>\n<li>2. Constancia de sueldo base expedida por la Direcci\u00f3n de Recursos Humanos o por el \u00e1rea administrativa de donde labora en caso de tratarse de los poderes Legislativo o Judicial;<\/li>\n<li>3. Constancia de aportaci\u00f3n al Fondo de Pensiones, expedida por la Oficina de Pensiones;<\/li>\n<li>4. Constancia de no adeudo expedida por la Secretar\u00eda de Finanzas;<\/li>\n<li>5. Constancia de no adeudo expedida por la Direcci\u00f3n de Recursos Humanos de la Secretar\u00eda de Administraci\u00f3n;<\/li>\n<li>6. Constancias de no adeudo expedida por la Oficina de Pensiones;<\/li>\n<li>7. Original del primer y \u00faltimo nombramiento como trabajador del Gobierno del Estado, (u oficio de cambio de categor\u00eda o regularizaci\u00f3n);<\/li>\n<li>8. Copia certificada del acta de nacimiento y fotocopia certificada del libro de registro<\/li>\n<li>9. Copia certificada del acta de matrimonio y fotocopia certificada del libro de registro en que obra dicha acta y;<\/li>\n<li>10. Fotocopia de la CURP y credencial de elector<\/li>\n<\/ul>\n<\/div>\n<\/div>\n","protected":false},"excerpt":{"rendered":"<p>PENSI\u00d3N POR VEJEZ Tipo de usuario y\/o poblaci\u00f3n objetivo: Trabajador activo que haya cumplido 60 a\u00f1os de edad y tener 15 a\u00f1os de aportaci\u00f3n al Fondo de Pensiones siempre que haya sido sujeto de derechos de la Ley Pensiones para los Empleados del Gobierno del Estado de Oaxaca; y 65 a\u00f1os de edad m\u00e1s quince [&hellip;]<\/p>\n","protected":false},"author":1,"featured_media":0,"parent":0,"menu_order":0,"comment_status":"closed","ping_status":"closed","template":"","meta":{"episode_type":"","audio_file":"","podmotor_file_id":"","podmotor_episode_id":"","cover_image":"","cover_image_id":"","duration":"","filesize":"","filesize_raw":"","date_recorded":"","explicit":"","block":"","itunes_episode_number":"","itunes_title":"","itunes_season_number":"","itunes_episode_type":"","footnotes":""},"categories":[],"tags":[],"class_list":["post-2634","page","type-page","status-publish","hentry"],"acf":[],"publishpress_future_action":{"enabled":false,"date":"2026-04-23 19:38:59","action":"change-status","newStatus":"draft","terms":[],"taxonomy":"category","extraData":[]},"publishpress_future_workflow_manual_trigger":{"enabledWorkflows":[]},"_links":{"self":[{"href":"https:\/\/www.oaxaca.gob.mx\/pensiones\/wp-json\/wp\/v2\/pages\/2634","targetHints":{"allow":["GET"]}}],"collection":[{"href":"https:\/\/www.oaxaca.gob.mx\/pensiones\/wp-json\/wp\/v2\/pages"}],"about":[{"href":"https:\/\/www.oaxaca.gob.mx\/pensiones\/wp-json\/wp\/v2\/types\/page"}],"author":[{"embeddable":true,"href":"https:\/\/www.oaxaca.gob.mx\/pensiones\/wp-json\/wp\/v2\/users\/1"}],"replies":[{"embeddable":true,"href":"https:\/\/www.oaxaca.gob.mx\/pensiones\/wp-json\/wp\/v2\/comments?post=2634"}],"version-history":[{"count":4,"href":"https:\/\/www.oaxaca.gob.mx\/pensiones\/wp-json\/wp\/v2\/pages\/2634\/revisions"}],"predecessor-version":[{"id":6194,"href":"https:\/\/www.oaxaca.gob.mx\/pensiones\/wp-json\/wp\/v2\/pages\/2634\/revisions\/6194"}],"wp:attachment":[{"href":"https:\/\/www.oaxaca.gob.mx\/pensiones\/wp-json\/wp\/v2\/media?parent=2634"}],"wp:term":[{"taxonomy":"category","embeddable":true,"href":"https:\/\/www.oaxaca.gob.mx\/pensiones\/wp-json\/wp\/v2\/categories?post=2634"},{"taxonomy":"post_tag","embeddable":true,"href":"https:\/\/www.oaxaca.gob.mx\/pensiones\/wp-json\/wp\/v2\/tags?post=2634"}],"curies":[{"name":"wp","href":"https:\/\/api.w.org\/{rel}","templated":true}]}}