{"id":2632,"date":"2018-05-02T13:42:28","date_gmt":"2018-05-02T19:42:28","guid":{"rendered":"https:\/\/www.oaxaca.gob.mx\/pensiones\/?page_id=2632"},"modified":"2018-05-02T13:42:28","modified_gmt":"2018-05-02T19:42:28","slug":"pension-por-fallecimiento-de-personal-activo","status":"publish","type":"page","link":"https:\/\/www.oaxaca.gob.mx\/pensiones\/pension-por-fallecimiento-de-personal-activo\/","title":{"rendered":"PENSI\u00d3N POR FALLECIMIENTO DE PERSONAL ACTIVO."},"content":{"rendered":"<p><strong>PENSI\u00d3N POR FALLECIMIENTO DE PERSONAL ACTIVO.<\/strong><\/p>\n<p>Tipo de usuario y\/o poblaci\u00f3n objetivo.<br \/>\nDependientes econ\u00f3micos y beneficiarios por el fallecimiento de un trabajador(a) del Gobierno del Estado.<\/p>\n<div class=\"card\">\n<div class=\"card-header\">REQUISITOS<\/div>\n<div class=\"card-body\">\n<ul class=\"listas-geo\">\n<li>1. Solicitud por escrito dirigida a los miembros del Consejo Directivo de la Oficina de Pensiones.\n\t    <\/li>\n<li>2. Original de la Constancia de continuidad de servicios, expedida por la Direcci\u00f3n de Recursos Humanos dependiente de la Secretar\u00eda de Administraci\u00f3n o por el \u00c1rea Administrativa de la Dependencia en la que labora;\n\t    <\/li>\n<li>3. Original de la Constancia de sueldo base percibido durante el \u00faltimo a\u00f1o de servicios expedida por la Direcci\u00f3n de Recursos Humanos dependiente de la Secretar\u00eda de Administraci\u00f3n o por el \u00c1rea Administrativa de la Dependencia en la que laboraba el (la) trabajador (a);\n\t    <\/li>\n<li>4. Original de la Constancia de aportaci\u00f3n al Fondo de Pensiones expedida por la Oficina de Pensiones;\n\t    <\/li>\n<li>5. Original de la Constancia de no adeudo expedida por la Secretar\u00eda de Finanzas;\n\t    <\/li>\n<li>6. Original de la Constancia de no adeudo expedida por la Oficina de Pensiones;\n\t    <\/li>\n<li>7. Original Constancia de no adeudo expedida por la Direcci\u00f3n de Recursos Humanos dependiente de la Secretar\u00eda de Administraci\u00f3n;\n\t    <\/li>\n<li>8. Original del primer y \u00faltimo nombramiento como trabajador del Gobierno del Estado u oficio de cambio de categor\u00eda;\n\t    <\/li>\n<li>9. Copia certificada del acta de defunci\u00f3n y fotocopia certificada del libro de registro en que obra dicha acta, ambas expedidas por el Registro Civil; (si la muerte es violenta, el solicitante deber\u00e1 presentar fotocopia certificada de la carpeta de investigaci\u00f3n correspondiente)\n\t    <\/li>\n<li>10. Si es a favor de:\n<ul>\n<li>a. El o la c\u00f3nyuge deber\u00e1 presentar copia certificada del acta de matrimonio y fotocopia certificada del libro de registro en que obra dicha acta, ambas expedidas por el registro civil;\n\t\t    <\/li>\n<li>b. Si es a favor de un menor de edad, el solicitante deber\u00e1 presentar copia certificada del acta de nacimiento de \u00e9ste y la fotocopia certificada del libro del registro en que obra dicha acta, ambas expedidas por el Registro Civil; si el solicitante es una persona distinta a los padres, deber\u00e1 presentar copias certificadas de lo actuado del expediente radicado ante la autoridad judicial donde se nombra preventivamente como tutor dativo a favor del menor, sin perjuicio de que posteriormente se presente el nombramiento definitivo;\n\t\t    <\/li>\n<li>c. Si es a favor de los padres, deber\u00e1 presentar copias certificadas del expediente de los juzgados de lo familiar, civil o mixto, donde se justifique su dependencia econ\u00f3mica;\n\t\t    <\/li>\n<li>d. Si el solicitante es el o la concubina, deber\u00e1 acreditar su concubinato con la constancia correspondiente emitida por la autoridad judicial competente;\n\t\t    <\/li>\n<\/ul>\n<\/li>\n<li>\n\t\t11. Fotocopia de la C\u00e9dula \u00danica de Registro Poblacional (CURP) y de la credencial de elector del (a) solicitante como del (a) extinto (a).\n\t    <\/li>\n<\/ul><\/div>\n<\/div>\n","protected":false},"excerpt":{"rendered":"<p>PENSI\u00d3N POR FALLECIMIENTO DE PERSONAL ACTIVO. Tipo de usuario y\/o poblaci\u00f3n objetivo. Dependientes econ\u00f3micos y beneficiarios por el fallecimiento de un trabajador(a) del Gobierno del Estado. REQUISITOS 1. Solicitud por escrito dirigida a los miembros del Consejo Directivo de la Oficina de Pensiones. 2. Original de la Constancia de continuidad de servicios, expedida por la [&hellip;]<\/p>\n","protected":false},"author":1,"featured_media":0,"parent":0,"menu_order":0,"comment_status":"closed","ping_status":"closed","template":"","meta":{"episode_type":"","audio_file":"","podmotor_file_id":"","podmotor_episode_id":"","cover_image":"","cover_image_id":"","duration":"","filesize":"","filesize_raw":"","date_recorded":"","explicit":"","block":"","itunes_episode_number":"","itunes_title":"","itunes_season_number":"","itunes_episode_type":"","footnotes":""},"categories":[],"tags":[],"class_list":["post-2632","page","type-page","status-publish","hentry"],"acf":[],"publishpress_future_action":{"enabled":false,"date":"2026-04-24 16:54:19","action":"change-status","newStatus":"draft","terms":[],"taxonomy":"category","extraData":[]},"publishpress_future_workflow_manual_trigger":{"enabledWorkflows":[]},"_links":{"self":[{"href":"https:\/\/www.oaxaca.gob.mx\/pensiones\/wp-json\/wp\/v2\/pages\/2632","targetHints":{"allow":["GET"]}}],"collection":[{"href":"https:\/\/www.oaxaca.gob.mx\/pensiones\/wp-json\/wp\/v2\/pages"}],"about":[{"href":"https:\/\/www.oaxaca.gob.mx\/pensiones\/wp-json\/wp\/v2\/types\/page"}],"author":[{"embeddable":true,"href":"https:\/\/www.oaxaca.gob.mx\/pensiones\/wp-json\/wp\/v2\/users\/1"}],"replies":[{"embeddable":true,"href":"https:\/\/www.oaxaca.gob.mx\/pensiones\/wp-json\/wp\/v2\/comments?post=2632"}],"version-history":[{"count":0,"href":"https:\/\/www.oaxaca.gob.mx\/pensiones\/wp-json\/wp\/v2\/pages\/2632\/revisions"}],"wp:attachment":[{"href":"https:\/\/www.oaxaca.gob.mx\/pensiones\/wp-json\/wp\/v2\/media?parent=2632"}],"wp:term":[{"taxonomy":"category","embeddable":true,"href":"https:\/\/www.oaxaca.gob.mx\/pensiones\/wp-json\/wp\/v2\/categories?post=2632"},{"taxonomy":"post_tag","embeddable":true,"href":"https:\/\/www.oaxaca.gob.mx\/pensiones\/wp-json\/wp\/v2\/tags?post=2632"}],"curies":[{"name":"wp","href":"https:\/\/api.w.org\/{rel}","templated":true}]}}