{"id":2628,"date":"2018-05-02T13:35:43","date_gmt":"2018-05-02T19:35:43","guid":{"rendered":"https:\/\/www.oaxaca.gob.mx\/pensiones\/?page_id=2628"},"modified":"2018-05-02T13:35:43","modified_gmt":"2018-05-02T19:35:43","slug":"pension-por-jubilacion","status":"publish","type":"page","link":"https:\/\/www.oaxaca.gob.mx\/pensiones\/pension-por-jubilacion\/","title":{"rendered":"PENSI\u00d3N POR JUBILACI\u00d3N"},"content":{"rendered":"<p>Tipo de usuario y\/o poblaci\u00f3n objetivo.<br \/>\nTrabajadores del gobierno del estado siempre que \u00e9stos hayan aportado al fondo de pensiones 28 a\u00f1os, 6 meses y 1 quincena, trat\u00e1ndose de hombres; y para las mujeres por lo menos 24 a\u00f1os, 6 meses y 1 quincena, como lo establece la ley de pensiones para los trabajadores del Gobierno del Estado.<\/p>\n<div class=\"card\">\n<div class=\"card-header\">REQUISITOS<\/div>\n<div class=\"card-body\">\n<ul class=\"listas-geo\">\n<li>1.- Solicitud por escrito dirigida a los miembros del Consejo Directivo de la Oficina de Pensiones.\n    <\/li>\n<li>2.- Original de la Constancia de continuidad de servicios, expedida por la Direcci\u00f3n de Recursos Humanos dependiente de la Secretar\u00eda de Administraci\u00f3n o por el \u00c1rea Administrativa de la Dependencia en la que labora;\n    <\/li>\n<li>3.- Original de la Constancia de sueldo base percibido durante el \u00faltimo a\u00f1o de servicios expedida por \u00c1rea Administrativa de la Dependencia en la que labora el trabajador;\n    <\/li>\n<li>4.- Original de la Constancia de aportaci\u00f3n al Fondo de Pensiones expedida por la Oficina de Pensiones;\n    <\/li>\n<li>5.- Original de la Constancia de no adeudo expedida por la Secretar\u00eda de Finanzas;\n    <\/li>\n<li>6.- Original de la Constancia de no adeudo expedida por la Oficina de Pensiones;\n    <\/li>\n<li>7.- Original Constancia de no adeudo expedida por la Direcci\u00f3n de Recursos Humanos dependiente de la Secretar\u00eda de Administraci\u00f3n;\n    <\/li>\n<li>8.- Original del Primer y \u00faltimo nombramiento como trabajador del Gobierno del Estado, u oficio de regularizaci\u00f3n al puesto;\n    <\/li>\n<li>9.- Nombramiento para efectos de Jubilaci\u00f3n expedido por la Direcci\u00f3n de Recursos Humanos o por el \u00c1rea Administrativa de la Dependencia en la que labora el trabajador;\n    <\/li>\n<li>10.- Copia certificada del acta de nacimiento y fotocopia certificada del libro de registro en que obra dicha acta, ambas expedidas por el Registro Civil;\n    <\/li>\n<li>11.- Copia certificada del Acta de matrimonio, en su caso, y fotocopia certificada del libro en que obra dicha acta, ambas expedidas por el Registro Civil;\n    <\/li>\n<li>12.- Fotocopia de la C\u00e9dula \u00danica de Registro Poblacional (CURP); y\n    <\/li>\n<li>13.- Fotocopia de la credencial de elector.<\/li>\n<\/ul>\n<\/div>\n<\/div>\n","protected":false},"excerpt":{"rendered":"<p>Tipo de usuario y\/o poblaci\u00f3n objetivo. Trabajadores del gobierno del estado siempre que \u00e9stos hayan aportado al fondo de pensiones 28 a\u00f1os, 6 meses y 1 quincena, trat\u00e1ndose de hombres; y para las mujeres por lo menos 24 a\u00f1os, 6 meses y 1 quincena, como lo establece la ley de pensiones para los trabajadores del [&hellip;]<\/p>\n","protected":false},"author":1,"featured_media":0,"parent":0,"menu_order":0,"comment_status":"closed","ping_status":"closed","template":"","meta":{"episode_type":"","audio_file":"","podmotor_file_id":"","podmotor_episode_id":"","cover_image":"","cover_image_id":"","duration":"","filesize":"","filesize_raw":"","date_recorded":"","explicit":"","block":"","itunes_episode_number":"","itunes_title":"","itunes_season_number":"","itunes_episode_type":"","footnotes":""},"categories":[],"tags":[],"class_list":["post-2628","page","type-page","status-publish","hentry"],"acf":[],"publishpress_future_action":{"enabled":false,"date":"2026-04-24 16:54:21","action":"change-status","newStatus":"draft","terms":[],"taxonomy":"category","extraData":[]},"publishpress_future_workflow_manual_trigger":{"enabledWorkflows":[]},"_links":{"self":[{"href":"https:\/\/www.oaxaca.gob.mx\/pensiones\/wp-json\/wp\/v2\/pages\/2628","targetHints":{"allow":["GET"]}}],"collection":[{"href":"https:\/\/www.oaxaca.gob.mx\/pensiones\/wp-json\/wp\/v2\/pages"}],"about":[{"href":"https:\/\/www.oaxaca.gob.mx\/pensiones\/wp-json\/wp\/v2\/types\/page"}],"author":[{"embeddable":true,"href":"https:\/\/www.oaxaca.gob.mx\/pensiones\/wp-json\/wp\/v2\/users\/1"}],"replies":[{"embeddable":true,"href":"https:\/\/www.oaxaca.gob.mx\/pensiones\/wp-json\/wp\/v2\/comments?post=2628"}],"version-history":[{"count":0,"href":"https:\/\/www.oaxaca.gob.mx\/pensiones\/wp-json\/wp\/v2\/pages\/2628\/revisions"}],"wp:attachment":[{"href":"https:\/\/www.oaxaca.gob.mx\/pensiones\/wp-json\/wp\/v2\/media?parent=2628"}],"wp:term":[{"taxonomy":"category","embeddable":true,"href":"https:\/\/www.oaxaca.gob.mx\/pensiones\/wp-json\/wp\/v2\/categories?post=2628"},{"taxonomy":"post_tag","embeddable":true,"href":"https:\/\/www.oaxaca.gob.mx\/pensiones\/wp-json\/wp\/v2\/tags?post=2628"}],"curies":[{"name":"wp","href":"https:\/\/api.w.org\/{rel}","templated":true}]}}