{"id":204,"date":"2016-02-29T10:09:37","date_gmt":"2016-02-29T16:09:37","guid":{"rendered":"https:\/\/www.oaxaca.gob.mx\/pensiones\/?page_id=204"},"modified":"2016-02-29T10:09:37","modified_gmt":"2016-02-29T16:09:37","slug":"fraccion-i","status":"publish","type":"page","link":"https:\/\/www.oaxaca.gob.mx\/pensiones\/fraccion-i\/","title":{"rendered":"Fracci\u00f3n I"},"content":{"rendered":"<p><strong><b>Fracci\u00f3n I<\/b><\/strong><br \/>\nEl marco normativo aplicable al sujeto obligado, en el que deber\u00e1 incluirse leyes, c\u00f3digos,\u00a0reglamentos, decretos de creaci\u00f3n, manuales administrativos, reglas de operaci\u00f3n, criterios,\u00a0pol\u00edticas, entre otros;<\/p>\n<p>FUNDAMENTO Y MOTIVACI\u00d3N<\/p>\n<p>Art\u00edculo 3\u00b0 fracci\u00f3n II de la Ley Org\u00e1nica del Poder Ejecutivo del Estado de Oaxaca; 1\u00b0, 2\u00b0 fracci\u00f3n VII, 4\u00b0, 13, 14 de la Ley de Entidades Paraestatales del Estado de Oaxaca y 89 de la Ley de Pensiones para los Trabajadores del Gobierno del Estado de Oaxaca.<\/p>\n<p>La Oficina de Pensiones del Estado de Oaxaca, es una Entidad Paraestatal que funciona dentro del marco normativo consistente en la Ley de Pensiones para los Trabajadores del Gobierno del Estado de Oaxaca, Reglamento Interno de la Oficina de Pensiones del Estado de Oaxaca, Reglamento de Operaci\u00f3n de la Oficina de Pensiones y Reglas de Seguro de vida y otorgamiento de Servicio M\u00e9dico de la Oficina de Pensiones.<\/p>\n<div class=\"su-row\">\n<div class=\"su-column su-column-size-1-2\"><div class=\"su-column-inner su-u-clearfix su-u-trim\">\n<div class=\"su-animate\" style=\"opacity:0;-webkit-animation-duration:1.5s;-webkit-animation-delay:1s;animation-duration:1.5s;animation-delay:1s;\" data-animation=\"fadeInLeft\" data-duration=\"1.5\" data-delay=\"1\"> <div class=\"su-box su-box-style-default\" id=\"\" style=\"border-color:#000000;border-radius:3px;max-width:none\"><div class=\"su-box-title\" style=\"background-color:#333333;color:#FFFFFF;border-top-left-radius:1px;border-top-right-radius:1px\">Descargar Archivos<\/div><div class=\"su-box-content su-u-clearfix su-u-trim\" style=\"border-bottom-left-radius:1px;border-bottom-right-radius:1px\"> <\/p>\n<p><a href=\"https:\/\/www.oaxaca.gob.mx\/pensiones\/wp-content\/uploads\/sites\/54\/2017\/04\/FRACCI\u00d3N-I-Marco-normativo-aplicable-de-Sujeto-Obligado.xls\" target=\"_New\" rel=\"noopener noreferrer\">Marco Normativo&nbsp;&nbsp;<img loading=\"lazy\" decoding=\"async\" class=\"alignnone size-full wp-image-771\" src=\"https:\/\/www.oaxaca.gob.mx\/pensiones\/wp-content\/uploads\/sites\/54\/2016\/07\/excel.gif\" alt=\"logo_pdf\" width=\"20\" height=\"19\" \/><\/a><\/p>\n<p><a href=\"https:\/\/www.oaxaca.gob.mx\/pensiones\/wp-content\/uploads\/sites\/54\/2018\/04\/MARCO-NORMATIVO-PRIMER-TRIMESTRE-2018.xlsx\" target=\"_New\" rel=\"noopener noreferrer\">Marco Normativo 1\u00b0Trimestre 2018 &nbsp;&nbsp;<img loading=\"lazy\" decoding=\"async\" class=\"alignnone size-full wp-image-771\" src=\"https:\/\/www.oaxaca.gob.mx\/pensiones\/wp-content\/uploads\/sites\/54\/2016\/07\/excel.gif\" alt=\"logo_pdf\" width=\"20\" height=\"19\" \/><\/a><\/p>\n<p><a href=\"https:\/\/www.oaxaca.gob.mx\/pensiones\/wp-content\/uploads\/sites\/54\/2018\/08\/FI-MARCO-NORMATIVO-SEGUNDO-TRIMESTRE-2018.xlsx\" target=\"_New\" rel=\"noopener noreferrer\">Marco Normativo 2\u00b0Trimestre 2018 &nbsp;&nbsp;<img loading=\"lazy\" decoding=\"async\" class=\"alignnone size-full wp-image-771\" src=\"https:\/\/www.oaxaca.gob.mx\/pensiones\/wp-content\/uploads\/sites\/54\/2016\/07\/excel.gif\" alt=\"logo_pdf\" width=\"20\" height=\"19\" \/><\/a><\/p>\n<p><a href=\"https:\/\/www.oaxaca.gob.mx\/pensiones\/wp-content\/uploads\/sites\/54\/2018\/10\/MARCO-NORMATIVO-TERCER-TRIMESTRE-2018.xlsx\" target=\"_New\" rel=\"noopener noreferrer\">MARCO NORMATIVO- TERCER TRIMESTRE 2018 &nbsp;&nbsp;<img loading=\"lazy\" decoding=\"async\" class=\"alignnone size-full wp-image-771\" src=\"https:\/\/www.oaxaca.gob.mx\/pensiones\/wp-content\/uploads\/sites\/54\/2016\/07\/excel.gif\" alt=\"logo_pdf\" width=\"20\" height=\"19\" \/><\/a><\/p>\n<\/div><\/div> <\/div>\n<\/div><\/div>\n<\/div>\n","protected":false},"excerpt":{"rendered":"<p>Fracci\u00f3n I El marco normativo aplicable al sujeto obligado, en el que deber\u00e1 incluirse leyes, c\u00f3digos,\u00a0reglamentos, decretos de creaci\u00f3n, manuales administrativos, reglas de operaci\u00f3n, criterios,\u00a0pol\u00edticas, entre otros; FUNDAMENTO Y MOTIVACI\u00d3N Art\u00edculo 3\u00b0 fracci\u00f3n II de la Ley Org\u00e1nica del Poder Ejecutivo del Estado de Oaxaca; 1\u00b0, 2\u00b0 fracci\u00f3n VII, 4\u00b0, 13, 14 de la Ley [&hellip;]<\/p>\n","protected":false},"author":1,"featured_media":0,"parent":0,"menu_order":0,"comment_status":"closed","ping_status":"closed","template":"","meta":{"episode_type":"","audio_file":"","podmotor_file_id":"","podmotor_episode_id":"","cover_image":"","cover_image_id":"","duration":"","filesize":"","filesize_raw":"","date_recorded":"","explicit":"","block":"","itunes_episode_number":"","itunes_title":"","itunes_season_number":"","itunes_episode_type":"","footnotes":""},"categories":[],"tags":[],"class_list":["post-204","page","type-page","status-publish","hentry"],"acf":[],"publishpress_future_action":{"enabled":false,"date":"2026-04-23 19:37:38","action":"change-status","newStatus":"draft","terms":[],"taxonomy":"category","extraData":[]},"publishpress_future_workflow_manual_trigger":{"enabledWorkflows":[]},"_links":{"self":[{"href":"https:\/\/www.oaxaca.gob.mx\/pensiones\/wp-json\/wp\/v2\/pages\/204","targetHints":{"allow":["GET"]}}],"collection":[{"href":"https:\/\/www.oaxaca.gob.mx\/pensiones\/wp-json\/wp\/v2\/pages"}],"about":[{"href":"https:\/\/www.oaxaca.gob.mx\/pensiones\/wp-json\/wp\/v2\/types\/page"}],"author":[{"embeddable":true,"href":"https:\/\/www.oaxaca.gob.mx\/pensiones\/wp-json\/wp\/v2\/users\/1"}],"replies":[{"embeddable":true,"href":"https:\/\/www.oaxaca.gob.mx\/pensiones\/wp-json\/wp\/v2\/comments?post=204"}],"version-history":[{"count":0,"href":"https:\/\/www.oaxaca.gob.mx\/pensiones\/wp-json\/wp\/v2\/pages\/204\/revisions"}],"wp:attachment":[{"href":"https:\/\/www.oaxaca.gob.mx\/pensiones\/wp-json\/wp\/v2\/media?parent=204"}],"wp:term":[{"taxonomy":"category","embeddable":true,"href":"https:\/\/www.oaxaca.gob.mx\/pensiones\/wp-json\/wp\/v2\/categories?post=204"},{"taxonomy":"post_tag","embeddable":true,"href":"https:\/\/www.oaxaca.gob.mx\/pensiones\/wp-json\/wp\/v2\/tags?post=204"}],"curies":[{"name":"wp","href":"https:\/\/api.w.org\/{rel}","templated":true}]}}