{"id":148,"date":"2016-02-05T14:05:26","date_gmt":"2016-02-05T20:05:26","guid":{"rendered":"https:\/\/www.oaxaca.gob.mx\/pensiones\/?page_id=148"},"modified":"2016-02-05T14:05:26","modified_gmt":"2016-02-05T20:05:26","slug":"catalogo-de-tramites-y-servicios","status":"publish","type":"page","link":"https:\/\/www.oaxaca.gob.mx\/pensiones\/catalogo-de-tramites-y-servicios\/","title":{"rendered":"catalogo-de-tramites-y-servicios"},"content":{"rendered":"<div class=\"col-md-9 column contenido-pagina\">\n<h1 class=\"entry-title\"><\/h1>\n<div id=\"catalogo\" class=\"row\">\n<div class=\"col-md-12\">\n<div id=\"catalo-tramites-servicios\" class=\"panel-default\">\n<div class=\"panel panel-admtvo\">\n<div class=\"panel-heading\"><span style=\"color: #ffffff\"><a class=\"panel-title collapsed\" style=\"color: #ffffff\" href=\"#panel-dp\" data-toggle=\"collapse\" data-parent=\"#catalo-tramites-servicios\">\u00a0Departamento Administrativo<\/a><\/span><\/div>\n<div id=\"panel-dp\" class=\"panel-collapse collapse\">\n<div class=\"panel-body\">\n<span style=\"color: #ff0000\"><a id=\"tdp1\" style=\"color: #ff0000\" href=\"#\">Registro y Alta en N\u00f3mina Para Pago de Pensi\u00f3n<\/a><\/span><br \/>\n<span style=\"color: #ff0000\"><a id=\"tdp2\" style=\"color: #ff0000\" href=\"#\">Constancia de Pago de Pensi\u00f3n<\/a><\/span><br \/>\n<span style=\"color: #ff0000\"><a id=\"tahe13\" style=\"color: #ff0000\" href=\"#\">Firma de Supervivencia (Firma Electr\u00f3nica)<\/a><\/span>\n<\/div>\n<\/div>\n<\/div>\n<div class=\"panel panel-dpe\">\n<div class=\"panel-heading\"><span style=\"color: #ffffff\"><a class=\"panel-title\" style=\"color: #ffffff\" href=\"#panel-drm\" data-toggle=\"collapse\" data-parent=\"#catalo-tramites-servicios\">Direcci\u00f3n de Prestaciones<\/a><\/span><\/div>\n<div id=\"panel-drm\" class=\"panel-collapse collapse\">\n<div class=\"panel-body\">\n<span style=\"color: #59340e\"><a id=\"tahe11\" style=\"color: #59340e\" href=\"#\">Constancia de no Adeudo de Prestamos en General<\/a><\/span><br \/>\n<span style=\"color: #59340e\"><a id=\"tahe12\" style=\"color: #59340e\" href=\"#\">Consulta y Servicios M\u00e9dicos<\/a><\/span>\n<\/div>\n<\/div>\n<\/div>\n<div class=\"panel panel-juridico\">\n<div class=\"panel-heading\"><span style=\"color: #ffffff\"><a class=\"panel-title\" style=\"color: #ffffff\" href=\"#panel-cep\" data-toggle=\"collapse\" data-parent=\"#catalo-tramites-servicios\">Departamento Jur\u00eddico<\/a><\/span><\/div>\n<div id=\"panel-cep\" class=\"panel-collapse collapse\">\n<div class=\"panel-body\">\n<p><span style=\"color: #ff00ff\"><a id=\"tcep1\" style=\"color: #ff00ff\" href=\"#\">Pago de Seguro de Vida<\/a><\/span><\/p>\n<p><span style=\"color: #ff00ff\"><a id=\"tcep2\" style=\"color: #ff00ff\" href=\"#\">Dictamen de Pensi\u00f3n por Fallecimiento<\/a><\/span><\/p>\n<p><span style=\"color: #ff00ff\"><a id=\"tcep3\" style=\"color: #ff00ff\" href=\"#\">Dictamen de Pensi\u00f3n por Jubilaci\u00f3n<\/a><\/span><\/p>\n<p><span style=\"color: #ff00ff\"><a id=\"tcep4\" style=\"color: #ff00ff\" href=\"#\">Dictamen de Pensi\u00f3n por Invalidez o Inhabilitaci\u00f3n<\/a><\/span><\/p>\n<p><span style=\"color: #ff00ff\"><a id=\"tahe9\" style=\"color: #ff00ff\" href=\"#\">Atenci\u00f3n a Solicitudes de Acceso ala Informaci\u00f3n; Acceso, Rectificaci\u00f3n y\/o Cancelaci\u00f3n de Datos Personales<\/a><\/span><\/p>\n<p><span style=\"color: #ff00ff\"><a id=\"tahe10\" style=\"color: #ff00ff\" href=\"#\">Constancia de no Tramite de Pensi\u00f3n o Jubilaci\u00f3n<\/a><\/span><\/p>\n<p>&nbsp;<\/p>\n<\/div>\n<\/div>\n<\/div>\n<div class=\"panel panel-pe\">\n<div class=\"panel-heading\"><span style=\"color: #ffffff\"><a class=\"panel-title\" style=\"color: #ffffff\" href=\"#panel-ahe\" data-toggle=\"collapse\" data-parent=\"#catalo-tramites-servicios\">Departamento de Prestaciones Econ\u00f3micas<\/a><\/span><\/div>\n<div id=\"panel-ahe\" class=\"panel-collapse collapse\">\n<div class=\"panel-body\">\n<p><a id=\"tahe1\" href=\"#\">P<span style=\"color: #800080\">ago de Gastos de Funeral<\/span><\/a><\/p>\n<p><span style=\"color: #800080\"><a id=\"tahe2\" style=\"color: #800080\" href=\"#\">Reintegro al Fondo de Pensiones<\/a><\/span><\/p>\n<p><span style=\"color: #800080\"><a id=\"tahe3\" style=\"color: #800080\" href=\"#\">Devoluci\u00f3n del Fondo de Pensiones<\/a><\/span><\/p>\n<p><span style=\"color: #800080\"><a id=\"tahe4\" style=\"color: #800080\" href=\"#\">Pr\u00e9stamo Quirografario<\/a><\/span><\/p>\n<p><span style=\"color: #800080\"><a id=\"tahe5\" style=\"color: #800080\" href=\"#\">Pr\u00e9stamo Hipotecario<\/a><\/span><\/p>\n<p><span style=\"color: #800080\"><a id=\"tahe6\" style=\"color: #800080\" href=\"#\">Autorizaci\u00f3n de Cancelaci\u00f3n de Hipoteca<\/a><\/span><\/p>\n<p><span style=\"color: #800080\"><a id=\"tahe7\" style=\"color: #800080\" href=\"#\">Constancia de Contribuci\u00f3n al Fondo de Pensiones<\/a><\/span><\/p>\n<p><span style=\"color: #800080\"><a id=\"tahe8\" style=\"color: #800080\" href=\"#\">Pago de Pr\u00e9stamo V\u00eda Aseguradora<\/a><\/span><\/p>\n<p>&nbsp;<\/p>\n<p>&nbsp;<\/p>\n<\/div>\n<\/div>\n<\/div>\n<\/div>\n<\/div>\n<\/div>\n<\/div>\n","protected":false},"excerpt":{"rendered":"<p>\u00a0Departamento Administrativo Registro y Alta en N\u00f3mina Para Pago de Pensi\u00f3n Constancia de Pago de Pensi\u00f3n Firma de Supervivencia (Firma Electr\u00f3nica) Direcci\u00f3n de Prestaciones Constancia de no Adeudo de Prestamos en General Consulta y Servicios M\u00e9dicos Departamento Jur\u00eddico Pago de Seguro de Vida Dictamen de Pensi\u00f3n por Fallecimiento Dictamen de Pensi\u00f3n por Jubilaci\u00f3n Dictamen de [&hellip;]<\/p>\n","protected":false},"author":1,"featured_media":0,"parent":0,"menu_order":0,"comment_status":"closed","ping_status":"closed","template":"","meta":{"episode_type":"","audio_file":"","podmotor_file_id":"","podmotor_episode_id":"","cover_image":"","cover_image_id":"","duration":"","filesize":"","filesize_raw":"","date_recorded":"","explicit":"","block":"","itunes_episode_number":"","itunes_title":"","itunes_season_number":"","itunes_episode_type":"","footnotes":""},"categories":[],"tags":[],"class_list":["post-148","page","type-page","status-publish","hentry"],"acf":[],"publishpress_future_action":{"enabled":false,"date":"2026-04-23 19:36:08","action":"change-status","newStatus":"draft","terms":[],"taxonomy":"category","extraData":[]},"publishpress_future_workflow_manual_trigger":{"enabledWorkflows":[]},"_links":{"self":[{"href":"https:\/\/www.oaxaca.gob.mx\/pensiones\/wp-json\/wp\/v2\/pages\/148","targetHints":{"allow":["GET"]}}],"collection":[{"href":"https:\/\/www.oaxaca.gob.mx\/pensiones\/wp-json\/wp\/v2\/pages"}],"about":[{"href":"https:\/\/www.oaxaca.gob.mx\/pensiones\/wp-json\/wp\/v2\/types\/page"}],"author":[{"embeddable":true,"href":"https:\/\/www.oaxaca.gob.mx\/pensiones\/wp-json\/wp\/v2\/users\/1"}],"replies":[{"embeddable":true,"href":"https:\/\/www.oaxaca.gob.mx\/pensiones\/wp-json\/wp\/v2\/comments?post=148"}],"version-history":[{"count":0,"href":"https:\/\/www.oaxaca.gob.mx\/pensiones\/wp-json\/wp\/v2\/pages\/148\/revisions"}],"wp:attachment":[{"href":"https:\/\/www.oaxaca.gob.mx\/pensiones\/wp-json\/wp\/v2\/media?parent=148"}],"wp:term":[{"taxonomy":"category","embeddable":true,"href":"https:\/\/www.oaxaca.gob.mx\/pensiones\/wp-json\/wp\/v2\/categories?post=148"},{"taxonomy":"post_tag","embeddable":true,"href":"https:\/\/www.oaxaca.gob.mx\/pensiones\/wp-json\/wp\/v2\/tags?post=148"}],"curies":[{"name":"wp","href":"https:\/\/api.w.org\/{rel}","templated":true}]}}