{"id":1335,"date":"2017-04-20T10:50:19","date_gmt":"2017-04-20T16:50:19","guid":{"rendered":"https:\/\/www.oaxaca.gob.mx\/pensiones\/?page_id=1335"},"modified":"2025-08-26T14:24:01","modified_gmt":"2025-08-26T20:24:01","slug":"constancia-qh-fallecimiento","status":"publish","type":"page","link":"https:\/\/www.oaxaca.gob.mx\/pensiones\/constancia-qh-fallecimiento\/","title":{"rendered":"Constancia QH Fallecimiento"},"content":{"rendered":"<div class=\"row\" style=\"margin-bottom: 5%\">\n<div class=\"col-xs-3 col-sm-2 col-md-2\"><img decoding=\"async\" src=\"\/wp-content\/plugins\/catalogo_tramitesyservicios\/img\/tramite.png\" alt=\"\" \/><\/div>\n<div class=\"col-xs-9 col-sm-10 col-md-10\" style=\"text-transform: uppercase\"><strong>Constancia de<\/strong><\/div>\n<\/div>\n<div class=\"row\" style=\"margin-bottom: 5%\">\n<div class=\"col-xs-0 col-sm-0 col-md-1\"><\/div>\n<div class=\"col-xs-3 col-sm-2 col-md-2\"><img decoding=\"async\" src=\"\/wp-content\/plugins\/catalogo_tramitesyservicios\/img\/descripcion.png\" alt=\"\" \/><\/div>\n<div class=\"col-xs-9 col-sm-10 col-md-8\">\n<p><strong>DESCRIPCI\u00d3N<\/strong><\/p>\n<p>Tr\u00e1mite por medio del cual el ex trabajador con nombramiento base pueda disponer de sus cuotas contribuidas al Fondo de Pensiones cuando se haya separado definitivamente del servicio sin derecho a pensi\u00f3n o al deudo de \u00e9ste si no existe quien tenga derecho a pensi\u00f3n<\/p>\n<\/div>\n<div class=\"col-xs-0 col-sm-0 col-md-1\"><\/div>\n<\/div>\n<div class=\"row\" style=\"margin-bottom: 5%\">\n<div class=\"col-xs-0 col-sm-0 col-md-1\"><\/div>\n<div class=\"col-xs-3 col-sm-2 col-md-2\"><img decoding=\"async\" src=\"\/wp-content\/plugins\/catalogo_tramitesyservicios\/img\/descripcion.png\" alt=\"\" \/><\/div>\n<div class=\"col-xs-9 col-sm-10 col-md-8\">\n<p><strong>REQUISITOS<\/strong><\/p>\n<table cellspacing=\"0\" cellpadding=\"0\" align=\"left\">\n<tbody>\n<tr>\n<td align=\"left\" valign=\"top\">\n<ul>\n<li>Original y copia de la Solicitud con sello de pagado en Caja.<\/li>\n<li>Original y copia del Sobre de Pago con el \u00faltimo descuento.<\/li>\n<\/ul>\n<\/td>\n<\/tr>\n<tr>\n<td align=\"left\" valign=\"top\"><strong>Nota:<\/strong> El tr\u00e1mite es personal. Se devolver\u00e1 si pag\u00f3 oportunamente y su Dependencia ingres\u00f3 el Pago.<\/p>\n<p>Horario de atenci\u00f3n de Lunes a Viernes de 09:00 a 14:30 hrs.<\/td>\n<\/tr>\n<\/tbody>\n<\/table>\n<\/div>\n<\/div>\n<div class=\"row\" style=\"margin-bottom: 5%\">\n<div class=\"col-xs-3 col-sm-2 col-md-2\">\u00a0 \u00a0 \u00a0<img decoding=\"async\" src=\"\/wp-content\/plugins\/catalogo_tramitesyservicios\/img\/fundamentojuridico.png\" alt=\"\" \/><\/div>\n<div class=\"col-xs-9 col-sm-10 col-md-8\">\n<p><strong>\u00a0 FUNDAMENTO JUR\u00cdDICO<\/strong><\/p>\n<p style=\"text-align: justify\">Ley de Pensiones para los Trabajadores del Gobierno del Estado de Oaxaca, Art\u00edculo 64 y 6. Publicada en el Peri\u00f3dico Oficial No. 4 de de fecha 28 de enero de 2012. Reglamento de Operaci\u00f3n de la Oficina de Pensiones del Estado de Oaxaca, art\u00edculos 31,32, 33, 34 y 35. Publicado en el Peri\u00f3dico Oficial Extra de fecha 14 de junio del a\u00f1o 2012.<\/p>\n<\/div>\n<\/div>\n<div class=\"row\" style=\"margin-bottom: 5%\">\n<div class=\"col-xs-0 col-sm-0 col-md-1\"><\/div>\n<div class=\"col-xs-3 col-sm-2 col-md-2\"><img decoding=\"async\" src=\"\/wp-content\/plugins\/catalogo_tramitesyservicios\/img\/servidorpublico.png\" alt=\"\" \/><\/div>\n<div class=\"col-xs-9 col-sm-10 col-md-8\">\n<p><strong>SERVIDOR P\u00daBLICO RESPONSABLE<\/strong><\/p>\n<p>L.A.T. LUCERO V\u00c1SQUEZ RAM\u00cdREZ.<\/p>\n<\/div>\n<\/div>\n<div class=\"row\" style=\"margin-bottom: 5%\">\n<div class=\"col-xs-0 col-sm-0 col-md-1\"><\/div>\n<div class=\"col-xs-3 col-sm-2 col-md-2\"><img decoding=\"async\" src=\"\/wp-content\/plugins\/catalogo_tramitesyservicios\/img\/arearesponsable.png\" alt=\"\" \/><\/div>\n<div class=\"col-xs-9 col-sm-10 col-md-8\">\n<p><strong>\u00c1REA RESPONSABLE<\/strong><\/p>\n<p>Departamento de Prestaciones Econ\u00f3micas<\/p>\n<\/div>\n<\/div>\n<div class=\"row\" style=\"margin-bottom: 5%\">\n<div class=\"col-xs-0 col-sm-0 col-md-1\"><\/div>\n<div class=\"col-xs-3 col-sm-2 col-md-2\"><img decoding=\"async\" src=\"\/wp-content\/plugins\/catalogo_tramitesyservicios\/img\/areadeadscripcion.png\" alt=\"\" \/><\/div>\n<p><strong>\u00c1REA DE ADSCRIPCI\u00d3N<\/strong><\/p>\n<p>Direcci\u00f3n de Prestaciones.<\/p>\n<\/div>\n<div class=\"row\" style=\"margin-bottom: 5%\">\n<div class=\"col-xs-12 col-sm-12 col-md-12\"><a id=\"volver\" href=\"\/pensiones\">Volver<\/a><\/div>\n<\/div>\n","protected":false},"excerpt":{"rendered":"<p>Constancia de DESCRIPCI\u00d3N Tr\u00e1mite por medio del cual el ex trabajador con nombramiento base pueda disponer de sus cuotas contribuidas al Fondo de Pensiones cuando se haya separado definitivamente del servicio sin derecho a pensi\u00f3n o al deudo de \u00e9ste si no existe quien tenga derecho a pensi\u00f3n REQUISITOS Original y copia de la Solicitud [&hellip;]<\/p>\n","protected":false},"author":1,"featured_media":0,"parent":0,"menu_order":0,"comment_status":"closed","ping_status":"closed","template":"","meta":{"episode_type":"","audio_file":"","podmotor_file_id":"","podmotor_episode_id":"","cover_image":"","cover_image_id":"","duration":"","filesize":"","filesize_raw":"","date_recorded":"","explicit":"","block":"","itunes_episode_number":"","itunes_title":"","itunes_season_number":"","itunes_episode_type":"","footnotes":""},"categories":[],"tags":[],"class_list":["post-1335","page","type-page","status-publish","hentry"],"acf":[],"publishpress_future_action":{"enabled":false,"date":"2026-04-23 19:37:37","action":"change-status","newStatus":"draft","terms":[],"taxonomy":"category","extraData":[]},"publishpress_future_workflow_manual_trigger":{"enabledWorkflows":[]},"_links":{"self":[{"href":"https:\/\/www.oaxaca.gob.mx\/pensiones\/wp-json\/wp\/v2\/pages\/1335","targetHints":{"allow":["GET"]}}],"collection":[{"href":"https:\/\/www.oaxaca.gob.mx\/pensiones\/wp-json\/wp\/v2\/pages"}],"about":[{"href":"https:\/\/www.oaxaca.gob.mx\/pensiones\/wp-json\/wp\/v2\/types\/page"}],"author":[{"embeddable":true,"href":"https:\/\/www.oaxaca.gob.mx\/pensiones\/wp-json\/wp\/v2\/users\/1"}],"replies":[{"embeddable":true,"href":"https:\/\/www.oaxaca.gob.mx\/pensiones\/wp-json\/wp\/v2\/comments?post=1335"}],"version-history":[{"count":1,"href":"https:\/\/www.oaxaca.gob.mx\/pensiones\/wp-json\/wp\/v2\/pages\/1335\/revisions"}],"predecessor-version":[{"id":9845,"href":"https:\/\/www.oaxaca.gob.mx\/pensiones\/wp-json\/wp\/v2\/pages\/1335\/revisions\/9845"}],"wp:attachment":[{"href":"https:\/\/www.oaxaca.gob.mx\/pensiones\/wp-json\/wp\/v2\/media?parent=1335"}],"wp:term":[{"taxonomy":"category","embeddable":true,"href":"https:\/\/www.oaxaca.gob.mx\/pensiones\/wp-json\/wp\/v2\/categories?post=1335"},{"taxonomy":"post_tag","embeddable":true,"href":"https:\/\/www.oaxaca.gob.mx\/pensiones\/wp-json\/wp\/v2\/tags?post=1335"}],"curies":[{"name":"wp","href":"https:\/\/api.w.org\/{rel}","templated":true}]}}