{"id":1209,"date":"2017-03-29T14:02:08","date_gmt":"2017-03-29T20:02:08","guid":{"rendered":"https:\/\/www.oaxaca.gob.mx\/pensiones\/?page_id=1209"},"modified":"2026-01-27T14:45:27","modified_gmt":"2026-01-27T20:45:27","slug":"pago_prest_aseg","status":"publish","type":"page","link":"https:\/\/www.oaxaca.gob.mx\/pensiones\/pago_prest_aseg\/","title":{"rendered":"PAGO DE PR\u00c9STAMO V\u00cdA ASEGURADORA"},"content":{"rendered":"<div class=\"row\" style=\"margin-bottom: 5%\">\n<div class=\"col-xs-3 col-sm-2 col-md-2\"><img decoding=\"async\" src=\"\/pensiones\/wp-content\/uploads\/sites\/54\/2019\/05\/tramite.png\" \/><\/div>\n<div class=\"col-xs-9 col-sm-10 col-md-10\" style=\"text-transform: uppercase\"><strong>PAGO DE PR\u00c9STAMO V\u00cdA ASEGURADORA<\/strong><\/div>\n<\/div>\n<div class=\"row\" style=\"margin-bottom: 5%\">\n<div class=\"col-xs-0 col-sm-0 col-md-1\"><\/div>\n<div class=\"col-xs-3 col-sm-2 col-md-2\"><img decoding=\"async\" src=\"\/pensiones\/wp-content\/uploads\/sites\/54\/2019\/05\/descripcion.png\" \/><\/div>\n<div class=\"col-xs-9 col-sm-10 col-md-8\">\n<p><strong>DESCRIPCI\u00d3N<\/strong><\/p>\n<p>En el caso de que un trabajador, jubilado o pensionado fallecer\u00eda y contara con adeudos por pr\u00e9stamo quirografario y\/o hipotecario ante la Oficina de Pensiones, ser\u00e1 responsabilidad de los beneficiarios y en su caso de los avales, presentar la documentaci\u00f3n requerida por la compa\u00f1\u00eda de seguros, para la liquidaci\u00f3n del saldo pendiente del (los) pr\u00e9stamo(s).<\/p>\n<\/div>\n<div class=\"col-xs-0 col-sm-0 col-md-1\"><\/div>\n<\/div>\n<div class=\"row\" style=\"margin-bottom: 5%\">\n<div class=\"col-xs-0 col-sm-0 col-md-1\"><\/div>\n<div class=\"col-xs-3 col-sm-2 col-md-2\"><img decoding=\"async\" src=\"\/pensiones\/wp-content\/uploads\/sites\/54\/2019\/05\/descripcion.png\" \/><\/div>\n<div class=\"col-xs-9 col-sm-10 col-md-8\">\n<p><strong>REQUISITOS<\/strong><\/p>\n<table cellspacing=\"0\" cellpadding=\"0\" align=\"left\">\n<tbody>\n<tr>\n<td align=\"left\" valign=\"top\">Los beneficiarios o avales del trabajador, jubilado o pensionado fallecido deber\u00e1n presentar en el Departamento de Prestaciones Econ\u00f3micas, en un t\u00e9rmino de treinta d\u00edas h\u00e1biles contados a partir de la fecha de fallecimiento, la documentaci\u00f3n requerida por la compa\u00f1\u00eda de seguros.<\/p>\n<p>DOCUMENTACI\u00d3N REQUERIDA<br \/>\n1. Copia certificada del acta de defunci\u00f3n.<br \/>\n2. Acta de nacimiento.<br \/>\n3. \u00daltimo recibo de pago.<br \/>\n4. Aviso de baja (en caso de los trabajadores activos).<\/p>\n<p>HORARIO DE ATENCI\u00d3N<br \/>\nDe Lunes a Viernes de 10:00 \u2013 14:00 hrs.<\/p>\n<p>.<\/td>\n<\/tr>\n<\/tbody>\n<\/table>\n<p>&nbsp;<\/p>\n<p>&nbsp;<\/p>\n<\/div>\n<div class=\"col-xs-0 col-sm-0 col-md-1\"><\/div>\n<\/div>\n<div class=\"row\" style=\"margin-bottom: 5%\">\n<div class=\"col-xs-0 col-sm-0 col-md-1\"><\/div>\n<div class=\"col-xs-3 col-sm-2 col-md-2\"><img decoding=\"async\" src=\"\/pensiones\/wp-content\/uploads\/sites\/54\/2019\/05\/fundamentojuridico.png\" \/><\/div>\n<div class=\"col-xs-9 col-sm-10 col-md-8\">\n<p><strong>FUNDAMENTO JUR\u00cdDICO<\/strong><\/p>\n<table cellspacing=\"0\" cellpadding=\"0\" align=\"left\">\n<tbody>\n<tr>\n<td align=\"left\" valign=\"top\">Art\u00edculo 97,98 y 99 del Reglamento de Operaci\u00f3n de la Oficina de Pensiones del Estado de Oaxaca.<\/td>\n<\/tr>\n<\/tbody>\n<\/table>\n<p>&nbsp;<\/p>\n<p>&nbsp;<\/p>\n<\/div>\n<\/div>\n<div class=\"row\" style=\"margin-bottom: 5%\">\n<div class=\"col-xs-0 col-sm-0 col-md-1\"><\/div>\n<div class=\"col-xs-3 col-sm-2 col-md-2\"><img decoding=\"async\" src=\"\/pensiones\/wp-content\/uploads\/sites\/54\/2019\/05\/servidorpublico.png\" \/><\/div>\n<div class=\"col-xs-9 col-sm-10 col-md-8\">\n<p><strong>SERVIDOR P\u00daBLICO RESPONSABLE<\/strong><br \/>\nLIC. EDUARDO REYES MERL\u00cdN<\/p>\n<\/div>\n<\/div>\n<div class=\"row\" style=\"margin-bottom: 5%\">\n<div class=\"col-xs-0 col-sm-0 col-md-1\"><span class=\"col-xs-3 col-sm-2 col-md-2\"><img decoding=\"async\" src=\"\/pensiones\/wp-content\/uploads\/sites\/54\/2019\/05\/arearesponsable.png\" alt=\"\" \/><\/span><\/div>\n<div class=\"col-xs-3 col-sm-2 col-md-2\"><\/div>\n<div class=\"col-xs-9 col-sm-10 col-md-8\">\n<p><strong>\u00c1REA RESPONSABLE<\/strong><\/p>\n<p>Departamento de Prestaciones Econ\u00f3micas<\/p>\n<\/div>\n<\/div>\n<div class=\"row\" style=\"margin-bottom: 5%\">\n<div class=\"col-xs-0 col-sm-0 col-md-1\"><\/div>\n<div class=\"col-xs-3 col-sm-2 col-md-2\"><img decoding=\"async\" src=\"\/pensiones\/wp-content\/uploads\/sites\/54\/2019\/05\/areadeadscripcion.png\" \/><\/div>\n<div class=\"col-xs-9 col-sm-10 col-md-8\">\n<p><strong>\u00c1REA DE ADSCRIPCI\u00d3N<\/strong><\/p>\n<p>Direcci\u00f3n de Prestaciones<\/p>\n<\/div>\n<\/div>\n","protected":false},"excerpt":{"rendered":"<p>PAGO DE PR\u00c9STAMO V\u00cdA ASEGURADORA DESCRIPCI\u00d3N En el caso de que un trabajador, jubilado o pensionado fallecer\u00eda y contara con adeudos por pr\u00e9stamo quirografario y\/o hipotecario ante la Oficina de Pensiones, ser\u00e1 responsabilidad de los beneficiarios y en su caso de los avales, presentar la documentaci\u00f3n requerida por la compa\u00f1\u00eda de seguros, para la liquidaci\u00f3n [&hellip;]<\/p>\n","protected":false},"author":1,"featured_media":0,"parent":0,"menu_order":0,"comment_status":"closed","ping_status":"closed","template":"","meta":{"episode_type":"","audio_file":"","podmotor_file_id":"","podmotor_episode_id":"","cover_image":"","cover_image_id":"","duration":"","filesize":"","filesize_raw":"","date_recorded":"","explicit":"","block":"","itunes_episode_number":"","itunes_title":"","itunes_season_number":"","itunes_episode_type":"","footnotes":""},"categories":[],"tags":[],"class_list":["post-1209","page","type-page","status-publish","hentry"],"acf":[],"publishpress_future_action":{"enabled":false,"date":"2026-04-23 19:37:20","action":"change-status","newStatus":"draft","terms":[],"taxonomy":"category","extraData":[]},"publishpress_future_workflow_manual_trigger":{"enabledWorkflows":[]},"_links":{"self":[{"href":"https:\/\/www.oaxaca.gob.mx\/pensiones\/wp-json\/wp\/v2\/pages\/1209","targetHints":{"allow":["GET"]}}],"collection":[{"href":"https:\/\/www.oaxaca.gob.mx\/pensiones\/wp-json\/wp\/v2\/pages"}],"about":[{"href":"https:\/\/www.oaxaca.gob.mx\/pensiones\/wp-json\/wp\/v2\/types\/page"}],"author":[{"embeddable":true,"href":"https:\/\/www.oaxaca.gob.mx\/pensiones\/wp-json\/wp\/v2\/users\/1"}],"replies":[{"embeddable":true,"href":"https:\/\/www.oaxaca.gob.mx\/pensiones\/wp-json\/wp\/v2\/comments?post=1209"}],"version-history":[{"count":2,"href":"https:\/\/www.oaxaca.gob.mx\/pensiones\/wp-json\/wp\/v2\/pages\/1209\/revisions"}],"predecessor-version":[{"id":10291,"href":"https:\/\/www.oaxaca.gob.mx\/pensiones\/wp-json\/wp\/v2\/pages\/1209\/revisions\/10291"}],"wp:attachment":[{"href":"https:\/\/www.oaxaca.gob.mx\/pensiones\/wp-json\/wp\/v2\/media?parent=1209"}],"wp:term":[{"taxonomy":"category","embeddable":true,"href":"https:\/\/www.oaxaca.gob.mx\/pensiones\/wp-json\/wp\/v2\/categories?post=1209"},{"taxonomy":"post_tag","embeddable":true,"href":"https:\/\/www.oaxaca.gob.mx\/pensiones\/wp-json\/wp\/v2\/tags?post=1209"}],"curies":[{"name":"wp","href":"https:\/\/api.w.org\/{rel}","templated":true}]}}