{"id":1202,"date":"2017-03-29T13:55:16","date_gmt":"2017-03-29T19:55:16","guid":{"rendered":"https:\/\/www.oaxaca.gob.mx\/pensiones\/?page_id=1202"},"modified":"2026-01-27T14:44:46","modified_gmt":"2026-01-27T20:44:46","slug":"aut_can_hip","status":"publish","type":"page","link":"https:\/\/www.oaxaca.gob.mx\/pensiones\/aut_can_hip\/","title":{"rendered":"AUTORIZACI\u00d3N PARA CANCELACI\u00d3N DE HIPOTECA"},"content":{"rendered":"<p>&#8216;<\/p>\n<div class=\"row\" style=\"margin-bottom: 5%\">\n<div class=\"col-xs-3 col-sm-2 col-md-2\"><img decoding=\"async\" src=\"\/pensiones\/wp-content\/uploads\/sites\/54\/2019\/05\/tramite.png\" \/><\/div>\n<div class=\"col-xs-9 col-sm-10 col-md-10\" style=\"text-transform: uppercase\"><strong>AUTORIZACI\u00d3N PARA CANCELACI\u00d3N DE HIPOTECA<\/strong><\/div>\n<\/div>\n<div class=\"row\" style=\"margin-bottom: 5%\">\n<div class=\"col-xs-0 col-sm-0 col-md-1\"><\/div>\n<div class=\"col-xs-3 col-sm-2 col-md-2\"><img decoding=\"async\" src=\"\/pensiones\/wp-content\/uploads\/sites\/54\/2019\/05\/descripcion.png\" \/><\/div>\n<div class=\"col-xs-9 col-sm-10 col-md-8\">\n<p><strong>DESCRIPCI\u00d3N<\/strong><\/p>\n<p>El trabajador, jubilado o pensionado que liquida el saldo total del pr\u00e9stamo hipotecario otorgado, puede solicitar la cancelaci\u00f3n del o los grav\u00e1menes del bien inmueble que sirvi\u00f3 como garant\u00eda hipotecaria.<\/p>\n<\/div>\n<div class=\"col-xs-0 col-sm-0 col-md-1\"><\/div>\n<\/div>\n<div class=\"row\" style=\"margin-bottom: 5%\">\n<div class=\"col-xs-0 col-sm-0 col-md-1\"><\/div>\n<div class=\"col-xs-3 col-sm-2 col-md-2\"><img decoding=\"async\" src=\"\/pensiones\/wp-content\/uploads\/sites\/54\/2019\/05\/descripcion.png\" \/><\/div>\n<div class=\"col-xs-9 col-sm-10 col-md-8\">\n<p><strong>REQUISITOS<\/strong><\/p>\n<p>El trabajador, jubilado o pensionado, deber\u00e1 presentar en el Departamento de Prestaciones Econ\u00f3micas, escrito con los requisitos siguientes, nombre completo del solicitante, RFC, tipo de nombramiento, nivel y categor\u00eda actual que ostenta, adscripci\u00f3n, dependencia, domicilio y n\u00famero de tel\u00e9fono del solicitante, tipo de tr\u00e1mite que solicita, y debidamente firmada la solicitud, solicitando la autorizaci\u00f3n de cancelaci\u00f3n de hipoteca.<\/p>\n<p>DOCUMENTACI\u00d3N REQUERIDA<\/p>\n<p>1. Escrito dirigido al Director General de la Oficina de Pensiones.<br \/>\n2. Recibo de pago donde se refleje el \u00faltimo pago o descuento del pr\u00e9stamo hipotecario.<\/p>\n<p>HORARIO DE ATENCI\u00d3N<br \/>\nDe Lunes a Viernes de 10:00 \u2013 14:00 hrs.<\/p>\n<\/div>\n<div class=\"col-xs-0 col-sm-0 col-md-1\"><\/div>\n<\/div>\n<div class=\"row\" style=\"margin-bottom: 5%\">\n<div class=\"col-xs-0 col-sm-0 col-md-1\"><\/div>\n<div class=\"col-xs-3 col-sm-2 col-md-2\"><img decoding=\"async\" src=\"\/pensiones\/wp-content\/uploads\/sites\/54\/2019\/05\/fundamentojuridico.png\" \/><\/div>\n<div class=\"col-xs-9 col-sm-10 col-md-8\">\n<p><strong>FUNDAMENTO JUR\u00cdDICO<\/strong><\/p>\n<p>Ley de Pensiones para los Trabajadores del Gobierno del Estado de Oaxaca, art\u00edculo 72. Publicada en el Peri\u00f3dico Oficial No. 4 de fecha 28 de enero de 2012. Reglamento de Operaci\u00f3n de la Oficina de Pensiones del Estado de Oaxaca, art\u00edculos 91, 92 y 93. Publicado en el Peri\u00f3dico Oficial Extra de fecha 14 de junio del a\u00f1o 2012.<\/p>\n<\/div>\n<\/div>\n<div class=\"row\" style=\"margin-bottom: 5%\">\n<div class=\"col-xs-0 col-sm-0 col-md-1\"><\/div>\n<div class=\"col-xs-3 col-sm-2 col-md-2\"><img decoding=\"async\" src=\"\/pensiones\/wp-content\/uploads\/sites\/54\/2019\/05\/servidorpublico.png\" \/><\/div>\n<div class=\"col-xs-9 col-sm-10 col-md-8\">\n<p><strong>SERVIDOR P\u00daBLICO RESPONSABLE<\/strong><\/p>\n<p>LIC. EDUARDO REYES MERL\u00cdN<\/p>\n<\/div>\n<\/div>\n<div class=\"row\" style=\"margin-bottom: 5%\">\n<div class=\"col-xs-0 col-sm-0 col-md-1\"><\/div>\n<div class=\"col-xs-3 col-sm-2 col-md-2\"><img decoding=\"async\" src=\"\/pensiones\/wp-content\/uploads\/sites\/54\/2019\/05\/arearesponsable.png\" \/><\/div>\n<div class=\"col-xs-9 col-sm-10 col-md-8\">\n<p><strong>\u00c1REA RESPONSABLE<\/strong><\/p>\n<p>Departamento de Prestaciones Econ\u00f3micas<\/p>\n<\/div>\n<\/div>\n<div class=\"row\" style=\"margin-bottom: 5%\">\n<div class=\"col-xs-0 col-sm-0 col-md-1\"><\/div>\n<div class=\"col-xs-3 col-sm-2 col-md-2\"><img decoding=\"async\" src=\"\/pensiones\/wp-content\/uploads\/sites\/54\/2019\/05\/areadeadscripcion.png\" \/><\/div>\n<div class=\"col-xs-9 col-sm-10 col-md-8\">\n<p><strong>\u00c1REA DE ADSCRIPCI\u00d3N<\/strong><\/p>\n<p>Direcci\u00f3n de Prestaciones<\/p>\n<\/div>\n<\/div>\n","protected":false},"excerpt":{"rendered":"<p>&#8216; AUTORIZACI\u00d3N PARA CANCELACI\u00d3N DE HIPOTECA DESCRIPCI\u00d3N El trabajador, jubilado o pensionado que liquida el saldo total del pr\u00e9stamo hipotecario otorgado, puede solicitar la cancelaci\u00f3n del o los grav\u00e1menes del bien inmueble que sirvi\u00f3 como garant\u00eda hipotecaria. REQUISITOS El trabajador, jubilado o pensionado, deber\u00e1 presentar en el Departamento de Prestaciones Econ\u00f3micas, escrito con los requisitos [&hellip;]<\/p>\n","protected":false},"author":1,"featured_media":0,"parent":0,"menu_order":0,"comment_status":"closed","ping_status":"closed","template":"","meta":{"episode_type":"","audio_file":"","podmotor_file_id":"","podmotor_episode_id":"","cover_image":"","cover_image_id":"","duration":"","filesize":"","filesize_raw":"","date_recorded":"","explicit":"","block":"","itunes_episode_number":"","itunes_title":"","itunes_season_number":"","itunes_episode_type":"","footnotes":""},"categories":[],"tags":[],"class_list":["post-1202","page","type-page","status-publish","hentry"],"acf":[],"publishpress_future_action":{"enabled":false,"date":"2026-04-23 19:37:10","action":"change-status","newStatus":"draft","terms":[],"taxonomy":"category","extraData":[]},"publishpress_future_workflow_manual_trigger":{"enabledWorkflows":[]},"_links":{"self":[{"href":"https:\/\/www.oaxaca.gob.mx\/pensiones\/wp-json\/wp\/v2\/pages\/1202","targetHints":{"allow":["GET"]}}],"collection":[{"href":"https:\/\/www.oaxaca.gob.mx\/pensiones\/wp-json\/wp\/v2\/pages"}],"about":[{"href":"https:\/\/www.oaxaca.gob.mx\/pensiones\/wp-json\/wp\/v2\/types\/page"}],"author":[{"embeddable":true,"href":"https:\/\/www.oaxaca.gob.mx\/pensiones\/wp-json\/wp\/v2\/users\/1"}],"replies":[{"embeddable":true,"href":"https:\/\/www.oaxaca.gob.mx\/pensiones\/wp-json\/wp\/v2\/comments?post=1202"}],"version-history":[{"count":2,"href":"https:\/\/www.oaxaca.gob.mx\/pensiones\/wp-json\/wp\/v2\/pages\/1202\/revisions"}],"predecessor-version":[{"id":10289,"href":"https:\/\/www.oaxaca.gob.mx\/pensiones\/wp-json\/wp\/v2\/pages\/1202\/revisions\/10289"}],"wp:attachment":[{"href":"https:\/\/www.oaxaca.gob.mx\/pensiones\/wp-json\/wp\/v2\/media?parent=1202"}],"wp:term":[{"taxonomy":"category","embeddable":true,"href":"https:\/\/www.oaxaca.gob.mx\/pensiones\/wp-json\/wp\/v2\/categories?post=1202"},{"taxonomy":"post_tag","embeddable":true,"href":"https:\/\/www.oaxaca.gob.mx\/pensiones\/wp-json\/wp\/v2\/tags?post=1202"}],"curies":[{"name":"wp","href":"https:\/\/api.w.org\/{rel}","templated":true}]}}