{"id":1193,"date":"2017-03-29T13:44:12","date_gmt":"2017-03-29T19:44:12","guid":{"rendered":"https:\/\/www.oaxaca.gob.mx\/pensiones\/?page_id=1193"},"modified":"2026-01-27T14:43:12","modified_gmt":"2026-01-27T20:43:12","slug":"dev_fondo","status":"publish","type":"page","link":"https:\/\/www.oaxaca.gob.mx\/pensiones\/dev_fondo\/","title":{"rendered":"DEVOLUCI\u00d3N DEL FONDO DE PENSIONES"},"content":{"rendered":"<div class=\"row\" style=\"margin-bottom: 5%\">\n<div class=\"col-xs-3 col-sm-2 col-md-2\"><img decoding=\"async\" src=\"\/pensiones\/wp-content\/uploads\/sites\/54\/2019\/05\/tramite.png\" \/><\/div>\n<div class=\"col-xs-9 col-sm-10 col-md-10\" style=\"text-transform: uppercase\"><strong> DEVOLUCI\u00d3N DEL FONDO DE PENSIONES <\/strong><\/div>\n<\/div>\n<div class=\"row\" style=\"margin-bottom: 5%\">\n<div class=\"col-xs-0 col-sm-0 col-md-1\"><\/div>\n<div class=\"col-xs-3 col-sm-2 col-md-2\"><img decoding=\"async\" src=\"\/pensiones\/wp-content\/uploads\/sites\/54\/2019\/05\/descripcion.png\" \/><\/div>\n<div class=\"col-xs-9 col-sm-10 col-md-8\">\n<p><strong>DESCRIPCI\u00d3N<\/strong><\/p>\n<p>Tr\u00e1mite por medio del cual el ex trabajador con nombramiento base o confianza pueda disponer de sus cuotas contribuidas al Fondo de Pensiones cuando se haya separado definitivamente del servicio sin derecho a pensi\u00f3n o al deudo de \u00e9ste si no existe quien tenga derecho a pensi\u00f3n<\/p>\n<\/div>\n<div class=\"col-xs-0 col-sm-0 col-md-1\"><\/div>\n<\/div>\n<div class=\"row\" style=\"margin-bottom: 5%\">\n<div class=\"col-xs-0 col-sm-0 col-md-1\"><\/div>\n<div class=\"col-xs-3 col-sm-2 col-md-2\"><img decoding=\"async\" src=\"\/pensiones\/wp-content\/uploads\/sites\/54\/2019\/05\/descripcion.png\" \/><\/div>\n<div class=\"col-xs-9 col-sm-10 col-md-8\">\n<p><strong>REQUISITOS<\/strong><\/p>\n<table cellspacing=\"0\" cellpadding=\"0\" align=\"left\">\n<tbody>\n<tr>\n<td align=\"left\" valign=\"top\">Escrito dirigido al Director General de la Oficina de Pensiones del Estado de Oaxaca, solicitando la Devoluci\u00f3n de Fondo de Pensiones, debe mencionar los siguientes datos: Nombre completo, domicilio, tel\u00e9fono del solicitante, anexar y mencionar en el escrito los documentos que se solicitan a continuaci\u00f3n:<\/p>\n<ul class=\"listas-geo\">\n<li>Oficio dirigido al Director General de la Oficina de Pensiones solicitando la devoluci\u00f3n del Fondo de Pensiones.<\/li>\n<li>Fotocopia de constancia de no encontrarse laborando en instituci\u00f3n alguna que aporte al Fondo de Pensiones expedida por la Unidad de Servicios al Personal de la Direcci\u00f3n de Recursos Humanos dependiente de la Secretar\u00eda de Administraci\u00f3n.<\/li>\n<li>Fotocopia del documento que demuestre la terminaci\u00f3n de la relaci\u00f3n laboral (C\u00e9dula de baja, aviso de baja o aceptaci\u00f3n de renuncia).<\/li>\n<li>Constancia de no adeudo expedida por el Departamento de Pr\u00e9stamos de la Direcci\u00f3n de Recursos Humanos de la Secretar\u00eda de Administraci\u00f3n.<\/li>\n<li>Fotocopia del \u00faltimo recibo de pago.<\/li>\n<li>Fotocopia del primer nombramiento como trabajador del Gobierno del Estado de Oaxaca.<\/li>\n<\/ul>\n<\/td>\n<\/tr>\n<\/tbody>\n<\/table>\n<p><strong>REQUISITOS DE DEVOLUCI\u00d3N POR FALLECIMIENTO<\/strong><\/p>\n<table cellspacing=\"0\" cellpadding=\"0\" align=\"left\">\n<tbody>\n<tr>\n<td align=\"left\" valign=\"top\">Escrito dirigido al Director General de la Oficina de Pensiones del Estado de Oaxaca, solicitando la Devoluci\u00f3n de Fondo de Pensiones, debe mencionar los siguientes datos: Nombre completo, domicilio, tel\u00e9fono del solicitante, anexar y mencionar en el escrito los documentos que se solicitan a continuaci\u00f3n:<\/p>\n<ul class=\"listas-geo\">\n<li>Oficio dirigido al Director General de la Oficina de Pensiones solicitando la devoluci\u00f3n del Fondo de Pensiones.<\/li>\n<li>Acta de defunci\u00f3n certificada.<\/li>\n<li>Documento oficial donde se acredite el parentesco.<\/li>\n<li>Fotocopia del \u00faltimo recibo de pago o constancia expedida por la autoridad competente.<\/li>\n<li>En caso de que existiera m\u00e1s de un beneficiario con derecho a la devoluci\u00f3n del Fondo de Pensiones, los dem\u00e1s beneficiarios deber\u00e1n nombrar mediante escrito a la persona que quedar\u00e1 como \u00fanico beneficiario de esta prestaci\u00f3n.<\/li>\n<li>Fotocopia de la credencial de elector del o los interesados.<\/li>\n<\/ul>\n<\/td>\n<\/tr>\n<\/tbody>\n<\/table>\n<p>&nbsp;<\/p>\n<p>El tr\u00e1mite es personal y se realiza de lunes a viernes de 10:00 a 14:00 hrs.<\/p>\n<p>&nbsp;<\/p>\n<\/div>\n<div class=\"col-xs-0 col-sm-0 col-md-1\"><\/div>\n<\/div>\n<div class=\"row\" style=\"margin-bottom: 5%\">\n<div class=\"col-xs-0 col-sm-0 col-md-1\"><\/div>\n<div class=\"col-xs-3 col-sm-2 col-md-2\"><img decoding=\"async\" src=\"\/pensiones\/wp-content\/uploads\/sites\/54\/2019\/05\/fundamentojuridico.png\" \/><\/div>\n<div class=\"col-xs-9 col-sm-10 col-md-8\">\n<p><strong>FUNDAMENTO JUR\u00cdDICO<\/strong><\/p>\n<p>Ley de Pensiones para los Trabajadores del Gobierno del Estado de Oaxaca, Art\u00edculo 64 y 6. Publicada en el Peri\u00f3dico Oficial No. 4 de de fecha 28 de enero de 2012. Reglamento de Operaci\u00f3n de la Oficina de Pensiones del Estado de Oaxaca, art\u00edculos 31,32, 33, 34 y 35. Publicado en el Peri\u00f3dico Oficial Extra de fecha 14 de junio del a\u00f1o 2012.<\/p>\n<\/div>\n<\/div>\n<div class=\"row\" style=\"margin-bottom: 5%\">\n<div class=\"col-xs-0 col-sm-0 col-md-1\"><\/div>\n<div class=\"col-s-3 col-sm-2 col-md-2\"><img decoding=\"async\" src=\"\/pensiones\/wp-content\/uploads\/sites\/54\/2019\/05\/servidorpublico.png\" \/><\/div>\n<div class=\"col-xs-9 col-sm-10 col-md-8\">\n<p><strong>SERVIDOR P\u00daBLICO RESPONSABLE<\/strong><\/p>\n<p>LIC. EDUARDO REYES MERL\u00cdN<\/p>\n<\/div>\n<\/div>\n<div class=\"row\" style=\"margin-bottom: 5%\">\n<div class=\"col-xs-0 col-sm-0 col-md-1\"><\/div>\n<div class=\"col-xs-3 col-sm-2 col-md-2\"><img decoding=\"async\" src=\"\/pensiones\/wp-content\/uploads\/sites\/54\/2019\/05\/arearesponsable.png\" \/><\/div>\n<div class=\"col-xs-9 col-sm-10 col-md-8\">\n<p><strong>\u00c1REA RESPONSABLE<\/strong><\/p>\n<p>Departamento de Prestaciones Econ\u00f3micas.<\/p>\n<\/div>\n<\/div>\n<div class=\"row\" style=\"margin-bottom: 5%\">\n<div class=\"col-xs-0 col-sm-0 col-md-1\"><\/div>\n<div class=\"col-xs-3 col-sm-2 col-md-2\"><img decoding=\"async\" src=\"\/pensiones\/wp-content\/uploads\/sites\/54\/2019\/05\/areadeadscripcion.png\" \/><\/div>\n<div class=\"col-xs-9 col-sm-10 col-md-8\">\n<p><strong>\u00c1REA DE ADSCRIPCI\u00d3N<\/strong><\/p>\n<p>Direcci\u00f3n de Prestaciones.<\/p>\n<\/div>\n<\/div>\n","protected":false},"excerpt":{"rendered":"<p>DEVOLUCI\u00d3N DEL FONDO DE PENSIONES DESCRIPCI\u00d3N Tr\u00e1mite por medio del cual el ex trabajador con nombramiento base o confianza pueda disponer de sus cuotas contribuidas al Fondo de Pensiones cuando se haya separado definitivamente del servicio sin derecho a pensi\u00f3n o al deudo de \u00e9ste si no existe quien tenga derecho a pensi\u00f3n REQUISITOS Escrito [&hellip;]<\/p>\n","protected":false},"author":1,"featured_media":0,"parent":0,"menu_order":0,"comment_status":"closed","ping_status":"closed","template":"","meta":{"episode_type":"","audio_file":"","podmotor_file_id":"","podmotor_episode_id":"","cover_image":"","cover_image_id":"","duration":"","filesize":"","filesize_raw":"","date_recorded":"","explicit":"","block":"","itunes_episode_number":"","itunes_title":"","itunes_season_number":"","itunes_episode_type":"","footnotes":""},"categories":[],"tags":[],"class_list":["post-1193","page","type-page","status-publish","hentry"],"acf":[],"publishpress_future_action":{"enabled":false,"date":"2026-04-23 19:26:59","action":"change-status","newStatus":"draft","terms":[],"taxonomy":"category","extraData":[]},"publishpress_future_workflow_manual_trigger":{"enabledWorkflows":[]},"_links":{"self":[{"href":"https:\/\/www.oaxaca.gob.mx\/pensiones\/wp-json\/wp\/v2\/pages\/1193","targetHints":{"allow":["GET"]}}],"collection":[{"href":"https:\/\/www.oaxaca.gob.mx\/pensiones\/wp-json\/wp\/v2\/pages"}],"about":[{"href":"https:\/\/www.oaxaca.gob.mx\/pensiones\/wp-json\/wp\/v2\/types\/page"}],"author":[{"embeddable":true,"href":"https:\/\/www.oaxaca.gob.mx\/pensiones\/wp-json\/wp\/v2\/users\/1"}],"replies":[{"embeddable":true,"href":"https:\/\/www.oaxaca.gob.mx\/pensiones\/wp-json\/wp\/v2\/comments?post=1193"}],"version-history":[{"count":3,"href":"https:\/\/www.oaxaca.gob.mx\/pensiones\/wp-json\/wp\/v2\/pages\/1193\/revisions"}],"predecessor-version":[{"id":10286,"href":"https:\/\/www.oaxaca.gob.mx\/pensiones\/wp-json\/wp\/v2\/pages\/1193\/revisions\/10286"}],"wp:attachment":[{"href":"https:\/\/www.oaxaca.gob.mx\/pensiones\/wp-json\/wp\/v2\/media?parent=1193"}],"wp:term":[{"taxonomy":"category","embeddable":true,"href":"https:\/\/www.oaxaca.gob.mx\/pensiones\/wp-json\/wp\/v2\/categories?post=1193"},{"taxonomy":"post_tag","embeddable":true,"href":"https:\/\/www.oaxaca.gob.mx\/pensiones\/wp-json\/wp\/v2\/tags?post=1193"}],"curies":[{"name":"wp","href":"https:\/\/api.w.org\/{rel}","templated":true}]}}