{"id":1189,"date":"2017-03-29T13:37:26","date_gmt":"2017-03-29T19:37:26","guid":{"rendered":"https:\/\/www.oaxaca.gob.mx\/pensiones\/?page_id=1189"},"modified":"2026-01-27T14:42:49","modified_gmt":"2026-01-27T20:42:49","slug":"reintrego_fondo","status":"publish","type":"page","link":"https:\/\/www.oaxaca.gob.mx\/pensiones\/reintrego_fondo\/","title":{"rendered":"REINTEGRO AL FONDO DE PENSIONES."},"content":{"rendered":"<div class=\"row\" style=\"margin-bottom: 5%\">\n<div class=\"col-xs-3 col-sm-2 col-md-2\"><img decoding=\"async\" src=\"\/pensiones\/wp-content\/uploads\/sites\/54\/2019\/05\/tramite.png\" \/><\/div>\n<div class=\"col-xs-9 col-sm-10 col-md-10\" style=\"text-transform: uppercase\"><strong>REINTEGRO AL FONDO DE PENSIONES.<\/strong><\/div>\n<\/div>\n<div class=\"row\" style=\"margin-bottom: 5%\">\n<div class=\"col-xs-0 col-sm-0 col-md-1\"><\/div>\n<div class=\"col-xs-3 col-sm-2 col-md-2\"><img decoding=\"async\" src=\"\/pensiones\/wp-content\/uploads\/sites\/54\/2019\/05\/descripcion.png\" \/><\/div>\n<div class=\"col-xs-9 col-sm-10 col-md-8\">\n<p><strong>DESCRIPCI\u00d3N<\/strong><\/p>\n<p>Tr\u00e1mite por medio del cual el trabajador que vuelva a ser sujeto de la Ley de Pensiones y quiera que se le reconozca la antig\u00fcedad que ten\u00eda , podr\u00e1 solicitar ante la Oficina de Pensiones el calculo del monto a reintegrar y la autorizaci\u00f3n del reintegro.<\/p>\n<\/div>\n<div class=\"col-xs-0 col-sm-0 col-md-1\"><\/div>\n<\/div>\n<div class=\"row\" style=\"margin-bottom: 5%\">\n<div class=\"col-xs-0 col-sm-0 col-md-1\"><\/div>\n<div class=\"col-xs-3 col-sm-2 col-md-2\"><img decoding=\"async\" src=\"\/pensiones\/wp-content\/uploads\/sites\/54\/2019\/05\/descripcion.png\" \/><\/div>\n<div class=\"col-xs-9 col-sm-10 col-md-8\">\n<p><strong>REQUISITOS<\/strong><\/p>\n<table cellspacing=\"0\" cellpadding=\"0\" align=\"left\">\n<tbody>\n<tr>\n<td align=\"left\" valign=\"top\">En el Departamento de Prestaciones Econ\u00f3micas deber\u00e1 presentar escrito dirigido al Director General de la Oficina de Pensiones, solicitando el c\u00e1lculo y la autorizaci\u00f3n del reintegro,\u00a0 mismo que adem\u00e1s deber\u00e1 contener los requisitos se\u00f1alados en el art\u00edculo 3\u00b0 del Reglamento de Operaci\u00f3n;<br \/>\nDOCUMENTACI\u00d3N REQUERIDA:<\/p>\n<ul class=\"listas-geo\">\n<li>Oficio dirigido al Director General de la Oficina de Pensiones solicitando el c\u00e1lculo y la autorizaci\u00f3n del reintegro<\/li>\n<li>Copia fotost\u00e1tica del nuevo nombramiento.<\/li>\n<li>Fotocopia de la constancia de Continuidad de Servicios reciente expedida por la Direcci\u00f3n de Recursos Humanos de la Secretar\u00eda de Administraci\u00f3n si labora en el Sector Central o por el \u00c1rea Administrativa correspondiente si labora en un Organismo Aut\u00f3nomo, en un Organismo Descentralizado, en el Poder Legislativo o en el Poder Judicial.<\/li>\n<li>Copia fotost\u00e1tica del recibo de pago de las percepciones m\u00e1s recientes o constancia expedida por la autoridad competente.<\/li>\n<li>Fotocopia del recibo de la devoluci\u00f3n del fondo de pensiones que le fue entregado en su momento.<\/li>\n<li>HORARIO DE ATENCI\u00d3N<br \/>\nDe Lunes a Viernes de 10:00 \u2013 14:00 hrs.<\/li>\n<\/ul>\n<\/td>\n<\/tr>\n<\/tbody>\n<\/table>\n<p>&nbsp;<\/p>\n<\/div>\n<div class=\"col-xs-0 col-sm-0 col-md-1\"><\/div>\n<\/div>\n<div class=\"row\" style=\"margin-bottom: 5%\">\n<div class=\"col-xs-0 col-sm-0 col-md-1\"><\/div>\n<div class=\"col-xs-3 col-sm-2 col-md-2\"><img decoding=\"async\" src=\"\/pensiones\/wp-content\/uploads\/sites\/54\/2019\/05\/fundamentojuridico.png\" \/><\/div>\n<div class=\"col-xs-9 col-sm-10 col-md-8\">\n<p><strong>FUNDAMENTO JUR\u00cdDICO<\/strong><\/p>\n<p>Ley de Pensiones para los Trabajadores del Gobierno del Estado de Oaxaca, art\u00edculo 64. Publicada en el Peri\u00f3dico Oficial No. 4 de fecha 28 de enero de 2012. Reglamento de Operaci\u00f3n de la Oficina de Pensiones del Estado de Oaxaca, art\u00edculos 36, 37 y 38. Publicado en el Peri\u00f3dico Oficial Extra de fecha 14 de junio del a\u00f1o 2012.<\/p>\n<\/div>\n<\/div>\n<div class=\"row\" style=\"margin-bottom: 5%\">\n<div class=\"col-xs-0 col-sm-0 col-md-1\"><\/div>\n<div class=\"col-xs-3 col-sm-2 col-md-2\"><img decoding=\"async\" src=\"\/pensiones\/wp-content\/uploads\/sites\/54\/2019\/05\/servidorpublico.png\" \/><\/div>\n<div class=\"col-xs-9 col-sm-10 col-md-8\">\n<p><strong>SERVIDOR P\u00daBLICO RESPONSABLE<\/strong><\/p>\n<p>LIC. EDUARDO REYES MERL\u00cdN<\/p>\n<\/div>\n<\/div>\n<div class=\"row\" style=\"margin-bottom: 5%\">\n<div class=\"col-xs-0 col-sm-0 col-md-1\"><\/div>\n<div class=\"col-xs-3 col-sm-2 col-md-2\"><img decoding=\"async\" src=\"\/pensiones\/wp-content\/uploads\/sites\/54\/2019\/05\/arearesponsable.png\" \/><\/div>\n<div class=\"col-xs-9 col-sm-10 col-md-8\">\n<p><strong>\u00c1REA RESPONSABLE<\/strong><\/p>\n<p>Departamento de Prestaciones Econ\u00f3micas.<\/p>\n<\/div>\n<\/div>\n<div class=\"row\" style=\"margin-bottom: 5%\">\n<div class=\"col-xs-0 col-sm-0 col-md-1\"><\/div>\n<div class=\"col-xs-3 col-sm-2 col-md-2\"><img decoding=\"async\" src=\"\/pensiones\/wp-content\/uploads\/sites\/54\/2019\/05\/areadeadscripcion.png\" \/><\/div>\n<div class=\"col-xs-9 col-sm-10 col-md-8\">\n<p><strong>\u00c1REA DE ADSCRIPCI\u00d3N<\/strong><\/p>\n<p>Direcci\u00f3n de Prestaciones.<\/p>\n<\/div>\n<\/div>\n","protected":false},"excerpt":{"rendered":"<p>REINTEGRO AL FONDO DE PENSIONES. DESCRIPCI\u00d3N Tr\u00e1mite por medio del cual el trabajador que vuelva a ser sujeto de la Ley de Pensiones y quiera que se le reconozca la antig\u00fcedad que ten\u00eda , podr\u00e1 solicitar ante la Oficina de Pensiones el calculo del monto a reintegrar y la autorizaci\u00f3n del reintegro. REQUISITOS En el [&hellip;]<\/p>\n","protected":false},"author":1,"featured_media":0,"parent":0,"menu_order":0,"comment_status":"closed","ping_status":"closed","template":"","meta":{"episode_type":"","audio_file":"","podmotor_file_id":"","podmotor_episode_id":"","cover_image":"","cover_image_id":"","duration":"","filesize":"","filesize_raw":"","date_recorded":"","explicit":"","block":"","itunes_episode_number":"","itunes_title":"","itunes_season_number":"","itunes_episode_type":"","footnotes":""},"categories":[],"tags":[],"class_list":["post-1189","page","type-page","status-publish","hentry"],"acf":[],"publishpress_future_action":{"enabled":false,"date":"2026-04-23 19:37:09","action":"change-status","newStatus":"draft","terms":[],"taxonomy":"category","extraData":[]},"publishpress_future_workflow_manual_trigger":{"enabledWorkflows":[]},"_links":{"self":[{"href":"https:\/\/www.oaxaca.gob.mx\/pensiones\/wp-json\/wp\/v2\/pages\/1189","targetHints":{"allow":["GET"]}}],"collection":[{"href":"https:\/\/www.oaxaca.gob.mx\/pensiones\/wp-json\/wp\/v2\/pages"}],"about":[{"href":"https:\/\/www.oaxaca.gob.mx\/pensiones\/wp-json\/wp\/v2\/types\/page"}],"author":[{"embeddable":true,"href":"https:\/\/www.oaxaca.gob.mx\/pensiones\/wp-json\/wp\/v2\/users\/1"}],"replies":[{"embeddable":true,"href":"https:\/\/www.oaxaca.gob.mx\/pensiones\/wp-json\/wp\/v2\/comments?post=1189"}],"version-history":[{"count":3,"href":"https:\/\/www.oaxaca.gob.mx\/pensiones\/wp-json\/wp\/v2\/pages\/1189\/revisions"}],"predecessor-version":[{"id":10285,"href":"https:\/\/www.oaxaca.gob.mx\/pensiones\/wp-json\/wp\/v2\/pages\/1189\/revisions\/10285"}],"wp:attachment":[{"href":"https:\/\/www.oaxaca.gob.mx\/pensiones\/wp-json\/wp\/v2\/media?parent=1189"}],"wp:term":[{"taxonomy":"category","embeddable":true,"href":"https:\/\/www.oaxaca.gob.mx\/pensiones\/wp-json\/wp\/v2\/categories?post=1189"},{"taxonomy":"post_tag","embeddable":true,"href":"https:\/\/www.oaxaca.gob.mx\/pensiones\/wp-json\/wp\/v2\/tags?post=1189"}],"curies":[{"name":"wp","href":"https:\/\/api.w.org\/{rel}","templated":true}]}}