{"id":472,"date":"2020-03-24T11:35:34","date_gmt":"2020-03-24T17:35:34","guid":{"rendered":"https:\/\/www.oaxaca.gob.mx\/pars\/?page_id=472"},"modified":"2026-04-01T16:26:45","modified_gmt":"2026-04-01T22:26:45","slug":"comite-de-control-interno","status":"publish","type":"page","link":"https:\/\/www.oaxaca.gob.mx\/pars\/comite-de-control-interno\/","title":{"rendered":"Comit\u00e9 de Control Interno"},"content":{"rendered":"<div class=\"su-tabs su-tabs-style-default su-tabs-mobile-stack\" data-active=\"1\" data-scroll-offset=\"0\" data-anchor-in-url=\"no\"><div class=\"su-tabs-nav\"><span class=\"\" data-url=\"\" data-target=\"blank\" tabindex=\"0\" role=\"button\">ESTRUCTURA<\/span><span class=\"\" data-url=\"\" data-target=\"blank\" tabindex=\"0\" role=\"button\">NORMATIVIDAD APLICABLE<\/span><span class=\"\" data-url=\"\" data-target=\"blank\" tabindex=\"0\" role=\"button\">PTCI 2020<\/span><\/div><div class=\"su-tabs-panes\"><div class=\"su-tabs-pane su-u-clearfix su-u-trim\" data-title=\"ESTRUCTURA\">\n<table id=\"tablepress-2\" class=\"tablepress tablepress-id-2\">\n<thead>\n<tr class=\"row-1\">\n\t<th class=\"column-1\">Cargo<\/th><th class=\"column-2\">Responsable<\/th>\n<\/tr>\n<\/thead>\n<tbody class=\"row-striping row-hover\">\n<tr class=\"row-2\">\n\t<td class=\"column-1\">Presidente<\/td><td class=\"column-2\">Ing. Javier Trujillo D\u00edaz<\/td>\n<\/tr>\n<tr class=\"row-3\">\n\t<td class=\"column-1\">Presidente Suplente <br \/>\n<\/td><td class=\"column-2\">Lic. Alejandra Lizel Mart\u00ednez Mat\u00edas<\/td>\n<\/tr>\n<tr class=\"row-4\">\n\t<td class=\"column-1\">Vocal Ejecutivo<br \/>\n<\/td><td class=\"column-2\">Lcda. Paola Estefan\u00eda Garc\u00eda L\u00f3pez<\/td>\n<\/tr>\n<tr class=\"row-5\">\n\t<td class=\"column-1\">Vocal A<br \/>\n<\/td><td class=\"column-2\">Lcda. Beatriz P\u00e9rez L\u00f3pez<\/td>\n<\/tr>\n<tr class=\"row-6\">\n\t<td class=\"column-1\">Vocal B<br \/>\n<\/td><td class=\"column-2\">Lcda. Alicia Guzm\u00e1n Barrios<\/td>\n<\/tr>\n<tr class=\"row-7\">\n\t<td class=\"column-1\">Vocal C<br \/>\n<\/td><td class=\"column-2\">Lic. Cindy Crist\u00f3bal Blanco<\/td>\n<\/tr>\n<tr class=\"row-8\">\n\t<td class=\"column-1\">Coordinador de Control Interno<br \/>\n<\/td><td class=\"column-2\">Lic. Anany Berenice Morquecho Zavaleta<\/td>\n<\/tr>\n<tr class=\"row-9\">\n\t<td class=\"column-1\">Enlace del Sistema de Control Interno Institucional <\/td><td class=\"column-2\">Lcda. Yesenia Guzm\u00e1n Barrios<\/td>\n<\/tr>\n<tr class=\"row-10\">\n\t<td class=\"column-1\">Enlace de Administraci\u00f3n de Riesgos<\/td><td class=\"column-2\">C. Fredy Agudo P\u00e9rez<\/td>\n<\/tr>\n<\/tbody>\n<\/table>\n<!-- #tablepress-2 from cache --><\/div>\n<div class=\"su-tabs-pane su-u-clearfix su-u-trim\" data-title=\"NORMATIVIDAD APLICABLE\">\n<h4>Acuerdo por el que se emiten las Disposiciones y el Manual Administrativo de aplicaci\u00f3n general en materia de Control Interno para la Administraci\u00f3n P\u00fablica Estatal.<\/h4>\n<a href=\"https:\/\/www.oaxaca.gob.mx\/sicocoi\/wp-content\/uploads\/sites\/11\/2019\/07\/Manual-Administrativo-de-Control-Interno-Oaxaca.pdf\" class=\"pdfemb-viewer\" style=\"\" data-width=\"max\" data-height=\"max\" data-toolbar=\"top\" data-toolbar-fixed=\"on\">Manual-Administrativo-de-Control-Interno-Oaxaca<\/a>\n<a href=\"https:\/\/www.oaxaca.gob.mx\/sicocoi\/wp-content\/uploads\/sites\/11\/2019\/07\/Manual-Administrativo-de-Control-Interno-Oaxaca.pdf\">Descargar<\/a><\/p>\n<h4>Acuerdo en el que se emite el Modelo Estatal del Marco Integrado de Control Interno para el Sector P\u00fablico del Estado de Oaxaca.<\/h4>\n<a href=\"https:\/\/www.oaxaca.gob.mx\/sicocoi\/wp-content\/uploads\/sites\/11\/2019\/05\/Anexo-004.pdf\" class=\"pdfemb-viewer\" style=\"\" data-width=\"max\" data-height=\"max\" data-toolbar=\"top\" data-toolbar-fixed=\"on\">Anexo-004<\/a>\n<a href=\"https:\/\/www.oaxaca.gob.mx\/sicocoi\/wp-content\/uploads\/sites\/11\/2019\/05\/Anexo-004.pdf\">Descargar<\/a><br \/>\n<\/div>\n<div class=\"su-tabs-pane su-u-clearfix su-u-trim\" data-title=\"PTCI 2020\">\n<a href=\"https:\/\/www.oaxaca.gob.mx\/pars\/wp-content\/uploads\/sites\/37\/2020\/03\/PTCI-2020.pdf\" class=\"pdfemb-viewer\" style=\"\" data-width=\"max\" data-height=\"max\" data-toolbar=\"top\" data-toolbar-fixed=\"on\">PTCI 2020<\/a>\n<\/div><\/div><\/div>\n","protected":false},"excerpt":{"rendered":"","protected":false},"author":47,"featured_media":0,"parent":0,"menu_order":0,"comment_status":"closed","ping_status":"closed","template":"","meta":{"episode_type":"","audio_file":"","podmotor_file_id":"","podmotor_episode_id":"","cover_image":"","cover_image_id":"","duration":"","filesize":"","filesize_raw":"","date_recorded":"","explicit":"","block":"","itunes_episode_number":"","itunes_title":"","itunes_season_number":"","itunes_episode_type":"","footnotes":""},"categories":[],"tags":[],"class_list":["post-472","page","type-page","status-publish","hentry"],"acf":[],"publishpress_future_action":{"enabled":false,"date":"2026-04-25 08:54:56","action":"change-status","newStatus":"draft","terms":[],"taxonomy":"category","extraData":[]},"publishpress_future_workflow_manual_trigger":{"enabledWorkflows":[]},"_links":{"self":[{"href":"https:\/\/www.oaxaca.gob.mx\/pars\/wp-json\/wp\/v2\/pages\/472","targetHints":{"allow":["GET"]}}],"collection":[{"href":"https:\/\/www.oaxaca.gob.mx\/pars\/wp-json\/wp\/v2\/pages"}],"about":[{"href":"https:\/\/www.oaxaca.gob.mx\/pars\/wp-json\/wp\/v2\/types\/page"}],"author":[{"embeddable":true,"href":"https:\/\/www.oaxaca.gob.mx\/pars\/wp-json\/wp\/v2\/users\/47"}],"replies":[{"embeddable":true,"href":"https:\/\/www.oaxaca.gob.mx\/pars\/wp-json\/wp\/v2\/comments?post=472"}],"version-history":[{"count":2,"href":"https:\/\/www.oaxaca.gob.mx\/pars\/wp-json\/wp\/v2\/pages\/472\/revisions"}],"predecessor-version":[{"id":728,"href":"https:\/\/www.oaxaca.gob.mx\/pars\/wp-json\/wp\/v2\/pages\/472\/revisions\/728"}],"wp:attachment":[{"href":"https:\/\/www.oaxaca.gob.mx\/pars\/wp-json\/wp\/v2\/media?parent=472"}],"wp:term":[{"taxonomy":"category","embeddable":true,"href":"https:\/\/www.oaxaca.gob.mx\/pars\/wp-json\/wp\/v2\/categories?post=472"},{"taxonomy":"post_tag","embeddable":true,"href":"https:\/\/www.oaxaca.gob.mx\/pars\/wp-json\/wp\/v2\/tags?post=472"}],"curies":[{"name":"wp","href":"https:\/\/api.w.org\/{rel}","templated":true}]}}