{"id":4203,"date":"2023-07-25T14:34:52","date_gmt":"2023-07-25T20:34:52","guid":{"rendered":"https:\/\/www.oaxaca.gob.mx\/ocv\/?page_id=4203"},"modified":"2023-07-25T14:35:05","modified_gmt":"2023-07-25T20:35:05","slug":"codigo-de-etica","status":"publish","type":"page","link":"https:\/\/www.oaxaca.gob.mx\/occe\/codigo-de-etica\/","title":{"rendered":"C\u00d3DIGO DE \u00c9TICA"},"content":{"rendered":"\n<table id=\"tablepress-15\" class=\"tablepress tablepress-id-15\">\n<thead>\n<tr class=\"row-1\">\n\t<td class=\"column-1\"><\/td><td class=\"column-2\"><\/td>\n<\/tr>\n<\/thead>\n<tbody class=\"row-striping row-hover\">\n<tr class=\"row-2\">\n\t<td class=\"column-1\">C\u00f3digo de \u00c9tica<\/td><td class=\"column-2\"><a href=\"https:\/\/www.oaxaca.gob.mx\/ocv\/wp-content\/uploads\/sites\/55\/2023\/07\/Codigo-de-Etica-OCV.pdf\" target=\"_blank\" rel=\"noopener noreferrer\"><i class=\"far fa-file-pdf fa-2x\"> <\/i><\/a><\/td>\n<\/tr>\n<tr class=\"row-3\">\n\t<td class=\"column-1\">Reglas de Integridad<\/td><td class=\"column-2\"><a href=\"https:\/\/www.oaxaca.gob.mx\/ocv\/wp-content\/uploads\/sites\/55\/2023\/07\/Reglas-de-Integridad-OCV.pdf\" target=\"_blank\" rel=\"noopener noreferrer\"><i class=\"far fa-file-pdf fa-2x\"> <\/i><\/a><\/td>\n<\/tr>\n<tr class=\"row-4\">\n\t<td class=\"column-1\">C\u00f3digo de \u00c9tica en el Peri\u00f3dico Oficial<\/td><td class=\"column-2\"><a href=\"https:\/\/www.oaxaca.gob.mx\/ocv\/wp-content\/uploads\/sites\/55\/2023\/07\/Codigo-de-Etica-Periodico-Oficial.pdf\" target=\"_blank\" rel=\"noopener noreferrer\"><i class=\"far fa-file-pdf fa-2x\"> <\/i><\/a><\/td>\n<\/tr>\n<\/tbody>\n<\/table>\n<!-- #tablepress-15 from cache -->\n","protected":false},"excerpt":{"rendered":"","protected":false},"author":63,"featured_media":0,"parent":0,"menu_order":0,"comment_status":"closed","ping_status":"closed","template":"","meta":{"episode_type":"","audio_file":"","podmotor_file_id":"","podmotor_episode_id":"","cover_image":"","cover_image_id":"","duration":"","filesize":"","filesize_raw":"","date_recorded":"","explicit":"","block":"","itunes_episode_number":"","itunes_title":"","itunes_season_number":"","itunes_episode_type":"","footnotes":""},"categories":[],"tags":[],"class_list":["post-4203","page","type-page","status-publish","hentry"],"acf":[],"publishpress_future_action":{"enabled":false,"date":"2026-05-06 09:59:07","action":"change-status","newStatus":"draft","terms":[],"taxonomy":"category","extraData":[]},"publishpress_future_workflow_manual_trigger":{"enabledWorkflows":[]},"_links":{"self":[{"href":"https:\/\/www.oaxaca.gob.mx\/occe\/wp-json\/wp\/v2\/pages\/4203","targetHints":{"allow":["GET"]}}],"collection":[{"href":"https:\/\/www.oaxaca.gob.mx\/occe\/wp-json\/wp\/v2\/pages"}],"about":[{"href":"https:\/\/www.oaxaca.gob.mx\/occe\/wp-json\/wp\/v2\/types\/page"}],"author":[{"embeddable":true,"href":"https:\/\/www.oaxaca.gob.mx\/occe\/wp-json\/wp\/v2\/users\/63"}],"replies":[{"embeddable":true,"href":"https:\/\/www.oaxaca.gob.mx\/occe\/wp-json\/wp\/v2\/comments?post=4203"}],"version-history":[{"count":3,"href":"https:\/\/www.oaxaca.gob.mx\/occe\/wp-json\/wp\/v2\/pages\/4203\/revisions"}],"predecessor-version":[{"id":4212,"href":"https:\/\/www.oaxaca.gob.mx\/occe\/wp-json\/wp\/v2\/pages\/4203\/revisions\/4212"}],"wp:attachment":[{"href":"https:\/\/www.oaxaca.gob.mx\/occe\/wp-json\/wp\/v2\/media?parent=4203"}],"wp:term":[{"taxonomy":"category","embeddable":true,"href":"https:\/\/www.oaxaca.gob.mx\/occe\/wp-json\/wp\/v2\/categories?post=4203"},{"taxonomy":"post_tag","embeddable":true,"href":"https:\/\/www.oaxaca.gob.mx\/occe\/wp-json\/wp\/v2\/tags?post=4203"}],"curies":[{"name":"wp","href":"https:\/\/api.w.org\/{rel}","templated":true}]}}