{"id":2401,"date":"2019-08-09T13:55:38","date_gmt":"2019-08-09T18:55:38","guid":{"rendered":"https:\/\/www.oaxaca.gob.mx\/ocv\/?page_id=2401"},"modified":"2025-03-25T13:27:48","modified_gmt":"2025-03-25T19:27:48","slug":"meetings-oaxaca","status":"publish","type":"page","link":"https:\/\/www.oaxaca.gob.mx\/occe\/meetings-oaxaca\/","title":{"rendered":"Recintos"},"content":{"rendered":"<div class=\"su-tabs su-tabs-style-default su-tabs-mobile-scroll\" data-active=\"1\" data-scroll-offset=\"0\" data-anchor-in-url=\"no\"><div class=\"su-tabs-nav\"><span class=\"\" data-url=\"\" data-target=\"blank\" tabindex=\"0\" role=\"button\">Centro Cultural y de Convenciones<\/span><span class=\"\" data-url=\"\" data-target=\"blank\" tabindex=\"0\" role=\"button\">Jard\u00edn Etnobot\u00e1nico<\/span><span class=\"\" data-url=\"\" data-target=\"blank\" tabindex=\"0\" role=\"button\">Auditorio Guelaguetza<\/span><span class=\"\" data-url=\"\" data-target=\"blank\" tabindex=\"0\" role=\"button\">Centro Gastron\u00f3mico de Oaxaca<\/span><span class=\"\" data-url=\"\" data-target=\"blank\" tabindex=\"0\" role=\"button\">Foro Huatulco (PR\u00d3XIMAMENTE)<\/span><\/div><div class=\"su-tabs-panes\"><div class=\"su-tabs-pane su-u-clearfix su-u-trim\" data-title=\"Centro Cultural y de Convenciones\">\n<div id=\"sliderOCV\" class=\"carousel slide\" data-bs-ride=\"carousel\">\n<div class=\"carousel-inner\">\n<div class=\"carousel-item active\">\n\t\t      <img decoding=\"async\" src=\"https:\/\/www.oaxaca.gob.mx\/occe\/wp-content\/uploads\/sites\/55\/2020\/10\/centro-conv.jpg\" class=\"d-block w-100\" alt=\"OCV\"><\/p>\n<div class=\"carousel-caption d-none d-md-block\">\n<p>Oficina de Convenciones, Congresos y Eventos.<\/p>\n<\/p><\/div>\n<\/p><\/div>\n<div class=\"carousel-item\">\n\t\t      <img decoding=\"async\" src=\"https:\/\/www.oaxaca.gob.mx\/occe\/wp-content\/uploads\/sites\/55\/2020\/10\/foto-ocv-18.jpg\" class=\"d-block w-100\" alt=\"OCV\"><\/p>\n<div class=\"carousel-caption d-none d-md-block\">\n<p>Oficina de Convenciones, Congresos y Eventos.<\/p>\n<\/p><\/div>\n<\/p><\/div>\n<div class=\"carousel-item\">\n\t\t      <img decoding=\"async\" src=\"https:\/\/www.oaxaca.gob.mx\/occe\/wp-content\/uploads\/sites\/55\/2020\/10\/foto-ocv-16.jpg\" class=\"d-block w-100\" alt=\"OCV\"><\/p>\n<div class=\"carousel-caption d-none d-md-block\">\n<p>Oficina de Convenciones, Congresos y Eventos.<\/p>\n<\/p><\/div>\n<\/p><\/div>\n<div class=\"carousel-item\">\n\t\t      <img decoding=\"async\" src=\"https:\/\/www.oaxaca.gob.mx\/occe\/wp-content\/uploads\/sites\/55\/2020\/10\/centro-conv3.jpg\" class=\"d-block w-100\" alt=\"OCV\">\n\t\t    <\/div>\n<\/p><\/div>\n<\/p><\/div>\n<p>  <strong><span style=\"font-family: tahoma, arial, helvetica, sans-serif;\">Centro Cultural y de Convenciones de Oaxaca<\/span><\/strong><br \/>\n      Dise\u00f1ado por el arquitecto Ignacio Mendaro Corsini, el CCCO es un majestuoso y multifuncional espacio, \u00fanico en el pa\u00eds, que conjuga historia, cultura, recreaci\u00f3n, negocios y esparcimiento.<br \/>\n\t\tCuenta con una variedad de \u00e1reas:<\/p>\n<ul>\n<li>El Magno Sal\u00f3n con m\u00e1s de 2mil m2 y completamente cubierto<\/li>\n<li>El Recinto Ferial techado de estilo industrial, con un tama\u00f1o aproximado 3mil m2<\/li>\n<li>El Foro al Aire Libre que cuenta con la ac\u00fastica adecuada para conciertos<\/li>\n<li>El Auditorio Panor\u00e1mico, con 148 butacas y excelente vista<\/li>\n<li>Jardines con plantas end\u00e9micas<\/li>\n<li>Canchas deportivas, ba\u00f1os, regaderas<\/li>\n<li>Cocina<\/li>\n<li>Estacionamiento<\/li>\n<\/ul>\n<p>\t\tEs el epicentro de la Industria de Reuniones en Oaxaca.<br \/>\n\t\t&nbsp;<br \/>\n\t\t<span style=\"font-family: tahoma, arial, helvetica, sans-serif;\">Direcci\u00f3n: Avenida L\u00e1zaro C\u00e1rdenas #1001, Col. El Baj\u00edo, Santa Luc\u00eda del Camino.<\/span><\/p>\n<hr \/>\n<p>\t\t<div class=\"su-gmap su-u-responsive-media-yes\"><iframe loading=\"lazy\" width=\"600\" height=\"400\" src=\"\/\/maps.google.com\/maps?q=Centro%20Cultural%20y%20de%20Convenciones%20de%20Oaxaca%2C%20Avenida%20L%C3%A1zaro%20C%C3%A1rdenas%20%231001%2C%20Col.%20El%20Baj%C3%ADo%2C%20Santa%20Luc%C3%ADa%20del%20Camino%2C%20Oax.&amp;output=embed\" title=\"\"><\/iframe><\/div>\n<\/div>\n<div class=\"su-tabs-pane su-u-clearfix su-u-trim\" data-title=\"Jard\u00edn Etnobot\u00e1nico\">\n<div id=\"sliderJardin\" class=\"carousel slide\" data-bs-ride=\"carousel\">\n<div class=\"carousel-inner\">\n<div class=\"carousel-item active\">\n\t\t\t      <img decoding=\"async\" src=\"https:\/\/www.oaxaca.gob.mx\/ocv\/wp-content\/uploads\/sites\/55\/2018\/08\/Etnobotanico1.jpg\" class=\"d-block w-100\" alt=\"OCV\"><\/p>\n<div class=\"carousel-caption d-none d-md-block\">\n<p>Oficina de Convenciones, Congresos y Eventos.<\/p>\n<\/p><\/div>\n<\/p><\/div>\n<div class=\"carousel-item\">\n\t\t\t      <img decoding=\"async\" src=\"https:\/\/www.oaxaca.gob.mx\/ocv\/wp-content\/uploads\/sites\/55\/2018\/08\/Etnobotanico2.jpg\" class=\"d-block w-100\" alt=\"OCV\">\n\t\t\t    <\/div>\n<div class=\"carousel-item\">\n\t\t\t      <img decoding=\"async\" src=\"https:\/\/www.oaxaca.gob.mx\/ocv\/wp-content\/uploads\/sites\/55\/2018\/08\/Etnobotanico3.jpg\" class=\"d-block w-100\" alt=\"OCV\"><\/p>\n<div class=\"carousel-caption d-none d-md-block\">\n<p>Oficina de Convenciones, Congresos y Eventos.<\/p>\n<\/p><\/div>\n<\/p><\/div>\n<div class=\"carousel-item\">\n\t\t\t      <img decoding=\"async\" src=\"https:\/\/www.oaxaca.gob.mx\/ocv\/wp-content\/uploads\/sites\/55\/2018\/08\/etnobotanico4.jpg\" class=\"d-block w-100\" alt=\"OCV\"><\/p>\n<div class=\"carousel-caption d-none d-md-block\">\n<p>Oficina de Convenciones, Congresos y Eventos.<\/p>\n<\/p><\/div>\n<\/p><\/div>\n<\/p><\/div>\n<\/p><\/div>\n<div class=\"col-md-12\">\n\t<strong><span style=\"font-family: tahoma, arial, helvetica, sans-serif;\">Jard\u00edn Etnobot\u00e1nico<\/span><\/strong><\/p>\n<p>\n\tEs un m\u00e1gico espacio lleno de equilibrio y belleza natural, ubicado en el coraz\u00f3n de la capital oaxaque\u00f1a, se ha convertido en el lugar preferido por las novias de M\u00e9xico, ideal para celebrar bodas y eventos sociales culturales, donde cada a\u00f1o se realizan m\u00e1s de 45 eventos.\n   <\/p>\n<p>\n\tDise\u00f1ado por los artistas pl\u00e1sticos oaxaque\u00f1os Francisco Toledo(+) y Luis Z\u00e1rate, cuenta con cientos de especies de plantas provenientes de las 8 regiones del estado. Un espacio \u00fanico que representa la gran diversidad de climas, geograf\u00eda, vegetaci\u00f3n y arquitectura colonial que caracterizan a Oaxaca. Es un lugar lleno de historia, f\u00e9 y vida, de arte y culturas milenarias que maravillan a todos nuestros visitantes y del cual los oaxaque\u00f1os nos sentimos orgullosos de poder preservarlo.\n   <\/p>\n<p>\n\tHa sido escenario de varias bodas de locales, nacionales e internacionales, del medio art\u00edstico y pol\u00edtico, pasarelas, conciertos, festivales gastron\u00f3micos, talleres, presentaciones de arte, libros, cine. Es el lugar preferido para hacer fotograf\u00eda profesional de bodas, y\u00a0\u00a0es de las 10 atracciones m\u00e1s populares e imperdibles de Oaxaca, sugeridas en las p\u00e1ginas de viajes y por los influencers.\n   <\/p>\n<p>   Cuenta con cuatro espacios disponibles para eventos:<br \/>\n\t\t\t\t&nbsp;<\/p>\n<p><em><strong>La Plazuela del Aljibe <\/strong><\/em>tiene una superficie de 700m2 con capacidad para 450 personas. Dentro de la plazuela puede instalarse toda la infraestructura necesaria para eventos sociales.<\/p>\n<p><em><strong>Patio \u201cEl Huaje\u201d <\/strong><\/em>cuenta con una superficie aproximada de 310m2 (\u00fatiles), 700m2 (totales); con capacidad para 200 personas. Es un espacio abierto y que generalmente se utiliza para la recepci\u00f3n de invitados, bodas civiles o espirituales.<\/p>\n<p><em><strong>La Taquilla<\/strong><\/em>\u00a0es un espacio cubierto adyacente al Patio del Huaje dentro del ex convento. Mide 42 m2 y caben aproximadamente 60 personas.<\/p>\n<p><em><strong>\u00c1rea anexa a oficina<\/strong><\/em><\/p>\n<\/p><\/div>\n<p> <div class=\"su-gmap su-u-responsive-media-yes\"><iframe loading=\"lazy\" width=\"600\" height=\"400\" src=\"\/\/maps.google.com\/maps?q=Jard%C3%ADn%20Etnobot%C3%A1nico%20de%20Oaxaca%2C%20Reforma%20Sur%20n%2C%20RUTA%20INDEPENDENCIA%2C%20Centro%2C%2068000%20Oaxaca%20de%20Ju%C3%A1rez%2C%20Oax.&amp;output=embed\" title=\"\"><\/iframe><\/div>\n<\/div>\n<div class=\"su-tabs-pane su-u-clearfix su-u-trim\" data-title=\"Auditorio Guelaguetza\">\n<div id=\"sliderGastronomico\" class=\"carousel slide\" data-bs-ride=\"carousel\">\n<div class=\"carousel-inner\">\n<div class=\"carousel-item active\">\n            <img decoding=\"async\" src=\"https:\/\/www.oaxaca.gob.mx\/occe\/wp-content\/uploads\/sites\/55\/2025\/03\/guelaguetza-ft1-scaled.jpg\"\n                class=\"d-block w-100\" alt=\"OCV\"><\/p>\n<div class=\"carousel-caption d-none d-md-block\"><\/div>\n<\/p><\/div>\n<div class=\"carousel-item\">\n            <img decoding=\"async\" src=\"https:\/\/www.oaxaca.gob.mx\/occe\/wp-content\/uploads\/sites\/55\/2025\/03\/guelaguetza-ft3-scaled.jpg\"\n                class=\"d-block w-100\" alt=\"OCV\">\n        <\/div>\n<div class=\"carousel-item\">\n            <img decoding=\"async\" src=\"https:\/\/www.oaxaca.gob.mx\/occe\/wp-content\/uploads\/sites\/55\/2025\/03\/guelaguetza-ft4-scaled.jpg\"\n                class=\"d-block w-100\" alt=\"OCV\"><\/p>\n<div class=\"carousel-caption d-none d-md-block\">\n<p>Oficina de Convenciones, Congresos y Eventos.<\/p>\n<\/p><\/div>\n<\/p><\/div>\n<\/p><\/div>\n<\/div>\n<div class=\"col-md-12\">\n    <strong><span style=\"font-family: tahoma, arial, helvetica, sans-serif;\">Auditorio Guelaguetza<\/span><\/strong><\/p>\n<p>Situado en el Cerro del Fort\u00edn de Oaxaca de Ju\u00e1rez, es el principal recinto de espect\u00e1culos del estado y uno de los m\u00e1s destacados de M\u00e9xico.<\/p>\n<p>Dise\u00f1ado para ofrecer una experiencia \u00fanica, cuenta con grader\u00edas dispuestas en tres cuartas partes del escenario, divididas en cuatro secciones que albergan a m\u00e1s de 11,000 espectadores.<\/p>\n<p>Desde cualquier asiento, se puede disfrutar de una vista panor\u00e1mica impresionante de la ciudad y los valles de Oaxaca, creando un entorno inigualable para cada evento.<\/p>\n<p>    &nbsp;<br \/>\n    <strong><span style=\"font-family: tahoma, arial, helvetica, sans-serif;\">Su historia<\/span><\/strong><\/p>\n<p>La historia de este emblem\u00e1tico recinto se remonta a 1932, cuando se construy\u00f3 la \u00abRotonda de la Azucena\u00bb para conmemorar el IV Centenario de la elevaci\u00f3n de Oaxaca de Ju\u00e1rez al rango de ciudad.<\/p>\n<p>Este espacio inicial evolucion\u00f3 hasta convertirse en el actual Auditorio Guelaguetza, inaugurado en 1974, que desde entonces ha sido la casa de la m\u00e1xima fiesta de las y los oaxaque\u00f1os: La Guelaguetza y testigo de innumerables expresiones art\u00edsticas y culturales, consolid\u00e1ndose como un s\u00edmbolo vivo de la identidad oaxaque\u00f1a.<\/p>\n<p>    &nbsp;<br \/>\n    <span style=\"font-family: tahoma, arial, helvetica, sans-serif;\">Direcci\u00f3n: Carretera Internacional s\/n, Cerro del Fort\u00edn, Oaxaca de Ju\u00e1rez<\/span><\/p>\n<hr\/>\n<\/div>\n<div class=\"su-gmap su-u-responsive-media-yes\"><iframe loading=\"lazy\" width=\"600\" height=\"400\" src=\"\/\/maps.google.com\/maps?q=Auditorio%20Guelaguetza%26lt%3Bbr%20%2F%26gt%3B%0ACarr.%20Internacional%2C%20Area%20sin%20Asignacion%20de%20Nombre%20de%20Colonia%2C%2068070%20Oaxaca%20de%20Ju%C3%A1rez%2C%20Oax.&amp;output=embed\" title=\"\"><\/iframe><\/div>\n<\/div>\n<div class=\"su-tabs-pane su-u-clearfix su-u-trim\" data-title=\"Centro Gastron\u00f3mico de Oaxaca\">\n<div id=\"sliderGastronomico\" class=\"carousel slide\" data-bs-ride=\"carousel\">\n<div class=\"carousel-inner\">\n<div class=\"carousel-item active\">\n\t\t\t      <img decoding=\"async\" src=\"https:\/\/www.oaxaca.gob.mx\/occe\/wp-content\/uploads\/sites\/55\/2025\/03\/centro-gastronomico-1-scaled.jpg\" class=\"d-block w-100\" alt=\"OCV\"><\/p>\n<div class=\"carousel-caption d-none d-md-block\">\n<p>Oficina de Convenciones, Congresos y Eventos.<\/p>\n<\/p><\/div>\n<\/p><\/div>\n<div class=\"carousel-item\">\n\t\t\t      <img decoding=\"async\" src=\"https:\/\/www.oaxaca.gob.mx\/occe\/wp-content\/uploads\/sites\/55\/2025\/03\/centro-gastronomico-2-scaled.jpg\" class=\"d-block w-100\" alt=\"OCV\">\n\t\t\t    <\/div>\n<div class=\"carousel-item\">\n\t\t\t      <img decoding=\"async\" src=\"https:\/\/www.oaxaca.gob.mx\/occe\/wp-content\/uploads\/sites\/55\/2025\/03\/centro-gastronomico-3-scaled.jpg\" class=\"d-block w-100\" alt=\"OCV\"><\/p>\n<div class=\"carousel-caption d-none d-md-block\">\n<p>Oficina de Convenciones, Congresos y Eventos.<\/p>\n<\/p><\/div>\n<\/p><\/div>\n<\/p><\/div>\n<\/p><\/div>\n<div class=\"col-md-12\">\n\t<strong><span style=\"font-family: tahoma, arial, helvetica, sans-serif;\">Centro Gastron\u00f3mico de Oaxaca<\/span><\/strong><\/p>\n<p>\n\tUbicado en el coraz\u00f3n del Centro Hist\u00f3rico de Oaxaca, el Centro Gastron\u00f3mico de Oaxaca ofrece un espacio excepcional de 370 m\u00b2 en su planta alta, con capacidad para albergar hasta 200 personas.\n   <\/p>\n<p>\n\tEste recinto es ideal para eventos culturales, sociales y empresariales, combinando la riqueza de la tradici\u00f3n oaxaque\u00f1a con un ambiente que crea el escenario perfecto para experiencias inolvidables.\n   <\/p>\n<p>   &nbsp;<br \/>\n   <span style=\"font-family: tahoma, arial, helvetica, sans-serif;\">Direcci\u00f3n: Manuel Garc\u00eda Vigil 610, Centro, Oaxaca de Ju\u00e1rez.<\/span>\n\t\t\t<\/div>\n<p> <div class=\"su-gmap su-u-responsive-media-yes\"><iframe loading=\"lazy\" width=\"600\" height=\"400\" src=\"\/\/maps.google.com\/maps?q=Centro%20Gastron%C3%B3mico%20de%20Oaxaca%2C%20C.%20de%20Manuel%20Garc%C3%ADa%20Vigil%20610%2C%20RUTA%20INDEPENDENCIA%2C%20Centro%2C%2068000%20Oaxaca%20de%20Ju%C3%A1rez%2C%20Oax.&amp;output=embed\" title=\"\"><\/iframe><\/div>\n<\/div>\n<div class=\"su-tabs-pane su-u-clearfix su-u-trim\" data-title=\"Foro Huatulco (PR\u00d3XIMAMENTE)\">\n<div id=\"sliderForohuatulco\" class=\"carousel slide\" data-bs-ride=\"carousel\">\n<div class=\"carousel-inner\">\n<div class=\"carousel-item active\">\n\t\t\t      <img decoding=\"async\" src=\"https:\/\/www.oaxaca.gob.mx\/occe\/wp-content\/uploads\/sites\/55\/2025\/03\/foro-huatulco-1-scaled.jpg\" class=\"d-block w-100\" alt=\"OCV\"><\/p>\n<div class=\"carousel-caption d-none d-md-block\">\n<p>Oficina de Convenciones, Congresos y Eventos.<\/p>\n<\/p><\/div>\n<\/p><\/div>\n<div class=\"carousel-item\">\n\t\t\t      <img decoding=\"async\" src=\"https:\/\/www.oaxaca.gob.mx\/occe\/wp-content\/uploads\/sites\/55\/2025\/03\/foro-huatulco-2-scaled.jpg\" class=\"d-block w-100\" alt=\"OCV\">\n\t\t\t    <\/div>\n<\/p><\/div>\n<\/p><\/div>\n<div class=\"col-md-12\">\n\t<strong><span style=\"font-family: tahoma, arial, helvetica, sans-serif;\">Foro Huatulco &#8211; Pr\u00f3ximamente<\/span><\/strong><\/p>\n<p>\n\tEl Foro Huatulco, ubicado en la Bah\u00eda Chahu\u00e9 en la costa oaxaque\u00f1a, se perfila como un recinto vanguardista que fortalecer\u00e1 la capacidad del estado para atraer turismo de congresos y convenciones, considerado uno de los segmentos m\u00e1s rentables de la industria. <\/p>\n<p>\n\tAdem\u00e1s de albergar eventos de negocios, este espacio servir\u00e1 como sede para eventos art\u00edsticos y culturales difundiendo la rica diversidad cultural de Oaxaca.\n   <\/p>\n<p>   &nbsp;<br \/>\n   <span style=\"font-family: tahoma, arial, helvetica, sans-serif;\">Direcci\u00f3n: Calle Benito Ju\u00e1rez S\/N sector O, Marina Chahue, Santa Cruz Huatulco<\/span>\n\t\t\t<\/div>\n<p> <div class=\"su-gmap su-u-responsive-media-yes\"><iframe loading=\"lazy\" width=\"600\" height=\"400\" src=\"\/\/maps.google.com\/maps?q=Foro%20Huatulco%2C%2070988%20Crucecita%2C%20Oax.&amp;output=embed\" title=\"\"><\/iframe><\/div>\n<\/div><\/div><\/div>\n","protected":false},"excerpt":{"rendered":"","protected":false},"author":1,"featured_media":0,"parent":0,"menu_order":0,"comment_status":"closed","ping_status":"closed","template":"","meta":{"episode_type":"","audio_file":"","podmotor_file_id":"","podmotor_episode_id":"","cover_image":"","cover_image_id":"","duration":"","filesize":"","filesize_raw":"","date_recorded":"","explicit":"","block":"","itunes_episode_number":"","itunes_title":"","itunes_season_number":"","itunes_episode_type":"","footnotes":""},"categories":[],"tags":[],"class_list":["post-2401","page","type-page","status-publish","hentry"],"acf":[],"publishpress_future_action":{"enabled":false,"date":"2026-05-11 10:30:06","action":"change-status","newStatus":"draft","terms":[],"taxonomy":"category","extraData":[]},"publishpress_future_workflow_manual_trigger":{"enabledWorkflows":[]},"_links":{"self":[{"href":"https:\/\/www.oaxaca.gob.mx\/occe\/wp-json\/wp\/v2\/pages\/2401","targetHints":{"allow":["GET"]}}],"collection":[{"href":"https:\/\/www.oaxaca.gob.mx\/occe\/wp-json\/wp\/v2\/pages"}],"about":[{"href":"https:\/\/www.oaxaca.gob.mx\/occe\/wp-json\/wp\/v2\/types\/page"}],"author":[{"embeddable":true,"href":"https:\/\/www.oaxaca.gob.mx\/occe\/wp-json\/wp\/v2\/users\/1"}],"replies":[{"embeddable":true,"href":"https:\/\/www.oaxaca.gob.mx\/occe\/wp-json\/wp\/v2\/comments?post=2401"}],"version-history":[{"count":3,"href":"https:\/\/www.oaxaca.gob.mx\/occe\/wp-json\/wp\/v2\/pages\/2401\/revisions"}],"predecessor-version":[{"id":4396,"href":"https:\/\/www.oaxaca.gob.mx\/occe\/wp-json\/wp\/v2\/pages\/2401\/revisions\/4396"}],"wp:attachment":[{"href":"https:\/\/www.oaxaca.gob.mx\/occe\/wp-json\/wp\/v2\/media?parent=2401"}],"wp:term":[{"taxonomy":"category","embeddable":true,"href":"https:\/\/www.oaxaca.gob.mx\/occe\/wp-json\/wp\/v2\/categories?post=2401"},{"taxonomy":"post_tag","embeddable":true,"href":"https:\/\/www.oaxaca.gob.mx\/occe\/wp-json\/wp\/v2\/tags?post=2401"}],"curies":[{"name":"wp","href":"https:\/\/api.w.org\/{rel}","templated":true}]}}