{"id":2304,"date":"2019-06-25T16:44:45","date_gmt":"2019-06-25T14:44:45","guid":{"rendered":"https:\/\/www.oaxaca.gob.mx\/ocv\/?page_id=2304"},"modified":"2025-03-12T14:09:57","modified_gmt":"2025-03-12T20:09:57","slug":"mision-vision-y-objetivos","status":"publish","type":"page","link":"https:\/\/www.oaxaca.gob.mx\/occe\/mision-vision-y-objetivos\/","title":{"rendered":"Misi\u00f3n, visi\u00f3n y objetivos"},"content":{"rendered":"<p><strong>Misi\u00f3n <\/strong><\/p>\n<p>Promover e incentivar mecanismos para incrementar la actividad tur\u00edstica, mediante el impulso de la industria de Reuniones y de Romance, para coadyuvar al desarrollo econ\u00f3mico y cultural del estado de Oaxaca.<\/p>\n<p>&nbsp;<\/p>\n<p><strong>Visi\u00f3n <\/strong><\/p>\n<p>Posicionar Nacional e Internacionalmente al estado de Oaxaca, como uno de los destinos lideres en turismo de Reuniones y Romance.<\/p>\n<p>&nbsp;<\/p>\n<p><strong>Objetivo general\u00a0<\/strong><\/p>\n<p>Asesorar, desarrollar e incentivar los planes, programas y acciones que se instrumenten para la promoci\u00f3n de estado de Oaxaca en el ramo de la actividad tur\u00edstica de reuniones y romance, en el \u00e1mbito internacional o nacional.<\/p>\n<p>&nbsp;<\/p>\n<p><!--<strong>Objetivos particulares<\/strong>\n\n\n<ul class=\"listas-geo\">\n \t\n\n<li>Atraer y promocionar grandes eventos, (incluyendo los eventos del segmento de romance), convenciones, congresos, ferias, reuniones, jornadas y exposiciones nacionales e internacionales para incrementar el flujo y estad\u00eda de visitantes.<\/li>\n\n\n \t\n\n<li>Apoyar e impulsar marketing, ventas, servicios y alianzas estrat\u00e9gicas para el desarrollo y posicionamiento de los destinos tur\u00edsticos de clase mundial en el estado de Oaxaca, con los visitantes potenciales nacionales e internacionales.<\/li>\n\n\n \t\n\n<li>Fomentar el crecimiento y fortalecimiento de la infraestructura tur\u00edstica.<\/li>\n\n\n \t\n\n<li>Fomentar las realizaciones de actividades de alto impacto tur\u00edstico, tanto nacionales como internacionales.<\/li>\n\n\n \t\n\n<li>Desarrollar la promoci\u00f3n, campa\u00f1a publicitarias y de relaciones p\u00fablicas a nivel nacional e internacional, resaltando la identidad de Oaxaca por el amplio patrimonio tur\u00edstico y la gran oferta de servicios tur\u00edsticos de calidad.<\/li>\n\n\n \t\n\n<li>Incrementar el n\u00famero de visitantes para generar la derrama econ\u00f3mica para los prestadores de servicio y la comunidad en general.<\/li>\n\n\n \t\n\n<li>Proponer continuamente, alternativas de clientes potenciales para los destinos tur\u00edsticos del estado de Oaxaca.<\/li>\n\n\n \t\n\n<li>En general, todas aquellas acciones que faciliten la realizaci\u00f3n de su objeto y las que se deriven de las disposiciones legales aplicables.<\/li>\n\n\n<\/ul>\n\n--><\/p>\n","protected":false},"excerpt":{"rendered":"<p>Misi\u00f3n Promover e incentivar mecanismos para incrementar la actividad tur\u00edstica, mediante el impulso de la industria de Reuniones y de Romance, para coadyuvar al desarrollo econ\u00f3mico y cultural del estado de Oaxaca. &nbsp; Visi\u00f3n Posicionar Nacional e Internacionalmente al estado de Oaxaca, como uno de los destinos lideres en turismo de Reuniones y Romance. &nbsp; [&hellip;]<\/p>\n","protected":false},"author":1,"featured_media":0,"parent":0,"menu_order":0,"comment_status":"closed","ping_status":"closed","template":"","meta":{"episode_type":"","audio_file":"","podmotor_file_id":"","podmotor_episode_id":"","cover_image":"","cover_image_id":"","duration":"","filesize":"","filesize_raw":"","date_recorded":"","explicit":"","block":"","itunes_episode_number":"","itunes_title":"","itunes_season_number":"","itunes_episode_type":"","footnotes":""},"categories":[],"tags":[],"class_list":["post-2304","page","type-page","status-publish","hentry"],"acf":[],"publishpress_future_action":{"enabled":false,"date":"2026-05-16 05:32:27","action":"change-status","newStatus":"draft","terms":[],"taxonomy":"category","extraData":[]},"publishpress_future_workflow_manual_trigger":{"enabledWorkflows":[]},"_links":{"self":[{"href":"https:\/\/www.oaxaca.gob.mx\/occe\/wp-json\/wp\/v2\/pages\/2304","targetHints":{"allow":["GET"]}}],"collection":[{"href":"https:\/\/www.oaxaca.gob.mx\/occe\/wp-json\/wp\/v2\/pages"}],"about":[{"href":"https:\/\/www.oaxaca.gob.mx\/occe\/wp-json\/wp\/v2\/types\/page"}],"author":[{"embeddable":true,"href":"https:\/\/www.oaxaca.gob.mx\/occe\/wp-json\/wp\/v2\/users\/1"}],"replies":[{"embeddable":true,"href":"https:\/\/www.oaxaca.gob.mx\/occe\/wp-json\/wp\/v2\/comments?post=2304"}],"version-history":[{"count":4,"href":"https:\/\/www.oaxaca.gob.mx\/occe\/wp-json\/wp\/v2\/pages\/2304\/revisions"}],"predecessor-version":[{"id":4330,"href":"https:\/\/www.oaxaca.gob.mx\/occe\/wp-json\/wp\/v2\/pages\/2304\/revisions\/4330"}],"wp:attachment":[{"href":"https:\/\/www.oaxaca.gob.mx\/occe\/wp-json\/wp\/v2\/media?parent=2304"}],"wp:term":[{"taxonomy":"category","embeddable":true,"href":"https:\/\/www.oaxaca.gob.mx\/occe\/wp-json\/wp\/v2\/categories?post=2304"},{"taxonomy":"post_tag","embeddable":true,"href":"https:\/\/www.oaxaca.gob.mx\/occe\/wp-json\/wp\/v2\/tags?post=2304"}],"curies":[{"name":"wp","href":"https:\/\/api.w.org\/{rel}","templated":true}]}}